{"id":12611,"date":"2017-01-11T13:25:45","date_gmt":"2017-01-11T13:25:45","guid":{"rendered":"https:\/\/www.hotelbonsol.es\/gastronomy\/"},"modified":"2021-04-23T12:52:25","modified_gmt":"2021-04-23T11:52:25","slug":"gastronomie","status":"publish","type":"page","link":"https:\/\/www.hotelbonsol.es\/de\/gastronomie\/","title":{"rendered":"Gastronomie"},"content":{"rendered":"<p>[vc_row css=&#8220;.vc_custom_1486121820841{background-color: #8e8190 !important;}&#8220;][vc_column]\n\t\t\t<!-- START Gastronomia I REVOLUTION SLIDER 6.1.1 --><p class=\"rs-p-wp-fix\"><\/p>\n\t\t\t<rs-module-wrap id=\"rev_slider_7_1_wrapper\" data-source=\"gallery\" style=\"background:transparent;padding:0;margin:0px auto;margin-top:0;margin-bottom:0;\">\n\t\t\t\t<rs-module id=\"rev_slider_7_1\" style=\"display:none;\" data-version=\"6.1.1\">\n\t\t\t\t\t<rs-slides>\n\t\t\t\t\t\t<rs-slide data-key=\"rs-16\" data-title=\"Slide\" data-anim=\"ei:d;eo:d;s:600;r:0;t:fade;sl:d;\" data-p1=\"1\" data-p2=\"3\">\n\t\t\t\t\t\t\t<img fetchpriority=\"high\" decoding=\"async\" src=\"\/\/www.hotelbonsol.es\/wp-content\/uploads\/2021\/04\/20070427_117-scaled.jpg\" width=\"2560\" height=\"1707\" data-parallax=\"10\" class=\"rev-slidebg\" data-no-retina>\n<!---->\t\t\t\t\t\t<\/rs-slide>\n\t\t\t\t\t<\/rs-slides>\n\t\t\t\t\t<rs-progress class=\"rs-bottom\" style=\"visibility: hidden !important;\"><\/rs-progress>\n\t\t\t\t<\/rs-module>\n\t\t\t\t<script type=\"text\/javascript\">\n\t\t\t\t\tsetREVStartSize({c: 'rev_slider_7_1',rl:[1240,1024,778,480],el:[560,400,300,250],gw:[1300,900,600,320],gh:[560,400,300,250],layout:'fullwidth',mh:\"0\"});\n\t\t\t\t\tvar\trevapi7,\n\t\t\t\t\t\ttpj;\n\t\t\t\t\tjQuery(function() {\n\t\t\t\t\t\ttpj = jQuery;\n\t\t\t\t\t\tif(tpj(\"#rev_slider_7_1\").revolution == undefined){\n\t\t\t\t\t\t\trevslider_showDoubleJqueryError(\"#rev_slider_7_1\");\n\t\t\t\t\t\t}else{\n\t\t\t\t\t\t\trevapi7 = tpj(\"#rev_slider_7_1\").show().revolution({\n\t\t\t\t\t\t\t\tjsFileLocation:\"\/\/www.hotelbonsol.es\/wp-content\/plugins\/revslider\/public\/assets\/js\/\",\n\t\t\t\t\t\t\t\tsliderLayout:\"fullwidth\",\n\t\t\t\t\t\t\t\tduration:3000,\n\t\t\t\t\t\t\t\tvisibilityLevels:\"1240,1024,778,480\",\n\t\t\t\t\t\t\t\tgridwidth:\"1300,900,600,320\",\n\t\t\t\t\t\t\t\tgridheight:\"560,400,300,250\",\n\t\t\t\t\t\t\t\tminHeight:\"\",\n\t\t\t\t\t\t\t\teditorheight:\"560,400,300,250\",\n\t\t\t\t\t\t\t\tresponsiveLevels:\"1240,1024,778,480\",\n\t\t\t\t\t\t\t\tdisableProgressBar:\"on\",\n\t\t\t\t\t\t\t\tnavigation: {\n\t\t\t\t\t\t\t\t\tonHoverStop:false\n\t\t\t\t\t\t\t\t},\n\t\t\t\t\t\t\t\tparallax: {\n\t\t\t\t\t\t\t\t\tlevels:[5,10,15,20,25,30,35,40,45,46,47,48,49,50,51,55],\n\t\t\t\t\t\t\t\t\ttype:\"mouse\"\n\t\t\t\t\t\t\t\t},\n\t\t\t\t\t\t\t\tfallbacks: {\n\t\t\t\t\t\t\t\t\tallowHTML5AutoPlayOnAndroid:true\n\t\t\t\t\t\t\t\t},\n\t\t\t\t\t\t\t});\n\t\t\t\t\t\t\trevapi7.bind(\"revolution.slide.onchange\",function (e) {\n\tjQuery(this).addClass('mkd-revslider-loaded');\n});\n\t\t\t\t\t\t}\n\t\t\t\t\t\t\n\t\t\t\t\t});\n\t\t\t\t<\/script>\n\t\t\t\t<script>\n\t\t\t\t\tvar htmlDivCss = unescape(\".mikado-number%20%7B%0A%20%20%20%20opacity%3A0%3B%0A%7D%0A%0A.mkd-revslider-loaded%20.mikado-number%20%7B%0A%20%20%20%20opacity%3A1%3B%0A%20%20%09-webkit-transition%3A%20opacity%201s%3B%0A%20%20%20%20transition%3A%20opacity%201s%3B%0A%7D\");\n\t\t\t\t\tvar htmlDiv = document.getElementById('rs-plugin-settings-inline-css');\n\t\t\t\t\tif(htmlDiv) {\n\t\t\t\t\t\thtmlDiv.innerHTML = htmlDiv.innerHTML + htmlDivCss;\n\t\t\t\t\t}else{\n\t\t\t\t\t\tvar htmlDiv = document.createElement('div');\n\t\t\t\t\t\thtmlDiv.innerHTML = '<style>' + htmlDivCss + '<\/style>';\n\t\t\t\t\t\tdocument.getElementsByTagName('head')[0].appendChild(htmlDiv.childNodes[0]);\n\t\t\t\t\t}\n\t\t\t\t<\/script>\n\t\t\t<\/rs-module-wrap>\n\t\t\t<!-- END REVOLUTION SLIDER -->\n[\/vc_column][\/vc_row][vc_row css_animation=&#8220;mkd-element-from-fade&#8220; content_width=&#8220;grid&#8220; content_aligment=&#8220;center&#8220; css=&#8220;.vc_custom_1610975645376{padding-top: 115px !important;padding-bottom: 100px !important;}&#8220;][vc_column offset=&#8220;vc_col-lg-offset-0 vc_col-lg-12 vc_col-md-offset-0 vc_col-md-12&#8243;]<div class=\"mkd-section-title-holder\">\n\t<h2 class=\"mkd-section-title mkd-section-title-medium\" style=\"text-align: center\">\n\t\t\u00abEin gutes Restaurant erkennt man daran, dass der Besitzer die Mahlzeiten kocht. Ein au\u00dfergew\u00f6hnliches Restaurant erkennt man daran, dass dort der Besitzer auch isst.\u00bb    <\/h2>\n<\/div><div class=\"mkd-section-subtitle-holder mkd-section-subtitle-center\" style=\"width: 80%\">\n\t<p style=\"text-align: center\" class=\"mkd-section-subtitle\">Stammgast des Hotel BonSol.<\/p>\n<\/div><div class=\"mkd-separator-with-icon-holder clearfix mkd-default-icon\" style=\"margin-top: 7px;margin-bottom: 18px\">\n\n\t<span class=\"mkd-separator-left\" ><\/span>\n\t\t\t<div class=\"mkd-default-icon-holder\" ><\/div>\n\t\t<span class=\"mkd-separator-right\" ><\/span>\n<\/div><div class=\"mkd-section-subtitle-holder mkd-section-subtitle-center\" style=\"width: 100%\">\n\t<p style=\"text-align: center\" class=\"mkd-section-subtitle\">Der Besuch in unserem Restaurant ist eines der gr\u00f6\u00dften Highlights des BonSol. Seit den Anf\u00e4ngen hat unser Hotel dem leiblichen Wohl gro\u00dfe Bedeutung beigemessen, da Don Antonio Xamena, der Gr\u00fcnder des BonSol, den \u201eGaumenschmaus`` als eine der gr\u00f6\u00dften Freuden des Lebens betrachtete. Er lebte zusammen mit seiner Familie im BonSol (wie alle Generationen, die folgten).\u2028Deshalb wurde die Qualit\u00e4t der Speisen, die t\u00e4glich in der Hotelk\u00fcche angerichtet wurden, st\u00e4ndig genauestens gepr\u00fcft und optimiert, was selbstverst\u00e4ndlich bis zum heutigen Tage noch getan wird.<\/p>\n<\/div>[\/vc_column][\/vc_row][vc_row css_animation=&#8220;mkd-element-from-fade&#8220; content_width=&#8220;grid&#8220; content_aligment=&#8220;center&#8220; css=&#8220;.vc_custom_1610708861786{padding-top: 40px !important;padding-bottom: 20px !important;background-position: center !important;background-repeat: no-repeat !important;background-size: cover !important;}&#8220;][vc_column offset=&#8220;vc_col-lg-offset-0 vc_col-lg-12 vc_col-md-offset-0 vc_col-md-12&#8243;]<div class=\"mkd-separator-holder clearfix  mkd-separator-center\">\n\t<div class=\"mkd-separator\" style=\"margin-top: 20px\"><\/div>\n<\/div>\n[vc_row_inner css_animation=&#8220;mkd-element-from-bottom&#8220;][vc_column_inner]<div class=\"mkd-section-title-holder\">\n\t<h2 class=\"mkd-section-title\" style=\"text-align: center\">\n\t\tWintergarten-Restaurant    <\/h2>\n<\/div><div class=\"mkd-separator-with-icon-holder clearfix mkd-default-icon\" style=\"margin-top: 7px;margin-bottom: 18px\">\n\n\t<span class=\"mkd-separator-left\" ><\/span>\n\t\t\t<div class=\"mkd-default-icon-holder\" ><\/div>\n\t\t<span class=\"mkd-separator-right\" ><\/span>\n<\/div>[vc_single_image image=&#8220;12103&#8243; img_size=&#8220;large&#8220; alignment=&#8220;center&#8220; style=&#8220;vc_box_outline&#8220; onclick=&#8220;link_image&#8220; css_animation=&#8220;fadeIn&#8220;]<div class=\"mkd-separator-holder clearfix  mkd-separator-center\">\n\t<div class=\"mkd-separator\" style=\"margin-top: 20px\"><\/div>\n<\/div>\n<div class=\"mkd-section-subtitle-holder mkd-section-subtitle-center\" style=\"width: 100%\">\n\t<p style=\"text-align: center\" class=\"mkd-section-subtitle\">Jeden Morgen erwartet Sie ein reichhaltiges englisches Fr\u00fchst\u00fccksbuffet in unserem lichtdurchfluteten Wintergarten mit Blick auf unsere beheizte Poolterrasse. Ein idealer Ort um perfekt in den Tag zu starten.<br \/>\nIn den Winter- und fr\u00fchen Fr\u00fchlingsmonaten wird hier auch das Mittagessen serviert, sei es a la Carte oder Mittagsbuffet - dieser wunderbare Ort wird Ihnen viel Freude bereiten.<\/p>\n<\/div>[\/vc_column_inner][\/vc_row_inner][\/vc_column][\/vc_row][vc_row css_animation=&#8220;mkd-element-from-fade&#8220; content_width=&#8220;grid&#8220; content_aligment=&#8220;center&#8220; css=&#8220;.vc_custom_1610708866837{padding-top: 40px !important;padding-bottom: 20px !important;background-position: center !important;background-repeat: no-repeat !important;background-size: cover !important;}&#8220;][vc_column offset=&#8220;vc_col-lg-offset-0 vc_col-lg-12 vc_col-md-offset-0 vc_col-md-12&#8243;]<div class=\"mkd-separator-holder clearfix  mkd-separator-center\">\n\t<div class=\"mkd-separator\" style=\"margin-top: 20px\"><\/div>\n<\/div>\n[vc_row_inner css_animation=&#8220;mkd-element-from-fade&#8220;][vc_column_inner]<div class=\"mkd-section-title-holder\">\n\t<h2 class=\"mkd-section-title\" style=\"text-align: center\">\n\t\tRestaurant Las Antorchas    <\/h2>\n<\/div><div class=\"mkd-separator-with-icon-holder clearfix mkd-default-icon\" style=\"margin-top: 7px;margin-bottom: 18px\">\n\n\t<span class=\"mkd-separator-left\" ><\/span>\n\t\t\t<div class=\"mkd-default-icon-holder\" ><\/div>\n\t\t<span class=\"mkd-separator-right\" ><\/span>\n<\/div>[vc_single_image image=&#8220;12100&#8243; img_size=&#8220;large&#8220; alignment=&#8220;center&#8220; style=&#8220;vc_box_outline&#8220; onclick=&#8220;link_image&#8220; css_animation=&#8220;fadeIn&#8220;]<div class=\"mkd-separator-holder clearfix  mkd-separator-center\">\n\t<div class=\"mkd-separator\" style=\"margin-top: 20px\"><\/div>\n<\/div>\n<div class=\"mkd-section-subtitle-holder mkd-section-subtitle-center\" style=\"width: 100%\">\n\t<p style=\"text-align: center\" class=\"mkd-section-subtitle\">In unserem schloss\u00e4hnlichen Restaurant wird das Abendessen zu einer Art Zeitreise. Lauschen Sie den sanften Klaviert\u00f6nen, w\u00e4hrend unsere Bedienung - elegant mit Fliege - Sie in diesem au\u00dfergew\u00f6hnlichen Ambiente mit Speis und Trank verw\u00f6hnt.\u2028Unsere beiden Tagesmen\u00fcs, die in unserer Halbpension (falls das Mittagessen nicht schon fr\u00fcher genossen wurde) und Vollpension enthalten sind, werden Sie in jenen ``alten`` Glamour versetzen, der keine Zeit kennt. Das klassische Abendmen\u00fc bietet traditionelle lokale, internationale und vegetarische Gerichte, die den Gaumen aller begeistern werden.\u2028Genie\u00dfen Sie unser Gourmet-Men\u00fc, ein vorz\u00fcgliches Vier-G\u00e4nge-Men\u00fc, das von unserem exzellenten Chefkoch, Senor Egea, pers\u00f6nlich kreiert wurde und diejenigen begeistern wird, die auf der Suche nach etwas ganz Besonderen sind.<br \/>\nWof\u00fcr Sie sich auch entscheiden: Das Restaurant Las Antorchas wird Sie und Ihre gesamte Familie umfassend verw\u00f6hnen.<\/p>\n<\/div><div class=\"mkd-separator-holder clearfix  mkd-separator-center\">\n\t<div class=\"mkd-separator\" style=\"margin-top: 20px\"><\/div>\n<\/div>\n[\/vc_column_inner][\/vc_row_inner][\/vc_column][\/vc_row][vc_row css_animation=&#8220;mkd-element-from-fade&#8220; content_width=&#8220;grid&#8220; content_aligment=&#8220;center&#8220; css=&#8220;.vc_custom_1610975749664{padding-top: 40px !important;padding-bottom: 20px !important;background-position: center !important;background-repeat: no-repeat !important;background-size: cover !important;}&#8220;][vc_column offset=&#8220;vc_col-lg-offset-0 vc_col-lg-12 vc_col-md-offset-0 vc_col-md-12&#8243;]<div class=\"mkd-separator-holder clearfix  mkd-separator-center\">\n\t<div class=\"mkd-separator\" style=\"margin-top: 20px\"><\/div>\n<\/div>\n[vc_row_inner css_animation=&#8220;mkd-element-from-fade&#8220;][vc_column_inner]<div class=\"mkd-section-title-holder\">\n\t<h2 class=\"mkd-section-title\" style=\"text-align: center\">\n\t\tRestaurant Cala Brugit    <\/h2>\n<\/div><div class=\"mkd-separator-with-icon-holder clearfix mkd-default-icon\" style=\"margin-top: 7px;margin-bottom: 18px\">\n\n\t<span class=\"mkd-separator-left\" ><\/span>\n\t\t\t<div class=\"mkd-default-icon-holder\" ><\/div>\n\t\t<span class=\"mkd-separator-right\" ><\/span>\n<\/div>[vc_single_image image=&#8220;12112&#8243; img_size=&#8220;large&#8220; alignment=&#8220;center&#8220; style=&#8220;vc_box_outline&#8220; onclick=&#8220;link_image&#8220; css_animation=&#8220;fadeIn&#8220;]<div class=\"mkd-separator-holder clearfix  mkd-separator-center\">\n\t<div class=\"mkd-separator\" style=\"margin-top: 20px\"><\/div>\n<\/div>\n<div class=\"mkd-section-subtitle-holder mkd-section-subtitle-center\" style=\"width: 100%\">\n\t<p style=\"text-align: center\" class=\"mkd-section-subtitle\">Stellen Sie sich ein Restaurant mit Blick auf eine wundersch\u00f6ne kleine Bucht vor, dem Meer lauschen k\u00f6nnen und k\u00f6stliche Speisen genie\u00dfen, w\u00e4hrend Pablos wundersch\u00f6ne Gitarrenakkorde auch Ihr Ohr verzaubert.\u2028Klingt fast zu gut, um wahr zu sein? \u2028Fast. Denn das ist wahrscheinlich die pr\u00e4ziseste Beschreibung unseres wunderbaren Speiseparadieses am Meer. Da der Platz auf dieser fantastischen Terrasse begrenzt ist, bitten wir Sie, das Abendessen fr\u00fchzeitig an der Rezeption zu buchen. Nicht weniger au\u00dfergew\u00f6hnlich ist unser reichhaltiges englisches Fr\u00fchst\u00fccksbuffet am Meer, sowie das gro\u00dfz\u00fcgige Mittagsbuffet, das in den w\u00e4rmeren Monaten t\u00e4glich an diesem magischen Ort serviert wird.<\/p>\n<\/div>[\/vc_column_inner][\/vc_row_inner][\/vc_column][\/vc_row][vc_row css_animation=&#8220;mkd-element-from-fade&#8220; content_width=&#8220;grid&#8220; content_aligment=&#8220;center&#8220; css=&#8220;.vc_custom_1610975870086{padding-top: 40px !important;padding-bottom: 20px !important;background-position: center !important;background-repeat: no-repeat !important;background-size: cover !important;}&#8220;][vc_column offset=&#8220;vc_col-lg-offset-0 vc_col-lg-12 vc_col-md-offset-0 vc_col-md-12&#8243;][vc_row_inner css_animation=&#8220;mkd-element-from-fade&#8220;][vc_column_inner css=&#8220;.vc_custom_1591862647459{padding-left: 30px !important;}&#8220;]<div class=\"mkd-section-title-holder\">\n\t<h2 class=\"mkd-section-title\" style=\"text-align: center\">\n\t\tPiano Bar    <\/h2>\n<\/div><div class=\"mkd-separator-with-icon-holder clearfix mkd-default-icon\" style=\"margin-top: 7px;margin-bottom: 18px\">\n\n\t<span class=\"mkd-separator-left\" ><\/span>\n\t\t\t<div class=\"mkd-default-icon-holder\" ><\/div>\n\t\t<span class=\"mkd-separator-right\" ><\/span>\n<\/div>[vc_single_image image=&#8220;12106&#8243; img_size=&#8220;large&#8220; alignment=&#8220;center&#8220; style=&#8220;vc_box_outline&#8220; onclick=&#8220;link_image&#8220; css_animation=&#8220;fadeIn&#8220;]<div class=\"mkd-separator-holder clearfix  mkd-separator-center\">\n\t<div class=\"mkd-separator\" style=\"margin-top: 20px\"><\/div>\n<\/div>\n<div class=\"mkd-section-subtitle-holder mkd-section-subtitle-center\" style=\"width: 100%\">\n\t<p style=\"text-align: center\" class=\"mkd-section-subtitle\">Im Empfangssaal begr\u00fc\u00dft Sie unsere holzverkleidete Piano Bar mit ihrer sch\u00f6nen, sonnigen Terrasse. Hier erwartet Sie Tag f\u00fcr Tag eine Vielzahl an Abendunterhaltungen, um Ihren Abend im Hotel stilvoll ausklingen zu lassen.<\/p>\n<p>Genie\u00dfen Sie farbenfrohe Flamenco-Shows, jazzige Kl\u00e4nge, kubanische Musik oder gar Disco-Groove bei einem ganz besonderen Drink, den unsere Bartender Ihnen frisch zubereiten. Dar\u00fcber hinaus ist die Piano Bar mit ihrer verf\u00fchrerischen Snack- und Getr\u00e4nkekarte der ideale Ort, hier auch den gesamten Tag verbringen zu k\u00f6nnen.<\/p>\n<\/div>[\/vc_column_inner][\/vc_row_inner][\/vc_column][\/vc_row][vc_row css_animation=&#8220;mkd-element-from-fade&#8220; content_width=&#8220;grid&#8220; content_aligment=&#8220;center&#8220; css=&#8220;.vc_custom_1610975887175{padding-top: 40px !important;padding-bottom: 20px !important;background-position: center !important;background-repeat: no-repeat !important;background-size: cover !important;}&#8220;][vc_column offset=&#8220;vc_col-lg-offset-0 vc_col-lg-12 vc_col-md-offset-0 vc_col-md-12&#8243;]<div class=\"mkd-separator-holder clearfix  mkd-separator-center\">\n\t<div class=\"mkd-separator\" style=\"margin-top: 20px\"><\/div>\n<\/div>\n[vc_row_inner css_animation=&#8220;mkd-element-from-fade&#8220;][vc_column_inner]<div class=\"mkd-section-title-holder\">\n\t<h2 class=\"mkd-section-title\" style=\"text-align: center\">\n\t\tPool Bar    <\/h2>\n<\/div><div class=\"mkd-separator-with-icon-holder clearfix mkd-default-icon\" style=\"margin-top: 7px;margin-bottom: 18px\">\n\n\t<span class=\"mkd-separator-left\" ><\/span>\n\t\t\t<div class=\"mkd-default-icon-holder\" ><\/div>\n\t\t<span class=\"mkd-separator-right\" ><\/span>\n<\/div>[vc_single_image image=&#8220;12109&#8243; img_size=&#8220;large&#8220; alignment=&#8220;center&#8220; style=&#8220;vc_box_outline&#8220; onclick=&#8220;link_image&#8220; css_animation=&#8220;fadeIn&#8220;]<div class=\"mkd-separator-holder clearfix  mkd-separator-center\">\n\t<div class=\"mkd-separator\" style=\"margin-top: 20px\"><\/div>\n<\/div>\n<div class=\"mkd-section-subtitle-holder mkd-section-subtitle-center\" style=\"width: 100%\">\n\t<p style=\"text-align: center\" class=\"mkd-section-subtitle\">Neben unserem Wasserfall-Lagunen-Pool befindet sich unsere sch\u00f6ne Sonnenterrasse samt Pool Bar, an der Erfrischungen, Cocktails und Snacks zu jeder Tageszeit f\u00fcr Sie bereit stehen \u2013 damit Sie die herrlich sonnigen mallorquinischen Sommertage rundum genie\u00dfen k\u00f6nnen.<\/p>\n<\/div><div class=\"mkd-separator-holder clearfix  mkd-separator-center\">\n\t<div class=\"mkd-separator\" style=\"margin-top: 40px\"><\/div>\n<\/div>\n[\/vc_column_inner][\/vc_row_inner][\/vc_column][\/vc_row][vc_row][vc_column][\/vc_column][\/vc_row]<\/p>\n","protected":false},"excerpt":{"rendered":"<p>[vc_row css=&#8220;.vc_custom_1486121820841{background-color: #8e8190 !important;}&#8220;][vc_column][\/vc_column][\/vc_row][vc_row css_animation=&#8220;mkd-element-from-fade&#8220; content_width=&#8220;grid&#8220; content_aligment=&#8220;center&#8220; css=&#8220;.vc_custom_1610975645376{padding-top: 115px !important;padding-bottom: 100px !important;}&#8220;][vc_column offset=&#8220;vc_col-lg-offset-0 vc_col-lg-12 vc_col-md-offset-0 vc_col-md-12&#8243;][\/vc_column][\/vc_row][vc_row css_animation=&#8220;mkd-element-from-fade&#8220; content_width=&#8220;grid&#8220; content_aligment=&#8220;center&#8220; css=&#8220;.vc_custom_1610708861786{padding-top: 40px !important;padding-bottom: 20px !important;background-position: center !important;background-repeat: no-repeat !important;background-size: cover !important;}&#8220;][vc_column offset=&#8220;vc_col-lg-offset-0 vc_col-lg-12 vc_col-md-offset-0 vc_col-md-12&#8243;][vc_row_inner css_animation=&#8220;mkd-element-from-bottom&#8220;][vc_column_inner][vc_single_image image=&#8220;12103&#8243; img_size=&#8220;large&#8220; alignment=&#8220;center&#8220; style=&#8220;vc_box_outline&#8220; onclick=&#8220;link_image&#8220; css_animation=&#8220;fadeIn&#8220;][\/vc_column_inner][\/vc_row_inner][\/vc_column][\/vc_row][vc_row css_animation=&#8220;mkd-element-from-fade&#8220; content_width=&#8220;grid&#8220; content_aligment=&#8220;center&#8220; css=&#8220;.vc_custom_1610708866837{padding-top:&#8230;<\/p>\n","protected":false},"author":1,"featured_media":0,"parent":0,"menu_order":0,"comment_status":"closed","ping_status":"closed","template":"full-width.php","meta":{"_monsterinsights_skip_tracking":false,"_monsterinsights_sitenote_active":false,"_monsterinsights_sitenote_note":"","_monsterinsights_sitenote_category":0,"footnotes":""},"_links":{"self":[{"href":"https:\/\/www.hotelbonsol.es\/de\/wp-json\/wp\/v2\/pages\/12611"}],"collection":[{"href":"https:\/\/www.hotelbonsol.es\/de\/wp-json\/wp\/v2\/pages"}],"about":[{"href":"https:\/\/www.hotelbonsol.es\/de\/wp-json\/wp\/v2\/types\/page"}],"author":[{"embeddable":true,"href":"https:\/\/www.hotelbonsol.es\/de\/wp-json\/wp\/v2\/users\/1"}],"replies":[{"embeddable":true,"href":"https:\/\/www.hotelbonsol.es\/de\/wp-json\/wp\/v2\/comments?post=12611"}],"version-history":[{"count":7,"href":"https:\/\/www.hotelbonsol.es\/de\/wp-json\/wp\/v2\/pages\/12611\/revisions"}],"predecessor-version":[{"id":12697,"href":"https:\/\/www.hotelbonsol.es\/de\/wp-json\/wp\/v2\/pages\/12611\/revisions\/12697"}],"wp:attachment":[{"href":"https:\/\/www.hotelbonsol.es\/de\/wp-json\/wp\/v2\/media?parent=12611"}],"curies":[{"name":"wp","href":"https:\/\/api.w.org\/{rel}","templated":true}]}}