{"id":12615,"date":"2021-03-17T21:16:08","date_gmt":"2021-03-17T20:16:08","guid":{"rendered":"https:\/\/www.hotelbonsol.es\/conference-rooms\/"},"modified":"2026-03-10T09:08:56","modified_gmt":"2026-03-10T08:08:56","slug":"konferenzraeume","status":"publish","type":"page","link":"https:\/\/www.hotelbonsol.es\/de\/konferenzraeume\/","title":{"rendered":"Konferenzr\u00e4ume"},"content":{"rendered":"\t\t<div data-elementor-type=\"wp-page\" data-elementor-id=\"12615\" class=\"elementor elementor-12615 elementor-11458\">\n\t\t\t\t\t\t<section class=\"elementor-section elementor-top-section elementor-element elementor-element-3bc3d737 elementor-section-boxed elementor-section-height-default elementor-section-height-default\" data-id=\"3bc3d737\" data-element_type=\"section\">\n\t\t\t\t\t\t<div class=\"elementor-container elementor-column-gap-default\">\n\t\t\t\t\t<div class=\"elementor-column elementor-col-100 elementor-top-column elementor-element elementor-element-486c5d84\" data-id=\"486c5d84\" data-element_type=\"column\">\n\t\t\t<div class=\"elementor-widget-wrap elementor-element-populated\">\n\t\t\t\t\t\t<div class=\"elementor-element elementor-element-2b45e8fa elementor-widget elementor-widget-text-editor\" data-id=\"2b45e8fa\" data-element_type=\"widget\" data-widget_type=\"text-editor.default\">\n\t\t\t\t<div class=\"elementor-widget-container\">\n\t\t\t<style>\/*! elementor - v3.23.0 - 05-08-2024 *\/\n.elementor-widget-text-editor.elementor-drop-cap-view-stacked .elementor-drop-cap{background-color:#69727d;color:#fff}.elementor-widget-text-editor.elementor-drop-cap-view-framed .elementor-drop-cap{color:#69727d;border:3px solid;background-color:transparent}.elementor-widget-text-editor:not(.elementor-drop-cap-view-default) .elementor-drop-cap{margin-top:8px}.elementor-widget-text-editor:not(.elementor-drop-cap-view-default) .elementor-drop-cap-letter{width:1em;height:1em}.elementor-widget-text-editor .elementor-drop-cap{float:left;text-align:center;line-height:1;font-size:50px}.elementor-widget-text-editor .elementor-drop-cap-letter{display:inline-block}<\/style>\t\t\t\t<p>[vc_row content_aligment=&#8220;center&#8220; css=&#8220;.vc_custom_1597826673224{padding-top: 0px !important;padding-bottom: 10px !important;}&#8220;][vc_column]\n\t\t\t<!-- START Bonsol conference REVOLUTION SLIDER 6.1.1 --><p class=\"rs-p-wp-fix\"><\/p>\n\t\t\t<rs-module-wrap id=\"rev_slider_22_1_wrapper\" data-source=\"gallery\" style=\"background:transparent;padding:0;margin:0px auto;margin-top:0;margin-bottom:0;\">\n\t\t\t\t<rs-module id=\"rev_slider_22_1\" style=\"display:none;\" data-version=\"6.1.1\">\n\t\t\t\t\t<rs-slides>\n\t\t\t\t\t\t<rs-slide data-key=\"rs-44\" data-title=\"Slide\" data-anim=\"ei:d;eo:d;s:600;r:0;t:fade;sl:d;\" data-p1=\"1\" data-p2=\"3\">\n\t\t\t\t\t\t\t<img fetchpriority=\"high\" decoding=\"async\" src=\"\/\/hotelbonsol.es\/wp-content\/uploads\/2021\/03\/Sala-conferencias-1-scaled-e1616013593186.jpg\" width=\"2279\" height=\"1709\" data-parallax=\"10\" class=\"rev-slidebg\" data-no-retina>\n<!---->\t\t\t\t\t\t<\/rs-slide>\n\t\t\t\t\t<\/rs-slides>\n\t\t\t\t\t<rs-progress class=\"rs-bottom\" style=\"visibility: hidden !important;\"><\/rs-progress>\n\t\t\t\t<\/rs-module>\n\t\t\t\t<script type=\"text\/javascript\">\n\t\t\t\t\tsetREVStartSize({c: 'rev_slider_22_1',rl:[1240,1024,778,480],el:[560,400,300,250],gw:[1300,900,600,320],gh:[560,400,300,250],layout:'fullwidth',mh:\"0\"});\n\t\t\t\t\tvar\trevapi22,\n\t\t\t\t\t\ttpj;\n\t\t\t\t\tjQuery(function() {\n\t\t\t\t\t\ttpj = jQuery;\n\t\t\t\t\t\tif(tpj(\"#rev_slider_22_1\").revolution == undefined){\n\t\t\t\t\t\t\trevslider_showDoubleJqueryError(\"#rev_slider_22_1\");\n\t\t\t\t\t\t}else{\n\t\t\t\t\t\t\trevapi22 = tpj(\"#rev_slider_22_1\").show().revolution({\n\t\t\t\t\t\t\t\tjsFileLocation:\"\/\/www.hotelbonsol.es\/wp-content\/plugins\/revslider\/public\/assets\/js\/\",\n\t\t\t\t\t\t\t\tsliderLayout:\"fullwidth\",\n\t\t\t\t\t\t\t\tduration:3000,\n\t\t\t\t\t\t\t\tvisibilityLevels:\"1240,1024,778,480\",\n\t\t\t\t\t\t\t\tgridwidth:\"1300,900,600,320\",\n\t\t\t\t\t\t\t\tgridheight:\"560,400,300,250\",\n\t\t\t\t\t\t\t\tminHeight:\"\",\n\t\t\t\t\t\t\t\teditorheight:\"560,400,300,250\",\n\t\t\t\t\t\t\t\tresponsiveLevels:\"1240,1024,778,480\",\n\t\t\t\t\t\t\t\tdisableProgressBar:\"on\",\n\t\t\t\t\t\t\t\tnavigation: {\n\t\t\t\t\t\t\t\t\tonHoverStop:false\n\t\t\t\t\t\t\t\t},\n\t\t\t\t\t\t\t\tparallax: {\n\t\t\t\t\t\t\t\t\tlevels:[5,10,15,20,25,30,35,40,45,46,47,48,49,50,51,55],\n\t\t\t\t\t\t\t\t\ttype:\"mouse\"\n\t\t\t\t\t\t\t\t},\n\t\t\t\t\t\t\t\tfallbacks: {\n\t\t\t\t\t\t\t\t\tallowHTML5AutoPlayOnAndroid:true\n\t\t\t\t\t\t\t\t},\n\t\t\t\t\t\t\t});\n\t\t\t\t\t\t\trevapi22.bind(\"revolution.slide.onchange\",function (e) {\n\tjQuery(this).addClass('mkd-revslider-loaded');\n});\n\t\t\t\t\t\t}\n\t\t\t\t\t\t\n\t\t\t\t\t});\n\t\t\t\t<\/script>\n\t\t\t\t<script>\n\t\t\t\t\tvar htmlDivCss = unescape(\".mikado-number%20%7B%0A%20%20%20%20opacity%3A0%3B%0A%7D%0A%0A.mkd-revslider-loaded%20.mikado-number%20%7B%0A%20%20%20%20opacity%3A1%3B%0A%20%20%09-webkit-transition%3A%20opacity%201s%3B%0A%20%20%20%20transition%3A%20opacity%201s%3B%0A%7D\");\n\t\t\t\t\tvar htmlDiv = document.getElementById('rs-plugin-settings-inline-css');\n\t\t\t\t\tif(htmlDiv) {\n\t\t\t\t\t\thtmlDiv.innerHTML = htmlDiv.innerHTML + htmlDivCss;\n\t\t\t\t\t}else{\n\t\t\t\t\t\tvar htmlDiv = document.createElement('div');\n\t\t\t\t\t\thtmlDiv.innerHTML = '<style>' + htmlDivCss + '<\/style>';\n\t\t\t\t\t\tdocument.getElementsByTagName('head')[0].appendChild(htmlDiv.childNodes[0]);\n\t\t\t\t\t}\n\t\t\t\t<\/script>\n\t\t\t<\/rs-module-wrap>\n\t\t\t<!-- END REVOLUTION SLIDER -->\n[\/vc_column][\/vc_row][vc_row content_width=&#8220;grid&#8220; content_aligment=&#8220;center&#8220; css=&#8220;.vc_custom_1616485837042{padding-top: 0px !important;padding-right: 20px !important;padding-bottom: 10px !important;padding-left: 20px !important;}&#8220;][vc_column css=&#8220;.vc_custom_1616012672132{padding-right: 20px !important;padding-left: 20px !important;}&#8220;]<div class=\"mkd-separator-holder clearfix  mkd-separator-center\">\n\t<div class=\"mkd-separator\" style=\"margin-top: 30px\"><\/div>\n<\/div>\n<div class=\"mkd-section-title-holder\">\n\t<h2 class=\"mkd-section-title mkd-section-title-medium\" style=\"text-align: center\">\n\t\tMEETINGS UND KONFERENZEN     <\/h2>\n<\/div><div class=\"mkd-section-subtitle-holder mkd-section-subtitle-center\" >\n\t<p style=\"text-align: center\" class=\"mkd-section-subtitle\">R\u00e4ume, in denen das Arbeiten ein Vergn\u00fcgen ist<br \/><\/p>\n<\/div><div class=\"mkd-separator-with-icon-holder clearfix mkd-default-icon\" style=\"margin-top: 7px;margin-bottom: 18px\">\n\n\t<span class=\"mkd-separator-left\" ><\/span>\n\t\t\t<div class=\"mkd-default-icon-holder\" ><\/div>\n\t\t<span class=\"mkd-separator-right\" ><\/span>\n<\/div><div class=\"mkd-section-subtitle-holder mkd-section-subtitle-center\" >\n\t<p style=\"text-align: center\" class=\"mkd-section-subtitle\">Mit einer gro\u00dfen Auswahl an vielseitigen Tagungsr\u00e4umen unterschiedlicher Form und Gr\u00f6\u00dfe sowie einem individuellen Service ist das BonSol perfekt f\u00fcr jede Art von Firmenmeeting und\/oder Konferenzen ausgestattet. Ob es sich also um eine Vorstandssitzung, ein Brainstorming, einen Kurs, eine Klausur oder eine Belohnung oder ein Incentive f\u00fcr Ihre Teammitglieder handelt, im BonSol finden Sie den perfekten Ort daf\u00fcr.<\/p>\n<\/div>[vc_empty_space height=&#8220;50px&#8220;][\/vc_column][\/vc_row][vc_row content_width=&#8220;grid&#8220; content_aligment=&#8220;center&#8220;][vc_column width=&#8220;1\/3&#8243;]<div class=\"mkd-iwt\">\n\t<div class=\"mkd-image-holder\">\n\t\t<img decoding=\"async\" width=\"2560\" height=\"1709\" src=\"https:\/\/www.hotelbonsol.es\/wp-content\/uploads\/2021\/03\/Sala-conferencias-3-scaled.jpg\" class=\"attachment-full size-full\" alt=\"\" srcset=\"https:\/\/www.hotelbonsol.es\/wp-content\/uploads\/2021\/03\/Sala-conferencias-3-scaled.jpg 2560w, https:\/\/www.hotelbonsol.es\/wp-content\/uploads\/2021\/03\/Sala-conferencias-3-600x400.jpg 600w, https:\/\/www.hotelbonsol.es\/wp-content\/uploads\/2021\/03\/Sala-conferencias-3-1024x683.jpg 1024w, https:\/\/www.hotelbonsol.es\/wp-content\/uploads\/2021\/03\/Sala-conferencias-3-768x513.jpg 768w, https:\/\/www.hotelbonsol.es\/wp-content\/uploads\/2021\/03\/Sala-conferencias-3-1536x1025.jpg 1536w\" sizes=\"(max-width: 2560px) 100vw, 2560px\" \/>\t<\/div>\n\t\t<div class=\"mkd-text-holder\">\n\t\t<div class=\"mkd-text-holder-inner\">\n\t\t\t<div class=\"mkd-separator-with-icon-holder clearfix mkd-default-icon\" >\n\n\t<span class=\"mkd-separator-left\" ><\/span>\n\t\t\t<div class=\"mkd-default-icon-holder\" ><\/div>\n\t\t<span class=\"mkd-separator-right\" ><\/span>\n<\/div>\t\t\t<p class=\"mkd-iwt-title\">\n\t\t\tMARCO POLO\t\t<\/p>\n\t\t\t\t\t\t\t<p>\n\t\t\t\tMit einem spektakul\u00e4ren Wandgem\u00e4lde von Marco Polo in China, von dem der Raum seinen Namen hat, besitzt dieser Tagungsraum ein charmantes traditionelles Flair und ist gleichzeitig mit der neuesten Technologie f\u00fcr die perfekte Pr\u00e4sentation und\/oder das perfekte Meeting ausgestattet.\t\t\t<\/p>\n\t\t\t<\/div>\n<\/div>\n<\/div>[\/vc_column][vc_column width=&#8220;1\/3&#8243;]<div class=\"mkd-iwt\">\n\t<div class=\"mkd-image-holder\">\n\t\t<img decoding=\"async\" width=\"2560\" height=\"1709\" src=\"https:\/\/www.hotelbonsol.es\/wp-content\/uploads\/2021\/03\/DSC5218-scaled.jpg\" class=\"attachment-full size-full\" alt=\"\" srcset=\"https:\/\/www.hotelbonsol.es\/wp-content\/uploads\/2021\/03\/DSC5218-scaled.jpg 2560w, https:\/\/www.hotelbonsol.es\/wp-content\/uploads\/2021\/03\/DSC5218-600x400.jpg 600w, https:\/\/www.hotelbonsol.es\/wp-content\/uploads\/2021\/03\/DSC5218-1024x683.jpg 1024w, https:\/\/www.hotelbonsol.es\/wp-content\/uploads\/2021\/03\/DSC5218-768x513.jpg 768w, https:\/\/www.hotelbonsol.es\/wp-content\/uploads\/2021\/03\/DSC5218-1536x1025.jpg 1536w\" sizes=\"(max-width: 2560px) 100vw, 2560px\" \/>\t<\/div>\n\t\t<div class=\"mkd-text-holder\">\n\t\t<div class=\"mkd-text-holder-inner\">\n\t\t\t<div class=\"mkd-separator-with-icon-holder clearfix mkd-default-icon\" >\n\n\t<span class=\"mkd-separator-left\" ><\/span>\n\t\t\t<div class=\"mkd-default-icon-holder\" ><\/div>\n\t\t<span class=\"mkd-separator-right\" ><\/span>\n<\/div>\t\t\t<p class=\"mkd-iwt-title\">\n\t\t\tSALA DE LOS ELEFANTES\t\t<\/p>\n\t\t\t\t\t\t\t<p>\n\t\t\t\tDer Sala de los Elefantes ist unser gr\u00f6\u00dfter Tagungsraum und verf\u00fcgt \u00fcber gro\u00dfe Fenster zum Gartenbereich des Hotels. Perfekt f\u00fcr ein gr\u00f6\u00dferes Meeting oder eine Veranstaltung.\t\t\t<\/p>\n\t\t\t<\/div>\n<\/div>\n<\/div>[\/vc_column][vc_column width=&#8220;1\/3&#8243;]<div class=\"mkd-iwt\">\n\t<div class=\"mkd-image-holder\">\n\t\t<img loading=\"lazy\" decoding=\"async\" width=\"2560\" height=\"1742\" src=\"https:\/\/www.hotelbonsol.es\/wp-content\/uploads\/2021\/03\/FORMENTOR-scaled.jpg\" class=\"attachment-full size-full\" alt=\"\" srcset=\"https:\/\/www.hotelbonsol.es\/wp-content\/uploads\/2021\/03\/FORMENTOR-scaled.jpg 2560w, https:\/\/www.hotelbonsol.es\/wp-content\/uploads\/2021\/03\/FORMENTOR-600x408.jpg 600w, https:\/\/www.hotelbonsol.es\/wp-content\/uploads\/2021\/03\/FORMENTOR-1024x697.jpg 1024w, https:\/\/www.hotelbonsol.es\/wp-content\/uploads\/2021\/03\/FORMENTOR-768x523.jpg 768w, https:\/\/www.hotelbonsol.es\/wp-content\/uploads\/2021\/03\/FORMENTOR-1536x1045.jpg 1536w\" sizes=\"(max-width: 2560px) 100vw, 2560px\" \/>\t<\/div>\n\t\t<div class=\"mkd-text-holder\">\n\t\t<div class=\"mkd-text-holder-inner\">\n\t\t\t<div class=\"mkd-separator-with-icon-holder clearfix mkd-default-icon\" >\n\n\t<span class=\"mkd-separator-left\" ><\/span>\n\t\t\t<div class=\"mkd-default-icon-holder\" ><\/div>\n\t\t<span class=\"mkd-separator-right\" ><\/span>\n<\/div>\t\t\t<p class=\"mkd-iwt-title\">\n\t\t\tFORMENTOR &amp; MONDRAG\u00d3\t\t<\/p>\n\t\t\t\t\t\t\t<p>\n\t\t\t\tMit gro\u00dfen Fenstern, die auf unsere tropischen G\u00e4rten und das Mittelmeer blicken, werden diese Tagungsr\u00e4ume aus jeder Veranstaltung einen Erfolg machen.\t\t\t<\/p>\n\t\t\t<\/div>\n<\/div>\n<\/div>[\/vc_column][\/vc_row][vc_row content_width=&#8220;grid&#8220; content_aligment=&#8220;center&#8220;][vc_column width=&#8220;1\/3&#8243;][\/vc_column][vc_column width=&#8220;1\/3&#8243;]<div class=\"mkd-iwt\">\n\t<div class=\"mkd-image-holder\">\n\t\t\t<\/div>\n\t\t<div class=\"mkd-text-holder\">\n\t\t<div class=\"mkd-text-holder-inner\">\n\t\t\t<div class=\"mkd-separator-with-icon-holder clearfix mkd-default-icon\" >\n\n\t<span class=\"mkd-separator-left\" ><\/span>\n\t\t\t<div class=\"mkd-default-icon-holder\" ><\/div>\n\t\t<span class=\"mkd-separator-right\" ><\/span>\n<\/div>\t\t\t<p class=\"mkd-iwt-title\">\n\t\t\tINFORMATION\t\t<\/p>\n\t\t\t\t\t\t\t<p>\n\t\t\t\tF\u00fcr weitere Informationen \u00fcber die genauen Kapazit\u00e4ten und die ma\u00dfgeschneiderten Dienstleistungen, die wir anbieten, setzen Sie sich bitte direkt mit uns in Verbindung.\t\t\t<\/p>\n\t\t\t<\/div>\n<\/div>\n<\/div>[vc_btn title=&#8220;Kontakt&#8220; color=&#8220;chino&#8220; link=&#8220;url:https%3A%2F%2Fwww.hotelbonsol.es%2Fde%2Fkontakt%2F|title:Kontakt&#8220;][\/vc_column][\/vc_row][vc_row][vc_column][vc_empty_space height=&#8220;50px&#8220;][\/vc_column][\/vc_row]<\/p>\t\t\t\t\t\t<\/div>\n\t\t\t\t<\/div>\n\t\t\t\t\t<\/div>\n\t\t<\/div>\n\t\t\t\t\t<\/div>\n\t\t<\/section>\n\t\t\t\t<\/div>\n\t\t","protected":false},"excerpt":{"rendered":"<p>[vc_row content_aligment=&#8220;center&#8220; css=&#8220;.vc_custom_1597826673224{padding-top: 0px !important;padding-bottom: 10px !important;}&#8220;][vc_column][\/vc_column][\/vc_row][vc_row content_width=&#8220;grid&#8220; content_aligment=&#8220;center&#8220; css=&#8220;.vc_custom_1616485837042{padding-top: 0px !important;padding-right: 20px !important;padding-bottom: 10px !important;padding-left: 20px !important;}&#8220;][vc_column css=&#8220;.vc_custom_1616012672132{padding-right: 20px !important;padding-left: 20px !important;}&#8220;][vc_empty_space height=&#8220;50px&#8220;][\/vc_column][\/vc_row][vc_row content_width=&#8220;grid&#8220; content_aligment=&#8220;center&#8220;][vc_column width=&#8220;1\/3&#8243;][\/vc_column][vc_column width=&#8220;1\/3&#8243;][\/vc_column][vc_column width=&#8220;1\/3&#8243;][\/vc_column][\/vc_row][vc_row content_width=&#8220;grid&#8220; content_aligment=&#8220;center&#8220;][vc_column width=&#8220;1\/3&#8243;][\/vc_column][vc_column width=&#8220;1\/3&#8243;][vc_btn title=&#8220;Kontakt&#8220; color=&#8220;chino&#8220; link=&#8220;url:https%3A%2F%2Fwww.hotelbonsol.es%2Fde%2Fkontakt%2F|title:Kontakt&#8220;][\/vc_column][\/vc_row][vc_row][vc_column][vc_empty_space height=&#8220;50px&#8220;][\/vc_column][\/vc_row]<\/p>\n","protected":false},"author":2,"featured_media":0,"parent":0,"menu_order":0,"comment_status":"closed","ping_status":"closed","template":"full-width.php","meta":{"_monsterinsights_skip_tracking":false,"_monsterinsights_sitenote_active":false,"_monsterinsights_sitenote_note":"","_monsterinsights_sitenote_category":0,"footnotes":""},"_links":{"self":[{"href":"https:\/\/www.hotelbonsol.es\/de\/wp-json\/wp\/v2\/pages\/12615"}],"collection":[{"href":"https:\/\/www.hotelbonsol.es\/de\/wp-json\/wp\/v2\/pages"}],"about":[{"href":"https:\/\/www.hotelbonsol.es\/de\/wp-json\/wp\/v2\/types\/page"}],"author":[{"embeddable":true,"href":"https:\/\/www.hotelbonsol.es\/de\/wp-json\/wp\/v2\/users\/2"}],"replies":[{"embeddable":true,"href":"https:\/\/www.hotelbonsol.es\/de\/wp-json\/wp\/v2\/comments?post=12615"}],"version-history":[{"count":6,"href":"https:\/\/www.hotelbonsol.es\/de\/wp-json\/wp\/v2\/pages\/12615\/revisions"}],"predecessor-version":[{"id":15404,"href":"https:\/\/www.hotelbonsol.es\/de\/wp-json\/wp\/v2\/pages\/12615\/revisions\/15404"}],"wp:attachment":[{"href":"https:\/\/www.hotelbonsol.es\/de\/wp-json\/wp\/v2\/media?parent=12615"}],"curies":[{"name":"wp","href":"https:\/\/api.w.org\/{rel}","templated":true}]}}