{"id":12660,"date":"2021-03-17T22:15:37","date_gmt":"2021-03-17T21:15:37","guid":{"rendered":"https:\/\/www.hotelbonsol.es\/sustainable\/"},"modified":"2025-10-21T08:31:58","modified_gmt":"2025-10-21T07:31:58","slug":"sustainable","status":"publish","type":"page","link":"https:\/\/www.hotelbonsol.es\/de\/sustainable\/","title":{"rendered":"Sustainability"},"content":{"rendered":"<p>[vc_row content_width=&#8220;grid&#8220; content_aligment=&#8220;center&#8220; css=&#8220;.vc_custom_1598005337642{padding-top: 40px !important;padding-bottom: 20px !important;background-position: center !important;background-repeat: no-repeat !important;background-size: cover !important;}&#8220;][vc_column offset=&#8220;vc_col-lg-offset-0 vc_col-lg-12 vc_col-md-offset-0 vc_col-md-12&#8243;]<div class=\"mkd-separator-holder clearfix  mkd-separator-center\">\n\t<div class=\"mkd-separator\" style=\"margin-top: 20px\"><\/div>\n<\/div>\n\n\t\t\t<!-- START Sustainable REVOLUTION SLIDER 6.1.1 --><p class=\"rs-p-wp-fix\"><\/p>\n\t\t\t<rs-module-wrap id=\"rev_slider_11_1_wrapper\" data-source=\"gallery\" style=\"background:transparent;padding:0;\">\n\t\t\t\t<rs-module id=\"rev_slider_11_1\" style=\"display:none;\" data-version=\"6.1.1\">\n\t\t\t\t\t<rs-slides>\n\t\t\t\t\t\t<rs-slide data-key=\"rs-30\" data-title=\"Slide\" data-anim=\"ei:d;eo:d;s:600;r:0;t:fade;sl:d;\" data-p1=\"3\" data-p2=\"3\">\n\t\t\t\t\t\t\t<img fetchpriority=\"high\" decoding=\"async\" src=\"\/\/hotelbonsol.es\/wp-content\/uploads\/2021\/03\/noah-buscher-x8ZStukS2PM-unsplash-scaled.jpg\" width=\"2560\" height=\"1466\" data-parallax=\"7\" class=\"rev-slidebg\" data-no-retina>\n<!--\n\t\t\t\t\t\t\t--><rs-layer\n\t\t\t\t\t\t\t\tid=\"slider-11-slide-30-layer-14\" \n\t\t\t\t\t\t\t\tclass=\"Tile-Medium-Style\"\n\t\t\t\t\t\t\t\tdata-type=\"text\"\n\t\t\t\t\t\t\t\tdata-color=\"rgba(255,255,255,1)\"\n\t\t\t\t\t\t\t\tdata-rsp_ch=\"on\"\n\t\t\t\t\t\t\t\tdata-xy=\"x:c;xo:27px,0,0,0;y:m;yo:-162px,-54px,-111px,-100px;\"\n\t\t\t\t\t\t\t\tdata-text=\"w:nowrap,nowrap,nowrap,normal;s:60,80,60,45;l:97,97,97,55;a:center;\"\n\t\t\t\t\t\t\t\tdata-dim=\"w:auto,892px,770px,296px;h:auto,98px,100px,auto;\"\n\t\t\t\t\t\t\t\tdata-basealign=\"slide\"\n\t\t\t\t\t\t\t\tdata-frame_0=\"y:100%;tp:600;\"\n\t\t\t\t\t\t\t\tdata-frame_1=\"tp:600;e:Power4.easeInOut;st:300;sp:1000;sR:300;\"\n\t\t\t\t\t\t\t\tdata-frame_999=\"o:0;tp:600;e:nothing;st:w;sR:3700;\"\n\t\t\t\t\t\t\t\tstyle=\"z-index:5;font-family:Raleway;\"\n\t\t\t\t\t\t\t>SAVE THE PLANET \n\t\t\t\t\t\t\t<\/rs-layer><!--\n-->\t\t\t\t\t\t<\/rs-slide>\n\t\t\t\t\t<\/rs-slides>\n\t\t\t\t\t<rs-static-layers><!--\n\t\t\t\t\t--><\/rs-static-layers>\n\t\t\t\t\t<rs-progress class=\"rs-bottom\" style=\"visibility: hidden !important;\"><\/rs-progress>\n\t\t\t\t<\/rs-module>\n\t\t\t\t<script type=\"text\/javascript\">\n\t\t\t\t\tsetREVStartSize({c: 'rev_slider_11_1',rl:[1240,1024,778,480],el:[768,650,800,500],gw:[1300,900,700,320],gh:[768,650,800,500],layout:'fullscreen',offsetContainer:'.touch .mkd-mobile-header-holder',offset:'',mh:\"0\"});\n\t\t\t\t\tvar\trevapi11,\n\t\t\t\t\t\ttpj;\n\t\t\t\t\tjQuery(function() {\n\t\t\t\t\t\ttpj = jQuery;\n\t\t\t\t\t\tif(tpj(\"#rev_slider_11_1\").revolution == undefined){\n\t\t\t\t\t\t\trevslider_showDoubleJqueryError(\"#rev_slider_11_1\");\n\t\t\t\t\t\t}else{\n\t\t\t\t\t\t\trevapi11 = tpj(\"#rev_slider_11_1\").show().revolution({\n\t\t\t\t\t\t\t\tjsFileLocation:\"\/\/www.hotelbonsol.es\/wp-content\/plugins\/revslider\/public\/assets\/js\/\",\n\t\t\t\t\t\t\t\tsliderLayout:\"fullscreen\",\n\t\t\t\t\t\t\t\tduration:5000,\n\t\t\t\t\t\t\t\tvisibilityLevels:\"1240,1024,778,480\",\n\t\t\t\t\t\t\t\tgridwidth:\"1300,900,700,320\",\n\t\t\t\t\t\t\t\tgridheight:\"768,650,800,500\",\n\t\t\t\t\t\t\t\tminHeight:\"\",\n\t\t\t\t\t\t\t\teditorheight:\"768,650,800,500\",\n\t\t\t\t\t\t\t\tresponsiveLevels:\"1240,1024,778,480\",\n\t\t\t\t\t\t\t\tdisableForceFullWidth:true,\n\t\t\t\t\t\t\t\tfullScreenOffsetContainer:\".touch .mkd-mobile-header-holder\",\n\t\t\t\t\t\t\t\tdisableProgressBar:\"on\",\n\t\t\t\t\t\t\t\tnavigation: {\n\t\t\t\t\t\t\t\t\tonHoverStop:false\n\t\t\t\t\t\t\t\t},\n\t\t\t\t\t\t\t\tparallax: {\n\t\t\t\t\t\t\t\t\tlevels:[5,10,15,20,25,30,35,40,45,46,47,48,49,50,51,55],\n\t\t\t\t\t\t\t\t\ttype:\"mouse\"\n\t\t\t\t\t\t\t\t},\n\t\t\t\t\t\t\t\tfallbacks: {\n\t\t\t\t\t\t\t\t\tallowHTML5AutoPlayOnAndroid:true\n\t\t\t\t\t\t\t\t},\n\t\t\t\t\t\t\t});\n\t\t\t\t\t\t\trevapi11.bind(\"revolution.slide.onchange\",function (e) {\n\tjQuery(this).addClass('mkd-revslider-loaded');\n});\n\t\t\t\t\t\t}\n\t\t\t\t\t\t\n\t\t\t\t\t});\n\t\t\t\t<\/script>\n\t\t\t\t<script>\n\t\t\t\t\tvar htmlDivCss = unescape(\".mikado-number%20%7B%0A%20%20%20%20opacity%3A0%3B%0A%7D%0A%0A.mkd-revslider-loaded%20.mikado-number%20%7B%0A%20%20%20%20opacity%3A1%3B%0A%20%20%09-webkit-transition%3A%20opacity%201s%3B%0A%20%20%20%20transition%3A%20opacity%201s%3B%0A%7D\");\n\t\t\t\t\tvar htmlDiv = document.getElementById('rs-plugin-settings-inline-css');\n\t\t\t\t\tif(htmlDiv) {\n\t\t\t\t\t\thtmlDiv.innerHTML = htmlDiv.innerHTML + htmlDivCss;\n\t\t\t\t\t}else{\n\t\t\t\t\t\tvar htmlDiv = document.createElement('div');\n\t\t\t\t\t\thtmlDiv.innerHTML = '<style>' + htmlDivCss + '<\/style>';\n\t\t\t\t\t\tdocument.getElementsByTagName('head')[0].appendChild(htmlDiv.childNodes[0]);\n\t\t\t\t\t}\n\t\t\t\t<\/script>\n\t\t\t<\/rs-module-wrap>\n\t\t\t<!-- END REVOLUTION SLIDER -->\n[\/vc_column][\/vc_row][vc_row content_width=&#8220;grid&#8220;][vc_column css=&#8220;.vc_custom_1616751774744{padding-top: 50px !important;}&#8220;]<div class=\"mkd-section-title-holder\">\n\t<h2 class=\"mkd-section-title mkd-section-title-medium\" style=\"text-align: center\">\n\t\tNachhaltig, umweltfreundlich, CO2-Emissionen 0    <\/h2>\n<\/div><div class=\"mkd-separator-with-icon-holder clearfix mkd-default-icon\" style=\"margin-top: 7px;margin-bottom: 18px\">\n\n\t<span class=\"mkd-separator-left\" ><\/span>\n\t\t\t<div class=\"mkd-default-icon-holder\" ><\/div>\n\t\t<span class=\"mkd-separator-right\" ><\/span>\n<\/div>[vc_column_text]<\/p>\n<p style=\"text-align: center;\">Schon immer war bereits der Gr\u00fcnder des BonSol Antonio Xamena sehr besorgt um die Umwelt und die Auswirkungen, die wir Menschen, auf die Natur haben k\u00f6nnen.<\/p>\n<p style=\"text-align: center;\">Das BonSol agierte bereits umweltbewusst, lange bevor es zu einem notwendigen Trend wurde. So verf\u00fcgt es bereits seit mehr als 50 Jahren \u00fcber Solaranlagen, die das Hotel mit Strom versorgen. Dar\u00fcber hinaus haben wir viele Wege gefunden, um das Hotel weiterhin ressourcenschonend zu optimieren. Beispielsweise wird der geheizte Swimmingpool des Hotels mit den von den K\u00fcchenk\u00fchlschr\u00e4nken erzeugten W\u00e4rme beheizt. Das Wasser der Duschen, wird nach umfassender Filterung als Abwasser f\u00fcr die WC&#8217;s verwendet. Anstatt B\u00e4ume zu f\u00e4llen, wurden L\u00f6cher in unsere Terrassen implementiert, damit der Baum weiterhin gesund wachsen kann. Die Pflege und der Erhalt unseres ca. 8000 m2 Gartens schenkt unseren G\u00e4sten ein schattenspendendes, luftreinigendes und sauerstofferzeugendes Mikroklima, das die M\u00f6glichkeit bietet, einfach mal ganz entspannt und tief durchzuatmen.<br \/>\nDas sind nur einige unser Initiativen, die gew\u00e4hrleisten, dass wir gemeinsam m\u00f6glichst wenig negative Auswirkungen auf die Natur und die Umwelt haben.<\/p>\n<p style=\"text-align: center;\">Aufgrund des Anstiegs des CO2-Gehalts in der Atmosph\u00e4re und der zunehmenden Besorgnis \u00fcber den Klimawandel war unser Generaldirektor und gegenw\u00e4rtiger Besitzer des BonSol Martin Xamena und sein Sohn Alejandro Xamena, Manager des Hotel, \u00fcberzeugt, dass noch mehr getan werden kann.<\/p>\n<p style=\"text-align: center;\">So haben Sie bereits 2005 mit dem Erwerb von 250 Hektar Land in Costa Rica ein weiteres Projekt in Angriff genommen. Mit Hilfe eines spezialisierten Ingenieurs wurden hier 220.000 Teak-B\u00e4ume gepflanzt. Das Ziel: Sowohl den CO2 Gehalt, den das BonSol pro Jahr produziert als auch den Aussto\u00df der Flugzeuge, die unsere G\u00e4ste aus aller Welt nach Mallorca hin und wieder zur\u00fcck bringen auszugleichen.<br \/>\nDar\u00fcber hinaus wurden in Costa Rica auch viele Arten der einheimischen B\u00e4ume gepflanzt, um das \u00d6kosystem vor Ort weiter zu st\u00e4rken.<\/p>\n<p style=\"text-align: center;\">Wir als Hotel BonSol sind bei Recycling und Wasseroptimierung kompromisslos. Unserem Gr\u00fcnder, unserer Umwelt und zuletzt Ihnen und Ihrer Familie als G\u00e4ste zu ehren.<\/p>\n<p style=\"text-align: center;\">Daher bleiben wir weiterhin unerm\u00fcdlich, unser Hotel ressourcenschonend zu optimieren, um die Umwelt auch in Zukunft so wenig wie m\u00f6glich belasten zu m\u00fcssen.<\/p>\n<p>[\/vc_column_text][vc_empty_space height=&#8220;50px&#8220;][vc_btn title=&#8220;Environmental Statement&#8220; color=&#8220;chino&#8220; size=&#8220;lg&#8220; align=&#8220;center&#8220; i_icon_fontawesome=&#8220;fas fa-file-alt&#8220; add_icon=&#8220;true&#8220; link=&#8220;url:https%3A%2F%2Fwww.hotelbonsol.es%2Fwp-content%2Fuploads%2F2025%2F10%2FHotel_Bon_Sol_Environmental_Declaration_2023_EN-2.pdf|target:_blank&#8220;][\/vc_column][\/vc_row][vc_row][vc_column][vc_empty_space][vc_column_text]<\/p>\n<h3 style=\"text-align: center;\">ELEKTROFAHRZEUGE<\/h3>\n<p>[\/vc_column_text][vc_column_text]<\/p>\n<p style=\"text-align: center;\">Wir verf\u00fcgen \u00fcber zwei Schnellladestationen f\u00fcr Elektrofahrzeuge, um deren Nutzung zu f\u00f6rdern und die<br \/>\nSchadstoffemissionen in die Atmosph\u00e4re zu verringern. Ladestationen, die durch den Plan Moves III subventioniert werden<\/p>\n<p>[\/vc_column_text]<div class=\"mkd-iwt clearfix mkd-iwt-icon-top mkd-iwt-icon-tiny\">\n\t<div class=\"mkd-iwt-icon-holder\">\n\t\t\t\t\t<span\n\t\t\t\tclass=\"mkd-iwt-custom-icon\" ><img decoding=\"async\" width=\"200\" height=\"200\" src=\"https:\/\/www.hotelbonsol.es\/wp-content\/uploads\/2024\/04\/Diseno-sin-titulo-4.png\" class=\"attachment-full size-full\" alt=\"\" \/><\/span>\n\t\t\t<\/div>\n\t<div class=\"mkd-iwt-content-holder\" >\n\t\t<div class=\"mkd-iwt-title-holder\">\n\t\t\t<h4 \t\t\t><\/h4>\n\t<\/div>\n\t<div class=\"mkd-iwt-text-holder\">\n\t\t<p ><\/p>\n\n\t\t\t<\/div>\n<\/div>\n<\/div>[vc_empty_space][vc_empty_space][\/vc_column][\/vc_row][vc_row][vc_column][vc_column_text]<\/p>\n<h3 style=\"text-align: center;\">Solarmodule<\/h3>\n<p>[\/vc_column_text][vc_column_text]<\/p>\n<p style=\"text-align: center;\" data-start=\"70\" data-end=\"334\">Im Rahmen unserer Strategie f\u00fcr den \u00f6kologischen Wandel haben wir zwei Solaranlagen zur Stromerzeugung in Betrieb genommen.<br \/>\nDies erm\u00f6glicht es uns, unseren CO\u2082-Fu\u00dfabdruck erheblich zu reduzieren und auf ein saubereres und effizienteres Energiemodell hinzuarbeiten.<br \/>\nDank dieser Investition in erneuerbare Energien leisten wir einen aktiven Beitrag zum Kampf<br \/>\ngegen den Klimawandel, indem wir den Einsatz fossiler Energiequellen verringern und einen verantwortungsvolleren Tourismus f\u00f6rdern.<\/p>\n<p style=\"text-align: center;\" data-start=\"561\" data-end=\"1121\">Die erste Installation besteht aus einem Solarpark mit 22 Solarmodulen \u00e0 500 Wp, mit denen wir<br \/>\ninsgesamt 11,00 kWp saubere Energie erzeugen. Dieses Projekt wurde durch eine Investition von 12.956,00 \u20ac<br \/>\nerm\u00f6glicht, die teilweise mit 9.282,00 \u20ac bezuschusst wurde. Es ist Teil des F\u00f6rderprogramms f\u00fcr Eigenverbrauch<br \/>\nund Energiespeicherung aus erneuerbaren Energiequellen sowie der Einf\u00fchrung erneuerbarer thermischer Systeme<br \/>\nim Wohnsektor im Rahmen des Plans f\u00fcr Wiederaufbau, Transformation und Resilienz, finanziert<br \/>\nvon der Europ\u00e4ischen Union \u2013 NextGenerationEU.<\/p>\n<p style=\"text-align: center;\" data-start=\"1123\" data-end=\"1489\">Die zweite Installation besteht aus einem Solarpark mit 57 Solarmodulen, der 28,5 kWp erzeugt. Auch dieses<br \/>\nProjekt ist Teil des F\u00f6rderprogramms f\u00fcr Eigenverbrauch und Energiespeicherung aus erneuerbaren<br \/>\nEnergiequellen im gewerblichen Sektor im Rahmen des Plans f\u00fcr Wiederaufbau, Transformation<br \/>\nund Resilienz, finanziert von der Europ\u00e4ischen Union \u2013 NextGenerationEU.<\/p>\n<p>[\/vc_column_text][vc_empty_space]<div class=\"mkd-iwt clearfix mkd-iwt-icon-top mkd-iwt-icon-tiny\">\n\t<div class=\"mkd-iwt-icon-holder\">\n\t\t\t\t\t<span\n\t\t\t\tclass=\"mkd-iwt-custom-icon\" ><img decoding=\"async\" width=\"1266\" height=\"74\" src=\"https:\/\/www.hotelbonsol.es\/wp-content\/uploads\/2025\/05\/2a4c3552-bf2a-4323-b771-f789855c37e9.png\" class=\"attachment-full size-full\" alt=\"\" srcset=\"https:\/\/www.hotelbonsol.es\/wp-content\/uploads\/2025\/05\/2a4c3552-bf2a-4323-b771-f789855c37e9.png 1266w, https:\/\/www.hotelbonsol.es\/wp-content\/uploads\/2025\/05\/2a4c3552-bf2a-4323-b771-f789855c37e9-600x35.png 600w, https:\/\/www.hotelbonsol.es\/wp-content\/uploads\/2025\/05\/2a4c3552-bf2a-4323-b771-f789855c37e9-1024x60.png 1024w, https:\/\/www.hotelbonsol.es\/wp-content\/uploads\/2025\/05\/2a4c3552-bf2a-4323-b771-f789855c37e9-768x45.png 768w\" sizes=\"(max-width: 1266px) 100vw, 1266px\" \/><\/span>\n\t\t\t<\/div>\n\t<div class=\"mkd-iwt-content-holder\" >\n\t\t<div class=\"mkd-iwt-title-holder\">\n\t\t\t<h4 \t\t\t><\/h4>\n\t<\/div>\n\t<div class=\"mkd-iwt-text-holder\">\n\t\t<p ><\/p>\n\n\t\t\t<\/div>\n<\/div>\n<\/div>[vc_empty_space][vc_empty_space][\/vc_column][\/vc_row][vc_row][vc_column][vc_column_text]<\/p>\n<p style=\"text-align: center;\" data-start=\"0\" data-end=\"81\"><strong data-start=\"0\" data-end=\"81\">Verbesserung der Energieeffizienz und Eigenverbrauch in unseren Einrichtungen<\/strong><\/p>\n<p>[\/vc_column_text][vc_column_text]<\/p>\n<p style=\"text-align: center;\" data-start=\"83\" data-end=\"525\">Im Hotel BonSol sind wir dem Umweltschutz und dem verantwortungsvollen Umgang mit Ressourcen verpflichtet.<br data-start=\"189\" data-end=\"192\" \/>Im Rahmen unseres kontinuierlichen Engagements f\u00fcr Nachhaltigkeit \u2013 und dank der finanziellen Unterst\u00fctzung der Europ\u00e4ischen Union \u2013<br \/>\nNextGenerationEU im Rahmen des Plans f\u00fcr Wiederaufbau, Transformation und Resilienz (PRTR) \u2013 haben wir ein bedeutendes Projekt<br \/>\nzur Verbesserung der Energieeffizienz unserer Einrichtungen durchgef\u00fchrt.<\/p>\n<p style=\"text-align: center;\" data-start=\"527\" data-end=\"565\">Dieses Projekt umfasste haupts\u00e4chlich:<\/p>\n<p style=\"text-align: center;\" data-start=\"567\" data-end=\"768\">\u2013 Die Installation neuer, energieeffizienterer Fenster mit einem deutlich niedrigeren W\u00e4rmedurchgangskoeffizienten,<br \/>\num Energie bei der Klimatisierung zu sparen und den Komfort unserer G\u00e4ste zu erh\u00f6hen.<\/p>\n<p style=\"text-align: center;\" data-start=\"770\" data-end=\"920\">\u2013 Die Installation einer aerothermischen W\u00e4rmepumpe zur Erzeugung von Warmwasser (WW) und zur Klimatisierung als<br \/>\nErsatz f\u00fcr weniger effiziente Ger\u00e4te.<\/p>\n<p style=\"text-align: center;\" data-start=\"922\" data-end=\"1018\">\u2013 Den Austausch bestehender Gebl\u00e4sekonvektoren (Fancoils) durch ein energieeffizienteres Modell.<\/p>\n<p style=\"text-align: center;\" data-start=\"1020\" data-end=\"1097\">\u2013 Die Isolierung der Warmwasserleitungen zur Verringerung von W\u00e4rmeverlusten.<\/p>\n<p style=\"text-align: center;\" data-start=\"1099\" data-end=\"1144\">\u2013 Genehmigungsprojekte f\u00fcr die neuen Anlagen.<\/p>\n<p style=\"text-align: center;\" data-start=\"1146\" data-end=\"1240\">\u2013 Schulungs- und Sensibilisierungsveranstaltungen f\u00fcr das Personal zum Thema Energieeffizienz.<\/p>\n<p style=\"text-align: center;\" data-start=\"1242\" data-end=\"1328\">Die insgesamt gef\u00f6rderte Investition f\u00fcr dieses Projekt bel\u00e4uft sich auf <strong>213.305,43 \u20ac.<\/strong><\/p>\n<p style=\"text-align: center;\" data-start=\"1330\" data-end=\"1755\" data-is-last-node=\"\" data-is-only-node=\"\">Mit dieser Ma\u00dfnahme leisten wir nicht nur einen Beitrag zum Umweltschutz, zur Nachhaltigkeit und zur Energiewende,<br \/>\nsondern bekr\u00e4ftigen auch unser Engagement, Dienstleistungen mit einem nachhaltigen Ansatz anzubieten.<br data-start=\"1546\" data-end=\"1549\" \/>Wir sind fest davon \u00fcberzeugt, dass die verantwortungsvollen Entscheidungen, die wir heute treffen, sich positiv auf die Zukunft<br \/>\naller auswirken und so zu einer gr\u00fcneren und effizienteren Zukunft beitragen.<\/p>\n<p>[\/vc_column_text][vc_empty_space]<div class=\"mkd-iwt clearfix mkd-iwt-icon-top mkd-iwt-icon-tiny\">\n\t<div class=\"mkd-iwt-icon-holder\">\n\t\t\t\t\t<span\n\t\t\t\tclass=\"mkd-iwt-custom-icon\" ><img loading=\"lazy\" decoding=\"async\" width=\"1270\" height=\"122\" src=\"https:\/\/www.hotelbonsol.es\/wp-content\/uploads\/2025\/07\/image002-1-removebg-preview.png\" class=\"attachment-full size-full\" alt=\"\" srcset=\"https:\/\/www.hotelbonsol.es\/wp-content\/uploads\/2025\/07\/image002-1-removebg-preview.png 1270w, https:\/\/www.hotelbonsol.es\/wp-content\/uploads\/2025\/07\/image002-1-removebg-preview-600x58.png 600w, https:\/\/www.hotelbonsol.es\/wp-content\/uploads\/2025\/07\/image002-1-removebg-preview-1024x98.png 1024w, https:\/\/www.hotelbonsol.es\/wp-content\/uploads\/2025\/07\/image002-1-removebg-preview-768x74.png 768w\" sizes=\"(max-width: 1270px) 100vw, 1270px\" \/><\/span>\n\t\t\t<\/div>\n\t<div class=\"mkd-iwt-content-holder\" >\n\t\t<div class=\"mkd-iwt-title-holder\">\n\t\t\t<h4 \t\t\t><\/h4>\n\t<\/div>\n\t<div class=\"mkd-iwt-text-holder\">\n\t\t<p ><\/p>\n\n\t\t\t<\/div>\n<\/div>\n<\/div>[vc_empty_space][vc_empty_space][\/vc_column][\/vc_row]<\/p>\n","protected":false},"excerpt":{"rendered":"<p>[vc_row content_width=&#8220;grid&#8220; content_aligment=&#8220;center&#8220; css=&#8220;.vc_custom_1598005337642{padding-top: 40px !important;padding-bottom: 20px !important;background-position: center !important;background-repeat: no-repeat !important;background-size: cover !important;}&#8220;][vc_column offset=&#8220;vc_col-lg-offset-0 vc_col-lg-12 vc_col-md-offset-0 vc_col-md-12&#8243;][\/vc_column][\/vc_row][vc_row content_width=&#8220;grid&#8220;][vc_column css=&#8220;.vc_custom_1616751774744{padding-top: 50px !important;}&#8220;][vc_column_text] Schon immer war bereits der Gr\u00fcnder des BonSol Antonio Xamena sehr besorgt um die Umwelt und die Auswirkungen, die wir Menschen, auf die&#8230;<\/p>\n","protected":false},"author":2,"featured_media":0,"parent":0,"menu_order":0,"comment_status":"closed","ping_status":"closed","template":"full-width.php","meta":{"_monsterinsights_skip_tracking":false,"_monsterinsights_sitenote_active":false,"_monsterinsights_sitenote_note":"","_monsterinsights_sitenote_category":0,"footnotes":""},"_links":{"self":[{"href":"https:\/\/www.hotelbonsol.es\/de\/wp-json\/wp\/v2\/pages\/12660"}],"collection":[{"href":"https:\/\/www.hotelbonsol.es\/de\/wp-json\/wp\/v2\/pages"}],"about":[{"href":"https:\/\/www.hotelbonsol.es\/de\/wp-json\/wp\/v2\/types\/page"}],"author":[{"embeddable":true,"href":"https:\/\/www.hotelbonsol.es\/de\/wp-json\/wp\/v2\/users\/2"}],"replies":[{"embeddable":true,"href":"https:\/\/www.hotelbonsol.es\/de\/wp-json\/wp\/v2\/comments?post=12660"}],"version-history":[{"count":10,"href":"https:\/\/www.hotelbonsol.es\/de\/wp-json\/wp\/v2\/pages\/12660\/revisions"}],"predecessor-version":[{"id":15194,"href":"https:\/\/www.hotelbonsol.es\/de\/wp-json\/wp\/v2\/pages\/12660\/revisions\/15194"}],"wp:attachment":[{"href":"https:\/\/www.hotelbonsol.es\/de\/wp-json\/wp\/v2\/media?parent=12660"}],"curies":[{"name":"wp","href":"https:\/\/api.w.org\/{rel}","templated":true}]}}