{"id":12664,"date":"2021-03-26T08:49:03","date_gmt":"2021-03-26T07:49:03","guid":{"rendered":"https:\/\/www.hotelbonsol.es\/quality-seals\/"},"modified":"2024-10-08T09:59:07","modified_gmt":"2024-10-08T08:59:07","slug":"quality-seals","status":"publish","type":"page","link":"https:\/\/www.hotelbonsol.es\/de\/quality-seals\/","title":{"rendered":"Quality Seals"},"content":{"rendered":"<p>[vc_row content_aligment=&#8220;center&#8220; css=&#8220;.vc_custom_1616486900152{background-position: center !important;background-repeat: no-repeat !important;background-size: cover !important;}&#8220;][vc_column][\/vc_column][\/vc_row][vc_row content_aligment=&#8220;center&#8220; css=&#8220;.vc_custom_1616749720712{padding-top: 200px !important;padding-bottom: 100px !important;}&#8220;][vc_column width=&#8220;1\/3&#8243;][vc_hoverbox image=&#8220;12488&#8243; primary_title=&#8220;&#8220; hover_title=&#8220;&#8220; el_width=&#8220;60&#8243; hover_btn_title=&#8220;Certificate&#8220; hover_btn_color=&#8220;chino&#8220; hover_add_button=&#8220;true&#8220; hover_btn_link=&#8220;url:https%3A%2F%2Fhotelbonsol.es%2Fwp-content%2Fuploads%2F2021%2F03%2FCertificadoVM-18-010_ES_2019-12-27.pdf|title:Sustainable|target:_blank&#8220;]Das EU-System f\u00fcr das Umweltmanagement und die Umweltbetriebspr\u00fcfung (EMAS) ist ein hochwertiges Managementinstrument, das von der Europ\u00e4ischen Kommission f\u00fcr Unternehmen und andere Organisationen entwickelt wurde, um ihre Umweltleistung zu bewerten, zu berichten und zu verbessern.[\/vc_hoverbox][\/vc_column][vc_column width=&#8220;1\/3&#8243;][vc_hoverbox image=&#8220;12479&#8243; primary_title=&#8220;&#8220; hover_title=&#8220;&#8220; el_width=&#8220;70&#8243; hover_btn_title=&#8220;Certificate&#8220; hover_btn_color=&#8220;chino&#8220; hover_add_button=&#8220;true&#8220; hover_btn_link=&#8220;url:https%3A%2F%2Fwww.dropbox.com%2Fscl%2Ffi%2Frxk2wlhqm7lqono7dcxi5%2FCertificate-102156-2.pdf%3Frlkey%3Dk43nv6xu7uf20u5r3am79qziq%26st%3Duywovj4a%26dl%3D0|target:_blank&#8220;]<\/p>\n<div class=\"\">Die Travelife-Zertifizierung ist ein international anerkanntes Auszeichnungssystem f\u00fcr Hotels und andere touristische Unternehmen, die hohe Standards im Umweltmanagement erreicht haben.<\/div>\n<div class=\"\"><\/div>\n<div class=\"\">Diese Auszeichnung erfordert die Erf\u00fcllung zahlreicher Kriterien und Ma\u00dfnahmen, wie z. B. eine umweltfreundliche Einkaufspolitik, Recycling, Energie- und Wassermanagement sowie die Umsetzung einer sozialen Verantwortung des Unternehmens gegen\u00fcber den Mitarbeitern und der lokalen Gemeinschaft, in der es t\u00e4tig ist.<\/div>\n<p>[\/vc_hoverbox][\/vc_column][vc_column width=&#8220;1\/3&#8243;][vc_hoverbox image=&#8220;12380&#8243; primary_title=&#8220;&#8220; hover_title=&#8220;&#8220; el_width=&#8220;80&#8243; hover_btn_title=&#8220;Certificate&#8220; hover_btn_color=&#8220;chino&#8220; hover_add_button=&#8220;true&#8220; hover_btn_link=&#8220;url:https%3A%2F%2Fhotelbonsol.es%2Fwp-content%2Fuploads%2F2021%2F03%2FCALIDAD-Q.pdf|title:Quality%20seals|target:_blank&#8220;]Das Ziel dieser Qualit\u00e4tszertifizierung f\u00fcr den Tourismus ist es, die Kundenzufriedenheit durch die erbrachten Dienstleistungen oder die angebotenen Produkte zu erreichen. Sie verpflichtet sich auch zur kontinuierlichen Verbesserung, um stets die besten Dienstleistungen anzubieten. Ziel ist es, die Erwartungen der Kunden mit den in den Betrieben vorhandenen Mitteln zu \u00fcbertreffen. Dank dieser Qualit\u00e4tszertifizierung werden den Kunden Professionalit\u00e4t und Zuverl\u00e4ssigkeit vermittelt.[\/vc_hoverbox][\/vc_column][\/vc_row][vc_row content_aligment=&#8220;center&#8220; css=&#8220;.vc_custom_1616749720712{padding-top: 200px !important;padding-bottom: 100px !important;}&#8220;][vc_column width=&#8220;1\/3&#8243;][\/vc_column][vc_column width=&#8220;1\/3&#8243;][\/vc_column][vc_column width=&#8220;1\/3&#8243;][\/vc_column][\/vc_row]<\/p>\n","protected":false},"excerpt":{"rendered":"<p>[vc_row content_aligment=&#8220;center&#8220; css=&#8220;.vc_custom_1616486900152{background-position: center !important;background-repeat: no-repeat !important;background-size: cover !important;}&#8220;][vc_column][\/vc_column][\/vc_row][vc_row content_aligment=&#8220;center&#8220; css=&#8220;.vc_custom_1616749720712{padding-top: 200px !important;padding-bottom: 100px !important;}&#8220;][vc_column width=&#8220;1\/3&#8243;][vc_hoverbox image=&#8220;12488&#8243; primary_title=&#8220;&#8220; hover_title=&#8220;&#8220; el_width=&#8220;60&#8243; hover_btn_title=&#8220;Certificate&#8220; hover_btn_color=&#8220;chino&#8220; hover_add_button=&#8220;true&#8220; hover_btn_link=&#8220;url:https%3A%2F%2Fhotelbonsol.es%2Fwp-content%2Fuploads%2F2021%2F03%2FCertificadoVM-18-010_ES_2019-12-27.pdf|title:Sustainable|target:_blank&#8220;]Das EU-System f\u00fcr das Umweltmanagement und die Umweltbetriebspr\u00fcfung (EMAS) ist ein hochwertiges Managementinstrument, das von der Europ\u00e4ischen Kommission f\u00fcr Unternehmen und andere&#8230;<\/p>\n","protected":false},"author":2,"featured_media":0,"parent":0,"menu_order":0,"comment_status":"closed","ping_status":"closed","template":"full-width.php","meta":{"_monsterinsights_skip_tracking":false,"_monsterinsights_sitenote_active":false,"_monsterinsights_sitenote_note":"","_monsterinsights_sitenote_category":0,"footnotes":""},"_links":{"self":[{"href":"https:\/\/www.hotelbonsol.es\/de\/wp-json\/wp\/v2\/pages\/12664"}],"collection":[{"href":"https:\/\/www.hotelbonsol.es\/de\/wp-json\/wp\/v2\/pages"}],"about":[{"href":"https:\/\/www.hotelbonsol.es\/de\/wp-json\/wp\/v2\/types\/page"}],"author":[{"embeddable":true,"href":"https:\/\/www.hotelbonsol.es\/de\/wp-json\/wp\/v2\/users\/2"}],"replies":[{"embeddable":true,"href":"https:\/\/www.hotelbonsol.es\/de\/wp-json\/wp\/v2\/comments?post=12664"}],"version-history":[{"count":8,"href":"https:\/\/www.hotelbonsol.es\/de\/wp-json\/wp\/v2\/pages\/12664\/revisions"}],"predecessor-version":[{"id":14153,"href":"https:\/\/www.hotelbonsol.es\/de\/wp-json\/wp\/v2\/pages\/12664\/revisions\/14153"}],"wp:attachment":[{"href":"https:\/\/www.hotelbonsol.es\/de\/wp-json\/wp\/v2\/media?parent=12664"}],"curies":[{"name":"wp","href":"https:\/\/api.w.org\/{rel}","templated":true}]}}