{"id":15358,"date":"2026-01-22T11:23:14","date_gmt":"2026-01-22T10:23:14","guid":{"rendered":"https:\/\/www.hotelbonsol.es\/events-2\/"},"modified":"2026-02-11T14:06:25","modified_gmt":"2026-02-11T13:06:25","slug":"events-2","status":"publish","type":"page","link":"https:\/\/www.hotelbonsol.es\/de\/events-2\/","title":{"rendered":"Veranstaltungen 2026"},"content":{"rendered":"\t\t<div data-elementor-type=\"wp-page\" data-elementor-id=\"15358\" class=\"elementor elementor-15358 elementor-15321\">\n\t\t\t\t\t\t<section class=\"elementor-section elementor-top-section elementor-element elementor-element-432d22c7 elementor-section-boxed elementor-section-height-default elementor-section-height-default\" data-id=\"432d22c7\" data-element_type=\"section\">\n\t\t\t\t\t\t<div class=\"elementor-container elementor-column-gap-default\">\n\t\t\t\t\t<div class=\"elementor-column elementor-col-100 elementor-top-column elementor-element elementor-element-4c951ced\" data-id=\"4c951ced\" data-element_type=\"column\">\n\t\t\t<div class=\"elementor-widget-wrap elementor-element-populated\">\n\t\t\t\t\t\t<div class=\"elementor-element elementor-element-2d09fbf8 elementor-widget elementor-widget-text-editor\" data-id=\"2d09fbf8\" data-element_type=\"widget\" data-widget_type=\"text-editor.default\">\n\t\t\t\t<div class=\"elementor-widget-container\">\n\t\t\t<style>\/*! elementor - v3.23.0 - 05-08-2024 *\/\n.elementor-widget-text-editor.elementor-drop-cap-view-stacked .elementor-drop-cap{background-color:#69727d;color:#fff}.elementor-widget-text-editor.elementor-drop-cap-view-framed .elementor-drop-cap{color:#69727d;border:3px solid;background-color:transparent}.elementor-widget-text-editor:not(.elementor-drop-cap-view-default) .elementor-drop-cap{margin-top:8px}.elementor-widget-text-editor:not(.elementor-drop-cap-view-default) .elementor-drop-cap-letter{width:1em;height:1em}.elementor-widget-text-editor .elementor-drop-cap{float:left;text-align:center;line-height:1;font-size:50px}.elementor-widget-text-editor .elementor-drop-cap-letter{display:inline-block}<\/style>\t\t\t\t<p>[vc_row content_aligment=&#8220;center&#8220; css=&#8220;.vc_custom_1597826673224{padding-top: 0px !important;padding-bottom: 10px !important;}&#8220;][vc_column]\n\t\t\t<!-- START Bonsol Events REVOLUTION SLIDER 6.1.1 --><p class=\"rs-p-wp-fix\"><\/p>\n\t\t\t<rs-module-wrap id=\"rev_slider_19_1_wrapper\" data-source=\"gallery\" style=\"background:transparent;padding:0;margin:0px auto;margin-top:0;margin-bottom:0;\">\n\t\t\t\t<rs-module id=\"rev_slider_19_1\" style=\"display:none;\" data-version=\"6.1.1\">\n\t\t\t\t\t<rs-slides>\n\t\t\t\t\t\t<rs-slide data-key=\"rs-41\" data-title=\"Slide\" data-anim=\"ei:d;eo:d;s:600;r:0;t:fade;sl:d;\" data-p1=\"1\" data-p2=\"3\">\n\t\t\t\t\t\t\t<img fetchpriority=\"high\" decoding=\"async\" src=\"\/\/hotelbonsol.es\/wp-content\/uploads\/2021\/03\/DSC_6700-scaled.jpg\" width=\"2560\" height=\"1664\" data-parallax=\"10\" class=\"rev-slidebg\" data-no-retina>\n<!---->\t\t\t\t\t\t<\/rs-slide>\n\t\t\t\t\t<\/rs-slides>\n\t\t\t\t\t<rs-progress class=\"rs-bottom\" style=\"visibility: hidden !important;\"><\/rs-progress>\n\t\t\t\t<\/rs-module>\n\t\t\t\t<script type=\"text\/javascript\">\n\t\t\t\t\tsetREVStartSize({c: 'rev_slider_19_1',rl:[1240,1024,778,480],el:[560,400,300,250],gw:[1300,900,600,320],gh:[560,400,300,250],layout:'fullwidth',mh:\"0\"});\n\t\t\t\t\tvar\trevapi19,\n\t\t\t\t\t\ttpj;\n\t\t\t\t\tjQuery(function() {\n\t\t\t\t\t\ttpj = jQuery;\n\t\t\t\t\t\tif(tpj(\"#rev_slider_19_1\").revolution == undefined){\n\t\t\t\t\t\t\trevslider_showDoubleJqueryError(\"#rev_slider_19_1\");\n\t\t\t\t\t\t}else{\n\t\t\t\t\t\t\trevapi19 = tpj(\"#rev_slider_19_1\").show().revolution({\n\t\t\t\t\t\t\t\tjsFileLocation:\"\/\/www.hotelbonsol.es\/wp-content\/plugins\/revslider\/public\/assets\/js\/\",\n\t\t\t\t\t\t\t\tsliderLayout:\"fullwidth\",\n\t\t\t\t\t\t\t\tduration:3000,\n\t\t\t\t\t\t\t\tvisibilityLevels:\"1240,1024,778,480\",\n\t\t\t\t\t\t\t\tgridwidth:\"1300,900,600,320\",\n\t\t\t\t\t\t\t\tgridheight:\"560,400,300,250\",\n\t\t\t\t\t\t\t\tminHeight:\"\",\n\t\t\t\t\t\t\t\teditorheight:\"560,400,300,250\",\n\t\t\t\t\t\t\t\tresponsiveLevels:\"1240,1024,778,480\",\n\t\t\t\t\t\t\t\tdisableProgressBar:\"on\",\n\t\t\t\t\t\t\t\tnavigation: {\n\t\t\t\t\t\t\t\t\tonHoverStop:false\n\t\t\t\t\t\t\t\t},\n\t\t\t\t\t\t\t\tparallax: {\n\t\t\t\t\t\t\t\t\tlevels:[5,10,15,20,25,30,35,40,45,46,47,48,49,50,51,55],\n\t\t\t\t\t\t\t\t\ttype:\"mouse\"\n\t\t\t\t\t\t\t\t},\n\t\t\t\t\t\t\t\tfallbacks: {\n\t\t\t\t\t\t\t\t\tallowHTML5AutoPlayOnAndroid:true\n\t\t\t\t\t\t\t\t},\n\t\t\t\t\t\t\t});\n\t\t\t\t\t\t\trevapi19.bind(\"revolution.slide.onchange\",function (e) {\n\tjQuery(this).addClass('mkd-revslider-loaded');\n});\n\t\t\t\t\t\t}\n\t\t\t\t\t\t\n\t\t\t\t\t});\n\t\t\t\t<\/script>\n\t\t\t\t<script>\n\t\t\t\t\tvar htmlDivCss = unescape(\".mikado-number%20%7B%0A%20%20%20%20opacity%3A0%3B%0A%7D%0A%0A.mkd-revslider-loaded%20.mikado-number%20%7B%0A%20%20%20%20opacity%3A1%3B%0A%20%20%09-webkit-transition%3A%20opacity%201s%3B%0A%20%20%20%20transition%3A%20opacity%201s%3B%0A%7D\");\n\t\t\t\t\tvar htmlDiv = document.getElementById('rs-plugin-settings-inline-css');\n\t\t\t\t\tif(htmlDiv) {\n\t\t\t\t\t\thtmlDiv.innerHTML = htmlDiv.innerHTML + htmlDivCss;\n\t\t\t\t\t}else{\n\t\t\t\t\t\tvar htmlDiv = document.createElement('div');\n\t\t\t\t\t\thtmlDiv.innerHTML = '<style>' + htmlDivCss + '<\/style>';\n\t\t\t\t\t\tdocument.getElementsByTagName('head')[0].appendChild(htmlDiv.childNodes[0]);\n\t\t\t\t\t}\n\t\t\t\t<\/script>\n\t\t\t<\/rs-module-wrap>\n\t\t\t<!-- END REVOLUTION SLIDER -->\n[\/vc_column][\/vc_row][vc_row content_width=&#8220;grid&#8220; content_aligment=&#8220;center&#8220; css=&#8220;.vc_custom_1616485837042{padding-top: 0px !important;padding-right: 20px !important;padding-bottom: 10px !important;padding-left: 20px !important;}&#8220;][vc_column css=&#8220;.vc_custom_1616012672132{padding-right: 20px !important;padding-left: 20px !important;}&#8220;]<div class=\"mkd-separator-holder clearfix  mkd-separator-center\">\n\t<div class=\"mkd-separator\" style=\"margin-top: 30px\"><\/div>\n<\/div>\n<div class=\"mkd-section-title-holder\">\n\t<h2 class=\"mkd-section-title mkd-section-title-medium\" style=\"text-align: center\">\n\t\tUnsere Veranstaltungen    <\/h2>\n<\/div><div class=\"mkd-section-subtitle-holder mkd-section-subtitle-center\" >\n\t<p style=\"text-align: center\" class=\"mkd-section-subtitle\">Besondere Dinner mit der ganzen Essenz des Bonsol<\/p>\n<\/div><div class=\"mkd-separator-with-icon-holder clearfix mkd-default-icon\" style=\"margin-top: 7px;margin-bottom: 18px\">\n\n\t<span class=\"mkd-separator-left\" ><\/span>\n\t\t\t<div class=\"mkd-default-icon-holder\" ><\/div>\n\t\t<span class=\"mkd-separator-right\" ><\/span>\n<\/div>[vc_empty_space height=&#8220;50px&#8220;][\/vc_column][\/vc_row][vc_row content_width=&#8220;grid&#8220; content_aligment=&#8220;center&#8220;][vc_column width=&#8220;1\/3&#8243;]<div class=\"mkd-iwt\">\n\t<div class=\"mkd-image-holder\">\n\t\t<img decoding=\"async\" width=\"1707\" height=\"2560\" src=\"https:\/\/www.hotelbonsol.es\/wp-content\/uploads\/2024\/07\/DSC03101-Enhanced-NR-scaled-e1721312238460.jpg\" class=\"attachment-full size-full\" alt=\"\" \/>\t<\/div>\n\t\t<div class=\"mkd-text-holder\">\n\t\t<div class=\"mkd-text-holder-inner\">\n\t\t\t<div class=\"mkd-separator-with-icon-holder clearfix mkd-default-icon\" >\n\n\t<span class=\"mkd-separator-left\" ><\/span>\n\t\t\t<div class=\"mkd-default-icon-holder\" ><\/div>\n\t\t<span class=\"mkd-separator-right\" ><\/span>\n<\/div>\t\t\t<p class=\"mkd-iwt-title\">\n\t\t\tGALA-DINNER\t\t<\/p>\n\t\t\t\t\t\t\t<p>\n\t\t\t\tJede Woche veranstaltet das Hotel Bon Sol sein traditionelles Galadinner, ein eleganter Abend, der ganz dem Genuss unserer G\u00e4ste gewidmet ist. Der Abend wird von Live-Musik begleitet und durch ein eigens f\u00fcr diesen Anlass zusammengestelltes Men\u00fc abgerundet \u2013 in einem stilvollen Ambiente mit Liebe zum Detail. Ein besonderer Moment, um gehobene K\u00fcche, aufmerksamen Service und den Charme eines einzigartigen Abends zu genie\u00dfen.\t\t\t<\/p>\n\t\t\t<\/div>\n<\/div>\n<\/div>[\/vc_column][vc_column width=&#8220;1\/3&#8243;]<div class=\"mkd-iwt\">\n\t<div class=\"mkd-image-holder\">\n\t\t<img decoding=\"async\" width=\"1707\" height=\"2560\" src=\"https:\/\/www.hotelbonsol.es\/wp-content\/uploads\/2024\/07\/IMG_2301-scaled-e1721309951374.jpg\" class=\"attachment-full size-full\" alt=\"\" \/>\t<\/div>\n\t\t<div class=\"mkd-text-holder\">\n\t\t<div class=\"mkd-text-holder-inner\">\n\t\t\t<div class=\"mkd-separator-with-icon-holder clearfix mkd-default-icon\" >\n\n\t<span class=\"mkd-separator-left\" ><\/span>\n\t\t\t<div class=\"mkd-default-icon-holder\" ><\/div>\n\t\t<span class=\"mkd-separator-right\" ><\/span>\n<\/div>\t\t\t<p class=\"mkd-iwt-title\">\n\t\t\tOSTEREIERSUCHE\t\t<\/p>\n\t\t\t\t\t\t\t<p>\n\t\t\t\tUm Ostern zu feiern, l\u00e4dt das Hotel Bon Sol Kinder ein, an seiner traditionellen Ostereiersuche teilzunehmen \u2013 einer Aktivit\u00e4t, die der ganzen Familie Freude bereitet. In einer sorgf\u00e4ltig vorbereiteten und festlichen Atmosph\u00e4re k\u00f6nnen die Kinder Ostereier suchen und einen Moment voller Spa\u00df und Freude erleben, wodurch diese Feier zu einem besonderen Erlebnis w\u00e4hrend ihres Aufenthalts wird.\t\t\t<\/p>\n\t\t\t<\/div>\n<\/div>\n<\/div>[\/vc_column][vc_column width=&#8220;1\/3&#8243;]<div class=\"mkd-iwt\">\n\t<div class=\"mkd-image-holder\">\n\t\t<img loading=\"lazy\" decoding=\"async\" width=\"2560\" height=\"1713\" src=\"https:\/\/www.hotelbonsol.es\/wp-content\/uploads\/2024\/07\/Monica-Matanza-35-scaled-e1721128775967.jpg\" class=\"attachment-full size-full\" alt=\"\" \/>\t<\/div>\n\t\t<div class=\"mkd-text-holder\">\n\t\t<div class=\"mkd-text-holder-inner\">\n\t\t\t<div class=\"mkd-separator-with-icon-holder clearfix mkd-default-icon\" >\n\n\t<span class=\"mkd-separator-left\" ><\/span>\n\t\t\t<div class=\"mkd-default-icon-holder\" ><\/div>\n\t\t<span class=\"mkd-separator-right\" ><\/span>\n<\/div>\t\t\t<p class=\"mkd-iwt-title\">\n\t\t\tSOMMERSONNENWENDE\t\t<\/p>\n\t\t\t\t\t\t\t<p>\n\t\t\t\tJedes Jahr feiert das Hotel Bon Sol die Ankunft des Sommers mit seinem speziellen Ereignis zum Sommersonnenwende, das von einem jeweils anderen Thema inspiriert ist und den Abend zu einem einzigartigen Erlebnis macht. Eine sorgf\u00e4ltig gestaltete Atmosph\u00e4re, Musik und ein spezielles Programm begleiten diese besondere Nacht, die von Eleganz und dem Geist der Sommersonnenwende gepr\u00e4gt ist.\t\t\t<\/p>\n\t\t\t<\/div>\n<\/div>\n<\/div>[\/vc_column][\/vc_row][vc_row content_width=&#8220;grid&#8220; content_aligment=&#8220;center&#8220;][vc_column width=&#8220;1\/3&#8243;][\/vc_column][vc_column width=&#8220;1\/3&#8243;]<div class=\"mkd-iwt\">\n\t<div class=\"mkd-image-holder\">\n\t\t<img loading=\"lazy\" decoding=\"async\" width=\"2560\" height=\"1707\" src=\"https:\/\/www.hotelbonsol.es\/wp-content\/uploads\/2021\/03\/San-valentin-scaled.jpg\" class=\"attachment-full size-full\" alt=\"\" srcset=\"https:\/\/www.hotelbonsol.es\/wp-content\/uploads\/2021\/03\/San-valentin-scaled.jpg 2560w, https:\/\/www.hotelbonsol.es\/wp-content\/uploads\/2021\/03\/San-valentin-600x400.jpg 600w, https:\/\/www.hotelbonsol.es\/wp-content\/uploads\/2021\/03\/San-valentin-1024x683.jpg 1024w, https:\/\/www.hotelbonsol.es\/wp-content\/uploads\/2021\/03\/San-valentin-768x512.jpg 768w, https:\/\/www.hotelbonsol.es\/wp-content\/uploads\/2021\/03\/San-valentin-1536x1024.jpg 1536w\" sizes=\"(max-width: 2560px) 100vw, 2560px\" \/>\t<\/div>\n\t\t<div class=\"mkd-text-holder\">\n\t\t<div class=\"mkd-text-holder-inner\">\n\t\t\t<div class=\"mkd-separator-with-icon-holder clearfix mkd-default-icon\" >\n\n\t<span class=\"mkd-separator-left\" ><\/span>\n\t\t\t<div class=\"mkd-default-icon-holder\" ><\/div>\n\t\t<span class=\"mkd-separator-right\" ><\/span>\n<\/div>\t\t\t<p class=\"mkd-iwt-title\">\n\t\t\tHALLOWEEN\t\t<\/p>\n\t\t\t\t\t\t\t<p>\n\t\t\t\tDie Halloween-Nacht verwandelt das Hotel Bon Sol in eine besondere Kulisse, in der Tradition und Fantasie aufeinandertreffen. Eine sorgf\u00e4ltig gestaltete Atmosph\u00e4re, \u00fcberraschende Details und ein Hauch von Geheimnis schaffen ein einzigartiges Erlebnis, das den G\u00e4sten erm\u00f6glicht, dieses besondere Datum w\u00e4hrend ihres Aufenthalts auf elegante und originelle Weise zu genie\u00dfen.\t\t\t<\/p>\n\t\t\t<\/div>\n<\/div>\n<\/div>[\/vc_column][vc_column width=&#8220;1\/3&#8243;][\/vc_column][\/vc_row][vc_row][vc_column][vc_empty_space height=&#8220;50px&#8220;][\/vc_column][\/vc_row]<\/p>\t\t\t\t\t\t<\/div>\n\t\t\t\t<\/div>\n\t\t\t\t\t<\/div>\n\t\t<\/div>\n\t\t\t\t\t<\/div>\n\t\t<\/section>\n\t\t\t\t<\/div>\n\t\t","protected":false},"excerpt":{"rendered":"<p>[vc_row content_aligment=&#8220;center&#8220; css=&#8220;.vc_custom_1597826673224{padding-top: 0px !important;padding-bottom: 10px !important;}&#8220;][vc_column][\/vc_column][\/vc_row][vc_row content_width=&#8220;grid&#8220; content_aligment=&#8220;center&#8220; css=&#8220;.vc_custom_1616485837042{padding-top: 0px !important;padding-right: 20px !important;padding-bottom: 10px !important;padding-left: 20px !important;}&#8220;][vc_column css=&#8220;.vc_custom_1616012672132{padding-right: 20px !important;padding-left: 20px !important;}&#8220;][vc_empty_space height=&#8220;50px&#8220;][\/vc_column][\/vc_row][vc_row content_width=&#8220;grid&#8220; content_aligment=&#8220;center&#8220;][vc_column width=&#8220;1\/3&#8243;][\/vc_column][vc_column width=&#8220;1\/3&#8243;][\/vc_column][vc_column width=&#8220;1\/3&#8243;][\/vc_column][\/vc_row][vc_row content_width=&#8220;grid&#8220; content_aligment=&#8220;center&#8220;][vc_column width=&#8220;1\/3&#8243;][\/vc_column][vc_column width=&#8220;1\/3&#8243;][\/vc_column][vc_column width=&#8220;1\/3&#8243;][\/vc_column][\/vc_row][vc_row][vc_column][vc_empty_space height=&#8220;50px&#8220;][\/vc_column][\/vc_row]<\/p>\n","protected":false},"author":2,"featured_media":0,"parent":0,"menu_order":0,"comment_status":"closed","ping_status":"closed","template":"full-width.php","meta":{"_monsterinsights_skip_tracking":false,"_monsterinsights_sitenote_active":false,"_monsterinsights_sitenote_note":"","_monsterinsights_sitenote_category":0,"footnotes":""},"_links":{"self":[{"href":"https:\/\/www.hotelbonsol.es\/de\/wp-json\/wp\/v2\/pages\/15358"}],"collection":[{"href":"https:\/\/www.hotelbonsol.es\/de\/wp-json\/wp\/v2\/pages"}],"about":[{"href":"https:\/\/www.hotelbonsol.es\/de\/wp-json\/wp\/v2\/types\/page"}],"author":[{"embeddable":true,"href":"https:\/\/www.hotelbonsol.es\/de\/wp-json\/wp\/v2\/users\/2"}],"replies":[{"embeddable":true,"href":"https:\/\/www.hotelbonsol.es\/de\/wp-json\/wp\/v2\/comments?post=15358"}],"version-history":[{"count":18,"href":"https:\/\/www.hotelbonsol.es\/de\/wp-json\/wp\/v2\/pages\/15358\/revisions"}],"predecessor-version":[{"id":15393,"href":"https:\/\/www.hotelbonsol.es\/de\/wp-json\/wp\/v2\/pages\/15358\/revisions\/15393"}],"wp:attachment":[{"href":"https:\/\/www.hotelbonsol.es\/de\/wp-json\/wp\/v2\/media?parent=15358"}],"curies":[{"name":"wp","href":"https:\/\/api.w.org\/{rel}","templated":true}]}}