{"id":13117,"date":"2017-01-11T13:25:45","date_gmt":"2017-01-11T13:25:45","guid":{"rendered":"https:\/\/www.hotelbonsol.es\/gastronomy\/"},"modified":"2022-01-26T12:09:33","modified_gmt":"2022-01-26T11:09:33","slug":"gastronomia","status":"publish","type":"page","link":"https:\/\/www.hotelbonsol.es\/es\/gastronomia\/","title":{"rendered":"Gastronom\u00eda"},"content":{"rendered":"<p>[vc_row css=\u00bb.vc_custom_1486121820841{background-color: #8e8190 !important;}\u00bb][vc_column]\n\t\t\t<!-- START Gastronomia I REVOLUTION SLIDER 6.1.1 --><p class=\"rs-p-wp-fix\"><\/p>\n\t\t\t<rs-module-wrap id=\"rev_slider_7_1_wrapper\" data-source=\"gallery\" style=\"background:transparent;padding:0;margin:0px auto;margin-top:0;margin-bottom:0;\">\n\t\t\t\t<rs-module id=\"rev_slider_7_1\" style=\"display:none;\" data-version=\"6.1.1\">\n\t\t\t\t\t<rs-slides>\n\t\t\t\t\t\t<rs-slide data-key=\"rs-16\" data-title=\"Slide\" data-anim=\"ei:d;eo:d;s:600;r:0;t:fade;sl:d;\" data-p1=\"1\" data-p2=\"3\">\n\t\t\t\t\t\t\t<img fetchpriority=\"high\" decoding=\"async\" src=\"\/\/www.hotelbonsol.es\/wp-content\/uploads\/2021\/04\/20070427_117-scaled.jpg\" width=\"2560\" height=\"1707\" data-parallax=\"10\" class=\"rev-slidebg\" data-no-retina>\n<!---->\t\t\t\t\t\t<\/rs-slide>\n\t\t\t\t\t<\/rs-slides>\n\t\t\t\t\t<rs-progress class=\"rs-bottom\" style=\"visibility: hidden !important;\"><\/rs-progress>\n\t\t\t\t<\/rs-module>\n\t\t\t\t<script type=\"text\/javascript\">\n\t\t\t\t\tsetREVStartSize({c: 'rev_slider_7_1',rl:[1240,1024,778,480],el:[560,400,300,250],gw:[1300,900,600,320],gh:[560,400,300,250],layout:'fullwidth',mh:\"0\"});\n\t\t\t\t\tvar\trevapi7,\n\t\t\t\t\t\ttpj;\n\t\t\t\t\tjQuery(function() {\n\t\t\t\t\t\ttpj = jQuery;\n\t\t\t\t\t\tif(tpj(\"#rev_slider_7_1\").revolution == undefined){\n\t\t\t\t\t\t\trevslider_showDoubleJqueryError(\"#rev_slider_7_1\");\n\t\t\t\t\t\t}else{\n\t\t\t\t\t\t\trevapi7 = tpj(\"#rev_slider_7_1\").show().revolution({\n\t\t\t\t\t\t\t\tjsFileLocation:\"\/\/www.hotelbonsol.es\/wp-content\/plugins\/revslider\/public\/assets\/js\/\",\n\t\t\t\t\t\t\t\tsliderLayout:\"fullwidth\",\n\t\t\t\t\t\t\t\tduration:3000,\n\t\t\t\t\t\t\t\tvisibilityLevels:\"1240,1024,778,480\",\n\t\t\t\t\t\t\t\tgridwidth:\"1300,900,600,320\",\n\t\t\t\t\t\t\t\tgridheight:\"560,400,300,250\",\n\t\t\t\t\t\t\t\tminHeight:\"\",\n\t\t\t\t\t\t\t\teditorheight:\"560,400,300,250\",\n\t\t\t\t\t\t\t\tresponsiveLevels:\"1240,1024,778,480\",\n\t\t\t\t\t\t\t\tdisableProgressBar:\"on\",\n\t\t\t\t\t\t\t\tnavigation: {\n\t\t\t\t\t\t\t\t\tonHoverStop:false\n\t\t\t\t\t\t\t\t},\n\t\t\t\t\t\t\t\tparallax: {\n\t\t\t\t\t\t\t\t\tlevels:[5,10,15,20,25,30,35,40,45,46,47,48,49,50,51,55],\n\t\t\t\t\t\t\t\t\ttype:\"mouse\"\n\t\t\t\t\t\t\t\t},\n\t\t\t\t\t\t\t\tfallbacks: {\n\t\t\t\t\t\t\t\t\tallowHTML5AutoPlayOnAndroid:true\n\t\t\t\t\t\t\t\t},\n\t\t\t\t\t\t\t});\n\t\t\t\t\t\t\trevapi7.bind(\"revolution.slide.onchange\",function (e) {\n\tjQuery(this).addClass('mkd-revslider-loaded');\n});\n\t\t\t\t\t\t}\n\t\t\t\t\t\t\n\t\t\t\t\t});\n\t\t\t\t<\/script>\n\t\t\t\t<script>\n\t\t\t\t\tvar htmlDivCss = unescape(\".mikado-number%20%7B%0A%20%20%20%20opacity%3A0%3B%0A%7D%0A%0A.mkd-revslider-loaded%20.mikado-number%20%7B%0A%20%20%20%20opacity%3A1%3B%0A%20%20%09-webkit-transition%3A%20opacity%201s%3B%0A%20%20%20%20transition%3A%20opacity%201s%3B%0A%7D\");\n\t\t\t\t\tvar htmlDiv = document.getElementById('rs-plugin-settings-inline-css');\n\t\t\t\t\tif(htmlDiv) {\n\t\t\t\t\t\thtmlDiv.innerHTML = htmlDiv.innerHTML + htmlDivCss;\n\t\t\t\t\t}else{\n\t\t\t\t\t\tvar htmlDiv = document.createElement('div');\n\t\t\t\t\t\thtmlDiv.innerHTML = '<style>' + htmlDivCss + '<\/style>';\n\t\t\t\t\t\tdocument.getElementsByTagName('head')[0].appendChild(htmlDiv.childNodes[0]);\n\t\t\t\t\t}\n\t\t\t\t<\/script>\n\t\t\t<\/rs-module-wrap>\n\t\t\t<!-- END REVOLUTION SLIDER -->\n[\/vc_column][\/vc_row][vc_row css_animation=\u00bbmkd-element-from-fade\u00bb content_width=\u00bbgrid\u00bb content_aligment=\u00bbcenter\u00bb css=\u00bb.vc_custom_1610975645376{padding-top: 115px !important;padding-bottom: 100px !important;}\u00bb][vc_column offset=\u00bbvc_col-lg-offset-0 vc_col-lg-12 vc_col-md-offset-0 vc_col-md-12&#8243;]<div class=\"mkd-section-title-holder\">\n\t<h2 class=\"mkd-section-title mkd-section-title-medium\" style=\"text-align: center\">\n\t\t\u00abun buen restaurante es aquel en el que el due\u00f1o cocina la comida, un restaurante excepcional es aquel en el que el due\u00f1o come.\u00bb    <\/h2>\n<\/div><div class=\"mkd-section-subtitle-holder mkd-section-subtitle-center\" style=\"width: 80%\">\n\t<p style=\"text-align: center\" class=\"mkd-section-subtitle\">Cita de un cliente de Hotel BonSol.<\/p>\n<\/div><div class=\"mkd-separator-with-icon-holder clearfix mkd-default-icon\" style=\"margin-top: 7px;margin-bottom: 18px\">\n\n\t<span class=\"mkd-separator-left\" ><\/span>\n\t\t\t<div class=\"mkd-default-icon-holder\" ><\/div>\n\t\t<span class=\"mkd-separator-right\" ><\/span>\n<\/div><div class=\"mkd-section-subtitle-holder mkd-section-subtitle-center\" style=\"width: 100%\">\n\t<p style=\"text-align: center\" class=\"mkd-section-subtitle\">La experiencia gastron\u00f3mica del BonSol es probablemente uno de los principales atractivos del hotel. Desde sus or\u00edgenes, el BonSol ha dado gran importancia a la restauraci\u00f3pn porque Don Antonio Xamena, el fundador del hotel, consideraba que comer era uno de los mayores placeres de la vida... El hotel era su residencia permanente y la de su familia (lo sigue siendo en la actualidad para el resto de la familia). Por lo tanto, al disfrutar de la mayor\u00eda de las comidas diarias del restaurante del hotel, la calidad y la frescura de los alimentos se pon\u00edan a prueba continuamente, prevaleciendo as\u00ed hasta hoy.<\/p>\n<\/div>[\/vc_column][\/vc_row][vc_row css_animation=\u00bbmkd-element-from-fade\u00bb content_width=\u00bbgrid\u00bb content_aligment=\u00bbcenter\u00bb css=\u00bb.vc_custom_1610708861786{padding-top: 40px !important;padding-bottom: 20px !important;background-position: center !important;background-repeat: no-repeat !important;background-size: cover !important;}\u00bb][vc_column offset=\u00bbvc_col-lg-offset-0 vc_col-lg-12 vc_col-md-offset-0 vc_col-md-12&#8243;]<div class=\"mkd-separator-holder clearfix  mkd-separator-center\">\n\t<div class=\"mkd-separator\" style=\"margin-top: 20px\"><\/div>\n<\/div>\n[vc_row_inner css_animation=\u00bbmkd-element-from-bottom\u00bb][vc_column_inner]<div class=\"mkd-section-title-holder\">\n\t<h2 class=\"mkd-section-title\" style=\"text-align: center\">\n\t\tRestaurante Winter-garden    <\/h2>\n<\/div><div class=\"mkd-separator-with-icon-holder clearfix mkd-default-icon\" style=\"margin-top: 7px;margin-bottom: 18px\">\n\n\t<span class=\"mkd-separator-left\" ><\/span>\n\t\t\t<div class=\"mkd-default-icon-holder\" ><\/div>\n\t\t<span class=\"mkd-separator-right\" ><\/span>\n<\/div>[vc_single_image image=\u00bb12104&#8243; img_size=\u00bblarge\u00bb alignment=\u00bbcenter\u00bb style=\u00bbvc_box_outline\u00bb onclick=\u00bblink_image\u00bb css_animation=\u00bbfadeIn\u00bb]<div class=\"mkd-separator-holder clearfix  mkd-separator-center\">\n\t<div class=\"mkd-separator\" style=\"margin-top: 20px\"><\/div>\n<\/div>\n<div class=\"mkd-section-subtitle-holder mkd-section-subtitle-center\" style=\"width: 100%\">\n\t<p style=\"text-align: center\" class=\"mkd-section-subtitle\">Todas las ma\u00f1anas les espera un completo desayuno buf\u00e9 ingl\u00e9s en este luminoso espacio con vistas a la terraza de la piscina climatizada... su ambiente es tan acogedor que le desea literalmente los buenos d\u00edas. Durante los meses de invierno y principios de primavera, tambi\u00e9n se sirve aqu\u00ed el almuerzo, y tanto si se organiza el servicio de mesa como el de buf\u00e9, este encantador lugar es de lo m\u00e1s agradable.<\/p>\n<\/div>[\/vc_column_inner][\/vc_row_inner][\/vc_column][\/vc_row][vc_row css_animation=\u00bbmkd-element-from-fade\u00bb content_width=\u00bbgrid\u00bb content_aligment=\u00bbcenter\u00bb css=\u00bb.vc_custom_1610708866837{padding-top: 40px !important;padding-bottom: 20px !important;background-position: center !important;background-repeat: no-repeat !important;background-size: cover !important;}\u00bb][vc_column offset=\u00bbvc_col-lg-offset-0 vc_col-lg-12 vc_col-md-offset-0 vc_col-md-12&#8243;]<div class=\"mkd-separator-holder clearfix  mkd-separator-center\">\n\t<div class=\"mkd-separator\" style=\"margin-top: 20px\"><\/div>\n<\/div>\n[vc_row_inner css_animation=\u00bbmkd-element-from-fade\u00bb][vc_column_inner]<div class=\"mkd-section-title-holder\">\n\t<h2 class=\"mkd-section-title\" style=\"text-align: center\">\n\t\tRestaurante Las Antorchas    <\/h2>\n<\/div><div class=\"mkd-separator-with-icon-holder clearfix mkd-default-icon\" style=\"margin-top: 7px;margin-bottom: 18px\">\n\n\t<span class=\"mkd-separator-left\" ><\/span>\n\t\t\t<div class=\"mkd-default-icon-holder\" ><\/div>\n\t\t<span class=\"mkd-separator-right\" ><\/span>\n<\/div>[vc_single_image image=\u00bb12101&#8243; img_size=\u00bblarge\u00bb alignment=\u00bbcenter\u00bb style=\u00bbvc_box_outline\u00bb onclick=\u00bblink_image\u00bb css_animation=\u00bbfadeIn\u00bb]<div class=\"mkd-separator-holder clearfix  mkd-separator-center\">\n\t<div class=\"mkd-separator\" style=\"margin-top: 20px\"><\/div>\n<\/div>\n<div class=\"mkd-section-subtitle-holder mkd-section-subtitle-center\" style=\"width: 100%\">\n\t<p style=\"text-align: center\" class=\"mkd-section-subtitle\">En este restaurante con aspecto de castillo, la cena ser\u00e1 toda una experiencia de ``vuelta al pasado``. El servicio de mesa por parte de nuestros expertos camareros con pajarita, en un ambiente elegante y aterciopelado, mientras se escuchan las notas del piano en directo, y se saborean los platos de nuestras dos ofertas de men\u00fa diario incluidas en nuestra media pensi\u00f3n (si no se ha disfrutado del almuerzo antes) y pensi\u00f3n completa, le transportar\u00e1n a ese glamour ``de la antigua escuela`` que nunca pasa de moda.<br \/>\nEl men\u00fa cl\u00e1sico de la noche incluye platos tradicionales locales, internacionales y vegetarianos listos para complacer los paladares de todos... Nuestro men\u00fa gourmet, en cambio, es una experiencia gastron\u00f3mica m\u00e1s sofisticada de cuatro platos creada personalmente por nuestro excelente chef interno, el Sr. Egea, dirigida a aquellos que van en busca de algo un poco m\u00e1s elaborado. Sea cual sea la elecci\u00f3n... el restaurante Las Antorchas no le dejar\u00e1 indiferente.<\/p>\n<\/div><div class=\"mkd-separator-holder clearfix  mkd-separator-center\">\n\t<div class=\"mkd-separator\" style=\"margin-top: 20px\"><\/div>\n<\/div>\n[\/vc_column_inner][\/vc_row_inner][\/vc_column][\/vc_row][vc_row css_animation=\u00bbmkd-element-from-fade\u00bb content_width=\u00bbgrid\u00bb content_aligment=\u00bbcenter\u00bb css=\u00bb.vc_custom_1610975749664{padding-top: 40px !important;padding-bottom: 20px !important;background-position: center !important;background-repeat: no-repeat !important;background-size: cover !important;}\u00bb][vc_column offset=\u00bbvc_col-lg-offset-0 vc_col-lg-12 vc_col-md-offset-0 vc_col-md-12&#8243;]<div class=\"mkd-separator-holder clearfix  mkd-separator-center\">\n\t<div class=\"mkd-separator\" style=\"margin-top: 20px\"><\/div>\n<\/div>\n[vc_row_inner css_animation=\u00bbmkd-element-from-fade\u00bb][vc_column_inner]<div class=\"mkd-section-title-holder\">\n\t<h2 class=\"mkd-section-title\" style=\"text-align: center\">\n\t\tRestaurante Cala Brugit    <\/h2>\n<\/div><div class=\"mkd-separator-with-icon-holder clearfix mkd-default-icon\" style=\"margin-top: 7px;margin-bottom: 18px\">\n\n\t<span class=\"mkd-separator-left\" ><\/span>\n\t\t\t<div class=\"mkd-default-icon-holder\" ><\/div>\n\t\t<span class=\"mkd-separator-right\" ><\/span>\n<\/div>[vc_single_image image=\u00bb12113&#8243; img_size=\u00bblarge\u00bb alignment=\u00bbcenter\u00bb style=\u00bbvc_box_outline\u00bb onclick=\u00bblink_image\u00bb css_animation=\u00bbfadeIn\u00bb]<div class=\"mkd-separator-holder clearfix  mkd-separator-center\">\n\t<div class=\"mkd-separator\" style=\"margin-top: 20px\"><\/div>\n<\/div>\n<div class=\"mkd-section-subtitle-holder mkd-section-subtitle-center\" style=\"width: 100%\">\n\t<p style=\"text-align: center\" class=\"mkd-section-subtitle\">Imagine un restaurante, con vistas a una preciosa cala, en el que se cena con el mar como banda sonora, todo esto delicadamente acompa\u00f1ado por los hermosos acordes de la guitarra de Pablo, probablemente cantando algo del estilo de Guantanamera... suena demasiado extraordinario para ser verdad, \u00bfverdad? Bueno... pues resulta que esta es la descripci\u00f3n m\u00e1s precisa que puede hacerse de nuestro encantador para\u00edso gastron\u00f3mico junto al mar. Como el espacio es limitado en esta paradis\u00edaca terraza, la cena aqu\u00ed debe reservarse previamente en recepci\u00f3n.<br \/>\nNo menos especiales son nuestro completo desayuno ingl\u00e9s junto al mar, ni nuestro generoso almuerzo buffet, todo ello servido diariamente durante los meses m\u00e1s c\u00e1lidos en este encantador restaurante.<\/p>\n<\/div>[\/vc_column_inner][\/vc_row_inner][\/vc_column][\/vc_row][vc_row css_animation=\u00bbmkd-element-from-fade\u00bb content_width=\u00bbgrid\u00bb content_aligment=\u00bbcenter\u00bb css=\u00bb.vc_custom_1610975870086{padding-top: 40px !important;padding-bottom: 20px !important;background-position: center !important;background-repeat: no-repeat !important;background-size: cover !important;}\u00bb][vc_column offset=\u00bbvc_col-lg-offset-0 vc_col-lg-12 vc_col-md-offset-0 vc_col-md-12&#8243;][vc_row_inner css_animation=\u00bbmkd-element-from-fade\u00bb][vc_column_inner css=\u00bb.vc_custom_1591862647459{padding-left: 30px !important;}\u00bb]<div class=\"mkd-section-title-holder\">\n\t<h2 class=\"mkd-section-title\" style=\"text-align: center\">\n\t\tPiano Bar    <\/h2>\n<\/div><div class=\"mkd-separator-with-icon-holder clearfix mkd-default-icon\" style=\"margin-top: 7px;margin-bottom: 18px\">\n\n\t<span class=\"mkd-separator-left\" ><\/span>\n\t\t\t<div class=\"mkd-default-icon-holder\" ><\/div>\n\t\t<span class=\"mkd-separator-right\" ><\/span>\n<\/div>[vc_single_image image=\u00bb12107&#8243; img_size=\u00bblarge\u00bb alignment=\u00bbcenter\u00bb style=\u00bbvc_box_outline\u00bb onclick=\u00bblink_image\u00bb css_animation=\u00bbfadeIn\u00bb]<div class=\"mkd-separator-holder clearfix  mkd-separator-center\">\n\t<div class=\"mkd-separator\" style=\"margin-top: 20px\"><\/div>\n<\/div>\n<div class=\"mkd-section-subtitle-holder mkd-section-subtitle-center\" style=\"width: 100%\">\n\t<p style=\"text-align: center\" class=\"mkd-section-subtitle\">D\u00e1ndole la bienvenida al vest\u00edbulo de la recepci\u00f3n, podr\u00e1 encontrar nuestro piano bar, con su hermosa y soleada terraza. Su glamuroso entorno de madera, acoge una variedad de entretenimiento nocturno diario para hacer su estancia m\u00e1s agradable y entretenida. Desde un colorido espect\u00e1culo de flamenco, hasta m\u00fasica jazz, pasando por m\u00fasica cubana o cl\u00e1sicos de discoteca... todo ello completado con nuestra selecci\u00f3n de c\u00f3cteles y bebidas listas para que las saboree, hacen del bar del BonSol una delicia para pasar el rato en cualquier momento del d\u00eda.<\/p>\n<\/div>[\/vc_column_inner][\/vc_row_inner][\/vc_column][\/vc_row][vc_row css_animation=\u00bbmkd-element-from-fade\u00bb content_width=\u00bbgrid\u00bb content_aligment=\u00bbcenter\u00bb css=\u00bb.vc_custom_1610975887175{padding-top: 40px !important;padding-bottom: 20px !important;background-position: center !important;background-repeat: no-repeat !important;background-size: cover !important;}\u00bb][vc_column offset=\u00bbvc_col-lg-offset-0 vc_col-lg-12 vc_col-md-offset-0 vc_col-md-12&#8243;]<div class=\"mkd-separator-holder clearfix  mkd-separator-center\">\n\t<div class=\"mkd-separator\" style=\"margin-top: 20px\"><\/div>\n<\/div>\n[vc_row_inner css_animation=\u00bbmkd-element-from-fade\u00bb][vc_column_inner]<div class=\"mkd-section-title-holder\">\n\t<h2 class=\"mkd-section-title\" style=\"text-align: center\">\n\t\tBar de la piscina    <\/h2>\n<\/div><div class=\"mkd-separator-with-icon-holder clearfix mkd-default-icon\" style=\"margin-top: 7px;margin-bottom: 18px\">\n\n\t<span class=\"mkd-separator-left\" ><\/span>\n\t\t\t<div class=\"mkd-default-icon-holder\" ><\/div>\n\t\t<span class=\"mkd-separator-right\" ><\/span>\n<\/div>[vc_single_image image=\u00bb12110&#8243; img_size=\u00bblarge\u00bb alignment=\u00bbcenter\u00bb style=\u00bbvc_box_outline\u00bb onclick=\u00bblink_image\u00bb css_animation=\u00bbfadeIn\u00bb]<div class=\"mkd-separator-holder clearfix  mkd-separator-center\">\n\t<div class=\"mkd-separator\" style=\"margin-top: 20px\"><\/div>\n<\/div>\n<div class=\"mkd-section-subtitle-holder mkd-section-subtitle-center\" style=\"width: 100%\">\n\t<p style=\"text-align: center\" class=\"mkd-section-subtitle\">Situado en nuestra hermosa terraza junto a la cascada de la piscina, se encuentra nuestro bar de la piscina, donde los refrescos, c\u00f3cteles y aperitivos est\u00e1n disponibles para usted en cualquier momento del d\u00eda para refrescarse en los maravillosos, luminosos y soleados d\u00edas del verano mallorqu\u00edn.<\/p>\n<\/div><div class=\"mkd-separator-holder clearfix  mkd-separator-center\">\n\t<div class=\"mkd-separator\" style=\"margin-top: 40px\"><\/div>\n<\/div>\n[\/vc_column_inner][\/vc_row_inner][\/vc_column][\/vc_row][vc_row][vc_column][\/vc_column][\/vc_row]<\/p>\n","protected":false},"excerpt":{"rendered":"<p>[vc_row css=\u00bb.vc_custom_1486121820841{background-color: #8e8190 !important;}\u00bb][vc_column][\/vc_column][\/vc_row][vc_row css_animation=\u00bbmkd-element-from-fade\u00bb content_width=\u00bbgrid\u00bb content_aligment=\u00bbcenter\u00bb css=\u00bb.vc_custom_1610975645376{padding-top: 115px !important;padding-bottom: 100px !important;}\u00bb][vc_column offset=\u00bbvc_col-lg-offset-0 vc_col-lg-12 vc_col-md-offset-0 vc_col-md-12&#8243;][\/vc_column][\/vc_row][vc_row css_animation=\u00bbmkd-element-from-fade\u00bb content_width=\u00bbgrid\u00bb content_aligment=\u00bbcenter\u00bb css=\u00bb.vc_custom_1610708861786{padding-top: 40px !important;padding-bottom: 20px !important;background-position: center !important;background-repeat: no-repeat !important;background-size: cover !important;}\u00bb][vc_column offset=\u00bbvc_col-lg-offset-0 vc_col-lg-12 vc_col-md-offset-0 vc_col-md-12&#8243;][vc_row_inner css_animation=\u00bbmkd-element-from-bottom\u00bb][vc_column_inner][vc_single_image image=\u00bb12104&#8243; img_size=\u00bblarge\u00bb alignment=\u00bbcenter\u00bb style=\u00bbvc_box_outline\u00bb onclick=\u00bblink_image\u00bb css_animation=\u00bbfadeIn\u00bb][\/vc_column_inner][\/vc_row_inner][\/vc_column][\/vc_row][vc_row css_animation=\u00bbmkd-element-from-fade\u00bb content_width=\u00bbgrid\u00bb content_aligment=\u00bbcenter\u00bb css=\u00bb.vc_custom_1610708866837{padding-top:&#8230;<\/p>\n","protected":false},"author":1,"featured_media":0,"parent":0,"menu_order":0,"comment_status":"closed","ping_status":"closed","template":"full-width.php","meta":{"_monsterinsights_skip_tracking":false,"_monsterinsights_sitenote_active":false,"_monsterinsights_sitenote_note":"","_monsterinsights_sitenote_category":0,"footnotes":""},"_links":{"self":[{"href":"https:\/\/www.hotelbonsol.es\/es\/wp-json\/wp\/v2\/pages\/13117"}],"collection":[{"href":"https:\/\/www.hotelbonsol.es\/es\/wp-json\/wp\/v2\/pages"}],"about":[{"href":"https:\/\/www.hotelbonsol.es\/es\/wp-json\/wp\/v2\/types\/page"}],"author":[{"embeddable":true,"href":"https:\/\/www.hotelbonsol.es\/es\/wp-json\/wp\/v2\/users\/1"}],"replies":[{"embeddable":true,"href":"https:\/\/www.hotelbonsol.es\/es\/wp-json\/wp\/v2\/comments?post=13117"}],"version-history":[{"count":6,"href":"https:\/\/www.hotelbonsol.es\/es\/wp-json\/wp\/v2\/pages\/13117\/revisions"}],"predecessor-version":[{"id":13142,"href":"https:\/\/www.hotelbonsol.es\/es\/wp-json\/wp\/v2\/pages\/13117\/revisions\/13142"}],"wp:attachment":[{"href":"https:\/\/www.hotelbonsol.es\/es\/wp-json\/wp\/v2\/media?parent=13117"}],"curies":[{"name":"wp","href":"https:\/\/api.w.org\/{rel}","templated":true}]}}