{"id":13119,"date":"2020-08-21T08:30:29","date_gmt":"2020-08-21T08:30:29","guid":{"rendered":"https:\/\/www.hotelbonsol.es\/spa\/"},"modified":"2022-01-26T12:13:16","modified_gmt":"2022-01-26T11:13:16","slug":"spa","status":"publish","type":"page","link":"https:\/\/www.hotelbonsol.es\/es\/spa\/","title":{"rendered":"Wellness"},"content":{"rendered":"<p>[vc_row css=\u00bb.vc_custom_1486121820841{background-color: #8e8190 !important;}\u00bb][vc_column]\n\t\t\t<!-- START Spa REVOLUTION SLIDER 6.1.1 --><p class=\"rs-p-wp-fix\"><\/p>\n\t\t\t<rs-module-wrap id=\"rev_slider_21_1_wrapper\" data-source=\"gallery\" style=\"background:transparent;padding:0;margin:0px auto;margin-top:0;margin-bottom:0;\">\n\t\t\t\t<rs-module id=\"rev_slider_21_1\" style=\"display:none;\" data-version=\"6.1.1\">\n\t\t\t\t\t<rs-slides>\n\t\t\t\t\t\t<rs-slide data-key=\"rs-43\" data-title=\"Slide\" data-anim=\"ei:d;eo:d;s:600;r:0;t:fade;sl:d;\" data-p1=\"1\" data-p2=\"3\">\n\t\t\t\t\t\t\t<img fetchpriority=\"high\" decoding=\"async\" src=\"\/\/hotelbonsol.es\/wp-content\/uploads\/2020\/08\/web_spa1.jpg\" width=\"1920\" height=\"1281\" data-parallax=\"10\" class=\"rev-slidebg\" data-no-retina>\n<!---->\t\t\t\t\t\t<\/rs-slide>\n\t\t\t\t\t<\/rs-slides>\n\t\t\t\t\t<rs-progress class=\"rs-bottom\" style=\"visibility: hidden !important;\"><\/rs-progress>\n\t\t\t\t<\/rs-module>\n\t\t\t\t<script type=\"text\/javascript\">\n\t\t\t\t\tsetREVStartSize({c: 'rev_slider_21_1',rl:[1240,1024,778,480],el:[560,400,300,250],gw:[1300,900,600,320],gh:[560,400,300,250],layout:'fullwidth',mh:\"0\"});\n\t\t\t\t\tvar\trevapi21,\n\t\t\t\t\t\ttpj;\n\t\t\t\t\tjQuery(function() {\n\t\t\t\t\t\ttpj = jQuery;\n\t\t\t\t\t\tif(tpj(\"#rev_slider_21_1\").revolution == undefined){\n\t\t\t\t\t\t\trevslider_showDoubleJqueryError(\"#rev_slider_21_1\");\n\t\t\t\t\t\t}else{\n\t\t\t\t\t\t\trevapi21 = tpj(\"#rev_slider_21_1\").show().revolution({\n\t\t\t\t\t\t\t\tjsFileLocation:\"\/\/www.hotelbonsol.es\/wp-content\/plugins\/revslider\/public\/assets\/js\/\",\n\t\t\t\t\t\t\t\tsliderLayout:\"fullwidth\",\n\t\t\t\t\t\t\t\tduration:3000,\n\t\t\t\t\t\t\t\tvisibilityLevels:\"1240,1024,778,480\",\n\t\t\t\t\t\t\t\tgridwidth:\"1300,900,600,320\",\n\t\t\t\t\t\t\t\tgridheight:\"560,400,300,250\",\n\t\t\t\t\t\t\t\tminHeight:\"\",\n\t\t\t\t\t\t\t\teditorheight:\"560,400,300,250\",\n\t\t\t\t\t\t\t\tresponsiveLevels:\"1240,1024,778,480\",\n\t\t\t\t\t\t\t\tdisableProgressBar:\"on\",\n\t\t\t\t\t\t\t\tnavigation: {\n\t\t\t\t\t\t\t\t\tonHoverStop:false\n\t\t\t\t\t\t\t\t},\n\t\t\t\t\t\t\t\tparallax: {\n\t\t\t\t\t\t\t\t\tlevels:[5,10,15,20,25,30,35,40,45,46,47,48,49,50,51,55],\n\t\t\t\t\t\t\t\t\ttype:\"mouse\"\n\t\t\t\t\t\t\t\t},\n\t\t\t\t\t\t\t\tfallbacks: {\n\t\t\t\t\t\t\t\t\tallowHTML5AutoPlayOnAndroid:true\n\t\t\t\t\t\t\t\t},\n\t\t\t\t\t\t\t});\n\t\t\t\t\t\t\trevapi21.bind(\"revolution.slide.onchange\",function (e) {\n\tjQuery(this).addClass('mkd-revslider-loaded');\n});\n\t\t\t\t\t\t}\n\t\t\t\t\t\t\n\t\t\t\t\t});\n\t\t\t\t<\/script>\n\t\t\t\t<script>\n\t\t\t\t\tvar htmlDivCss = unescape(\".mikado-number%20%7B%0A%20%20%20%20opacity%3A0%3B%0A%7D%0A%0A.mkd-revslider-loaded%20.mikado-number%20%7B%0A%20%20%20%20opacity%3A1%3B%0A%20%20%09-webkit-transition%3A%20opacity%201s%3B%0A%20%20%20%20transition%3A%20opacity%201s%3B%0A%7D\");\n\t\t\t\t\tvar htmlDiv = document.getElementById('rs-plugin-settings-inline-css');\n\t\t\t\t\tif(htmlDiv) {\n\t\t\t\t\t\thtmlDiv.innerHTML = htmlDiv.innerHTML + htmlDivCss;\n\t\t\t\t\t}else{\n\t\t\t\t\t\tvar htmlDiv = document.createElement('div');\n\t\t\t\t\t\thtmlDiv.innerHTML = '<style>' + htmlDivCss + '<\/style>';\n\t\t\t\t\t\tdocument.getElementsByTagName('head')[0].appendChild(htmlDiv.childNodes[0]);\n\t\t\t\t\t}\n\t\t\t\t<\/script>\n\t\t\t<\/rs-module-wrap>\n\t\t\t<!-- END REVOLUTION SLIDER -->\n[\/vc_column][\/vc_row][vc_row content_width=\u00bbgrid\u00bb content_aligment=\u00bbcenter\u00bb css=\u00bb.vc_custom_1598005337642{padding-top: 40px !important;padding-bottom: 20px !important;background-position: center !important;background-repeat: no-repeat !important;background-size: cover !important;}\u00bb][vc_column offset=\u00bbvc_col-lg-offset-0 vc_col-lg-12 vc_col-md-offset-0 vc_col-md-12&#8243;]<div class=\"mkd-separator-holder clearfix  mkd-separator-center\">\n\t<div class=\"mkd-separator\" style=\"margin-top: 20px\"><\/div>\n<\/div>\n[\/vc_column][\/vc_row][vc_row content_width=\u00bbgrid\u00bb][vc_column width=\u00bb1\/4&#8243;][\/vc_column][vc_column width=\u00bb1\/2&#8243;][vc_gallery interval=\u00bb3&#8243; images=\u00bb12128,12131,12134,12182,12185,12188,12210,12330,12513&#8243; img_size=\u00bblarge\u00bb][\/vc_column][vc_column width=\u00bb1\/4&#8243;][\/vc_column][\/vc_row][vc_row content_width=\u00bbgrid\u00bb][vc_column][vc_empty_space]<div class=\"mkd-section-title-holder\">\n\t<h2 class=\"mkd-section-title mkd-section-title-medium\" style=\"text-align: center\">\n\t\tNirvana SPA    <\/h2>\n<\/div><div class=\"mkd-separator-with-icon-holder clearfix mkd-default-icon\" style=\"margin-top: 7px;margin-bottom: 18px\">\n\n\t<span class=\"mkd-separator-left\" ><\/span>\n\t\t\t<div class=\"mkd-default-icon-holder\" ><\/div>\n\t\t<span class=\"mkd-separator-right\" ><\/span>\n<\/div><div class=\"mkd-section-subtitle-holder mkd-section-subtitle-center\" style=\"width: 100%\">\n\t<p style=\"text-align: center\" class=\"mkd-section-subtitle\">El SPA Nirvana, como la descripci\u00f3n de su nombre indica... ``es un lugar de perfecta paz y felicidad``, en el que uno puede recargarse y escapar del ritmo de vida acelerado que todos llevamos... Con una amplia gama de tratamientos,es el lugar perfecto para desconectar y dejarse mimar cuanto desee.<\/p>\n<\/div>[vc_empty_space]<div class=\"mkd-section-title-holder\">\n\t<h2 class=\"mkd-section-title mkd-section-title-medium\" style=\"text-align: center\">\n\t\tBienestar    <\/h2>\n<\/div><div class=\"mkd-separator-with-icon-holder clearfix mkd-default-icon\" style=\"margin-top: 7px;margin-bottom: 18px\">\n\n\t<span class=\"mkd-separator-left\" ><\/span>\n\t\t\t<div class=\"mkd-default-icon-holder\" ><\/div>\n\t\t<span class=\"mkd-separator-right\" ><\/span>\n<\/div><div class=\"mkd-section-subtitle-holder mkd-section-subtitle-center\" style=\"width: 100%\">\n\t<p style=\"text-align: center\" class=\"mkd-section-subtitle\">Recordando el ambiente de las termas de un palacio marroqu\u00ed, nuestro SPA h\u00famedo, que ofrece Sauna, sanarium, ba\u00f1o turco, 2 pediluvios, jacuzzi, piscina fr\u00eda y un acogedor sol\u00e1rium es el lugar ideal para relajarse, desintoxicarse, reforzar su sistema inmunol\u00f3gico y, en definitiva, disfrutar de las tan necesarias paz y tranquilidad.<\/p>\n<\/div>[vc_empty_space height=\u00bb42px\u00bb]<div class=\"mkd-section-title-holder\">\n\t<h2 class=\"mkd-section-title mkd-section-title-medium\" style=\"text-align: center\">\n\t\tYoga    <\/h2>\n<\/div><div class=\"mkd-separator-with-icon-holder clearfix mkd-default-icon\" style=\"margin-top: 7px;margin-bottom: 18px\">\n\n\t<span class=\"mkd-separator-left\" ><\/span>\n\t\t\t<div class=\"mkd-default-icon-holder\" ><\/div>\n\t\t<span class=\"mkd-separator-right\" ><\/span>\n<\/div><div class=\"mkd-section-subtitle-holder mkd-section-subtitle-center\" style=\"width: 100%\">\n\t<p style=\"text-align: center\" class=\"mkd-section-subtitle\">El Hotel BonSol ofrece diariamente clases de yoga con nuestros profesores residentes, invit\u00e1ndole no s\u00f3lo a cuidar el cuerpo, sino tambi\u00e9n la mente y el alma... Namast\u00e9.<\/p>\n<\/div>[vc_empty_space height=\u00bb60px\u00bb][vc_btn title=\u00bbSPA Menu\u00bb color=\u00bbchino\u00bb size=\u00bblg\u00bb align=\u00bbcenter\u00bb i_icon_fontawesome=\u00bbfas fa-file-alt\u00bb add_icon=\u00bbtrue\u00bb link=\u00bburl:https%3A%2F%2Fqr.hotelbonsol.es%2Fspa%2F%3Flang%3Den|target:_blank\u00bb][vc_empty_space]<div class=\"mkd-section-title-holder\">\n\t<h2 class=\"mkd-section-title mkd-section-title-small\" style=\"text-transform: none;text-align: left\">\n\t\tCONTACTA CON NUESTRO SPA    <\/h2>\n<\/div><div class=\"mkd-section-subtitle-holder mkd-section-subtitle-left\" style=\"width: 100%\">\n\t<p style=\"text-align: left\" class=\"mkd-section-subtitle\">Write to us, we will pleased to help you<\/p>\n<\/div>[vc_empty_space]\n<div class=\"wpcf7 no-js\" id=\"wpcf7-f8888-o1\" lang=\"en-US\" dir=\"ltr\">\n<div class=\"screen-reader-response\"><p role=\"status\" aria-live=\"polite\" aria-atomic=\"true\"><\/p> <ul><\/ul><\/div>\n<form action=\"\/es\/wp-json\/wp\/v2\/pages\/13119#wpcf7-f8888-o1\" method=\"post\" class=\"wpcf7-form init\" aria-label=\"Contact form\" novalidate=\"novalidate\" data-status=\"init\">\n<div style=\"display: none;\">\n<input type=\"hidden\" name=\"_wpcf7\" value=\"8888\" \/>\n<input type=\"hidden\" name=\"_wpcf7_version\" value=\"5.9.8\" \/>\n<input type=\"hidden\" name=\"_wpcf7_locale\" value=\"en_US\" \/>\n<input type=\"hidden\" name=\"_wpcf7_unit_tag\" value=\"wpcf7-f8888-o1\" \/>\n<input type=\"hidden\" name=\"_wpcf7_container_post\" value=\"0\" \/>\n<input type=\"hidden\" name=\"_wpcf7_posted_data_hash\" value=\"\" \/>\n<\/div>\n<div class=\"mkd-grid-row-small-gutter clearfix\">\n\t<div class=\"mkd-grid-col-6 mkd-smaller-gutter\">\n\t\t<p><span class=\"wpcf7-form-control-wrap\" data-name=\"your-name\"><input size=\"40\" maxlength=\"400\" class=\"wpcf7-form-control wpcf7-text\" aria-invalid=\"false\" placeholder=\"Name\" value=\"\" type=\"text\" name=\"your-name\" \/><\/span>\n\t\t<\/p>\n\t<\/div>\n\t<div class=\"mkd-grid-col-6 mkd-smaller-gutter\">\n\t\t<p><span class=\"wpcf7-form-control-wrap\" data-name=\"email-address\"><input size=\"40\" maxlength=\"400\" class=\"wpcf7-form-control wpcf7-email wpcf7-validates-as-required wpcf7-text wpcf7-validates-as-email\" aria-required=\"true\" aria-invalid=\"false\" placeholder=\"E-mail\" value=\"\" type=\"email\" name=\"email-address\" \/><\/span>\n\t\t<\/p>\n\t<\/div>\n<\/div>\n<div class=\"mkd-grid-row-small-gutter clearfix\" style=\"margin-bottom:14px;\">\n\t<div class=\"mkd-grid-col-12 mkd-smaller-gutter\">\n\t\t<p><span class=\"wpcf7-form-control-wrap\" data-name=\"your-message\"><textarea cols=\"40\" rows=\"6\" maxlength=\"2000\" class=\"wpcf7-form-control wpcf7-textarea\" aria-invalid=\"false\" placeholder=\"Question\" name=\"your-message\"><\/textarea><\/span>\n\t\t<\/p>\n\t<\/div>\n<\/div>\n<div class=\"mkd-grid-row-small-gutter clearfix\">\n\t<div class=\"mkd-grid-col-12 mkd-smaller-gutter\" style=\"text-align:center;\">\n\t\t<p><input class=\"wpcf7-form-control wpcf7-submit has-spinner vc_btn3 vc_btn3-color-chino vc_btn3-style-modern\" type=\"submit\" value=\"Submit\" \/>\n\t\t<\/p>\n\t<\/div>\n<\/div><div class=\"wpcf7-response-output\" aria-hidden=\"true\"><\/div>\n<\/form>\n<\/div>\n[vc_empty_space height=\u00bb80px\u00bb][\/vc_column][\/vc_row]<\/p>\n","protected":false},"excerpt":{"rendered":"<p>[vc_row css=\u00bb.vc_custom_1486121820841{background-color: #8e8190 !important;}\u00bb][vc_column][\/vc_column][\/vc_row][vc_row content_width=\u00bbgrid\u00bb content_aligment=\u00bbcenter\u00bb css=\u00bb.vc_custom_1598005337642{padding-top: 40px !important;padding-bottom: 20px !important;background-position: center !important;background-repeat: no-repeat !important;background-size: cover !important;}\u00bb][vc_column offset=\u00bbvc_col-lg-offset-0 vc_col-lg-12 vc_col-md-offset-0 vc_col-md-12&#8243;][\/vc_column][\/vc_row][vc_row content_width=\u00bbgrid\u00bb][vc_column width=\u00bb1\/4&#8243;][\/vc_column][vc_column width=\u00bb1\/2&#8243;][vc_gallery interval=\u00bb3&#8243; images=\u00bb12128,12131,12134,12182,12185,12188,12210,12330,12513&#8243; img_size=\u00bblarge\u00bb][\/vc_column][vc_column width=\u00bb1\/4&#8243;][\/vc_column][\/vc_row][vc_row content_width=\u00bbgrid\u00bb][vc_column][vc_empty_space][vc_empty_space][vc_empty_space height=\u00bb42px\u00bb][vc_empty_space height=\u00bb60px\u00bb][vc_btn title=\u00bbSPA Menu\u00bb color=\u00bbchino\u00bb size=\u00bblg\u00bb align=\u00bbcenter\u00bb i_icon_fontawesome=\u00bbfas fa-file-alt\u00bb add_icon=\u00bbtrue\u00bb link=\u00bburl:https%3A%2F%2Fqr.hotelbonsol.es%2Fspa%2F%3Flang%3Den|target:_blank\u00bb][vc_empty_space][vc_empty_space][vc_empty_space height=\u00bb80px\u00bb][\/vc_column][\/vc_row]<\/p>\n","protected":false},"author":1,"featured_media":0,"parent":0,"menu_order":0,"comment_status":"closed","ping_status":"closed","template":"full-width.php","meta":{"_monsterinsights_skip_tracking":false,"_monsterinsights_sitenote_active":false,"_monsterinsights_sitenote_note":"","_monsterinsights_sitenote_category":0,"footnotes":""},"_links":{"self":[{"href":"https:\/\/www.hotelbonsol.es\/es\/wp-json\/wp\/v2\/pages\/13119"}],"collection":[{"href":"https:\/\/www.hotelbonsol.es\/es\/wp-json\/wp\/v2\/pages"}],"about":[{"href":"https:\/\/www.hotelbonsol.es\/es\/wp-json\/wp\/v2\/types\/page"}],"author":[{"embeddable":true,"href":"https:\/\/www.hotelbonsol.es\/es\/wp-json\/wp\/v2\/users\/1"}],"replies":[{"embeddable":true,"href":"https:\/\/www.hotelbonsol.es\/es\/wp-json\/wp\/v2\/comments?post=13119"}],"version-history":[{"count":3,"href":"https:\/\/www.hotelbonsol.es\/es\/wp-json\/wp\/v2\/pages\/13119\/revisions"}],"predecessor-version":[{"id":13144,"href":"https:\/\/www.hotelbonsol.es\/es\/wp-json\/wp\/v2\/pages\/13119\/revisions\/13144"}],"wp:attachment":[{"href":"https:\/\/www.hotelbonsol.es\/es\/wp-json\/wp\/v2\/media?parent=13119"}],"curies":[{"name":"wp","href":"https:\/\/api.w.org\/{rel}","templated":true}]}}