{"id":13133,"date":"2016-05-23T10:58:34","date_gmt":"2016-05-23T10:58:34","guid":{"rendered":"https:\/\/www.hotelbonsol.es\/covid-19\/"},"modified":"2022-01-26T12:36:01","modified_gmt":"2022-01-26T11:36:01","slug":"covid-19","status":"publish","type":"page","link":"https:\/\/www.hotelbonsol.es\/es\/covid-19\/","title":{"rendered":"Covid 19"},"content":{"rendered":"<p>[vc_row content_width=\u00bbgrid\u00bb css=\u00bb.vc_custom_1597394184483{padding-top: 6px !important;padding-right: 0px !important;padding-bottom: 36px !important;padding-left: 0px !important;}\u00bb][vc_column][vc_column_text]Tenga la seguridad de que hemos pasado los \u00faltimos meses equipando el Hotel y preparando al equipo para que todo el mundo entienda la importancia de mantenernos seguros; no s\u00f3lo seguros, sino trabajando dentro del nuevo r\u00e9gimen para que podamos seguir ofreci\u00e9ndole la calidad de servicio, el cari\u00f1o, el cuidado y la atenci\u00f3n que usted espera. El Hotel Bon Sol siempre ha sido un entorno seguro e higi\u00e9nico, pero con las medidas reforzadas que se han puesto en marcha habremos hecho todo lo posible para garantizar que usted tenga una visita segura y relajante.<\/p>\n<p>Para ello, hemos llevado a cabo una exhaustiva evaluaci\u00f3n de riesgos y hemos puesto en marcha una pol\u00edtica de COVID-19. A continuaci\u00f3n se exponen todos los detalles de los nuevos procedimientos de seguridad y lo que puede esperar en su pr\u00f3xima visita al Hotel Bon Sol. Esta pol\u00edtica se actualizar\u00e1 continuamente a medida que la situaci\u00f3n vaya avanzando.<\/p>\n<div class=\"mkd-separator-holder clearfix  mkd-separator-center mkd-separator-normal\">\n\t<div class=\"mkd-separator\" style=\"margin-top: 20px\"><\/div>\n<\/div>\n\n<style type=\"text\/css\" id=\"eap-inline-style-13159\"> #sp-ea-13159 .spcollapsing{height: 0; overflow: hidden; transition-property: height; transition-duration: 500ms;}.sp-easy-accordion iframe{width: 100%;}#sp-ea-13159.sp-easy-accordion>.sp-ea-single.eap_inactive>.ea-header a{background-color: #bb0000 !important; color: #fff !important;}#sp-ea-13159.sp-easy-accordion>.sp-ea-single{\n\t\tmargin-bottom: 10px; border: 1px solid #e2e2e2; border-radius: 3px;\n\t}\n\t#sp-ea-13159.sp-easy-accordion>.sp-ea-single>.ea-header a .eap-title-icon{\n\t\tcolor: #444;\n\t\tfont-size: 20px;\n\t}\n\t#sp-ea-13159.sp-easy-accordion>.sp-ea-single>.ea-header a .eap-title-custom-icon{\n\t\tmax-width: 20px;\n\t}\n\t#sp-ea-13159.sp-easy-accordion>.sp-ea-single>.ea-header:hover a .eap-title-icon{color: #444;}\n\t#sp-ea-13159.sp-easy-accordion>.sp-ea-single.ea-expand>.ea-header a .eap-title-icon{color: #444;}\n\t#sp-ea-13159.sp-easy-accordion>.sp-ea-single>.ea-header a{padding: 15px 15px 15px 15px; color: #444; font-size: 20px; line-height: 30px; text-align: left; letter-spacing: 0; text-transform: none;}#sp-ea-13159.sp-easy-accordion>.sp-ea-single>.ea-header:hover a{color: #444;}#sp-ea-13159.sp-easy-accordion>.sp-ea-single.ea-expand>.ea-header a{color: #444;}#sp-ea-13159.sp-easy-accordion>.sp-ea-single>.sp-collapse>.ea-body{background: #fff; padding: 15px 15px 15px 15px; border-radius: 0 0 3px 3px; color: #444; font-size: 16px; text-align: left; letter-spacing: 0; line-height: 26px; animation-delay: 200ms; text-transform: none;}#sp-ea-13159.sp-easy-accordion>.sp-ea-single>.ea-header a .ea-expand-icon.fa{color: #444; font-size: 16px;}#sp-ea-13159.sp-easy-accordion>.sp-ea-single>.ea-header:hover a .ea-expand-icon.fa{color: #444;}#sp-ea-13159.sp-easy-accordion>.sp-ea-single.ea-expand>.ea-header a .ea-expand-icon.fa{color: #444;}#sp-ea-13159.sp-easy-accordion>.sp-ea-single>.ea-header a{background: #eee;}#sp-ea-13159.sp-easy-accordion>.sp-ea-single>.ea-header:hover a{background: #eee;}#sp-ea-13159.sp-easy-accordion>.sp-ea-single.ea-expand>.ea-header a{background: #eee;}#sp-ea-13159.sp-easy-accordion>.sp-ea-single>.ea-header a{padding-left:75px !important;}#sp-ea-13159.sp-easy-accordion>.sp-ea-single>.ea-header a .ea-expand-icon{border-radius: 3px 0 0 3px;}#sp-ea-13159.sp-easy-accordion>.sp-ea-single.ea-expand>.ea-header a .ea-expand-icon{border-radius: 3px 0 0 0;}<\/style><div id=\"sp-ea-13159\" class=\"sp-ea-eight ea-icon-style-three sp-easy-accordion\" data-ex-icon=\"fa-minus\" data-col-icon=\"fa-plus\"  data-ea-active=\"ea-click\"  data-ea-mode=\"vertical\" data-ea-coll=\"\" data-autoclose=\"\" data-preloader=\"\" data-autoplaytime=\"3000\"><div class=\"ea-card   sp-ea-single\"><h3 class=\"ea-header\"><a class=\"collapsed\" data-sptoggle=\"spcollapse\" data-sptarget=\"#collapse131590\" href=\"javascript:void(0)\"><i class=\"ea-expand-icon fa fa-plus\"><\/i>  PROPORCIONAR UN ENTORNO SEGURO<\/a><\/h3><div class=\"sp-collapse spcollapse spcollapse \" id=\"collapse131590\" data-parent=\"#sp-ea-13159\"><div class=\"ea-body animated fadeIn\"> <div  class=\"mkd-icon-list-item mkd-icon-list-item-headings-font-family\">\n<div class=\"mkd-icon-list-icon-holder\">\n<div class=\"mkd-icon-list-icon-holder-inner clearfix\">\n\t\t\t<i class=\"mkd-icon-font-awesome fa icon_check \" style=\"font-size:18px\" ><\/i>\t\t<\/div><\/div>\n<p class=\"mkd-icon-list-text\" style=\"font-size:16px\" > Hemos llevado a cabo una exhaustiva evaluaci\u00f3n de riesgos de Covid-19 que incluye una formaci\u00f3n intensiva del equipo del Bon Sol.<\/p>\n<\/div>\n<div  class=\"mkd-icon-list-item mkd-icon-list-item-headings-font-family\">\n<div class=\"mkd-icon-list-icon-holder\">\n<div class=\"mkd-icon-list-icon-holder-inner clearfix\">\n\t\t\t<i class=\"mkd-icon-font-awesome fa icon_check \" style=\"font-size:18px\" ><\/i>\t\t<\/div><\/div>\n<p class=\"mkd-icon-list-text\" style=\"font-size:16px\" > Todos los hu\u00e9spedes, el personal y los visitantes del hotel rellenar\u00e1n formularios de declaraci\u00f3n de salud.<\/p>\n<\/div>\n <\/div><\/div><\/div><div class=\"ea-card   sp-ea-single\"><h3 class=\"ea-header\"><a class=\"collapsed\" data-sptoggle=\"spcollapse\" data-sptarget=\"#collapse131591\" href=\"javascript:void(0)\"><i class=\"ea-expand-icon fa fa-plus\"><\/i>  UNA C\u00c1LIDA BIENVENIDA Y DESPLAZAMIENTO POR EL HOTEL<\/a><\/h3><div class=\"sp-collapse spcollapse spcollapse \" id=\"collapse131591\" data-parent=\"#sp-ea-13159\"><div class=\"ea-body animated fadeIn\"> <div  class=\"mkd-icon-list-item mkd-icon-list-item-headings-font-family\">\n<div class=\"mkd-icon-list-icon-holder\">\n<div class=\"mkd-icon-list-icon-holder-inner clearfix\">\n\t\t\t<i class=\"mkd-icon-font-awesome fa icon_check \" style=\"font-size:18px\" ><\/i>\t\t<\/div><\/div>\n<p class=\"mkd-icon-list-text\" style=\"font-size:16px\" > Durante este periodo, los hu\u00e9spedes deber\u00e1n aparcar sus propios veh\u00edculos.<\/p>\n<\/div>\n<div  class=\"mkd-icon-list-item mkd-icon-list-item-headings-font-family\">\n<div class=\"mkd-icon-list-icon-holder\">\n<div class=\"mkd-icon-list-icon-holder-inner clearfix\">\n\t\t\t<i class=\"mkd-icon-font-awesome fa icon_check \" style=\"font-size:18px\" ><\/i>\t\t<\/div><\/div>\n<p class=\"mkd-icon-list-text\" style=\"font-size:16px\" > Cuando utilice el ascensor, si hay otras personas esperando aparte de su familia, le rogamos que respete el distanciamiento social y espere al siguiente ascensor. Alternativamente, tome las escaleras siempre que sea posible.<\/p>\n<\/div>\n<div  class=\"mkd-icon-list-item mkd-icon-list-item-headings-font-family\">\n<div class=\"mkd-icon-list-icon-holder\">\n<div class=\"mkd-icon-list-icon-holder-inner clearfix\">\n\t\t\t<i class=\"mkd-icon-font-awesome fa icon_check \" style=\"font-size:18px\" ><\/i>\t\t<\/div><\/div>\n<p class=\"mkd-icon-list-text\" style=\"font-size:16px\" > El aire del interior de nuestro establecimiento est\u00e1 dotado de un sistema de filtrado, renovaci\u00f3n y suministro de aire exterior, que garantiza un aire limpio y saludable en todo momento. Utilizamos medidores de CO2 para su control.<\/p>\n<\/div>\n <\/div><\/div><\/div><div class=\"ea-card   sp-ea-single\"><h3 class=\"ea-header\"><a class=\"collapsed\" data-sptoggle=\"spcollapse\" data-sptarget=\"#collapse131592\" href=\"javascript:void(0)\"><i class=\"ea-expand-icon fa fa-plus\"><\/i>  PPE<\/a><\/h3><div class=\"sp-collapse spcollapse spcollapse \" id=\"collapse131592\" data-parent=\"#sp-ea-13159\"><div class=\"ea-body animated fadeIn\"> <div  class=\"mkd-icon-list-item mkd-icon-list-item-headings-font-family\">\n<div class=\"mkd-icon-list-icon-holder\">\n<div class=\"mkd-icon-list-icon-holder-inner clearfix\">\n\t\t\t<i class=\"mkd-icon-font-awesome fa icon_check \" style=\"font-size:18px\" ><\/i>\t\t<\/div><\/div>\n<p class=\"mkd-icon-list-text\" style=\"font-size:16px\" > Es obligatorio que el personal y los hu\u00e9spedes lleven m\u00e1scaras faciales cuando se desplacen por el Hotel. S\u00f3lo pueden quitarse en la playa, en la piscina, mientras toman el sol o nadan, beben o comen. Si se abandona el asiento para visitar un lugar diferente dentro del hotel, es obligatorio llevar las mascarillas. Las m\u00e1scaras ser\u00e1n proporcionadas por el Hotel.<\/p>\n<\/div>\n<div  class=\"mkd-icon-list-item mkd-icon-list-item-headings-font-family\">\n<div class=\"mkd-icon-list-icon-holder\">\n<div class=\"mkd-icon-list-icon-holder-inner clearfix\">\n\t\t\t<i class=\"mkd-icon-font-awesome fa icon_check \" style=\"font-size:18px\" ><\/i>\t\t<\/div><\/div>\n<p class=\"mkd-icon-list-text\" style=\"font-size:16px\" > Se han instalado pantallas de protecci\u00f3n en algunas zonas del Hotel.<\/p>\n<\/div>\n <\/div><\/div><\/div><div class=\"ea-card   sp-ea-single\"><h3 class=\"ea-header\"><a class=\"collapsed\" data-sptoggle=\"spcollapse\" data-sptarget=\"#collapse131593\" href=\"javascript:void(0)\"><i class=\"ea-expand-icon fa fa-plus\"><\/i>  SU REFUGIO SEGURO<\/a><\/h3><div class=\"sp-collapse spcollapse spcollapse \" id=\"collapse131593\" data-parent=\"#sp-ea-13159\"><div class=\"ea-body animated fadeIn\"> <div  class=\"mkd-icon-list-item mkd-icon-list-item-headings-font-family\">\n<div class=\"mkd-icon-list-icon-holder\">\n<div class=\"mkd-icon-list-icon-holder-inner clearfix\">\n\t\t\t<i class=\"mkd-icon-font-awesome fa icon_check \" style=\"font-size:18px\" ><\/i>\t\t<\/div><\/div>\n<p class=\"mkd-icon-list-text\" style=\"font-size:16px\" > Las habitaciones se limpian en profundidad y se desinfectan antes de su llegada, prestando especial atenci\u00f3n a los puntos de contacto y a todas las superficies.<\/p>\n<\/div>\n<div  class=\"mkd-icon-list-item mkd-icon-list-item-headings-font-family\">\n<div class=\"mkd-icon-list-icon-holder\">\n<div class=\"mkd-icon-list-icon-holder-inner clearfix\">\n\t\t\t<i class=\"mkd-icon-font-awesome fa icon_check \" style=\"font-size:18px\" ><\/i>\t\t<\/div><\/div>\n<p class=\"mkd-icon-list-text\" style=\"font-size:16px\" > Para mantener la seguridad de los hu\u00e9spedes y del personal, no entraremos en las habitaciones para atenderlas hasta que usted las abandone por el d\u00eda, o en caso de servicio de habitaciones.<\/p>\n<\/div>\n<div  class=\"mkd-icon-list-item mkd-icon-list-item-headings-font-family\">\n<div class=\"mkd-icon-list-icon-holder\">\n<div class=\"mkd-icon-list-icon-holder-inner clearfix\">\n\t\t\t<i class=\"mkd-icon-font-awesome fa icon_check \" style=\"font-size:18px\" ><\/i>\t\t<\/div><\/div>\n<p class=\"mkd-icon-list-text\" style=\"font-size:16px\" > El minibar s\u00f3lo se abastecer\u00e1 y se facturar\u00e1 si se solicita.<\/p>\n<\/div>\n <\/div><\/div><\/div><div class=\"ea-card   sp-ea-single\"><h3 class=\"ea-header\"><a class=\"collapsed\" data-sptoggle=\"spcollapse\" data-sptarget=\"#collapse131594\" href=\"javascript:void(0)\"><i class=\"ea-expand-icon fa fa-plus\"><\/i>  MEJORA DE LA LIMPIEZA Y LA DESINFECCI\u00d3N<\/a><\/h3><div class=\"sp-collapse spcollapse spcollapse \" id=\"collapse131594\" data-parent=\"#sp-ea-13159\"><div class=\"ea-body animated fadeIn\"> <div  class=\"mkd-icon-list-item mkd-icon-list-item-headings-font-family\">\n<div class=\"mkd-icon-list-icon-holder\">\n<div class=\"mkd-icon-list-icon-holder-inner clearfix\">\n\t\t\t<i class=\"mkd-icon-font-awesome fa icon_check \" style=\"font-size:18px\" ><\/i>\t\t<\/div><\/div>\n<p class=\"mkd-icon-list-text\" style=\"font-size:16px\" > El equipo del BonSol ha sido formado y equipado adecuadamente, y est\u00e1 preparado para hacer el esfuerzo adicional que la situaci\u00f3n requiere, para mantener el hotel limpio y segur.<\/p>\n<\/div>\n<div  class=\"mkd-icon-list-item mkd-icon-list-item-headings-font-family\">\n<div class=\"mkd-icon-list-icon-holder\">\n<div class=\"mkd-icon-list-icon-holder-inner clearfix\">\n\t\t\t<i class=\"mkd-icon-font-awesome fa icon_check \" style=\"font-size:18px\" ><\/i>\t\t<\/div><\/div>\n<p class=\"mkd-icon-list-text\" style=\"font-size:16px\" > Los clientes y el personal dispondr\u00e1n de estaciones de desinfecci\u00f3n de manos situadas por todo el hotel.<\/p>\n<\/div>\n<div  class=\"mkd-icon-list-item mkd-icon-list-item-headings-font-family\">\n<div class=\"mkd-icon-list-icon-holder\">\n<div class=\"mkd-icon-list-icon-holder-inner clearfix\">\n\t\t\t<i class=\"mkd-icon-font-awesome fa icon_check \" style=\"font-size:18px\" ><\/i>\t\t<\/div><\/div>\n<p class=\"mkd-icon-list-text\" style=\"font-size:16px\" > Las llaves de las habitaciones se desinfectar\u00e1n antes y despu\u00e9s de su uso.<\/p>\n<\/div>\n<div  class=\"mkd-icon-list-item mkd-icon-list-item-headings-font-family\">\n<div class=\"mkd-icon-list-icon-holder\">\n<div class=\"mkd-icon-list-icon-holder-inner clearfix\">\n\t\t\t<i class=\"mkd-icon-font-awesome fa icon_check \" style=\"font-size:18px\" ><\/i>\t\t<\/div><\/div>\n<p class=\"mkd-icon-list-text\" style=\"font-size:16px\" > Los objetos sueltos que no se pod\u00edan limpiar se han retirado. Si desea leer algo de la Biblioteca, sepa que todos los libros han sido desinfectados. Despu\u00e9s de leerlos, vuelva a la recepci\u00f3n para que puedan ser desinfectados de nuevo.<\/p>\n<\/div>\n<div  class=\"mkd-icon-list-item mkd-icon-list-item-headings-font-family\">\n<div class=\"mkd-icon-list-icon-holder\">\n<div class=\"mkd-icon-list-icon-holder-inner clearfix\">\n\t\t\t<i class=\"mkd-icon-font-awesome fa icon_check \" style=\"font-size:18px\" ><\/i>\t\t<\/div><\/div>\n<p class=\"mkd-icon-list-text\" style=\"font-size:16px\" > Nuestros programas de lavado en la lavander\u00eda cumplen con las normas de desinfecci\u00f3n t\u00e9rmica del sector. <\/p>\n<\/div>\n<div  class=\"mkd-icon-list-item mkd-icon-list-item-headings-font-family\">\n<div class=\"mkd-icon-list-icon-holder\">\n<div class=\"mkd-icon-list-icon-holder-inner clearfix\">\n\t\t\t<i class=\"mkd-icon-font-awesome fa icon_check \" style=\"font-size:18px\" ><\/i>\t\t<\/div><\/div>\n<p class=\"mkd-icon-list-text\" style=\"font-size:16px\" > Peri\u00f3dicos: Vamos a ofrecer los peri\u00f3dicos en l\u00ednea. No obstante, si desea pedir un ejemplar tradicional, notif\u00edquelo a la recepci\u00f3n con un d\u00eda de antelaci\u00f3n se le facilitar\u00e1.<\/p>\n<\/div>\n <\/div><\/div><\/div><div class=\"ea-card   sp-ea-single\"><h3 class=\"ea-header\"><a class=\"collapsed\" data-sptoggle=\"spcollapse\" data-sptarget=\"#collapse131595\" href=\"javascript:void(0)\"><i class=\"ea-expand-icon fa fa-plus\"><\/i>  MANTENERSE ACTIVO<\/a><\/h3><div class=\"sp-collapse spcollapse spcollapse \" id=\"collapse131595\" data-parent=\"#sp-ea-13159\"><div class=\"ea-body animated fadeIn\"> <div  class=\"mkd-icon-list-item mkd-icon-list-item-headings-font-family\">\n<div class=\"mkd-icon-list-icon-holder\">\n<div class=\"mkd-icon-list-icon-holder-inner clearfix\">\n\t\t\t<i class=\"mkd-icon-font-awesome fa icon_check \" style=\"font-size:18px\" ><\/i>\t\t<\/div><\/div>\n<p class=\"mkd-icon-list-text\" style=\"font-size:16px\" > Todas las piscinas e instalaciones deportivas del Hotel estar\u00e1n abiertas, a excepci\u00f3n del ba\u00f1o turco, que debe permanecer cerrado en este momento.<\/p>\n<\/div>\n<div  class=\"mkd-icon-list-item mkd-icon-list-item-headings-font-family\">\n<div class=\"mkd-icon-list-icon-holder\">\n<div class=\"mkd-icon-list-icon-holder-inner clearfix\">\n\t\t\t<i class=\"mkd-icon-font-awesome fa icon_check \" style=\"font-size:18px\" ><\/i>\t\t<\/div><\/div>\n<p class=\"mkd-icon-list-text\" style=\"font-size:16px\" > El gimnasio funcionar\u00e1 con reserva previa a trav\u00e9s de la recepci\u00f3n.<\/p>\n<\/div>\n<div  class=\"mkd-icon-list-item mkd-icon-list-item-headings-font-family\">\n<div class=\"mkd-icon-list-icon-holder\">\n<div class=\"mkd-icon-list-icon-holder-inner clearfix\">\n\t\t\t<i class=\"mkd-icon-font-awesome fa icon_check \" style=\"font-size:18px\" ><\/i>\t\t<\/div><\/div>\n<p class=\"mkd-icon-list-text\" style=\"font-size:16px\" > Dos saunas y un jacuzzi permanecer\u00e1n abiertos en el Spa.<\/p>\n<\/div>\n<div  class=\"mkd-icon-list-item mkd-icon-list-item-headings-font-family\">\n<div class=\"mkd-icon-list-icon-holder\">\n<div class=\"mkd-icon-list-icon-holder-inner clearfix\">\n\t\t\t<i class=\"mkd-icon-font-awesome fa icon_check \" style=\"font-size:18px\" ><\/i>\t\t<\/div><\/div>\n<p class=\"mkd-icon-list-text\" style=\"font-size:16px\" > Las clases de yoga se ver\u00e1n reducidas a una por d\u00eda, pero esto estar\u00e1 sujeto a cambios seg\u00fan la demanda.<\/p>\n<\/div>\n <\/div><\/div><\/div><div class=\"ea-card   sp-ea-single\"><h3 class=\"ea-header\"><a class=\"collapsed\" data-sptoggle=\"spcollapse\" data-sptarget=\"#collapse131596\" href=\"javascript:void(0)\"><i class=\"ea-expand-icon fa fa-plus\"><\/i>  EL SPA <\/a><\/h3><div class=\"sp-collapse spcollapse spcollapse \" id=\"collapse131596\" data-parent=\"#sp-ea-13159\"><div class=\"ea-body animated fadeIn\"> <div  class=\"mkd-icon-list-item mkd-icon-list-item-headings-font-family\">\n<div class=\"mkd-icon-list-icon-holder\">\n<div class=\"mkd-icon-list-icon-holder-inner clearfix\">\n\t\t\t<i class=\"mkd-icon-font-awesome fa icon_check \" style=\"font-size:18px\" ><\/i>\t\t<\/div><\/div>\n<p class=\"mkd-icon-list-text\" style=\"font-size:16px\" > Las instalaciones del spa estar\u00e1n abiertas y los tratamientos se ofrecer\u00e1n con previa reserva directamente en el spa o en la recepci\u00f3n.<\/p>\n<\/div>\n<div  class=\"mkd-icon-list-item mkd-icon-list-item-headings-font-family\">\n<div class=\"mkd-icon-list-icon-holder\">\n<div class=\"mkd-icon-list-icon-holder-inner clearfix\">\n\t\t\t<i class=\"mkd-icon-font-awesome fa icon_check \" style=\"font-size:18px\" ><\/i>\t\t<\/div><\/div>\n<p class=\"mkd-icon-list-text\" style=\"font-size:16px\" > No podemos ofrecer tratamientos faciales en este momento; sin embargo, hay disponibles lujosos tratamientos de manos, pies y cuerpo.<\/p>\n<\/div>\n<div  class=\"mkd-icon-list-item mkd-icon-list-item-headings-font-family\">\n<div class=\"mkd-icon-list-icon-holder\">\n<div class=\"mkd-icon-list-icon-holder-inner clearfix\">\n\t\t\t<i class=\"mkd-icon-font-awesome fa icon_check \" style=\"font-size:18px\" ><\/i>\t\t<\/div><\/div>\n<p class=\"mkd-icon-list-text\" style=\"font-size:16px\" > Los terapeutas dispondr\u00e1n del EPI adecuado para realizar los tratamientos de forma segura.<\/p>\n<\/div>\n<div  class=\"mkd-icon-list-item mkd-icon-list-item-headings-font-family\">\n<div class=\"mkd-icon-list-icon-holder\">\n<div class=\"mkd-icon-list-icon-holder-inner clearfix\">\n\t\t\t<i class=\"mkd-icon-font-awesome fa icon_check \" style=\"font-size:18px\" ><\/i>\t\t<\/div><\/div>\n<p class=\"mkd-icon-list-text\" style=\"font-size:16px\" > Los terapeutas y los clientes deber\u00e1n desinfectarse las manos antes y despu\u00e9s del tratamiento.<\/p>\n<\/div>\n<div  class=\"mkd-icon-list-item mkd-icon-list-item-headings-font-family\">\n<div class=\"mkd-icon-list-icon-holder\">\n<div class=\"mkd-icon-list-icon-holder-inner clearfix\">\n\t\t\t<i class=\"mkd-icon-font-awesome fa icon_check \" style=\"font-size:18px\" ><\/i>\t\t<\/div><\/div>\n<p class=\"mkd-icon-list-text\" style=\"font-size:16px\" > Como es habitual, las instalaciones del Spa se limpiar\u00e1n a fondo antes y despu\u00e9s de cada cliente, y se desinfectar\u00e1n regularmente durante el d\u00eda y la noche.<\/p>\n<\/div>\n <\/div><\/div><\/div><div class=\"ea-card   sp-ea-single\"><h3 class=\"ea-header\"><a class=\"collapsed\" data-sptoggle=\"spcollapse\" data-sptarget=\"#collapse131597\" href=\"javascript:void(0)\"><i class=\"ea-expand-icon fa fa-plus\"><\/i>  COMEDOR<\/a><\/h3><div class=\"sp-collapse spcollapse spcollapse \" id=\"collapse131597\" data-parent=\"#sp-ea-13159\"><div class=\"ea-body animated fadeIn\"> <div  class=\"mkd-icon-list-item mkd-icon-list-item-headings-font-family\">\n<div class=\"mkd-icon-list-icon-holder\">\n<div class=\"mkd-icon-list-icon-holder-inner clearfix\">\n\t\t\t<i class=\"mkd-icon-font-awesome fa icon_check \" style=\"font-size:18px\" ><\/i>\t\t<\/div><\/div>\n<p class=\"mkd-icon-list-text\" style=\"font-size:16px\" > El buffet de desayuno Bon Sol estar\u00e1 abierto en los restaurantes Winter Garden y Cala Brugit. Ser\u00e1 un servicio asistido por camareros.<\/p>\n<\/div>\n<div  class=\"mkd-icon-list-item mkd-icon-list-item-headings-font-family\">\n<div class=\"mkd-icon-list-icon-holder\">\n<div class=\"mkd-icon-list-icon-holder-inner clearfix\">\n\t\t\t<i class=\"mkd-icon-font-awesome fa icon_check \" style=\"font-size:18px\" ><\/i>\t\t<\/div><\/div>\n<p class=\"mkd-icon-list-text\" style=\"font-size:16px\" > El almuerzo en el restaurante de la playa tambi\u00e9n ser\u00e1 asistido por camareros.<\/p>\n<\/div>\n<div  class=\"mkd-icon-list-item mkd-icon-list-item-headings-font-family\">\n<div class=\"mkd-icon-list-icon-holder\">\n<div class=\"mkd-icon-list-icon-holder-inner clearfix\">\n\t\t\t<i class=\"mkd-icon-font-awesome fa icon_check \" style=\"font-size:18px\" ><\/i>\t\t<\/div><\/div>\n<p class=\"mkd-icon-list-text\" style=\"font-size:16px\" > La cena se servir\u00e1 en nuestro restaurante Las Antorchas y en el restaurante de la playa con nuestro servicio normal a la carta.<\/p>\n<\/div>\n<div  class=\"mkd-icon-list-item mkd-icon-list-item-headings-font-family\">\n<div class=\"mkd-icon-list-icon-holder\">\n<div class=\"mkd-icon-list-icon-holder-inner clearfix\">\n\t\t\t<i class=\"mkd-icon-font-awesome fa icon_check \" style=\"font-size:18px\" ><\/i>\t\t<\/div><\/div>\n<p class=\"mkd-icon-list-text\" style=\"font-size:16px\" > Los dos bares permanecer\u00e1n abiertos, pero deber\u00e1 respetarse el distanciamiento social.<\/p>\n<\/div>\n <\/div><\/div><\/div><div class=\"ea-card   sp-ea-single\"><h3 class=\"ea-header\"><a class=\"collapsed\" data-sptoggle=\"spcollapse\" data-sptarget=\"#collapse131598\" href=\"javascript:void(0)\"><i class=\"ea-expand-icon fa fa-plus\"><\/i>  C\u00d3MO PUEDE AYUDARNOS<\/a><\/h3><div class=\"sp-collapse spcollapse spcollapse \" id=\"collapse131598\" data-parent=\"#sp-ea-13159\"><div class=\"ea-body animated fadeIn\"> <div  class=\"mkd-icon-list-item mkd-icon-list-item-headings-font-family\">\n<div class=\"mkd-icon-list-icon-holder\">\n<div class=\"mkd-icon-list-icon-holder-inner clearfix\">\n\t\t\t<i class=\"mkd-icon-font-awesome fa icon_check \" style=\"font-size:18px\" ><\/i>\t\t<\/div><\/div>\n<p class=\"mkd-icon-list-text\" style=\"font-size:16px\" > Si usted o alguien de su grupo se siente mal o experimenta alg\u00fan s\u00edntoma de COVID-19, es imperativo que informe a nuestro equipo de recepci\u00f3n inmediatamente, permanezca en su habitaci\u00f3n y llamaremos a un medico para que eval\u00fae la situaci\u00f3n.<\/p>\n<\/div>\n<div  class=\"mkd-icon-list-item mkd-icon-list-item-headings-font-family\">\n<div class=\"mkd-icon-list-icon-holder\">\n<div class=\"mkd-icon-list-icon-holder-inner clearfix\">\n\t\t\t<i class=\"mkd-icon-font-awesome fa icon_check \" style=\"font-size:18px\" ><\/i>\t\t<\/div><\/div>\n<p class=\"mkd-icon-list-text\" style=\"font-size:16px\" > L\u00e1vese las manos a fondo y con regularidad durante al menos 20 segundos a lo largo de su visita, y desinf\u00e9ctese las manos con regularidad. <\/p>\n<\/div>\n<div  class=\"mkd-icon-list-item mkd-icon-list-item-headings-font-family\">\n<div class=\"mkd-icon-list-icon-holder\">\n<div class=\"mkd-icon-list-icon-holder-inner clearfix\">\n\t\t\t<i class=\"mkd-icon-font-awesome fa icon_check \" style=\"font-size:18px\" ><\/i>\t\t<\/div><\/div>\n<p class=\"mkd-icon-list-text\" style=\"font-size:16px\" > Recuerde que, cuando se desplace por el Hotel, es obligatorio llevar una mascarilla. Adem\u00e1s, cuando salga del Hotel, es obligatorio llevar la mascarilla en todo momento. <\/p>\n<\/div>\n<div  class=\"mkd-icon-list-item mkd-icon-list-item-headings-font-family\">\n<div class=\"mkd-icon-list-icon-holder\">\n<div class=\"mkd-icon-list-icon-holder-inner clearfix\">\n\t\t\t<i class=\"mkd-icon-font-awesome fa icon_check \" style=\"font-size:18px\" ><\/i>\t\t<\/div><\/div>\n<p class=\"mkd-icon-list-text\" style=\"font-size:16px\" > Esto incluye tomar el transporte p\u00fablico y moverse por las calles.<\/p>\n<\/div>\n<div  class=\"mkd-icon-list-item mkd-icon-list-item-headings-font-family\">\n<div class=\"mkd-icon-list-icon-holder\">\n<div class=\"mkd-icon-list-icon-holder-inner clearfix\">\n\t\t\t<i class=\"mkd-icon-font-awesome fa icon_check \" style=\"font-size:18px\" ><\/i>\t\t<\/div><\/div>\n<p class=\"mkd-icon-list-text\" style=\"font-size:16px\" > Cuando vuelva a entrar en el Hotel, recuerde higienizarse las manos y refrescarse al llegar.<\/p>\n<\/div>\n <\/div><\/div><\/div><\/div>\n<div class=\"mkd-separator-holder clearfix  mkd-separator-center mkd-separator-normal\">\n\t<div class=\"mkd-separator\" style=\"margin-top: 20px\"><\/div>\n<\/div>\n\n<p>Estamos deseando volver a llenar el Hotel de su calor, amor y risas, ayud\u00e1ndoles a crear recuerdos que prevalezcan por siempre. As\u00ed que, cuando se sienta preparado para aventurarse de nuevo en un viaje, nos encontrar\u00e1 aqu\u00ed, listos para darles la bienvenida a usted y a sus seres queridos.<\/p>\n<p>Tambi\u00e9n nos gustar\u00eda informarle de que si necesita una prueba de PCR para volver a casa despu\u00e9s de sus vacaciones con nosotros, para simplificarles el proceso, le ofreceremos este servicio en el hotel (consulte las condiciones con nuestro equipo de recepci\u00f3n).[\/vc_column_text][\/vc_column][\/vc_row]<\/p>\n","protected":false},"excerpt":{"rendered":"<p>[vc_row content_width=\u00bbgrid\u00bb css=\u00bb.vc_custom_1597394184483{padding-top: 6px !important;padding-right: 0px !important;padding-bottom: 36px !important;padding-left: 0px !important;}\u00bb][vc_column][vc_column_text]Tenga la seguridad de que hemos pasado los \u00faltimos meses equipando el Hotel y preparando al equipo para que todo el mundo entienda la importancia de mantenernos seguros; no s\u00f3lo seguros, sino trabajando dentro del&#8230;<\/p>\n","protected":false},"author":1,"featured_media":0,"parent":0,"menu_order":0,"comment_status":"closed","ping_status":"closed","template":"full-width.php","meta":{"_monsterinsights_skip_tracking":false,"_monsterinsights_sitenote_active":false,"_monsterinsights_sitenote_note":"","_monsterinsights_sitenote_category":0,"footnotes":""},"_links":{"self":[{"href":"https:\/\/www.hotelbonsol.es\/es\/wp-json\/wp\/v2\/pages\/13133"}],"collection":[{"href":"https:\/\/www.hotelbonsol.es\/es\/wp-json\/wp\/v2\/pages"}],"about":[{"href":"https:\/\/www.hotelbonsol.es\/es\/wp-json\/wp\/v2\/types\/page"}],"author":[{"embeddable":true,"href":"https:\/\/www.hotelbonsol.es\/es\/wp-json\/wp\/v2\/users\/1"}],"replies":[{"embeddable":true,"href":"https:\/\/www.hotelbonsol.es\/es\/wp-json\/wp\/v2\/comments?post=13133"}],"version-history":[{"count":4,"href":"https:\/\/www.hotelbonsol.es\/es\/wp-json\/wp\/v2\/pages\/13133\/revisions"}],"predecessor-version":[{"id":13160,"href":"https:\/\/www.hotelbonsol.es\/es\/wp-json\/wp\/v2\/pages\/13133\/revisions\/13160"}],"wp:attachment":[{"href":"https:\/\/www.hotelbonsol.es\/es\/wp-json\/wp\/v2\/media?parent=13133"}],"curies":[{"name":"wp","href":"https:\/\/api.w.org\/{rel}","templated":true}]}}