{"id":13168,"date":"2021-03-17T22:15:37","date_gmt":"2021-03-17T21:15:37","guid":{"rendered":"https:\/\/www.hotelbonsol.es\/sustainable\/"},"modified":"2025-10-21T08:21:24","modified_gmt":"2025-10-21T07:21:24","slug":"sustainable","status":"publish","type":"page","link":"https:\/\/www.hotelbonsol.es\/es\/sustainable\/","title":{"rendered":"Sostenibilidad"},"content":{"rendered":"<p>[vc_row content_width=\u00bbgrid\u00bb content_aligment=\u00bbcenter\u00bb css=\u00bb.vc_custom_1598005337642{padding-top: 40px !important;padding-bottom: 20px !important;background-position: center !important;background-repeat: no-repeat !important;background-size: cover !important;}\u00bb][vc_column offset=\u00bbvc_col-lg-offset-0 vc_col-lg-12 vc_col-md-offset-0 vc_col-md-12&#8243;]<div class=\"mkd-separator-holder clearfix  mkd-separator-center\">\n\t<div class=\"mkd-separator\" style=\"margin-top: 20px\"><\/div>\n<\/div>\n\n\t\t\t<!-- START Sustainable REVOLUTION SLIDER 6.1.1 --><p class=\"rs-p-wp-fix\"><\/p>\n\t\t\t<rs-module-wrap id=\"rev_slider_11_1_wrapper\" data-source=\"gallery\" style=\"background:transparent;padding:0;\">\n\t\t\t\t<rs-module id=\"rev_slider_11_1\" style=\"display:none;\" data-version=\"6.1.1\">\n\t\t\t\t\t<rs-slides>\n\t\t\t\t\t\t<rs-slide data-key=\"rs-30\" data-title=\"Slide\" data-anim=\"ei:d;eo:d;s:600;r:0;t:fade;sl:d;\" data-p1=\"3\" data-p2=\"3\">\n\t\t\t\t\t\t\t<img fetchpriority=\"high\" decoding=\"async\" src=\"\/\/hotelbonsol.es\/wp-content\/uploads\/2021\/03\/noah-buscher-x8ZStukS2PM-unsplash-scaled.jpg\" width=\"2560\" height=\"1466\" data-parallax=\"7\" class=\"rev-slidebg\" data-no-retina>\n<!--\n\t\t\t\t\t\t\t--><rs-layer\n\t\t\t\t\t\t\t\tid=\"slider-11-slide-30-layer-14\" \n\t\t\t\t\t\t\t\tclass=\"Tile-Medium-Style\"\n\t\t\t\t\t\t\t\tdata-type=\"text\"\n\t\t\t\t\t\t\t\tdata-color=\"rgba(255,255,255,1)\"\n\t\t\t\t\t\t\t\tdata-rsp_ch=\"on\"\n\t\t\t\t\t\t\t\tdata-xy=\"x:c;xo:27px,0,0,0;y:m;yo:-162px,-54px,-111px,-100px;\"\n\t\t\t\t\t\t\t\tdata-text=\"w:nowrap,nowrap,nowrap,normal;s:60,80,60,45;l:97,97,97,55;a:center;\"\n\t\t\t\t\t\t\t\tdata-dim=\"w:auto,892px,770px,296px;h:auto,98px,100px,auto;\"\n\t\t\t\t\t\t\t\tdata-basealign=\"slide\"\n\t\t\t\t\t\t\t\tdata-frame_0=\"y:100%;tp:600;\"\n\t\t\t\t\t\t\t\tdata-frame_1=\"tp:600;e:Power4.easeInOut;st:300;sp:1000;sR:300;\"\n\t\t\t\t\t\t\t\tdata-frame_999=\"o:0;tp:600;e:nothing;st:w;sR:3700;\"\n\t\t\t\t\t\t\t\tstyle=\"z-index:5;font-family:Raleway;\"\n\t\t\t\t\t\t\t>SAVE THE PLANET \n\t\t\t\t\t\t\t<\/rs-layer><!--\n-->\t\t\t\t\t\t<\/rs-slide>\n\t\t\t\t\t<\/rs-slides>\n\t\t\t\t\t<rs-static-layers><!--\n\t\t\t\t\t--><\/rs-static-layers>\n\t\t\t\t\t<rs-progress class=\"rs-bottom\" style=\"visibility: hidden !important;\"><\/rs-progress>\n\t\t\t\t<\/rs-module>\n\t\t\t\t<script type=\"text\/javascript\">\n\t\t\t\t\tsetREVStartSize({c: 'rev_slider_11_1',rl:[1240,1024,778,480],el:[768,650,800,500],gw:[1300,900,700,320],gh:[768,650,800,500],layout:'fullscreen',offsetContainer:'.touch .mkd-mobile-header-holder',offset:'',mh:\"0\"});\n\t\t\t\t\tvar\trevapi11,\n\t\t\t\t\t\ttpj;\n\t\t\t\t\tjQuery(function() {\n\t\t\t\t\t\ttpj = jQuery;\n\t\t\t\t\t\tif(tpj(\"#rev_slider_11_1\").revolution == undefined){\n\t\t\t\t\t\t\trevslider_showDoubleJqueryError(\"#rev_slider_11_1\");\n\t\t\t\t\t\t}else{\n\t\t\t\t\t\t\trevapi11 = tpj(\"#rev_slider_11_1\").show().revolution({\n\t\t\t\t\t\t\t\tjsFileLocation:\"\/\/www.hotelbonsol.es\/wp-content\/plugins\/revslider\/public\/assets\/js\/\",\n\t\t\t\t\t\t\t\tsliderLayout:\"fullscreen\",\n\t\t\t\t\t\t\t\tduration:5000,\n\t\t\t\t\t\t\t\tvisibilityLevels:\"1240,1024,778,480\",\n\t\t\t\t\t\t\t\tgridwidth:\"1300,900,700,320\",\n\t\t\t\t\t\t\t\tgridheight:\"768,650,800,500\",\n\t\t\t\t\t\t\t\tminHeight:\"\",\n\t\t\t\t\t\t\t\teditorheight:\"768,650,800,500\",\n\t\t\t\t\t\t\t\tresponsiveLevels:\"1240,1024,778,480\",\n\t\t\t\t\t\t\t\tdisableForceFullWidth:true,\n\t\t\t\t\t\t\t\tfullScreenOffsetContainer:\".touch .mkd-mobile-header-holder\",\n\t\t\t\t\t\t\t\tdisableProgressBar:\"on\",\n\t\t\t\t\t\t\t\tnavigation: {\n\t\t\t\t\t\t\t\t\tonHoverStop:false\n\t\t\t\t\t\t\t\t},\n\t\t\t\t\t\t\t\tparallax: {\n\t\t\t\t\t\t\t\t\tlevels:[5,10,15,20,25,30,35,40,45,46,47,48,49,50,51,55],\n\t\t\t\t\t\t\t\t\ttype:\"mouse\"\n\t\t\t\t\t\t\t\t},\n\t\t\t\t\t\t\t\tfallbacks: {\n\t\t\t\t\t\t\t\t\tallowHTML5AutoPlayOnAndroid:true\n\t\t\t\t\t\t\t\t},\n\t\t\t\t\t\t\t});\n\t\t\t\t\t\t\trevapi11.bind(\"revolution.slide.onchange\",function (e) {\n\tjQuery(this).addClass('mkd-revslider-loaded');\n});\n\t\t\t\t\t\t}\n\t\t\t\t\t\t\n\t\t\t\t\t});\n\t\t\t\t<\/script>\n\t\t\t\t<script>\n\t\t\t\t\tvar htmlDivCss = unescape(\".mikado-number%20%7B%0A%20%20%20%20opacity%3A0%3B%0A%7D%0A%0A.mkd-revslider-loaded%20.mikado-number%20%7B%0A%20%20%20%20opacity%3A1%3B%0A%20%20%09-webkit-transition%3A%20opacity%201s%3B%0A%20%20%20%20transition%3A%20opacity%201s%3B%0A%7D\");\n\t\t\t\t\tvar htmlDiv = document.getElementById('rs-plugin-settings-inline-css');\n\t\t\t\t\tif(htmlDiv) {\n\t\t\t\t\t\thtmlDiv.innerHTML = htmlDiv.innerHTML + htmlDivCss;\n\t\t\t\t\t}else{\n\t\t\t\t\t\tvar htmlDiv = document.createElement('div');\n\t\t\t\t\t\thtmlDiv.innerHTML = '<style>' + htmlDivCss + '<\/style>';\n\t\t\t\t\t\tdocument.getElementsByTagName('head')[0].appendChild(htmlDiv.childNodes[0]);\n\t\t\t\t\t}\n\t\t\t\t<\/script>\n\t\t\t<\/rs-module-wrap>\n\t\t\t<!-- END REVOLUTION SLIDER -->\n[\/vc_column][\/vc_row][vc_row content_width=\u00bbgrid\u00bb][vc_column css=\u00bb.vc_custom_1616751774744{padding-top: 50px !important;}\u00bb]<div class=\"mkd-section-title-holder\">\n\t<h2 class=\"mkd-section-title mkd-section-title-medium\" style=\"text-align: center\">\n\t\tSOSTENIBLE, ECOL\u00d3GICO, CERO EMISIONES DE CO2    <\/h2>\n<\/div><div class=\"mkd-separator-with-icon-holder clearfix mkd-default-icon\" style=\"margin-top: 7px;margin-bottom: 18px\">\n\n\t<span class=\"mkd-separator-left\" ><\/span>\n\t\t\t<div class=\"mkd-default-icon-holder\" ><\/div>\n\t\t<span class=\"mkd-separator-right\" ><\/span>\n<\/div>[vc_column_text]<\/p>\n<p style=\"text-align: center;\">Siguiendo los pasos de nuestro fundador Antonio Xamena, el Hotel BonSol ha estado y est\u00e1 hasta la fecha muy preocupado por el medio ambiente y el impacto que los seres humanos tenemos sobre \u00e9l.<\/p>\n<p style=\"text-align: center;\">El BonSol ha ido implementando medidas a favor de la ecolog\u00eda y por la sostenibilidad desde mucho antes de que estas se convirtieran en una tendencia. Teniendo, por ejemplo, paneles solares sobre el tejado del hotel desde hace m\u00e1s de 50 a\u00f1os, encontrando todo tipo de formas de optimizar recursos para reducir el impacto sobre el medio ambiente; como calentar la piscina climatizada del hotel con el calor producido por los frigor\u00edficos de la cocina, creando agujeros en diferentes terrazas para dejar crecer los \u00e1rboles en lugar de deshacerse de ellos, manteniendo unos 8000\u202fm\u00b2 de jard\u00edn (sin edificar) que requieren muchos cuidados para que los hu\u00e9spedes del hotel puedan disfrutar de un microclima sombreado que limpie el aire y produzca ox\u00edgeno, utilizar el agua de las duchas despu\u00e9s de filtrarla adecuadamente como agua para los WC&#8230; Estas son solo algunas de nuestras iniciativas para reducir el impacto negativo que pueda tener el BonSol, sobre la naturaleza.<\/p>\n<p style=\"text-align: center;\">Sin embargo, y debido al aumento del CO\u2082 en la atm\u00f3sfera y a la creciente preocupaci\u00f3n por el cambio clim\u00e1tico, Mart\u00edn Xamena, Director General y actual propietario del hotel, junto con su hijo Alejandro Xamena, gerente del BonSol, sintieron que el Bon-Sol no estaba haciendo lo suficiente, y se embarcaron en un importante proyecto en 2005 adquiriendo 250 hect\u00e1reas de terreno en Costa Rica, donde con la ayuda de un ingeniero especializado, se plantaron 220.000 \u00e1rboles de teca para consumir no solo el CO\u2082 que el BonSol produce al a\u00f1o, sino tambi\u00e9n el CO\u2082 producido por los aviones que traen a nuestros clientes a Mallorca y de vuelta a casa. Adem\u00e1s, se plantaron un gran n\u00famero especies de \u00e1rboles locales para fortalecer el ecosistema de Costa Rica.<\/p>\n<p style=\"text-align: center;\">El hotel est\u00e1 tambi\u00e9n comprometido con el reciclaje, la optimizaci\u00f3n del agua y, en honor a la devoci\u00f3n y el respeto que Antonio Xamena ten\u00eda por la naturaleza, sigue estudiando, continuamente, maneras para que el hotel sea cada vez m\u00e1s eficiente y tener un impacto negativo, cada vez menor, sobre el medio ambiente.<\/p>\n<p>[\/vc_column_text][vc_empty_space height=\u00bb50px\u00bb][vc_empty_space height=\u00bb50px\u00bb][vc_btn title=\u00bbEnvironmental Statement\u00bb color=\u00bbchino\u00bb size=\u00bblg\u00bb align=\u00bbcenter\u00bb i_icon_fontawesome=\u00bbfas fa-file-alt\u00bb add_icon=\u00bbtrue\u00bb link=\u00bburl:https%3A%2F%2Fwww.hotelbonsol.es%2Fwp-content%2Fuploads%2F2025%2F10%2FDeclaracion-ambiental-Anexo-VII-HOTEL-BONSOL_2023.pdf|target:_blank\u00bb][vc_empty_space height=\u00bb50px\u00bb][vc_column_text]<\/p>\n<h3 style=\"text-align: center;\">Veh\u00edculos el\u00e9ctricos<\/h3>\n<p>[\/vc_column_text][vc_column_text]<\/p>\n<p style=\"text-align: center;\">Disponemos de dos puntos de carga r\u00e1pida para veh\u00edculos el\u00e9ctricos, a fin de fomentar su uso y disminuir las emisiones contaminantes a la atm\u00f3sfera.<br \/>\nPuntos de carga subvencionados por el Plan Moves III<\/p>\n<p>[\/vc_column_text]<div class=\"mkd-iwt clearfix mkd-iwt-icon-top mkd-iwt-icon-large\">\n\t<div class=\"mkd-iwt-icon-holder\">\n\t\t\t\t\t<span\n\t\t\t\tclass=\"mkd-iwt-custom-icon\" ><img decoding=\"async\" width=\"200\" height=\"200\" src=\"https:\/\/www.hotelbonsol.es\/wp-content\/uploads\/2024\/04\/Diseno-sin-titulo-4.png\" class=\"attachment-full size-full\" alt=\"\" \/><\/span>\n\t\t\t<\/div>\n\t<div class=\"mkd-iwt-content-holder\" >\n\t\t<div class=\"mkd-iwt-title-holder\">\n\t\t\t<h4 \t\t\t><\/h4>\n\t<\/div>\n\t<div class=\"mkd-iwt-text-holder\">\n\t\t<p ><\/p>\n\n\t\t\t<\/div>\n<\/div>\n<\/div>[vc_empty_space height=\u00bb50px\u00bb][\/vc_column][\/vc_row][vc_row][vc_column][vc_column_text]<\/p>\n<h3 style=\"text-align: center;\">ENERGIA SOLAR<\/h3>\n<p>[\/vc_column_text][vc_column_text]<\/p>\n<p style=\"text-align: center;\" data-start=\"271\" data-end=\"628\"><span style=\"font-family: Arial; font-size: small;\">Como parte de nuestra estrategia de transici\u00f3n ecol\u00f3gica, hemos puesto en marcha dos instalaciones de placas solares<br \/>\npara la producci\u00f3n de electricidad, lo que nos permite reducir significativamente nuestra huella de carbono y avanzar hacia un modelo<br \/>\nenerg\u00e9tico m\u00e1s limpio y eficiente. <\/span><span style=\"font-family: Arial; font-size: small;\">Gracias a esta inversi\u00f3n en energ\u00edas renovables, contribuimos activamente a la lucha contra<br \/>\nel cambio clim\u00e1tico, disminuyendo el uso de fuentes de energ\u00eda f\u00f3siles y promoviendo un turismo m\u00e1s responsable.<\/span><\/p>\n<p style=\"text-align: center;\" data-start=\"630\" data-end=\"834\"><span style=\"font-family: Arial; font-size: small;\">La primera, corresponde a un parque de\u00a0<i><b>22 placas solares de 500 Wp<\/b>, con las que generamos un total de\u00a0<b>11.00 kWp<\/b>\u00a0de energ\u00eda limpia.<br \/>\nEste proyecto ha sido posible gracias a una inversi\u00f3n de\u00a0<b>12.956,00 \u20ac<\/b>, parcialmente subvencionada con\u00a0<b>9.282,00 \u20ac<\/b>.\u00a0<\/i>Proyecto\u00a0acogido al programa<br \/>\nde incentivos ligados al autoconsumo y almacenamiento, con fuentes de energi\u0301a renovable, asi\u0301 como a la implantacio\u0301n de sistemas te\u0301rmicos<br \/>\nrenovablesen el sector residencial en el marco del Plan de Recuperacio\u0301n, Transformacio\u0301n y Resiliencia, financiado por la Unio\u0301n Europea &#8211; NextGenerationEU.<\/span><\/p>\n<p style=\"text-align: center;\" data-start=\"630\" data-end=\"834\"><span style=\"font-family: Arial; font-size: small;\">La segunda, corresponde a un parque de 57 placas solares que genera 28,5 kWp. Tambi\u00e9n se trata de un proyecto acogido al programa de incentivos<br \/>\nligados al autoconsumo y almacenamiento, fuente de energ\u00eda renovable en el sector comercial en el marco del Plande recuperaci\u00f3n,<br \/>\nTransformaci\u00f3n y Resiliencia, financiado por la Uni\u00f3n Europea \u2013 Next generation Eu<\/span><\/p>\n<p>[\/vc_column_text][vc_empty_space height=\u00bb50px\u00bb][\/vc_column][\/vc_row][vc_row][vc_column]<div class=\"mkd-iwt clearfix mkd-iwt-icon-top mkd-iwt-icon-tiny\">\n\t<div class=\"mkd-iwt-icon-holder\">\n\t\t\t\t\t<span\n\t\t\t\tclass=\"mkd-iwt-custom-icon\" ><img decoding=\"async\" width=\"1266\" height=\"74\" src=\"https:\/\/www.hotelbonsol.es\/wp-content\/uploads\/2025\/05\/2a4c3552-bf2a-4323-b771-f789855c37e9.png\" class=\"attachment-full size-full\" alt=\"\" srcset=\"https:\/\/www.hotelbonsol.es\/wp-content\/uploads\/2025\/05\/2a4c3552-bf2a-4323-b771-f789855c37e9.png 1266w, https:\/\/www.hotelbonsol.es\/wp-content\/uploads\/2025\/05\/2a4c3552-bf2a-4323-b771-f789855c37e9-600x35.png 600w, https:\/\/www.hotelbonsol.es\/wp-content\/uploads\/2025\/05\/2a4c3552-bf2a-4323-b771-f789855c37e9-1024x60.png 1024w, https:\/\/www.hotelbonsol.es\/wp-content\/uploads\/2025\/05\/2a4c3552-bf2a-4323-b771-f789855c37e9-768x45.png 768w\" sizes=\"(max-width: 1266px) 100vw, 1266px\" \/><\/span>\n\t\t\t<\/div>\n\t<div class=\"mkd-iwt-content-holder\" >\n\t\t<div class=\"mkd-iwt-title-holder\">\n\t\t\t<h4 \t\t\t><\/h4>\n\t<\/div>\n\t<div class=\"mkd-iwt-text-holder\">\n\t\t<p ><\/p>\n\n\t\t\t<\/div>\n<\/div>\n<\/div>[vc_empty_space height=\u00bb50px\u00bb][\/vc_column][\/vc_row][vc_row][vc_column][vc_column_text]<\/p>\n<h3 style=\"text-align: center;\">Mejora de la Eficiencia Energ\u00e9tica<\/h3>\n<h3 style=\"text-align: center;\">y<\/h3>\n<h3 style=\"text-align: center;\">Autoconsumo en nuestras instalaciones<\/h3>\n<p>[\/vc_column_text][vc_column_text]<\/p>\n<p style=\"text-align: center;\">En el Hotel BonSol, estamos comprometidos con la protecci\u00f3n del medio ambiente y el uso responsable de los recursos.<br \/>\nEn nuestra continua apuesta por la sostenibilidad y gracias al apoyo financiero de la Uni\u00f3n Europea \u2013 NextGenerationEU en el marco<br \/>\ndel Plan de Recuperaci\u00f3n, Transformaci\u00f3n y Resiliencia (PRTR), hemos llevado a cabo una importante actuaci\u00f3n para mejorar<br \/>\nla eficiencia energ\u00e9tica de nuestras instalaciones.<\/p>\n<p style=\"text-align: center;\">Este proyecto ha consistido principalmente en:<\/p>\n<p style=\"text-align: center;\">&#8211; La instalaci\u00f3n de nuevas ventanas m\u00e1s eficientes, con un coeficiente de transmisi\u00f3n de calor mucho menor para garantizar el ahorro<br \/>\nenerg\u00e9tico en climatizaci\u00f3n y mejorar las comodidades de nuestros clientes.<\/p>\n<p style=\"text-align: center;\">&#8211; La instalaci\u00f3n de una bomba de calor aerot\u00e9rmica para la producci\u00f3n de ACS y climatizaci\u00f3n, en sustituci\u00f3n de otros generadores menos eficientes.<\/p>\n<p style=\"text-align: center;\">&#8211; La sustituci\u00f3n de fancoils existentes por un modelo m\u00e1s eficiente energ\u00e9ticamente.<\/p>\n<p style=\"text-align: center;\">-La instalaci\u00f3n de aislamientos en los conductos de ACS<br \/>\npara garantizar una menor p\u00e9rdida de calor en los conductos.<\/p>\n<p style=\"text-align: center;\">-Proyectos de legalizaci\u00f3n de las nuevas instalaciones.<\/p>\n<p style=\"text-align: center;\">&#8211; Jornadas de formaci\u00f3n y concienciaci\u00f3n del personal en materia de eficiencia energ\u00e9tica.<\/p>\n<p style=\"text-align: center;\">La inversi\u00f3n total subvencionada para esta actuaci\u00f3n asciende a <strong>213.305,43 \u20ac.<\/strong><\/p>\n<p style=\"text-align: center;\">Con esta instalaci\u00f3n, no solo contribuimos al bienestar del medio ambiente, la sostenibilidad y la transici\u00f3n energ\u00e9tica,<br \/>\nsino que tambi\u00e9n reafirmamos nuestro compromiso de ofrecer productostratados con un enfoque sostenible.<br \/>\nCreemos firmemente que las decisiones responsables que tomamos hoy impactar\u00e1n de manera positiva<br \/>\nen el futuro de todos, contribuyendo as\u00ed a un futuro m\u00e1s verde y eficiente.<\/p>\n<p>[\/vc_column_text]<div class=\"mkd-iwt clearfix mkd-iwt-icon-top mkd-iwt-icon-tiny\">\n\t<div class=\"mkd-iwt-icon-holder\">\n\t\t\t\t\t<span\n\t\t\t\tclass=\"mkd-iwt-custom-icon\" ><img loading=\"lazy\" decoding=\"async\" width=\"1270\" height=\"122\" src=\"https:\/\/www.hotelbonsol.es\/wp-content\/uploads\/2025\/07\/image002-1-removebg-preview.png\" class=\"attachment-full size-full\" alt=\"\" srcset=\"https:\/\/www.hotelbonsol.es\/wp-content\/uploads\/2025\/07\/image002-1-removebg-preview.png 1270w, https:\/\/www.hotelbonsol.es\/wp-content\/uploads\/2025\/07\/image002-1-removebg-preview-600x58.png 600w, https:\/\/www.hotelbonsol.es\/wp-content\/uploads\/2025\/07\/image002-1-removebg-preview-1024x98.png 1024w, https:\/\/www.hotelbonsol.es\/wp-content\/uploads\/2025\/07\/image002-1-removebg-preview-768x74.png 768w\" sizes=\"(max-width: 1270px) 100vw, 1270px\" \/><\/span>\n\t\t\t<\/div>\n\t<div class=\"mkd-iwt-content-holder\" >\n\t\t<div class=\"mkd-iwt-title-holder\">\n\t\t\t<h4 \t\t\t><\/h4>\n\t<\/div>\n\t<div class=\"mkd-iwt-text-holder\">\n\t\t<p ><\/p>\n\n\t\t\t<\/div>\n<\/div>\n<\/div>[\/vc_column][\/vc_row][vc_row][vc_column][\/vc_column][\/vc_row]<\/p>\n","protected":false},"excerpt":{"rendered":"<p>[vc_row content_width=\u00bbgrid\u00bb content_aligment=\u00bbcenter\u00bb css=\u00bb.vc_custom_1598005337642{padding-top: 40px !important;padding-bottom: 20px !important;background-position: center !important;background-repeat: no-repeat !important;background-size: cover !important;}\u00bb][vc_column offset=\u00bbvc_col-lg-offset-0 vc_col-lg-12 vc_col-md-offset-0 vc_col-md-12&#8243;][\/vc_column][\/vc_row][vc_row content_width=\u00bbgrid\u00bb][vc_column css=\u00bb.vc_custom_1616751774744{padding-top: 50px !important;}\u00bb][vc_column_text] Siguiendo los pasos de nuestro fundador Antonio Xamena, el Hotel BonSol ha estado y est\u00e1 hasta la fecha muy preocupado por el medio&#8230;<\/p>\n","protected":false},"author":2,"featured_media":0,"parent":0,"menu_order":0,"comment_status":"closed","ping_status":"closed","template":"full-width.php","meta":{"_monsterinsights_skip_tracking":false,"_monsterinsights_sitenote_active":false,"_monsterinsights_sitenote_note":"","_monsterinsights_sitenote_category":0,"footnotes":""},"_links":{"self":[{"href":"https:\/\/www.hotelbonsol.es\/es\/wp-json\/wp\/v2\/pages\/13168"}],"collection":[{"href":"https:\/\/www.hotelbonsol.es\/es\/wp-json\/wp\/v2\/pages"}],"about":[{"href":"https:\/\/www.hotelbonsol.es\/es\/wp-json\/wp\/v2\/types\/page"}],"author":[{"embeddable":true,"href":"https:\/\/www.hotelbonsol.es\/es\/wp-json\/wp\/v2\/users\/2"}],"replies":[{"embeddable":true,"href":"https:\/\/www.hotelbonsol.es\/es\/wp-json\/wp\/v2\/comments?post=13168"}],"version-history":[{"count":21,"href":"https:\/\/www.hotelbonsol.es\/es\/wp-json\/wp\/v2\/pages\/13168\/revisions"}],"predecessor-version":[{"id":15175,"href":"https:\/\/www.hotelbonsol.es\/es\/wp-json\/wp\/v2\/pages\/13168\/revisions\/15175"}],"wp:attachment":[{"href":"https:\/\/www.hotelbonsol.es\/es\/wp-json\/wp\/v2\/media?parent=13168"}],"curies":[{"name":"wp","href":"https:\/\/api.w.org\/{rel}","templated":true}]}}