{"id":13176,"date":"2021-03-26T08:49:03","date_gmt":"2021-03-26T07:49:03","guid":{"rendered":"https:\/\/www.hotelbonsol.es\/quality-seals\/"},"modified":"2024-10-08T09:58:41","modified_gmt":"2024-10-08T08:58:41","slug":"sellos-de-calidad","status":"publish","type":"page","link":"https:\/\/www.hotelbonsol.es\/es\/sellos-de-calidad\/","title":{"rendered":"Sellos de calidad"},"content":{"rendered":"<p>[vc_row content_aligment=\u00bbcenter\u00bb css=\u00bb.vc_custom_1616486900152{background-position: center !important;background-repeat: no-repeat !important;background-size: cover !important;}\u00bb][vc_column][\/vc_column][\/vc_row][vc_row content_aligment=\u00bbcenter\u00bb css=\u00bb.vc_custom_1616749720712{padding-top: 200px !important;padding-bottom: 100px !important;}\u00bb][vc_column width=\u00bb1\/3&#8243;][vc_hoverbox image=\u00bb12489&#8243; primary_title=\u00bb\u00bb hover_title=\u00bb\u00bb hover_btn_title=\u00bbCertificado\u00bb hover_btn_color=\u00bbchino\u00bb hover_add_button=\u00bbtrue\u00bb hover_btn_link=\u00bburl:https%3A%2F%2Facrobat.adobe.com%2Fid%2Furn%3Aaaid%3Asc%3AEU%3A12b7a51d-201d-4dd1-a18c-0269f70335e2|title:Sustainable|target:_blank\u00bb]El Sistema Comunitario de Gesti\u00f3n y Auditor\u00eda Medioambientales (EMAS) es un instrumento de gesti\u00f3n de primera calidad desarrollado por la Comisi\u00f3n Europea para que las empresas y otras organizaciones eval\u00faen, informen y mejoren su comportamiento medioambiental[\/vc_hoverbox][\/vc_column][vc_column width=\u00bb1\/3&#8243;][vc_hoverbox image=\u00bb12480&#8243; primary_title=\u00bb\u00bb hover_title=\u00bb\u00bb hover_btn_title=\u00bbCertificado\u00bb hover_btn_color=\u00bbchino\u00bb hover_add_button=\u00bbtrue\u00bb hover_btn_link=\u00bburl:https%3A%2F%2Fwww.dropbox.com%2Fscl%2Ffi%2Frxk2wlhqm7lqono7dcxi5%2FCertificate-102156-2.pdf%3Frlkey%3Dk43nv6xu7uf20u5r3am79qziq%26st%3Duywovj4a%26dl%3D0|target:_blank\u00bb]La certificaci\u00f3n Travelife es un programa de premios reconocido internacionalmente para hoteles y otras empresas relacionadas con el turismo que han alcanzado altos niveles de gesti\u00f3n medioambiental.<\/p>\n<p>Este premio exige el cumplimiento de numerosos criterios y medidas, como las pol\u00edticas de compras medioambientales, el reciclaje, la gesti\u00f3n de la energ\u00eda y el agua, as\u00ed como la aplicaci\u00f3n de una responsabilidad social corporativa hacia los empleados y la comunidad local en la que operan.[\/vc_hoverbox][\/vc_column][vc_column width=\u00bb1\/3&#8243;][vc_hoverbox image=\u00bb12381&#8243; primary_title=\u00bb\u00bb hover_title=\u00bb\u00bb hover_btn_title=\u00bbCertificado\u00bb hover_btn_color=\u00bbchino\u00bb hover_add_button=\u00bbtrue\u00bb hover_btn_link=\u00bburl:https%3A%2F%2Fhotelbonsol.es%2Fwp-content%2Fuploads%2F2021%2F03%2FCALIDAD-Q.pdf|title:Quality%20seals|target:_blank\u00bb]El objetivo de esta certificaci\u00f3n de calidad tur\u00edstica es lograr la satisfacci\u00f3n del cliente a trav\u00e9s de los servicios prestados o los productos ofrecidos. Adem\u00e1s, apuesta por la mejora continua para ofrecer siempre los mejores servicios. El objetivo es superar las expectativas del cliente con los recursos disponibles en los establecimientos. Gracias a esta certificaci\u00f3n de calidad, se transmite a los clientes profesionalidad y fiabilidad.[\/vc_hoverbox][\/vc_column][\/vc_row]<\/p>\n","protected":false},"excerpt":{"rendered":"<p>[vc_row content_aligment=\u00bbcenter\u00bb css=\u00bb.vc_custom_1616486900152{background-position: center !important;background-repeat: no-repeat !important;background-size: cover !important;}\u00bb][vc_column][\/vc_column][\/vc_row][vc_row content_aligment=\u00bbcenter\u00bb css=\u00bb.vc_custom_1616749720712{padding-top: 200px !important;padding-bottom: 100px !important;}\u00bb][vc_column width=\u00bb1\/3&#8243;][vc_hoverbox image=\u00bb12489&#8243; primary_title=\u00bb\u00bb hover_title=\u00bb\u00bb hover_btn_title=\u00bbCertificado\u00bb hover_btn_color=\u00bbchino\u00bb hover_add_button=\u00bbtrue\u00bb hover_btn_link=\u00bburl:https%3A%2F%2Facrobat.adobe.com%2Fid%2Furn%3Aaaid%3Asc%3AEU%3A12b7a51d-201d-4dd1-a18c-0269f70335e2|title:Sustainable|target:_blank\u00bb]El Sistema Comunitario de Gesti\u00f3n y Auditor\u00eda Medioambientales (EMAS) es un instrumento de gesti\u00f3n de primera calidad desarrollado por la Comisi\u00f3n Europea para&#8230;<\/p>\n","protected":false},"author":2,"featured_media":0,"parent":0,"menu_order":0,"comment_status":"closed","ping_status":"closed","template":"full-width.php","meta":{"_monsterinsights_skip_tracking":false,"_monsterinsights_sitenote_active":false,"_monsterinsights_sitenote_note":"","_monsterinsights_sitenote_category":0,"footnotes":""},"_links":{"self":[{"href":"https:\/\/www.hotelbonsol.es\/es\/wp-json\/wp\/v2\/pages\/13176"}],"collection":[{"href":"https:\/\/www.hotelbonsol.es\/es\/wp-json\/wp\/v2\/pages"}],"about":[{"href":"https:\/\/www.hotelbonsol.es\/es\/wp-json\/wp\/v2\/types\/page"}],"author":[{"embeddable":true,"href":"https:\/\/www.hotelbonsol.es\/es\/wp-json\/wp\/v2\/users\/2"}],"replies":[{"embeddable":true,"href":"https:\/\/www.hotelbonsol.es\/es\/wp-json\/wp\/v2\/comments?post=13176"}],"version-history":[{"count":12,"href":"https:\/\/www.hotelbonsol.es\/es\/wp-json\/wp\/v2\/pages\/13176\/revisions"}],"predecessor-version":[{"id":14152,"href":"https:\/\/www.hotelbonsol.es\/es\/wp-json\/wp\/v2\/pages\/13176\/revisions\/14152"}],"wp:attachment":[{"href":"https:\/\/www.hotelbonsol.es\/es\/wp-json\/wp\/v2\/media?parent=13176"}],"curies":[{"name":"wp","href":"https:\/\/api.w.org\/{rel}","templated":true}]}}