{"id":13581,"date":"2024-06-04T11:54:36","date_gmt":"2024-06-04T10:54:36","guid":{"rendered":"https:\/\/www.hotelbonsol.es\/?page_id=13581"},"modified":"2024-06-04T12:47:04","modified_gmt":"2024-06-04T11:47:04","slug":"estate-blog","status":"publish","type":"page","link":"https:\/\/www.hotelbonsol.es\/es\/estate-blog\/","title":{"rendered":"Estate Blog"},"content":{"rendered":"\t\t<div data-elementor-type=\"wp-page\" data-elementor-id=\"13581\" class=\"elementor elementor-13581\">\n\t\t\t\t\t\t<section class=\"elementor-section elementor-top-section elementor-element elementor-element-2298edc elementor-section-boxed elementor-section-height-default elementor-section-height-default\" data-id=\"2298edc\" data-element_type=\"section\">\n\t\t\t\t\t\t<div class=\"elementor-container elementor-column-gap-default\">\n\t\t\t\t\t<div class=\"elementor-column elementor-col-100 elementor-top-column elementor-element elementor-element-eca40c0\" data-id=\"eca40c0\" data-element_type=\"column\">\n\t\t\t<div class=\"elementor-widget-wrap elementor-element-populated\">\n\t\t\t\t\t\t<div class=\"elementor-element elementor-element-36ab9d3 elementor-widget elementor-widget-spacer\" data-id=\"36ab9d3\" data-element_type=\"widget\" data-widget_type=\"spacer.default\">\n\t\t\t\t<div class=\"elementor-widget-container\">\n\t\t\t<style>\/*! elementor - v3.23.0 - 05-08-2024 *\/\n.elementor-column .elementor-spacer-inner{height:var(--spacer-size)}.e-con{--container-widget-width:100%}.e-con-inner>.elementor-widget-spacer,.e-con>.elementor-widget-spacer{width:var(--container-widget-width,var(--spacer-size));--align-self:var(--container-widget-align-self,initial);--flex-shrink:0}.e-con-inner>.elementor-widget-spacer>.elementor-widget-container,.e-con>.elementor-widget-spacer>.elementor-widget-container{height:100%;width:100%}.e-con-inner>.elementor-widget-spacer>.elementor-widget-container>.elementor-spacer,.e-con>.elementor-widget-spacer>.elementor-widget-container>.elementor-spacer{height:100%}.e-con-inner>.elementor-widget-spacer>.elementor-widget-container>.elementor-spacer>.elementor-spacer-inner,.e-con>.elementor-widget-spacer>.elementor-widget-container>.elementor-spacer>.elementor-spacer-inner{height:var(--container-widget-height,var(--spacer-size))}.e-con-inner>.elementor-widget-spacer.elementor-widget-empty,.e-con>.elementor-widget-spacer.elementor-widget-empty{position:relative;min-height:22px;min-width:22px}.e-con-inner>.elementor-widget-spacer.elementor-widget-empty .elementor-widget-empty-icon,.e-con>.elementor-widget-spacer.elementor-widget-empty .elementor-widget-empty-icon{position:absolute;top:0;bottom:0;left:0;right:0;margin:auto;padding:0;width:22px;height:22px}<\/style>\t\t<div class=\"elementor-spacer\">\n\t\t\t<div class=\"elementor-spacer-inner\"><\/div>\n\t\t<\/div>\n\t\t\t\t<\/div>\n\t\t\t\t<\/div>\n\t\t\t\t\t<\/div>\n\t\t<\/div>\n\t\t\t\t\t<\/div>\n\t\t<\/section>\n\t\t\t\t<section class=\"elementor-section elementor-top-section elementor-element elementor-element-06f70af elementor-section-boxed elementor-section-height-default elementor-section-height-default\" data-id=\"06f70af\" data-element_type=\"section\">\n\t\t\t\t\t\t<div class=\"elementor-container elementor-column-gap-default\">\n\t\t\t\t\t<div class=\"elementor-column elementor-col-100 elementor-top-column elementor-element elementor-element-c035dd4\" data-id=\"c035dd4\" data-element_type=\"column\" data-settings=\"{&quot;background_background&quot;:&quot;classic&quot;}\">\n\t\t\t<div class=\"elementor-widget-wrap elementor-element-populated\">\n\t\t\t\t\t\t<div class=\"elementor-element elementor-element-9b09940 elementor-widget elementor-widget-image\" data-id=\"9b09940\" data-element_type=\"widget\" data-widget_type=\"image.default\">\n\t\t\t\t<div class=\"elementor-widget-container\">\n\t\t\t<style>\/*! elementor - v3.23.0 - 05-08-2024 *\/\n.elementor-widget-image{text-align:center}.elementor-widget-image a{display:inline-block}.elementor-widget-image a img[src$=\".svg\"]{width:48px}.elementor-widget-image img{vertical-align:middle;display:inline-block}<\/style>\t\t\t\t\t\t\t\t\t\t<img fetchpriority=\"high\" decoding=\"async\" width=\"770\" height=\"510\" src=\"https:\/\/www.hotelbonsol.es\/wp-content\/uploads\/2024\/06\/Recurso-1@0.2xG-770x510-1.png\" class=\"attachment-fleur_mikado_landscape size-fleur_mikado_landscape wp-image-13600\" alt=\"\" srcset=\"https:\/\/www.hotelbonsol.es\/wp-content\/uploads\/2024\/06\/Recurso-1@0.2xG-770x510-1.png 770w, https:\/\/www.hotelbonsol.es\/wp-content\/uploads\/2024\/06\/Recurso-1@0.2xG-770x510-1-600x397.png 600w, https:\/\/www.hotelbonsol.es\/wp-content\/uploads\/2024\/06\/Recurso-1@0.2xG-770x510-1-768x509.png 768w\" sizes=\"(max-width: 770px) 100vw, 770px\" \/>\t\t\t\t\t\t\t\t\t\t\t\t\t<\/div>\n\t\t\t\t<\/div>\n\t\t\t\t<div class=\"elementor-element elementor-element-9a7efcc elementor-widget elementor-widget-heading\" data-id=\"9a7efcc\" data-element_type=\"widget\" data-widget_type=\"heading.default\">\n\t\t\t\t<div class=\"elementor-widget-container\">\n\t\t\t<style>\/*! elementor - v3.23.0 - 05-08-2024 *\/\n.elementor-heading-title{padding:0;margin:0;line-height:1}.elementor-widget-heading .elementor-heading-title[class*=elementor-size-]>a{color:inherit;font-size:inherit;line-height:inherit}.elementor-widget-heading .elementor-heading-title.elementor-size-small{font-size:15px}.elementor-widget-heading .elementor-heading-title.elementor-size-medium{font-size:19px}.elementor-widget-heading .elementor-heading-title.elementor-size-large{font-size:29px}.elementor-widget-heading .elementor-heading-title.elementor-size-xl{font-size:39px}.elementor-widget-heading .elementor-heading-title.elementor-size-xxl{font-size:59px}<\/style><h2 class=\"elementor-heading-title elementor-size-default\"><h1 style=\"box-sizing: inherit; margin-top: -5px; margin-bottom: 19px; font-size: 36px; clear: both; font-family: Spartan; letter-spacing: normal; line-height: 1.4; color: rgb(0, 0, 0); overflow-wrap: break-word; text-transform: none; white-space-collapse: collapse; background-color: rgb(255, 255, 255);\">Estate, un\u2019estate fa e la chiamano estate\u2026<\/h1><\/h2>\t\t<\/div>\n\t\t\t\t<\/div>\n\t\t\t\t<div class=\"elementor-element elementor-element-3e46121 elementor-widget__width-initial elementor-widget elementor-widget-text-editor\" data-id=\"3e46121\" data-element_type=\"widget\" data-widget_type=\"text-editor.default\">\n\t\t\t\t<div class=\"elementor-widget-container\">\n\t\t\t<style>\/*! elementor - v3.23.0 - 05-08-2024 *\/\n.elementor-widget-text-editor.elementor-drop-cap-view-stacked .elementor-drop-cap{background-color:#69727d;color:#fff}.elementor-widget-text-editor.elementor-drop-cap-view-framed .elementor-drop-cap{color:#69727d;border:3px solid;background-color:transparent}.elementor-widget-text-editor:not(.elementor-drop-cap-view-default) .elementor-drop-cap{margin-top:8px}.elementor-widget-text-editor:not(.elementor-drop-cap-view-default) .elementor-drop-cap-letter{width:1em;height:1em}.elementor-widget-text-editor .elementor-drop-cap{float:left;text-align:center;line-height:1;font-size:50px}.elementor-widget-text-editor .elementor-drop-cap-letter{display:inline-block}<\/style>\t\t\t\t<p style=\"box-sizing: inherit; margin-bottom: 1.5em; margin-top: 0px; color: #888888; font-family: Arimo; font-size: 18px; text-align: start; background-color: #ffffff;\">Empecemos por el t\u00edtulo, o m\u00e1s bien por los t\u00edtulos, ya que el t\u00edtulo de este art\u00edculo, se inspira en tres ic\u00f3nicas canciones Italianas.\u00a0<\/p><p style=\"box-sizing: inherit; margin-bottom: 1.5em; margin-top: 0px; color: #888888; font-family: Arimo; font-size: 18px; text-align: start; background-color: #ffffff;\">La primera es \u00abEstate\u00bb, imprescindible de 1960. Muchos han puesto voz a esta hermosa canci\u00f3n escrita por Bruno Martino, y entre las numerosas versiones reproducidas, la m\u00e1s famosa es probablemente la interpretaci\u00f3n de Jo\u00e3o Gilberto, otras versiones han sido grabadas por otros tantos cantautores famosos como Claude Nougaro, Shirley Horn, Jon Hendricks, Toots Thielemans, Chet Baker con su trompeta, sin olvidar las ediciones instrumentales rearregladas en directo por Michel Petrucciani.<\/p><p style=\"box-sizing: inherit; margin-bottom: 1.5em; margin-top: 0px; color: #888888; font-family: Arimo; font-size: 18px; text-align: start; background-color: #ffffff;\">Vayamos a la segunda canci\u00f3n,\u00abUn\u2019estate fa\u00bb, que en realidad ser\u00eda \u00abUne belle histoire\u00bb t\u00edtulo de la versi\u00f3n original de la canci\u00f3n interpretada y escrita en 1972 por Michel Fugain y Pierre Delano\u00eb. Ese mismo a\u00f1o, la canci\u00f3n desembarc\u00f3 en el mercado italiano con la versi\u00f3n de Franco Califano, aunque el verdadero \u00e9xito lleg\u00f3 unos a\u00f1os m\u00e1s tarde cuando la cant\u00f3 la divina Mina.\u00a0<\/p><p style=\"box-sizing: inherit; margin-bottom: 1.5em; margin-top: 0px; color: #888888; font-family: Arimo; font-size: 18px; text-align: start; background-color: #ffffff;\">La \u00faltima, pero no por ello menos importante, \u00ab\u00c8 la chiamano estate\u00bb escrita por Franco Califano y Laura Zanin, que aunque no alcanz\u00f3 el \u00e9xito que merec\u00eda, sigue siendo una bell\u00edsima canci\u00f3n.<\/p><p style=\"box-sizing: inherit; margin-bottom: 1.5em; margin-top: 0px; color: #888888; font-family: Arimo; font-size: 18px; text-align: start; background-color: #ffffff;\">Pero, \u00bfqu\u00e9 tienen en com\u00fan todas estas canciones?<\/p><p style=\"box-sizing: inherit; margin-bottom: 1.5em; margin-top: 0px; color: #888888; font-family: Arimo; font-size: 18px; text-align: start; background-color: #ffffff;\">La nostalgia que produce recordar d\u00edas de verano que ya han pasado.<\/p><p style=\"box-sizing: inherit; margin-bottom: 1.5em; margin-top: 0px; color: #888888; font-family: Arimo; font-size: 18px; text-align: start; background-color: #ffffff;\">Las tres son canciones melanc\u00f3licas, pero no tristes, describen los estados de \u00e1nimo durante las estaciones del a\u00f1o lejos del SOL y del mar, con letras como por ejemplo \u00abOdio l\u2019estate che ha dato il suo profumo ad ogni fiore<em style=\"box-sizing: inherit;\">\u00bb<\/em>\u00a0(Odio el verano que ha dado su aroma a cada flor) de la canci\u00f3n \u00abEstate\u00bb o\u00a0<em style=\"box-sizing: inherit;\">\u00abIl profumo del mare non lo sento, non c\u2019\u00e8 piu\u2019\u00bb<\/em>\u00a0(La fragancia del mar no la siento, se ha ido) de la canci\u00f3n\u00a0<em style=\"box-sizing: inherit;\">\u00abE la chiamano estate\u00bb, o\u00a0<\/em>\u00a0<em style=\"box-sizing: inherit;\">\u00abnon c\u2019eri che tu ma l\u2019estate somiglia a un gioco \u00e8 stupenda ma dura poco\u00bb<\/em>\u00a0(S\u00f3lo estabas t\u00fa pero el verano se parece a un juego es maravilloso pero dura poco) de\u00a0<em style=\"box-sizing: inherit;\">\u00abUn\u2019estate fa\u00bb<\/em>.<\/p><p style=\"box-sizing: inherit; margin-bottom: 1.5em; margin-top: 0px; color: #888888; font-family: Arimo; font-size: 18px; text-align: start; background-color: #ffffff;\">Quiz\u00e1 se pregunten qu\u00e9 tiene que ver todo esto con BonSoul\u2026<\/p><p style=\"box-sizing: inherit; margin-bottom: 1.5em; margin-top: 0px; color: #888888; font-family: Arimo; font-size: 18px; text-align: start; background-color: #ffffff;\">Es incuestionable, que una canci\u00f3n puede asociarse a unas vacaciones, incluso en algunos casos puede actuar como banda sonora. De manera similar act\u00faa un objeto adquirido durante estas, ya que puede ejercer el mismo poder evocador de un recuerdo que una canci\u00f3n, y verlo y\/o llevarlo puesto puede activar memorias felices de maravillosos momentos pasados, teniendo un efecto inmensamente positivo en nuestro estado de \u00e1nimo.<\/p><p style=\"box-sizing: inherit; margin-bottom: 0px; margin-top: 0px; color: #888888; font-family: Arimo; font-size: 18px; text-align: start; background-color: #ffffff;\">Adquirir un producto BonSoul seguramente no ser\u00e1 capaz de llenar el vac\u00edo dejado por el fr\u00edo invierno, tampoco calmar la distancia de un amor de verano, ni transportarnos a maravillosos d\u00edas de SOL, pero sin duda podr\u00e1 calentar moment\u00e1neamente nuestros corazones y reactivar las extraordinarias sensaciones de un hermoso d\u00eda verano en nuestro peque\u00f1o rinc\u00f3n paradisiaco de Mallorca.<\/p>\t\t\t\t\t\t<\/div>\n\t\t\t\t<\/div>\n\t\t\t\t\t<\/div>\n\t\t<\/div>\n\t\t\t\t\t<\/div>\n\t\t<\/section>\n\t\t\t\t<section class=\"elementor-section elementor-top-section elementor-element elementor-element-7c739f0 elementor-section-boxed elementor-section-height-default elementor-section-height-default\" data-id=\"7c739f0\" data-element_type=\"section\">\n\t\t\t\t\t\t<div class=\"elementor-container elementor-column-gap-default\">\n\t\t\t\t\t<div class=\"elementor-column elementor-col-100 elementor-top-column elementor-element elementor-element-e205d72\" data-id=\"e205d72\" data-element_type=\"column\">\n\t\t\t<div class=\"elementor-widget-wrap elementor-element-populated\">\n\t\t\t\t\t\t<div class=\"elementor-element elementor-element-355834b elementor-widget__width-initial elementor-widget elementor-widget-button\" data-id=\"355834b\" data-element_type=\"widget\" data-widget_type=\"button.default\">\n\t\t\t\t<div class=\"elementor-widget-container\">\n\t\t\t\t\t<div class=\"elementor-button-wrapper\">\n\t\t\t<a class=\"elementor-button elementor-button-link elementor-size-sm\" href=\"https:\/\/www.hotelbonsol.es\/es\/blog\/\">\n\t\t\t\t\t\t<span class=\"elementor-button-content-wrapper\">\n\t\t\t\t\t\t\t\t\t<span class=\"elementor-button-text\">Blog Bonsoul<\/span>\n\t\t\t\t\t<\/span>\n\t\t\t\t\t<\/a>\n\t\t<\/div>\n\t\t\t\t<\/div>\n\t\t\t\t<\/div>\n\t\t\t\t\t<\/div>\n\t\t<\/div>\n\t\t\t\t\t<\/div>\n\t\t<\/section>\n\t\t\t\t<section class=\"elementor-section elementor-top-section elementor-element elementor-element-9e792fa elementor-section-boxed elementor-section-height-default elementor-section-height-default\" data-id=\"9e792fa\" data-element_type=\"section\">\n\t\t\t\t\t\t<div class=\"elementor-container elementor-column-gap-default\">\n\t\t\t\t\t<div class=\"elementor-column elementor-col-100 elementor-top-column elementor-element elementor-element-980a059\" data-id=\"980a059\" data-element_type=\"column\">\n\t\t\t<div class=\"elementor-widget-wrap elementor-element-populated\">\n\t\t\t\t\t\t<div class=\"elementor-element elementor-element-0f4a8c0 elementor-widget elementor-widget-spacer\" data-id=\"0f4a8c0\" data-element_type=\"widget\" data-widget_type=\"spacer.default\">\n\t\t\t\t<div class=\"elementor-widget-container\">\n\t\t\t\t\t<div class=\"elementor-spacer\">\n\t\t\t<div class=\"elementor-spacer-inner\"><\/div>\n\t\t<\/div>\n\t\t\t\t<\/div>\n\t\t\t\t<\/div>\n\t\t\t\t\t<\/div>\n\t\t<\/div>\n\t\t\t\t\t<\/div>\n\t\t<\/section>\n\t\t\t\t<\/div>\n\t\t","protected":false},"excerpt":{"rendered":"<p>Estate, un\u2019estate fa e la chiamano estate\u2026 Empecemos por el t\u00edtulo, o m\u00e1s bien por los t\u00edtulos, ya que el t\u00edtulo de este art\u00edculo, se inspira en tres ic\u00f3nicas canciones Italianas.\u00a0 La primera es \u00abEstate\u00bb, imprescindible de 1960. Muchos han puesto voz a esta hermosa&#8230;<\/p>\n","protected":false},"author":2,"featured_media":0,"parent":0,"menu_order":0,"comment_status":"closed","ping_status":"closed","template":"elementor_header_footer","meta":{"_monsterinsights_skip_tracking":false,"_monsterinsights_sitenote_active":false,"_monsterinsights_sitenote_note":"","_monsterinsights_sitenote_category":0,"footnotes":""},"_links":{"self":[{"href":"https:\/\/www.hotelbonsol.es\/es\/wp-json\/wp\/v2\/pages\/13581"}],"collection":[{"href":"https:\/\/www.hotelbonsol.es\/es\/wp-json\/wp\/v2\/pages"}],"about":[{"href":"https:\/\/www.hotelbonsol.es\/es\/wp-json\/wp\/v2\/types\/page"}],"author":[{"embeddable":true,"href":"https:\/\/www.hotelbonsol.es\/es\/wp-json\/wp\/v2\/users\/2"}],"replies":[{"embeddable":true,"href":"https:\/\/www.hotelbonsol.es\/es\/wp-json\/wp\/v2\/comments?post=13581"}],"version-history":[{"count":13,"href":"https:\/\/www.hotelbonsol.es\/es\/wp-json\/wp\/v2\/pages\/13581\/revisions"}],"predecessor-version":[{"id":13661,"href":"https:\/\/www.hotelbonsol.es\/es\/wp-json\/wp\/v2\/pages\/13581\/revisions\/13661"}],"wp:attachment":[{"href":"https:\/\/www.hotelbonsol.es\/es\/wp-json\/wp\/v2\/media?parent=13581"}],"curies":[{"name":"wp","href":"https:\/\/api.w.org\/{rel}","templated":true}]}}