{"id":13583,"date":"2024-06-04T11:55:40","date_gmt":"2024-06-04T10:55:40","guid":{"rendered":"https:\/\/www.hotelbonsol.es\/?page_id=13583"},"modified":"2024-06-04T12:46:55","modified_gmt":"2024-06-04T11:46:55","slug":"bonsol-la-palabra-es-la-idea-blog","status":"publish","type":"page","link":"https:\/\/www.hotelbonsol.es\/es\/bonsol-la-palabra-es-la-idea-blog\/","title":{"rendered":"BONSOL LA PALABRA ES LA IDEA BLOG"},"content":{"rendered":"\t\t<div data-elementor-type=\"wp-page\" data-elementor-id=\"13583\" class=\"elementor elementor-13583\">\n\t\t\t\t\t\t<section class=\"elementor-section elementor-top-section elementor-element elementor-element-ca1df62 elementor-section-boxed elementor-section-height-default elementor-section-height-default\" data-id=\"ca1df62\" data-element_type=\"section\">\n\t\t\t\t\t\t<div class=\"elementor-container elementor-column-gap-default\">\n\t\t\t\t\t<div class=\"elementor-column elementor-col-100 elementor-top-column elementor-element elementor-element-ec16d8c\" data-id=\"ec16d8c\" data-element_type=\"column\">\n\t\t\t<div class=\"elementor-widget-wrap elementor-element-populated\">\n\t\t\t\t\t\t<div class=\"elementor-element elementor-element-900729f elementor-widget elementor-widget-spacer\" data-id=\"900729f\" data-element_type=\"widget\" data-widget_type=\"spacer.default\">\n\t\t\t\t<div class=\"elementor-widget-container\">\n\t\t\t<style>\/*! elementor - v3.23.0 - 05-08-2024 *\/\n.elementor-column .elementor-spacer-inner{height:var(--spacer-size)}.e-con{--container-widget-width:100%}.e-con-inner>.elementor-widget-spacer,.e-con>.elementor-widget-spacer{width:var(--container-widget-width,var(--spacer-size));--align-self:var(--container-widget-align-self,initial);--flex-shrink:0}.e-con-inner>.elementor-widget-spacer>.elementor-widget-container,.e-con>.elementor-widget-spacer>.elementor-widget-container{height:100%;width:100%}.e-con-inner>.elementor-widget-spacer>.elementor-widget-container>.elementor-spacer,.e-con>.elementor-widget-spacer>.elementor-widget-container>.elementor-spacer{height:100%}.e-con-inner>.elementor-widget-spacer>.elementor-widget-container>.elementor-spacer>.elementor-spacer-inner,.e-con>.elementor-widget-spacer>.elementor-widget-container>.elementor-spacer>.elementor-spacer-inner{height:var(--container-widget-height,var(--spacer-size))}.e-con-inner>.elementor-widget-spacer.elementor-widget-empty,.e-con>.elementor-widget-spacer.elementor-widget-empty{position:relative;min-height:22px;min-width:22px}.e-con-inner>.elementor-widget-spacer.elementor-widget-empty .elementor-widget-empty-icon,.e-con>.elementor-widget-spacer.elementor-widget-empty .elementor-widget-empty-icon{position:absolute;top:0;bottom:0;left:0;right:0;margin:auto;padding:0;width:22px;height:22px}<\/style>\t\t<div class=\"elementor-spacer\">\n\t\t\t<div class=\"elementor-spacer-inner\"><\/div>\n\t\t<\/div>\n\t\t\t\t<\/div>\n\t\t\t\t<\/div>\n\t\t\t\t\t<\/div>\n\t\t<\/div>\n\t\t\t\t\t<\/div>\n\t\t<\/section>\n\t\t\t\t<section class=\"elementor-section elementor-top-section elementor-element elementor-element-0f3563e elementor-section-boxed elementor-section-height-default elementor-section-height-default\" data-id=\"0f3563e\" data-element_type=\"section\">\n\t\t\t\t\t\t<div class=\"elementor-container elementor-column-gap-default\">\n\t\t\t\t\t<div class=\"elementor-column elementor-col-100 elementor-top-column elementor-element elementor-element-ba559b6\" data-id=\"ba559b6\" data-element_type=\"column\" data-settings=\"{&quot;background_background&quot;:&quot;classic&quot;}\">\n\t\t\t<div class=\"elementor-widget-wrap elementor-element-populated\">\n\t\t\t\t\t\t<div class=\"elementor-element elementor-element-cbd4c6f elementor-widget elementor-widget-image\" data-id=\"cbd4c6f\" data-element_type=\"widget\" data-widget_type=\"image.default\">\n\t\t\t\t<div class=\"elementor-widget-container\">\n\t\t\t<style>\/*! elementor - v3.23.0 - 05-08-2024 *\/\n.elementor-widget-image{text-align:center}.elementor-widget-image a{display:inline-block}.elementor-widget-image a img[src$=\".svg\"]{width:48px}.elementor-widget-image img{vertical-align:middle;display:inline-block}<\/style>\t\t\t\t\t\t\t\t\t\t<img fetchpriority=\"high\" decoding=\"async\" width=\"800\" height=\"600\" src=\"https:\/\/www.hotelbonsol.es\/wp-content\/uploads\/2024\/06\/fondito-800x600.jpg\" class=\"attachment-fleur_mikado_landscape size-fleur_mikado_landscape wp-image-13584\" alt=\"\" \/>\t\t\t\t\t\t\t\t\t\t\t\t\t<\/div>\n\t\t\t\t<\/div>\n\t\t\t\t<div class=\"elementor-element elementor-element-233290a elementor-widget elementor-widget-heading\" data-id=\"233290a\" data-element_type=\"widget\" data-widget_type=\"heading.default\">\n\t\t\t\t<div class=\"elementor-widget-container\">\n\t\t\t<style>\/*! elementor - v3.23.0 - 05-08-2024 *\/\n.elementor-heading-title{padding:0;margin:0;line-height:1}.elementor-widget-heading .elementor-heading-title[class*=elementor-size-]>a{color:inherit;font-size:inherit;line-height:inherit}.elementor-widget-heading .elementor-heading-title.elementor-size-small{font-size:15px}.elementor-widget-heading .elementor-heading-title.elementor-size-medium{font-size:19px}.elementor-widget-heading .elementor-heading-title.elementor-size-large{font-size:29px}.elementor-widget-heading .elementor-heading-title.elementor-size-xl{font-size:39px}.elementor-widget-heading .elementor-heading-title.elementor-size-xxl{font-size:59px}<\/style><h2 class=\"elementor-heading-title elementor-size-default\"><h1 style=\"box-sizing: inherit; margin-top: -5px; margin-bottom: 19px; font-size: 36px; clear: both; font-family: Spartan; letter-spacing: normal; line-height: 1.4; color: rgb(0, 0, 0); overflow-wrap: break-word; text-transform: none; white-space-collapse: collapse; background-color: rgb(255, 255, 255);\">\u201cBONSOUL\u201d LA PALABRA ES LA IDEA<\/h1><\/h2>\t\t<\/div>\n\t\t\t\t<\/div>\n\t\t\t\t<div class=\"elementor-element elementor-element-1dfe29e elementor-widget__width-initial elementor-widget elementor-widget-text-editor\" data-id=\"1dfe29e\" data-element_type=\"widget\" data-widget_type=\"text-editor.default\">\n\t\t\t\t<div class=\"elementor-widget-container\">\n\t\t\t<style>\/*! elementor - v3.23.0 - 05-08-2024 *\/\n.elementor-widget-text-editor.elementor-drop-cap-view-stacked .elementor-drop-cap{background-color:#69727d;color:#fff}.elementor-widget-text-editor.elementor-drop-cap-view-framed .elementor-drop-cap{color:#69727d;border:3px solid;background-color:transparent}.elementor-widget-text-editor:not(.elementor-drop-cap-view-default) .elementor-drop-cap{margin-top:8px}.elementor-widget-text-editor:not(.elementor-drop-cap-view-default) .elementor-drop-cap-letter{width:1em;height:1em}.elementor-widget-text-editor .elementor-drop-cap{float:left;text-align:center;line-height:1;font-size:50px}.elementor-widget-text-editor .elementor-drop-cap-letter{display:inline-block}<\/style>\t\t\t\t<p style=\"box-sizing: inherit; margin-bottom: 1.5em; margin-top: 0px; color: rgb(136, 136, 136); font-family: Arimo; font-size: 18px; background-color: rgb(255, 255, 255);\">Hace unos d\u00edas le\u00ed en el \u2018corriere della sera\u2019 una entrevista a Maria Franca Fissolo, viuda de Michele Ferrero el inventor de la Nutella y de tantas otras delicias que han deleitado nuestro paladar. En este hermoso recuerdo de su vida con uno de los industriales m\u00e1s grandes y extraordinarios de Italia, me impresion\u00f3 la historia de c\u00f3mo surgi\u00f3 el nombre de Nutella: \u201cEst\u00e1bamos en Frankfurt, \u00e9l reflexion\u00f3 durante dos horas y dijo: NUTELLA. Le mir\u00e9 como se mira a un loco. \u00c9l, como si tuviera una visi\u00f3n: es el nombre del producto que dirigir\u00e1 el mundo\u2019.<\/p><p style=\"box-sizing: inherit; margin-bottom: 0px; margin-top: 0px; color: rgb(136, 136, 136); font-family: Arimo; font-size: 18px; background-color: rgb(255, 255, 255);\">Esta bonita historia me record\u00f3 el momento en el que el nombre Bonsoul cobr\u00f3 vida y sobre todo la explicaci\u00f3n que tom\u00f3 forma en las palabras de mi mujer Natalia Xamena creadora junto a M\u00f3nica Matanza de la marca : \u201cuna l\u00ednea de dise\u00f1o made in Mallorca, que va desde joyas, a artesan\u00eda, pasando por libros y perfumes, en definitiva, todo aquello que nos devuelva la esencia de la isla y sobre todo que transporte el alma de Bonsol a quien lo lleve\u201d estas dos palabras \u201cBonsol\u201d y \u201calma\u201d resonaron como por arte de magia en nuestros o\u00eddos y con la mirada animosa de quien tiene la chispa creativa, dijo, con los ojos bien abiertos: BONSOUL. Somos absolutamente conscientes de que estamos a a\u00f1os luz del revolucionario concepto que cambi\u00f3 para siempre la idea del chocolate y los aperitivos en el mundo, pero estoy seguro de que la emoci\u00f3n del Caballero Michele Ferrero al pronunciar la palabra Nutella por primera vez fue la misma que la de mi mujer al decir BONSOUL en voz alta. S\u00edganos en esta peque\u00f1a historia isle\u00f1a de dise\u00f1o, persistencia y artesan\u00eda, que comience el viaje.<\/p>\t\t\t\t\t\t<\/div>\n\t\t\t\t<\/div>\n\t\t\t\t\t<\/div>\n\t\t<\/div>\n\t\t\t\t\t<\/div>\n\t\t<\/section>\n\t\t\t\t<section class=\"elementor-section elementor-top-section elementor-element elementor-element-54f1386 elementor-section-boxed elementor-section-height-default elementor-section-height-default\" data-id=\"54f1386\" data-element_type=\"section\">\n\t\t\t\t\t\t<div class=\"elementor-container elementor-column-gap-default\">\n\t\t\t\t\t<div class=\"elementor-column elementor-col-100 elementor-top-column elementor-element elementor-element-c8b39fc\" data-id=\"c8b39fc\" data-element_type=\"column\">\n\t\t\t<div class=\"elementor-widget-wrap elementor-element-populated\">\n\t\t\t\t\t\t<div class=\"elementor-element elementor-element-d46d669 elementor-widget__width-initial elementor-widget elementor-widget-button\" data-id=\"d46d669\" data-element_type=\"widget\" data-widget_type=\"button.default\">\n\t\t\t\t<div class=\"elementor-widget-container\">\n\t\t\t\t\t<div class=\"elementor-button-wrapper\">\n\t\t\t<a class=\"elementor-button elementor-button-link elementor-size-sm\" href=\"https:\/\/www.hotelbonsol.es\/es\/blog\/\">\n\t\t\t\t\t\t<span class=\"elementor-button-content-wrapper\">\n\t\t\t\t\t\t\t\t\t<span class=\"elementor-button-text\">Blog Bonsoul<\/span>\n\t\t\t\t\t<\/span>\n\t\t\t\t\t<\/a>\n\t\t<\/div>\n\t\t\t\t<\/div>\n\t\t\t\t<\/div>\n\t\t\t\t\t<\/div>\n\t\t<\/div>\n\t\t\t\t\t<\/div>\n\t\t<\/section>\n\t\t\t\t<section class=\"elementor-section elementor-top-section elementor-element elementor-element-665659b elementor-section-boxed elementor-section-height-default elementor-section-height-default\" data-id=\"665659b\" data-element_type=\"section\">\n\t\t\t\t\t\t<div class=\"elementor-container elementor-column-gap-default\">\n\t\t\t\t\t<div class=\"elementor-column elementor-col-100 elementor-top-column elementor-element elementor-element-ccf21c7\" data-id=\"ccf21c7\" data-element_type=\"column\">\n\t\t\t<div class=\"elementor-widget-wrap elementor-element-populated\">\n\t\t\t\t\t\t<div class=\"elementor-element elementor-element-2cddaff elementor-widget elementor-widget-spacer\" data-id=\"2cddaff\" data-element_type=\"widget\" data-widget_type=\"spacer.default\">\n\t\t\t\t<div class=\"elementor-widget-container\">\n\t\t\t\t\t<div class=\"elementor-spacer\">\n\t\t\t<div class=\"elementor-spacer-inner\"><\/div>\n\t\t<\/div>\n\t\t\t\t<\/div>\n\t\t\t\t<\/div>\n\t\t\t\t\t<\/div>\n\t\t<\/div>\n\t\t\t\t\t<\/div>\n\t\t<\/section>\n\t\t\t\t<\/div>\n\t\t","protected":false},"excerpt":{"rendered":"<p>\u201cBONSOUL\u201d LA PALABRA ES LA IDEA Hace unos d\u00edas le\u00ed en el \u2018corriere della sera\u2019 una entrevista a Maria Franca Fissolo, viuda de Michele Ferrero el inventor de la Nutella y de tantas otras delicias que han deleitado nuestro paladar. En este hermoso recuerdo de&#8230;<\/p>\n","protected":false},"author":2,"featured_media":0,"parent":0,"menu_order":0,"comment_status":"closed","ping_status":"closed","template":"elementor_header_footer","meta":{"_monsterinsights_skip_tracking":false,"_monsterinsights_sitenote_active":false,"_monsterinsights_sitenote_note":"","_monsterinsights_sitenote_category":0,"footnotes":""},"_links":{"self":[{"href":"https:\/\/www.hotelbonsol.es\/es\/wp-json\/wp\/v2\/pages\/13583"}],"collection":[{"href":"https:\/\/www.hotelbonsol.es\/es\/wp-json\/wp\/v2\/pages"}],"about":[{"href":"https:\/\/www.hotelbonsol.es\/es\/wp-json\/wp\/v2\/types\/page"}],"author":[{"embeddable":true,"href":"https:\/\/www.hotelbonsol.es\/es\/wp-json\/wp\/v2\/users\/2"}],"replies":[{"embeddable":true,"href":"https:\/\/www.hotelbonsol.es\/es\/wp-json\/wp\/v2\/comments?post=13583"}],"version-history":[{"count":10,"href":"https:\/\/www.hotelbonsol.es\/es\/wp-json\/wp\/v2\/pages\/13583\/revisions"}],"predecessor-version":[{"id":13655,"href":"https:\/\/www.hotelbonsol.es\/es\/wp-json\/wp\/v2\/pages\/13583\/revisions\/13655"}],"wp:attachment":[{"href":"https:\/\/www.hotelbonsol.es\/es\/wp-json\/wp\/v2\/media?parent=13583"}],"curies":[{"name":"wp","href":"https:\/\/api.w.org\/{rel}","templated":true}]}}