{"id":13593,"date":"2024-06-04T11:57:32","date_gmt":"2024-06-04T10:57:32","guid":{"rendered":"https:\/\/www.hotelbonsol.es\/?page_id=13593"},"modified":"2024-06-04T12:47:02","modified_gmt":"2024-06-04T11:47:02","slug":"sol-para-el-cuerpo-blog","status":"publish","type":"page","link":"https:\/\/www.hotelbonsol.es\/es\/sol-para-el-cuerpo-blog\/","title":{"rendered":"Sol Para el Cuerpo BLOG"},"content":{"rendered":"\t\t<div data-elementor-type=\"wp-page\" data-elementor-id=\"13593\" class=\"elementor elementor-13593\">\n\t\t\t\t\t\t<section class=\"elementor-section elementor-top-section elementor-element elementor-element-6f85297 elementor-section-boxed elementor-section-height-default elementor-section-height-default\" data-id=\"6f85297\" data-element_type=\"section\">\n\t\t\t\t\t\t<div class=\"elementor-container elementor-column-gap-default\">\n\t\t\t\t\t<div class=\"elementor-column elementor-col-100 elementor-top-column elementor-element elementor-element-5770826\" data-id=\"5770826\" data-element_type=\"column\">\n\t\t\t<div class=\"elementor-widget-wrap elementor-element-populated\">\n\t\t\t\t\t\t<div class=\"elementor-element elementor-element-ec22c61 elementor-widget elementor-widget-spacer\" data-id=\"ec22c61\" data-element_type=\"widget\" data-widget_type=\"spacer.default\">\n\t\t\t\t<div class=\"elementor-widget-container\">\n\t\t\t<style>\/*! elementor - v3.23.0 - 05-08-2024 *\/\n.elementor-column .elementor-spacer-inner{height:var(--spacer-size)}.e-con{--container-widget-width:100%}.e-con-inner>.elementor-widget-spacer,.e-con>.elementor-widget-spacer{width:var(--container-widget-width,var(--spacer-size));--align-self:var(--container-widget-align-self,initial);--flex-shrink:0}.e-con-inner>.elementor-widget-spacer>.elementor-widget-container,.e-con>.elementor-widget-spacer>.elementor-widget-container{height:100%;width:100%}.e-con-inner>.elementor-widget-spacer>.elementor-widget-container>.elementor-spacer,.e-con>.elementor-widget-spacer>.elementor-widget-container>.elementor-spacer{height:100%}.e-con-inner>.elementor-widget-spacer>.elementor-widget-container>.elementor-spacer>.elementor-spacer-inner,.e-con>.elementor-widget-spacer>.elementor-widget-container>.elementor-spacer>.elementor-spacer-inner{height:var(--container-widget-height,var(--spacer-size))}.e-con-inner>.elementor-widget-spacer.elementor-widget-empty,.e-con>.elementor-widget-spacer.elementor-widget-empty{position:relative;min-height:22px;min-width:22px}.e-con-inner>.elementor-widget-spacer.elementor-widget-empty .elementor-widget-empty-icon,.e-con>.elementor-widget-spacer.elementor-widget-empty .elementor-widget-empty-icon{position:absolute;top:0;bottom:0;left:0;right:0;margin:auto;padding:0;width:22px;height:22px}<\/style>\t\t<div class=\"elementor-spacer\">\n\t\t\t<div class=\"elementor-spacer-inner\"><\/div>\n\t\t<\/div>\n\t\t\t\t<\/div>\n\t\t\t\t<\/div>\n\t\t\t\t\t<\/div>\n\t\t<\/div>\n\t\t\t\t\t<\/div>\n\t\t<\/section>\n\t\t\t\t<section class=\"elementor-section elementor-top-section elementor-element elementor-element-999d2d2 elementor-section-boxed elementor-section-height-default elementor-section-height-default\" data-id=\"999d2d2\" data-element_type=\"section\">\n\t\t\t\t\t\t<div class=\"elementor-container elementor-column-gap-default\">\n\t\t\t\t\t<div class=\"elementor-column elementor-col-100 elementor-top-column elementor-element elementor-element-be826ae\" data-id=\"be826ae\" data-element_type=\"column\" data-settings=\"{&quot;background_background&quot;:&quot;classic&quot;}\">\n\t\t\t<div class=\"elementor-widget-wrap elementor-element-populated\">\n\t\t\t\t\t\t<div class=\"elementor-element elementor-element-2390a80 elementor-widget elementor-widget-image\" data-id=\"2390a80\" data-element_type=\"widget\" data-widget_type=\"image.default\">\n\t\t\t\t<div class=\"elementor-widget-container\">\n\t\t\t<style>\/*! elementor - v3.23.0 - 05-08-2024 *\/\n.elementor-widget-image{text-align:center}.elementor-widget-image a{display:inline-block}.elementor-widget-image a img[src$=\".svg\"]{width:48px}.elementor-widget-image img{vertical-align:middle;display:inline-block}<\/style>\t\t\t\t\t\t\t\t\t\t<img fetchpriority=\"high\" decoding=\"async\" width=\"800\" height=\"600\" src=\"https:\/\/www.hotelbonsol.es\/wp-content\/uploads\/2024\/06\/fondito1-1-800x600.jpg\" class=\"attachment-fleur_mikado_landscape size-fleur_mikado_landscape wp-image-13594\" alt=\"\" \/>\t\t\t\t\t\t\t\t\t\t\t\t\t<\/div>\n\t\t\t\t<\/div>\n\t\t\t\t<div class=\"elementor-element elementor-element-d63de49 elementor-widget elementor-widget-heading\" data-id=\"d63de49\" data-element_type=\"widget\" data-widget_type=\"heading.default\">\n\t\t\t\t<div class=\"elementor-widget-container\">\n\t\t\t<style>\/*! elementor - v3.23.0 - 05-08-2024 *\/\n.elementor-heading-title{padding:0;margin:0;line-height:1}.elementor-widget-heading .elementor-heading-title[class*=elementor-size-]>a{color:inherit;font-size:inherit;line-height:inherit}.elementor-widget-heading .elementor-heading-title.elementor-size-small{font-size:15px}.elementor-widget-heading .elementor-heading-title.elementor-size-medium{font-size:19px}.elementor-widget-heading .elementor-heading-title.elementor-size-large{font-size:29px}.elementor-widget-heading .elementor-heading-title.elementor-size-xl{font-size:39px}.elementor-widget-heading .elementor-heading-title.elementor-size-xxl{font-size:59px}<\/style><h2 class=\"elementor-heading-title elementor-size-default\"><h1 style=\"box-sizing: inherit; margin-top: -5px; margin-bottom: 19px; font-size: 36px; clear: both; font-family: Spartan; letter-spacing: normal; line-height: 1.4; color: rgb(0, 0, 0); overflow-wrap: break-word; text-transform: none; white-space-collapse: collapse; background-color: rgb(255, 255, 255);\">SOL PARA EL CUERPO, PAZ AL ESP\u00cdRITU, CALOR EN EL CORAZ\u00d3N\u2026<\/h1><\/h2>\t\t<\/div>\n\t\t\t\t<\/div>\n\t\t\t\t<div class=\"elementor-element elementor-element-4082816 elementor-widget__width-initial elementor-widget elementor-widget-text-editor\" data-id=\"4082816\" data-element_type=\"widget\" data-widget_type=\"text-editor.default\">\n\t\t\t\t<div class=\"elementor-widget-container\">\n\t\t\t<style>\/*! elementor - v3.23.0 - 05-08-2024 *\/\n.elementor-widget-text-editor.elementor-drop-cap-view-stacked .elementor-drop-cap{background-color:#69727d;color:#fff}.elementor-widget-text-editor.elementor-drop-cap-view-framed .elementor-drop-cap{color:#69727d;border:3px solid;background-color:transparent}.elementor-widget-text-editor:not(.elementor-drop-cap-view-default) .elementor-drop-cap{margin-top:8px}.elementor-widget-text-editor:not(.elementor-drop-cap-view-default) .elementor-drop-cap-letter{width:1em;height:1em}.elementor-widget-text-editor .elementor-drop-cap{float:left;text-align:center;line-height:1;font-size:50px}.elementor-widget-text-editor .elementor-drop-cap-letter{display:inline-block}<\/style>\t\t\t\t<p style=\"box-sizing: inherit; margin-bottom: 1.5em; margin-top: 0px; color: #888888; font-family: Arimo; font-size: 18px; background-color: #ffffff;\">Veinte a\u00f1os y un d\u00eda, ese es el tiempo que he pasado entrando y saliendo de los distintos centros de producci\u00f3n de la televisi\u00f3n p\u00fablica italiana. Ten\u00eda 28 a\u00f1os cuando entr\u00e9 y 48 cuando sal\u00ed por \u00faltima vez de la mayor empresa cultural de Italia: la RAI.<\/p><p style=\"box-sizing: inherit; margin-bottom: 1.5em; margin-top: 0px; color: #888888; font-family: Arimo; font-size: 18px; background-color: #ffffff;\">Como ocurre en muchas familias y normalmente tambi\u00e9n en la vida, las mujeres siempre tienen raz\u00f3n y en casa tambi\u00e9n la \u00faltima palabra, as\u00ed que mi mujer decidi\u00f3 que esos veinte a\u00f1os y un d\u00eda de experiencia period\u00edstica televisiva no deb\u00edan archivarse, sino orientarse hacia otras formas de comunicaci\u00f3n, una puerta se cierra y una ventana se abre y si en este nuevo paisaje predominan el sol y el mar, quiz\u00e1s me encuentre en el buen camino.<\/p><p style=\"box-sizing: inherit; margin-bottom: 1.5em; margin-top: 0px; color: #888888; font-family: Arimo; font-size: 18px; background-color: #ffffff;\">Para una persona ajena a las redes sociales, perteneciente por derecho a la Generaci\u00f3n X, que creci\u00f3 lejos del mundo digital, colaborar como creador de contenido en BonSoul, es sin duda un reto intrigante\u2026 un poco como abandonar la vieja m\u00e1quina de escribir y entrar en una tienda Apple con los ojos vendados.<\/p><p style=\"box-sizing: inherit; margin-bottom: 1.5em; margin-top: 0px; color: #888888; font-family: Arimo; font-size: 18px; background-color: #ffffff;\">Dicho esto, \u00a1les doy la bienvenida a la columna semanal de BonSoul! Una forma de dar voz a la historia del Hotel Bonsol Resort &amp; Spa y a su alma, a trav\u00e9s de objetos de dise\u00f1o que nos transportan a veraniegos d\u00edas al sol de Mallorca, que activan los recuerdos positivos y la nostalgia de d\u00edas felices. As\u00ed que para los amantes de lo vintage y lo no vintage, este espacio ser\u00e1 un lugar suspendido, donde encontrar la esencia de esas cosas que fluyen lentamente, un microcosmos de arte y artesan\u00eda.<\/p><p style=\"box-sizing: inherit; margin-bottom: 1.5em; margin-top: 0px; color: #888888; font-family: Arimo; font-size: 18px; background-color: #ffffff;\">Los objetos disponibles en este espacio, tienen una vida, una narraci\u00f3n interior, portadores de una memoria activa, evocando el sol, el mar, con sus colores y sus perfumes, combinados con el recuerdo de un verano que uno no querr\u00eda que se acabara nunca. Esto es \u00abThe BonSoul\u00bb la esencia de muchas cosas que se cuentan y se materializan a trav\u00e9s del alma de un hotel y de su legado.<\/p><p style=\"box-sizing: inherit; margin-bottom: 0px; margin-top: 0px; color: #888888; font-family: Arimo; font-size: 18px; background-color: #ffffff;\">Y yo, Federico Giannini, periodista y apasionado de Mallorca y de su sol, les digo: \u00a1BIENVENIDOS a mi columna!, en ella escribir\u00e9 sobre todo aquello que para m\u00ed contenga y transmita atributos del lema del BonSol: Sol para el cuerpo, Paz al esp\u00edritu y Calor en el coraz\u00f3n\u2026<\/p>\t\t\t\t\t\t<\/div>\n\t\t\t\t<\/div>\n\t\t\t\t\t<\/div>\n\t\t<\/div>\n\t\t\t\t\t<\/div>\n\t\t<\/section>\n\t\t\t\t<section class=\"elementor-section elementor-top-section elementor-element elementor-element-8f49ff2 elementor-section-boxed elementor-section-height-default elementor-section-height-default\" data-id=\"8f49ff2\" data-element_type=\"section\">\n\t\t\t\t\t\t<div class=\"elementor-container elementor-column-gap-default\">\n\t\t\t\t\t<div class=\"elementor-column elementor-col-100 elementor-top-column elementor-element elementor-element-7d39ad5\" data-id=\"7d39ad5\" data-element_type=\"column\">\n\t\t\t<div class=\"elementor-widget-wrap elementor-element-populated\">\n\t\t\t\t\t\t<div class=\"elementor-element elementor-element-ff20c21 elementor-widget__width-initial elementor-widget elementor-widget-button\" data-id=\"ff20c21\" data-element_type=\"widget\" data-widget_type=\"button.default\">\n\t\t\t\t<div class=\"elementor-widget-container\">\n\t\t\t\t\t<div class=\"elementor-button-wrapper\">\n\t\t\t<a class=\"elementor-button elementor-button-link elementor-size-sm\" href=\"https:\/\/www.hotelbonsol.es\/es\/blog\/\">\n\t\t\t\t\t\t<span class=\"elementor-button-content-wrapper\">\n\t\t\t\t\t\t\t\t\t<span class=\"elementor-button-text\">Blog Bonsoul<\/span>\n\t\t\t\t\t<\/span>\n\t\t\t\t\t<\/a>\n\t\t<\/div>\n\t\t\t\t<\/div>\n\t\t\t\t<\/div>\n\t\t\t\t\t<\/div>\n\t\t<\/div>\n\t\t\t\t\t<\/div>\n\t\t<\/section>\n\t\t\t\t<section class=\"elementor-section elementor-top-section elementor-element elementor-element-09a6be8 elementor-section-boxed elementor-section-height-default elementor-section-height-default\" data-id=\"09a6be8\" data-element_type=\"section\">\n\t\t\t\t\t\t<div class=\"elementor-container elementor-column-gap-default\">\n\t\t\t\t\t<div class=\"elementor-column elementor-col-100 elementor-top-column elementor-element elementor-element-79c10f3\" data-id=\"79c10f3\" data-element_type=\"column\">\n\t\t\t<div class=\"elementor-widget-wrap elementor-element-populated\">\n\t\t\t\t\t\t<div class=\"elementor-element elementor-element-07652ff elementor-widget elementor-widget-spacer\" data-id=\"07652ff\" data-element_type=\"widget\" data-widget_type=\"spacer.default\">\n\t\t\t\t<div class=\"elementor-widget-container\">\n\t\t\t\t\t<div class=\"elementor-spacer\">\n\t\t\t<div class=\"elementor-spacer-inner\"><\/div>\n\t\t<\/div>\n\t\t\t\t<\/div>\n\t\t\t\t<\/div>\n\t\t\t\t\t<\/div>\n\t\t<\/div>\n\t\t\t\t\t<\/div>\n\t\t<\/section>\n\t\t\t\t<\/div>\n\t\t","protected":false},"excerpt":{"rendered":"<p>SOL PARA EL CUERPO, PAZ AL ESP\u00cdRITU, CALOR EN EL CORAZ\u00d3N\u2026 Veinte a\u00f1os y un d\u00eda, ese es el tiempo que he pasado entrando y saliendo de los distintos centros de producci\u00f3n de la televisi\u00f3n p\u00fablica italiana. Ten\u00eda 28 a\u00f1os cuando entr\u00e9 y 48 cuando&#8230;<\/p>\n","protected":false},"author":2,"featured_media":0,"parent":0,"menu_order":0,"comment_status":"closed","ping_status":"closed","template":"elementor_header_footer","meta":{"_monsterinsights_skip_tracking":false,"_monsterinsights_sitenote_active":false,"_monsterinsights_sitenote_note":"","_monsterinsights_sitenote_category":0,"footnotes":""},"_links":{"self":[{"href":"https:\/\/www.hotelbonsol.es\/es\/wp-json\/wp\/v2\/pages\/13593"}],"collection":[{"href":"https:\/\/www.hotelbonsol.es\/es\/wp-json\/wp\/v2\/pages"}],"about":[{"href":"https:\/\/www.hotelbonsol.es\/es\/wp-json\/wp\/v2\/types\/page"}],"author":[{"embeddable":true,"href":"https:\/\/www.hotelbonsol.es\/es\/wp-json\/wp\/v2\/users\/2"}],"replies":[{"embeddable":true,"href":"https:\/\/www.hotelbonsol.es\/es\/wp-json\/wp\/v2\/comments?post=13593"}],"version-history":[{"count":13,"href":"https:\/\/www.hotelbonsol.es\/es\/wp-json\/wp\/v2\/pages\/13593\/revisions"}],"predecessor-version":[{"id":13658,"href":"https:\/\/www.hotelbonsol.es\/es\/wp-json\/wp\/v2\/pages\/13593\/revisions\/13658"}],"wp:attachment":[{"href":"https:\/\/www.hotelbonsol.es\/es\/wp-json\/wp\/v2\/media?parent=13593"}],"curies":[{"name":"wp","href":"https:\/\/api.w.org\/{rel}","templated":true}]}}