{"id":13915,"date":"2024-07-29T10:33:03","date_gmt":"2024-07-29T09:33:03","guid":{"rendered":"https:\/\/www.hotelbonsol.es\/?page_id=13915"},"modified":"2024-07-29T10:41:21","modified_gmt":"2024-07-29T09:41:21","slug":"feedback-sin-back","status":"publish","type":"page","link":"https:\/\/www.hotelbonsol.es\/es\/feedback-sin-back\/","title":{"rendered":"FEEDBACK sin BACK&#8230;"},"content":{"rendered":"\t\t<div data-elementor-type=\"wp-page\" data-elementor-id=\"13915\" class=\"elementor elementor-13915\">\n\t\t\t\t\t\t<section class=\"elementor-section elementor-top-section elementor-element elementor-element-ca1df62 elementor-section-boxed elementor-section-height-default elementor-section-height-default\" data-id=\"ca1df62\" data-element_type=\"section\">\n\t\t\t\t\t\t<div class=\"elementor-container elementor-column-gap-default\">\n\t\t\t\t\t<div class=\"elementor-column elementor-col-100 elementor-top-column elementor-element elementor-element-ec16d8c\" data-id=\"ec16d8c\" data-element_type=\"column\">\n\t\t\t<div class=\"elementor-widget-wrap elementor-element-populated\">\n\t\t\t\t\t\t<div class=\"elementor-element elementor-element-900729f elementor-widget elementor-widget-spacer\" data-id=\"900729f\" data-element_type=\"widget\" data-widget_type=\"spacer.default\">\n\t\t\t\t<div class=\"elementor-widget-container\">\n\t\t\t<style>\/*! elementor - v3.23.0 - 05-08-2024 *\/\n.elementor-column .elementor-spacer-inner{height:var(--spacer-size)}.e-con{--container-widget-width:100%}.e-con-inner>.elementor-widget-spacer,.e-con>.elementor-widget-spacer{width:var(--container-widget-width,var(--spacer-size));--align-self:var(--container-widget-align-self,initial);--flex-shrink:0}.e-con-inner>.elementor-widget-spacer>.elementor-widget-container,.e-con>.elementor-widget-spacer>.elementor-widget-container{height:100%;width:100%}.e-con-inner>.elementor-widget-spacer>.elementor-widget-container>.elementor-spacer,.e-con>.elementor-widget-spacer>.elementor-widget-container>.elementor-spacer{height:100%}.e-con-inner>.elementor-widget-spacer>.elementor-widget-container>.elementor-spacer>.elementor-spacer-inner,.e-con>.elementor-widget-spacer>.elementor-widget-container>.elementor-spacer>.elementor-spacer-inner{height:var(--container-widget-height,var(--spacer-size))}.e-con-inner>.elementor-widget-spacer.elementor-widget-empty,.e-con>.elementor-widget-spacer.elementor-widget-empty{position:relative;min-height:22px;min-width:22px}.e-con-inner>.elementor-widget-spacer.elementor-widget-empty .elementor-widget-empty-icon,.e-con>.elementor-widget-spacer.elementor-widget-empty .elementor-widget-empty-icon{position:absolute;top:0;bottom:0;left:0;right:0;margin:auto;padding:0;width:22px;height:22px}<\/style>\t\t<div class=\"elementor-spacer\">\n\t\t\t<div class=\"elementor-spacer-inner\"><\/div>\n\t\t<\/div>\n\t\t\t\t<\/div>\n\t\t\t\t<\/div>\n\t\t\t\t\t<\/div>\n\t\t<\/div>\n\t\t\t\t\t<\/div>\n\t\t<\/section>\n\t\t\t\t<section class=\"elementor-section elementor-top-section elementor-element elementor-element-0f3563e elementor-section-boxed elementor-section-height-default elementor-section-height-default\" data-id=\"0f3563e\" data-element_type=\"section\">\n\t\t\t\t\t\t<div class=\"elementor-container elementor-column-gap-default\">\n\t\t\t\t\t<div class=\"elementor-column elementor-col-100 elementor-top-column elementor-element elementor-element-ba559b6\" data-id=\"ba559b6\" data-element_type=\"column\" data-settings=\"{&quot;background_background&quot;:&quot;classic&quot;}\">\n\t\t\t<div class=\"elementor-widget-wrap elementor-element-populated\">\n\t\t\t\t\t\t<div class=\"elementor-element elementor-element-cbd4c6f elementor-widget elementor-widget-image\" data-id=\"cbd4c6f\" data-element_type=\"widget\" data-widget_type=\"image.default\">\n\t\t\t\t<div class=\"elementor-widget-container\">\n\t\t\t<style>\/*! elementor - v3.23.0 - 05-08-2024 *\/\n.elementor-widget-image{text-align:center}.elementor-widget-image a{display:inline-block}.elementor-widget-image a img[src$=\".svg\"]{width:48px}.elementor-widget-image img{vertical-align:middle;display:inline-block}<\/style>\t\t\t\t\t\t\t\t\t\t<img fetchpriority=\"high\" decoding=\"async\" width=\"800\" height=\"600\" src=\"https:\/\/www.hotelbonsol.es\/wp-content\/uploads\/2024\/07\/518310348-800x600.jpg\" class=\"attachment-fleur_mikado_landscape size-fleur_mikado_landscape wp-image-13904\" alt=\"\" \/>\t\t\t\t\t\t\t\t\t\t\t\t\t<\/div>\n\t\t\t\t<\/div>\n\t\t\t\t<div class=\"elementor-element elementor-element-233290a elementor-widget elementor-widget-heading\" data-id=\"233290a\" data-element_type=\"widget\" data-widget_type=\"heading.default\">\n\t\t\t\t<div class=\"elementor-widget-container\">\n\t\t\t<style>\/*! elementor - v3.23.0 - 05-08-2024 *\/\n.elementor-heading-title{padding:0;margin:0;line-height:1}.elementor-widget-heading .elementor-heading-title[class*=elementor-size-]>a{color:inherit;font-size:inherit;line-height:inherit}.elementor-widget-heading .elementor-heading-title.elementor-size-small{font-size:15px}.elementor-widget-heading .elementor-heading-title.elementor-size-medium{font-size:19px}.elementor-widget-heading .elementor-heading-title.elementor-size-large{font-size:29px}.elementor-widget-heading .elementor-heading-title.elementor-size-xl{font-size:39px}.elementor-widget-heading .elementor-heading-title.elementor-size-xxl{font-size:59px}<\/style><h2 class=\"elementor-heading-title elementor-size-default\"><h1 style=\"box-sizing: inherit; margin-top: -5px; margin-bottom: 19px; font-size: 36px; clear: both; font-family: Spartan; letter-spacing: normal; line-height: 1.4; color: rgb(0, 0, 0); overflow-wrap: break-word; text-transform: none; white-space-collapse: collapse; background-color: rgb(255, 255, 255);\">FEEDBACK sin BACK...\n<\/h1><\/h2>\t\t<\/div>\n\t\t\t\t<\/div>\n\t\t\t\t<div class=\"elementor-element elementor-element-1dfe29e elementor-widget__width-initial elementor-widget elementor-widget-text-editor\" data-id=\"1dfe29e\" data-element_type=\"widget\" data-widget_type=\"text-editor.default\">\n\t\t\t\t<div class=\"elementor-widget-container\">\n\t\t\t<style>\/*! elementor - v3.23.0 - 05-08-2024 *\/\n.elementor-widget-text-editor.elementor-drop-cap-view-stacked .elementor-drop-cap{background-color:#69727d;color:#fff}.elementor-widget-text-editor.elementor-drop-cap-view-framed .elementor-drop-cap{color:#69727d;border:3px solid;background-color:transparent}.elementor-widget-text-editor:not(.elementor-drop-cap-view-default) .elementor-drop-cap{margin-top:8px}.elementor-widget-text-editor:not(.elementor-drop-cap-view-default) .elementor-drop-cap-letter{width:1em;height:1em}.elementor-widget-text-editor .elementor-drop-cap{float:left;text-align:center;line-height:1;font-size:50px}.elementor-widget-text-editor .elementor-drop-cap-letter{display:inline-block}<\/style>\t\t\t\t<p style=\"font-weight: 400;\">Hace unos d\u00edas estaba comiendo con un amigo en uno de los establecimientos m\u00e1s afamados de la isla, no mencionar\u00e9 el nombre para no influir en futuros juicios o ideas que en mi opini\u00f3n no se pueden juzgar con una sola visita.<\/p><p style=\"font-weight: 400;\">Entre que nos sentamos y lleg\u00f3 el camarero ya hab\u00edan pasado 20 minutos, otros 10 para darnos el men\u00fa y otros 10 para pedir algo. Para abreviar, llegamos a las 2 de la tarde y el primer plato se sirvi\u00f3 m\u00e1s de una hora despu\u00e9s. La compa\u00f1\u00eda era m\u00e1s que agradable y por eso no me import\u00f3 el tiempo (perdido) hasta que lleg\u00f3 la hora del caf\u00e9. Como llev\u00e1bamos casi dos horas sentados y no tengo por costumbre llamar la atenci\u00f3n de los camareros con gestos, manos levantadas y voces altas, cuando el camarero pas\u00f3 por delante de la mesa ped\u00ed educadamente dos caf\u00e9s. La reacci\u00f3n me dej\u00f3 perpleja, sin ni siquiera darse la vuelta y de espaldas a nosotros dijo en voz alta: \u00ab\u00a1eh un minuto!\u00bb, hay momentos y momentos, y ese para nosotros hab\u00eda sido una larga y prolongada espera, pero no fue ese instante sumado a tantos otros lo que me molest\u00f3, sino el tono en con el que el camarero se dirigi\u00f3 a nosotros.<\/p><p style=\"font-weight: 400;\">Llegaron entonces los caf\u00e9s (amargos) junto con la cuenta (salada) y el deseo de volver a casa y escribir mi venganza liberadora: una opini\u00f3n negativa en tripadvisor.<\/p><p style=\"font-weight: 400;\">Por mi parte, hab\u00eda invertido tiempo y dinero en una experiencia gastron\u00f3mica que se supon\u00eda monumental, en lugar de eso se hab\u00eda convertido en espera y descortes\u00eda, sobre todo pensando en lo dif\u00edcil que hab\u00eda sido reservar en el d\u00eda y la hora que ellos quer\u00edan ya que la semana estaba pr\u00e1cticamente toda llena.<\/p><p style=\"font-weight: 400;\">Sin embargo, mi amigo, experto conocedor de los locales de Palma, me dijo que hab\u00edamos tenido \u00abmala suerte\u00bb y que nos hab\u00edamos sentado en el sitio equivocado, que \u00e9l era un habitual del lugar y que la experiencia no reflejaba la realidad del sitio ni del personal. De hecho, tanto la comida como la bebida hab\u00edan sido de un alto nivel y quiz\u00e1 la visita hab\u00eda sido &#8216;desafortunada&#8217;, pero a\u00fan as\u00ed alimentaba en m\u00ed el impulso de escribir una cr\u00edtica negativa para castigar lo que consideraba una injusticia.<\/p><p style=\"font-weight: 400;\">Mientras conduc\u00eda el coche de vuelta a casa record\u00e9 el maravilloso viaje que hab\u00edamos hecho a Italia y los maravillosos lugares que hab\u00edamos visitado, ninguno de los cuales hab\u00eda rese\u00f1ado con comentarios positivos. Hab\u00edamos tenido una experiencia magn\u00edfica y no hab\u00edamos sentido la necesidad de homenajear nuestro trato de ninguna manera, pero ahora que hab\u00eda ocurrido lo contrario ya ten\u00eda las manos en el teclado listas para redactar mi juicio. Es cierto lo que dicen: una experiencia positiva se la cuentas a una persona y una negativa a diez.<\/p><p style=\"font-weight: 400;\">Cuando unas horas m\u00e1s tarde me sent\u00e9 frente al PC para trabajar, sopes\u00e9 mis pensamientos, me met\u00ed las palabras en el bolsillo, cerr\u00e9 metaf\u00f3ricamente la boca, y me puse a rebuscar en mi mente el nombre de aquel maravilloso castillo de Italia (Semivicoli) para dar rienda suelta a una hermosa cr\u00edtica de 5 puntos.<\/p><p style=\"font-weight: 400;\">Por desgracia, en un mundo que va a la velocidad de la luz, con cada vez menos tiempo para nosotros mismos, una mala experiencia (y adem\u00e1s cara) no se presenta como una estafa sino como un robo de ese tiempo que nos empe\u00f1amos en perseguir y no se contemplan las segundas oportunidades por miedo a encontrarnos en la misma situaci\u00f3n.<\/p><p style=\"font-weight: 400;\">Una cosa importante que he aprendido de esta an\u00e9cdota es que cuando nos ocurren malas experiencias, nos sentimos a\u00fan m\u00e1s inclinados a apreciar las buenas, esos lugares con alma que nos hicieron sentir bien, mimados y transportados&#8230; y que siempre hay que dar una segunda oportunidad, aunque s\u00f3lo sea para confirmar que hay lugares mejores y tal vez sorprendernos y comprender (como dice mi amigo) que s\u00f3lo tuvimos \u00abmala suerte\u00bb.<\/p>\t\t\t\t\t\t<\/div>\n\t\t\t\t<\/div>\n\t\t\t\t\t<\/div>\n\t\t<\/div>\n\t\t\t\t\t<\/div>\n\t\t<\/section>\n\t\t\t\t<section class=\"elementor-section elementor-top-section elementor-element elementor-element-54f1386 elementor-section-boxed elementor-section-height-default elementor-section-height-default\" data-id=\"54f1386\" data-element_type=\"section\">\n\t\t\t\t\t\t<div class=\"elementor-container elementor-column-gap-default\">\n\t\t\t\t\t<div class=\"elementor-column elementor-col-100 elementor-top-column elementor-element elementor-element-c8b39fc\" data-id=\"c8b39fc\" data-element_type=\"column\">\n\t\t\t<div class=\"elementor-widget-wrap elementor-element-populated\">\n\t\t\t\t\t\t<div class=\"elementor-element elementor-element-d46d669 elementor-widget__width-initial elementor-widget elementor-widget-button\" data-id=\"d46d669\" data-element_type=\"widget\" data-widget_type=\"button.default\">\n\t\t\t\t<div class=\"elementor-widget-container\">\n\t\t\t\t\t<div class=\"elementor-button-wrapper\">\n\t\t\t<a class=\"elementor-button elementor-button-link elementor-size-sm\" href=\"https:\/\/www.hotelbonsol.es\/es\/blog\/\">\n\t\t\t\t\t\t<span class=\"elementor-button-content-wrapper\">\n\t\t\t\t\t\t\t\t\t<span class=\"elementor-button-text\">Blog Bonsoul<\/span>\n\t\t\t\t\t<\/span>\n\t\t\t\t\t<\/a>\n\t\t<\/div>\n\t\t\t\t<\/div>\n\t\t\t\t<\/div>\n\t\t\t\t\t<\/div>\n\t\t<\/div>\n\t\t\t\t\t<\/div>\n\t\t<\/section>\n\t\t\t\t<section class=\"elementor-section elementor-top-section elementor-element elementor-element-665659b elementor-section-boxed elementor-section-height-default elementor-section-height-default\" data-id=\"665659b\" data-element_type=\"section\">\n\t\t\t\t\t\t<div class=\"elementor-container elementor-column-gap-default\">\n\t\t\t\t\t<div class=\"elementor-column elementor-col-100 elementor-top-column elementor-element elementor-element-ccf21c7\" data-id=\"ccf21c7\" data-element_type=\"column\">\n\t\t\t<div class=\"elementor-widget-wrap elementor-element-populated\">\n\t\t\t\t\t\t<div class=\"elementor-element elementor-element-2cddaff elementor-widget elementor-widget-spacer\" data-id=\"2cddaff\" data-element_type=\"widget\" data-widget_type=\"spacer.default\">\n\t\t\t\t<div class=\"elementor-widget-container\">\n\t\t\t\t\t<div class=\"elementor-spacer\">\n\t\t\t<div class=\"elementor-spacer-inner\"><\/div>\n\t\t<\/div>\n\t\t\t\t<\/div>\n\t\t\t\t<\/div>\n\t\t\t\t\t<\/div>\n\t\t<\/div>\n\t\t\t\t\t<\/div>\n\t\t<\/section>\n\t\t\t\t<\/div>\n\t\t","protected":false},"excerpt":{"rendered":"<p>FEEDBACK sin BACK&#8230; Hace unos d\u00edas estaba comiendo con un amigo en uno de los establecimientos m\u00e1s afamados de la isla, no mencionar\u00e9 el nombre para no influir en futuros juicios o ideas que en mi opini\u00f3n no se pueden juzgar con una sola visita&#8230;.<\/p>\n","protected":false},"author":2,"featured_media":0,"parent":0,"menu_order":0,"comment_status":"closed","ping_status":"closed","template":"elementor_header_footer","meta":{"_monsterinsights_skip_tracking":false,"_monsterinsights_sitenote_active":false,"_monsterinsights_sitenote_note":"","_monsterinsights_sitenote_category":0,"footnotes":""},"_links":{"self":[{"href":"https:\/\/www.hotelbonsol.es\/es\/wp-json\/wp\/v2\/pages\/13915"}],"collection":[{"href":"https:\/\/www.hotelbonsol.es\/es\/wp-json\/wp\/v2\/pages"}],"about":[{"href":"https:\/\/www.hotelbonsol.es\/es\/wp-json\/wp\/v2\/types\/page"}],"author":[{"embeddable":true,"href":"https:\/\/www.hotelbonsol.es\/es\/wp-json\/wp\/v2\/users\/2"}],"replies":[{"embeddable":true,"href":"https:\/\/www.hotelbonsol.es\/es\/wp-json\/wp\/v2\/comments?post=13915"}],"version-history":[{"count":4,"href":"https:\/\/www.hotelbonsol.es\/es\/wp-json\/wp\/v2\/pages\/13915\/revisions"}],"predecessor-version":[{"id":13923,"href":"https:\/\/www.hotelbonsol.es\/es\/wp-json\/wp\/v2\/pages\/13915\/revisions\/13923"}],"wp:attachment":[{"href":"https:\/\/www.hotelbonsol.es\/es\/wp-json\/wp\/v2\/media?parent=13915"}],"curies":[{"name":"wp","href":"https:\/\/api.w.org\/{rel}","templated":true}]}}