{"id":14060,"date":"2024-09-12T12:48:55","date_gmt":"2024-09-12T11:48:55","guid":{"rendered":"https:\/\/www.hotelbonsol.es\/?page_id=14060"},"modified":"2024-09-12T12:50:25","modified_gmt":"2024-09-12T11:50:25","slug":"bon-sol","status":"publish","type":"page","link":"https:\/\/www.hotelbonsol.es\/es\/bon-sol\/","title":{"rendered":"BON SOL"},"content":{"rendered":"\t\t<div data-elementor-type=\"wp-page\" data-elementor-id=\"14060\" class=\"elementor elementor-14060\">\n\t\t\t\t\t\t<section class=\"elementor-section elementor-top-section elementor-element elementor-element-ca1df62 elementor-section-boxed elementor-section-height-default elementor-section-height-default\" data-id=\"ca1df62\" data-element_type=\"section\">\n\t\t\t\t\t\t<div class=\"elementor-container elementor-column-gap-default\">\n\t\t\t\t\t<div class=\"elementor-column elementor-col-100 elementor-top-column elementor-element elementor-element-ec16d8c\" data-id=\"ec16d8c\" data-element_type=\"column\">\n\t\t\t<div class=\"elementor-widget-wrap elementor-element-populated\">\n\t\t\t\t\t\t<div class=\"elementor-element elementor-element-900729f elementor-widget elementor-widget-spacer\" data-id=\"900729f\" data-element_type=\"widget\" data-widget_type=\"spacer.default\">\n\t\t\t\t<div class=\"elementor-widget-container\">\n\t\t\t<style>\/*! elementor - v3.23.0 - 05-08-2024 *\/\n.elementor-column .elementor-spacer-inner{height:var(--spacer-size)}.e-con{--container-widget-width:100%}.e-con-inner>.elementor-widget-spacer,.e-con>.elementor-widget-spacer{width:var(--container-widget-width,var(--spacer-size));--align-self:var(--container-widget-align-self,initial);--flex-shrink:0}.e-con-inner>.elementor-widget-spacer>.elementor-widget-container,.e-con>.elementor-widget-spacer>.elementor-widget-container{height:100%;width:100%}.e-con-inner>.elementor-widget-spacer>.elementor-widget-container>.elementor-spacer,.e-con>.elementor-widget-spacer>.elementor-widget-container>.elementor-spacer{height:100%}.e-con-inner>.elementor-widget-spacer>.elementor-widget-container>.elementor-spacer>.elementor-spacer-inner,.e-con>.elementor-widget-spacer>.elementor-widget-container>.elementor-spacer>.elementor-spacer-inner{height:var(--container-widget-height,var(--spacer-size))}.e-con-inner>.elementor-widget-spacer.elementor-widget-empty,.e-con>.elementor-widget-spacer.elementor-widget-empty{position:relative;min-height:22px;min-width:22px}.e-con-inner>.elementor-widget-spacer.elementor-widget-empty .elementor-widget-empty-icon,.e-con>.elementor-widget-spacer.elementor-widget-empty .elementor-widget-empty-icon{position:absolute;top:0;bottom:0;left:0;right:0;margin:auto;padding:0;width:22px;height:22px}<\/style>\t\t<div class=\"elementor-spacer\">\n\t\t\t<div class=\"elementor-spacer-inner\"><\/div>\n\t\t<\/div>\n\t\t\t\t<\/div>\n\t\t\t\t<\/div>\n\t\t\t\t\t<\/div>\n\t\t<\/div>\n\t\t\t\t\t<\/div>\n\t\t<\/section>\n\t\t\t\t<section class=\"elementor-section elementor-top-section elementor-element elementor-element-0f3563e elementor-section-boxed elementor-section-height-default elementor-section-height-default\" data-id=\"0f3563e\" data-element_type=\"section\">\n\t\t\t\t\t\t<div class=\"elementor-container elementor-column-gap-default\">\n\t\t\t\t\t<div class=\"elementor-column elementor-col-100 elementor-top-column elementor-element elementor-element-ba559b6\" data-id=\"ba559b6\" data-element_type=\"column\" data-settings=\"{&quot;background_background&quot;:&quot;classic&quot;}\">\n\t\t\t<div class=\"elementor-widget-wrap elementor-element-populated\">\n\t\t\t\t\t\t<div class=\"elementor-element elementor-element-cbd4c6f elementor-widget elementor-widget-image\" data-id=\"cbd4c6f\" data-element_type=\"widget\" data-widget_type=\"image.default\">\n\t\t\t\t<div class=\"elementor-widget-container\">\n\t\t\t<style>\/*! elementor - v3.23.0 - 05-08-2024 *\/\n.elementor-widget-image{text-align:center}.elementor-widget-image a{display:inline-block}.elementor-widget-image a img[src$=\".svg\"]{width:48px}.elementor-widget-image img{vertical-align:middle;display:inline-block}<\/style>\t\t\t\t\t\t\t\t\t\t<img fetchpriority=\"high\" decoding=\"async\" width=\"675\" height=\"497\" src=\"https:\/\/www.hotelbonsol.es\/wp-content\/uploads\/2024\/09\/image00018.jpeg\" class=\"attachment-fleur_mikado_landscape size-fleur_mikado_landscape wp-image-14039\" alt=\"\" srcset=\"https:\/\/www.hotelbonsol.es\/wp-content\/uploads\/2024\/09\/image00018.jpeg 675w, https:\/\/www.hotelbonsol.es\/wp-content\/uploads\/2024\/09\/image00018-600x442.jpeg 600w\" sizes=\"(max-width: 675px) 100vw, 675px\" \/>\t\t\t\t\t\t\t\t\t\t\t\t\t<\/div>\n\t\t\t\t<\/div>\n\t\t\t\t<div class=\"elementor-element elementor-element-233290a elementor-widget elementor-widget-heading\" data-id=\"233290a\" data-element_type=\"widget\" data-widget_type=\"heading.default\">\n\t\t\t\t<div class=\"elementor-widget-container\">\n\t\t\t<style>\/*! elementor - v3.23.0 - 05-08-2024 *\/\n.elementor-heading-title{padding:0;margin:0;line-height:1}.elementor-widget-heading .elementor-heading-title[class*=elementor-size-]>a{color:inherit;font-size:inherit;line-height:inherit}.elementor-widget-heading .elementor-heading-title.elementor-size-small{font-size:15px}.elementor-widget-heading .elementor-heading-title.elementor-size-medium{font-size:19px}.elementor-widget-heading .elementor-heading-title.elementor-size-large{font-size:29px}.elementor-widget-heading .elementor-heading-title.elementor-size-xl{font-size:39px}.elementor-widget-heading .elementor-heading-title.elementor-size-xxl{font-size:59px}<\/style><h2 class=\"elementor-heading-title elementor-size-default\"><h1 style=\"box-sizing: inherit; margin-top: -5px; margin-bottom: 19px; font-size: 36px; clear: both; font-family: Spartan; letter-spacing: normal; line-height: 1.4; color: rgb(0, 0, 0); overflow-wrap: break-word; text-transform: none; white-space-collapse: collapse; background-color: rgb(255, 255, 255);\">BON SOL<\/h1><\/h2>\t\t<\/div>\n\t\t\t\t<\/div>\n\t\t\t\t<div class=\"elementor-element elementor-element-1dfe29e elementor-widget__width-initial elementor-widget elementor-widget-text-editor\" data-id=\"1dfe29e\" data-element_type=\"widget\" data-widget_type=\"text-editor.default\">\n\t\t\t\t<div class=\"elementor-widget-container\">\n\t\t\t<style>\/*! elementor - v3.23.0 - 05-08-2024 *\/\n.elementor-widget-text-editor.elementor-drop-cap-view-stacked .elementor-drop-cap{background-color:#69727d;color:#fff}.elementor-widget-text-editor.elementor-drop-cap-view-framed .elementor-drop-cap{color:#69727d;border:3px solid;background-color:transparent}.elementor-widget-text-editor:not(.elementor-drop-cap-view-default) .elementor-drop-cap{margin-top:8px}.elementor-widget-text-editor:not(.elementor-drop-cap-view-default) .elementor-drop-cap-letter{width:1em;height:1em}.elementor-widget-text-editor .elementor-drop-cap{float:left;text-align:center;line-height:1;font-size:50px}.elementor-widget-text-editor .elementor-drop-cap-letter{display:inline-block}<\/style>\t\t\t\t<p class=\"p1\">Sol para el cuerpo, qui\u00e9n sabe, tal vez eso pens\u00f3 don Antonio Xamena cuando mir\u00f3 al mar desde lo alto del peque\u00f1o promontorio de Illetas. En los a\u00f1os 50, toda esa parte de la costa estaba sin urbanizar, aquella casa en la colina era la \u00fanica construcci\u00f3n visible, el resto era naturaleza virgen. La apuesta de un visionario, lo que otros no pod\u00edan ver, \u00e9l ya lo hab\u00eda dibujado en su mente: un hotel o mejor dicho un Hostal que por aquel entonces solo contaba con 14 habitaciones.&nbsp;<\/p>\n<p class=\"p1\">Esta intuici\u00f3n fue extraordinaria, en cierto modo un salto en el vac\u00edo, sobre todo si se contextualiza en la posguerra, cuando Espa\u00f1a, a pesar de no haber entrado en la guerra mundial, se encontraba en una profunda crisis econ\u00f3mica agravada por la autarqu\u00eda, aislada internacionalmente, con una Europa, en cambio, en pleno auge econ\u00f3mico con el tir\u00f3n del Plan Marshall y las reconstrucciones. En 1953 est\u00e1bamos a\u00fan lejos del &#8216;milagro econ\u00f3mico espa\u00f1ol&#8217; que se desarrollar\u00eda en los a\u00f1os 60 gracias a la aprobaci\u00f3n de las reformas econ\u00f3micas y a una llamativa colaboraci\u00f3n con Estados Unidos. El aeropuerto de Palma se inaugur\u00f3 oficialmente en 1960 y antes de esa fecha solo exist\u00edan algunas compa\u00f1\u00edas a\u00e9reas muy peque\u00f1as en Baleares, el turismo estaba a\u00fan por desarrollar y las conexiones eran casi inexistentes, los tiempos de viaje eran muy largos y se desarrollaban mayoritariamente por mar.<\/p>\n<p class=\"p1\">Hay que mirar aquella elecci\u00f3n con los ojos de la \u00e9poca y no con los de ahora, donde grandes fondos y cadenas internacionales abren cada a\u00f1o hoteles de lujo en la isla, Mallorca sigue \u00abhorneando\u00bb lugares maravillosos, sobre todo en el segmento del lujo, la ciudad ha pasado a formar parte de los diez mejores lugares para vivir en el mundo e incluso grandes empresarios como Amancio Ortega (Zara) han comprado preciosos hoteles boutique en el centro hist\u00f3rico, pero todo esto en los a\u00f1os 50 no era previsible, ni siquiera pensable.&nbsp;<\/p>\n<p class=\"p1\">La<span style=\"color: var( --e-global-color-text ); letter-spacing: 0px;\">&nbsp;econom\u00eda era nula, el turismo era pr\u00e1cticamente inexistente, sin desarrollar y sin el apoyo de un sistema de transporte adecuado, y, sin embargo, Don Antonio Xamena hab\u00eda visto una oportunidad donde otros solo ve\u00edan rocas, hab\u00eda puesto el primer ladrillo en la cima de aquella colina. Una apuesta arriesgada en un periodo hist\u00f3rico complejo, pero el atractivo del mar y del sol hab\u00edan sido m\u00e1s fuertes que cualquier advertencia, aquella vista sobre la bah\u00eda de Palma y la maravillosa cala a sus pies, le hab\u00edan hechizado. As\u00ed es como nos gustar\u00eda imaginar al fundador del hotel Bonsol, de pie mirando al mar, besado por el sol y acariciado por el viento con su amada esposa, Roger Toro, a su lado, construyendo laboriosamente el futuro de un hotel que ha marcado la pauta de una idea diferente de la hospitalidad familiar: el de un hogar lejos del hogar.<\/span><\/p>\n<p class=\"p1\">Esta es la historia de un hotel familiar, de un hombre que hizo realidad un sue\u00f1o guiado \u00fanicamente por su coraz\u00f3n, el sol y esa paz que solo la da el mar. Gracias Don Antonio por creer en este peque\u00f1o gran proyecto llamado Hotel Bonsol, que durante m\u00e1s de 70 a\u00f1os sigue mirando al mar desde la misma perspectiva, poniendo el coraz\u00f3n y el alma en ello, siguiendo siempre al buen sol, o Bon Sol como se dir\u00eda en mallorqu\u00edn.<\/p>\t\t\t\t\t\t<\/div>\n\t\t\t\t<\/div>\n\t\t\t\t\t<\/div>\n\t\t<\/div>\n\t\t\t\t\t<\/div>\n\t\t<\/section>\n\t\t\t\t<section class=\"elementor-section elementor-top-section elementor-element elementor-element-54f1386 elementor-section-boxed elementor-section-height-default elementor-section-height-default\" data-id=\"54f1386\" data-element_type=\"section\">\n\t\t\t\t\t\t<div class=\"elementor-container elementor-column-gap-default\">\n\t\t\t\t\t<div class=\"elementor-column elementor-col-100 elementor-top-column elementor-element elementor-element-c8b39fc\" data-id=\"c8b39fc\" data-element_type=\"column\">\n\t\t\t<div class=\"elementor-widget-wrap elementor-element-populated\">\n\t\t\t\t\t\t<div class=\"elementor-element elementor-element-d46d669 elementor-widget__width-initial elementor-widget elementor-widget-button\" data-id=\"d46d669\" data-element_type=\"widget\" data-widget_type=\"button.default\">\n\t\t\t\t<div class=\"elementor-widget-container\">\n\t\t\t\t\t<div class=\"elementor-button-wrapper\">\n\t\t\t<a class=\"elementor-button elementor-button-link elementor-size-sm\" href=\"https:\/\/www.hotelbonsol.es\/es\/blog\/\">\n\t\t\t\t\t\t<span class=\"elementor-button-content-wrapper\">\n\t\t\t\t\t\t\t\t\t<span class=\"elementor-button-text\">Blog Bonsoul<\/span>\n\t\t\t\t\t<\/span>\n\t\t\t\t\t<\/a>\n\t\t<\/div>\n\t\t\t\t<\/div>\n\t\t\t\t<\/div>\n\t\t\t\t\t<\/div>\n\t\t<\/div>\n\t\t\t\t\t<\/div>\n\t\t<\/section>\n\t\t\t\t<section class=\"elementor-section elementor-top-section elementor-element elementor-element-665659b elementor-section-boxed elementor-section-height-default elementor-section-height-default\" data-id=\"665659b\" data-element_type=\"section\">\n\t\t\t\t\t\t<div class=\"elementor-container elementor-column-gap-default\">\n\t\t\t\t\t<div class=\"elementor-column elementor-col-100 elementor-top-column elementor-element elementor-element-ccf21c7\" data-id=\"ccf21c7\" data-element_type=\"column\">\n\t\t\t<div class=\"elementor-widget-wrap elementor-element-populated\">\n\t\t\t\t\t\t<div class=\"elementor-element elementor-element-2cddaff elementor-widget elementor-widget-spacer\" data-id=\"2cddaff\" data-element_type=\"widget\" data-widget_type=\"spacer.default\">\n\t\t\t\t<div class=\"elementor-widget-container\">\n\t\t\t\t\t<div class=\"elementor-spacer\">\n\t\t\t<div class=\"elementor-spacer-inner\"><\/div>\n\t\t<\/div>\n\t\t\t\t<\/div>\n\t\t\t\t<\/div>\n\t\t\t\t\t<\/div>\n\t\t<\/div>\n\t\t\t\t\t<\/div>\n\t\t<\/section>\n\t\t\t\t<\/div>\n\t\t","protected":false},"excerpt":{"rendered":"<p>BON SOL Sol para el cuerpo, qui\u00e9n sabe, tal vez eso pens\u00f3 don Antonio Xamena cuando mir\u00f3 al mar desde lo alto del peque\u00f1o promontorio de Illetas. En los a\u00f1os 50, toda esa parte de la costa estaba sin urbanizar, aquella casa en la colina&#8230;<\/p>\n","protected":false},"author":2,"featured_media":14039,"parent":0,"menu_order":0,"comment_status":"closed","ping_status":"closed","template":"elementor_header_footer","meta":{"_monsterinsights_skip_tracking":false,"_monsterinsights_sitenote_active":false,"_monsterinsights_sitenote_note":"","_monsterinsights_sitenote_category":0,"footnotes":""},"_links":{"self":[{"href":"https:\/\/www.hotelbonsol.es\/es\/wp-json\/wp\/v2\/pages\/14060"}],"collection":[{"href":"https:\/\/www.hotelbonsol.es\/es\/wp-json\/wp\/v2\/pages"}],"about":[{"href":"https:\/\/www.hotelbonsol.es\/es\/wp-json\/wp\/v2\/types\/page"}],"author":[{"embeddable":true,"href":"https:\/\/www.hotelbonsol.es\/es\/wp-json\/wp\/v2\/users\/2"}],"replies":[{"embeddable":true,"href":"https:\/\/www.hotelbonsol.es\/es\/wp-json\/wp\/v2\/comments?post=14060"}],"version-history":[{"count":4,"href":"https:\/\/www.hotelbonsol.es\/es\/wp-json\/wp\/v2\/pages\/14060\/revisions"}],"predecessor-version":[{"id":14064,"href":"https:\/\/www.hotelbonsol.es\/es\/wp-json\/wp\/v2\/pages\/14060\/revisions\/14064"}],"wp:featuredmedia":[{"embeddable":true,"href":"https:\/\/www.hotelbonsol.es\/es\/wp-json\/wp\/v2\/media\/14039"}],"wp:attachment":[{"href":"https:\/\/www.hotelbonsol.es\/es\/wp-json\/wp\/v2\/media?parent=14060"}],"curies":[{"name":"wp","href":"https:\/\/api.w.org\/{rel}","templated":true}]}}