{"id":14117,"date":"2024-10-03T14:28:12","date_gmt":"2024-10-03T13:28:12","guid":{"rendered":"https:\/\/www.hotelbonsol.es\/?page_id=14117"},"modified":"2024-10-03T14:55:35","modified_gmt":"2024-10-03T13:55:35","slug":"palma-de-maiorca","status":"publish","type":"page","link":"https:\/\/www.hotelbonsol.es\/es\/palma-de-maiorca\/","title":{"rendered":"PALMA DE MAIORCA\u00a0"},"content":{"rendered":"\t\t<div data-elementor-type=\"wp-page\" data-elementor-id=\"14117\" class=\"elementor elementor-14117\">\n\t\t\t\t\t\t<section class=\"elementor-section elementor-top-section elementor-element elementor-element-ca1df62 elementor-section-boxed elementor-section-height-default elementor-section-height-default\" data-id=\"ca1df62\" data-element_type=\"section\">\n\t\t\t\t\t\t<div class=\"elementor-container elementor-column-gap-default\">\n\t\t\t\t\t<div class=\"elementor-column elementor-col-100 elementor-top-column elementor-element elementor-element-ec16d8c\" data-id=\"ec16d8c\" data-element_type=\"column\">\n\t\t\t<div class=\"elementor-widget-wrap elementor-element-populated\">\n\t\t\t\t\t\t<div class=\"elementor-element elementor-element-900729f elementor-widget elementor-widget-spacer\" data-id=\"900729f\" data-element_type=\"widget\" data-widget_type=\"spacer.default\">\n\t\t\t\t<div class=\"elementor-widget-container\">\n\t\t\t<style>\/*! elementor - v3.23.0 - 05-08-2024 *\/\n.elementor-column .elementor-spacer-inner{height:var(--spacer-size)}.e-con{--container-widget-width:100%}.e-con-inner>.elementor-widget-spacer,.e-con>.elementor-widget-spacer{width:var(--container-widget-width,var(--spacer-size));--align-self:var(--container-widget-align-self,initial);--flex-shrink:0}.e-con-inner>.elementor-widget-spacer>.elementor-widget-container,.e-con>.elementor-widget-spacer>.elementor-widget-container{height:100%;width:100%}.e-con-inner>.elementor-widget-spacer>.elementor-widget-container>.elementor-spacer,.e-con>.elementor-widget-spacer>.elementor-widget-container>.elementor-spacer{height:100%}.e-con-inner>.elementor-widget-spacer>.elementor-widget-container>.elementor-spacer>.elementor-spacer-inner,.e-con>.elementor-widget-spacer>.elementor-widget-container>.elementor-spacer>.elementor-spacer-inner{height:var(--container-widget-height,var(--spacer-size))}.e-con-inner>.elementor-widget-spacer.elementor-widget-empty,.e-con>.elementor-widget-spacer.elementor-widget-empty{position:relative;min-height:22px;min-width:22px}.e-con-inner>.elementor-widget-spacer.elementor-widget-empty .elementor-widget-empty-icon,.e-con>.elementor-widget-spacer.elementor-widget-empty .elementor-widget-empty-icon{position:absolute;top:0;bottom:0;left:0;right:0;margin:auto;padding:0;width:22px;height:22px}<\/style>\t\t<div class=\"elementor-spacer\">\n\t\t\t<div class=\"elementor-spacer-inner\"><\/div>\n\t\t<\/div>\n\t\t\t\t<\/div>\n\t\t\t\t<\/div>\n\t\t\t\t\t<\/div>\n\t\t<\/div>\n\t\t\t\t\t<\/div>\n\t\t<\/section>\n\t\t\t\t<section class=\"elementor-section elementor-top-section elementor-element elementor-element-0f3563e elementor-section-boxed elementor-section-height-default elementor-section-height-default\" data-id=\"0f3563e\" data-element_type=\"section\">\n\t\t\t\t\t\t<div class=\"elementor-container elementor-column-gap-default\">\n\t\t\t\t\t<div class=\"elementor-column elementor-col-100 elementor-top-column elementor-element elementor-element-ba559b6\" data-id=\"ba559b6\" data-element_type=\"column\" data-settings=\"{&quot;background_background&quot;:&quot;classic&quot;}\">\n\t\t\t<div class=\"elementor-widget-wrap elementor-element-populated\">\n\t\t\t\t\t\t<div class=\"elementor-element elementor-element-cbd4c6f elementor-widget elementor-widget-image\" data-id=\"cbd4c6f\" data-element_type=\"widget\" data-widget_type=\"image.default\">\n\t\t\t\t<div class=\"elementor-widget-container\">\n\t\t\t<style>\/*! elementor - v3.23.0 - 05-08-2024 *\/\n.elementor-widget-image{text-align:center}.elementor-widget-image a{display:inline-block}.elementor-widget-image a img[src$=\".svg\"]{width:48px}.elementor-widget-image img{vertical-align:middle;display:inline-block}<\/style>\t\t\t\t\t\t\t\t\t\t<img fetchpriority=\"high\" decoding=\"async\" width=\"800\" height=\"600\" src=\"https:\/\/www.hotelbonsol.es\/wp-content\/uploads\/2024\/10\/m000001-R1-033-15-scaled-e1727963084206-800x600.jpg\" class=\"attachment-fleur_mikado_landscape size-fleur_mikado_landscape wp-image-14125\" alt=\"\" srcset=\"https:\/\/www.hotelbonsol.es\/wp-content\/uploads\/2024\/10\/m000001-R1-033-15-scaled-e1727963084206-800x600.jpg 800w, https:\/\/www.hotelbonsol.es\/wp-content\/uploads\/2024\/10\/m000001-R1-033-15-scaled-e1727963084206-600x450.jpg 600w, https:\/\/www.hotelbonsol.es\/wp-content\/uploads\/2024\/10\/m000001-R1-033-15-scaled-e1727963084206-1024x768.jpg 1024w, https:\/\/www.hotelbonsol.es\/wp-content\/uploads\/2024\/10\/m000001-R1-033-15-scaled-e1727963084206-768x576.jpg 768w, https:\/\/www.hotelbonsol.es\/wp-content\/uploads\/2024\/10\/m000001-R1-033-15-scaled-e1727963084206-1536x1152.jpg 1536w, https:\/\/www.hotelbonsol.es\/wp-content\/uploads\/2024\/10\/m000001-R1-033-15-scaled-e1727963084206.jpg 1570w\" sizes=\"(max-width: 800px) 100vw, 800px\" \/>\t\t\t\t\t\t\t\t\t\t\t\t\t<\/div>\n\t\t\t\t<\/div>\n\t\t\t\t<div class=\"elementor-element elementor-element-233290a elementor-widget elementor-widget-heading\" data-id=\"233290a\" data-element_type=\"widget\" data-widget_type=\"heading.default\">\n\t\t\t\t<div class=\"elementor-widget-container\">\n\t\t\t<style>\/*! elementor - v3.23.0 - 05-08-2024 *\/\n.elementor-heading-title{padding:0;margin:0;line-height:1}.elementor-widget-heading .elementor-heading-title[class*=elementor-size-]>a{color:inherit;font-size:inherit;line-height:inherit}.elementor-widget-heading .elementor-heading-title.elementor-size-small{font-size:15px}.elementor-widget-heading .elementor-heading-title.elementor-size-medium{font-size:19px}.elementor-widget-heading .elementor-heading-title.elementor-size-large{font-size:29px}.elementor-widget-heading .elementor-heading-title.elementor-size-xl{font-size:39px}.elementor-widget-heading .elementor-heading-title.elementor-size-xxl{font-size:59px}<\/style><h2 class=\"elementor-heading-title elementor-size-default\"><h1 style=\"box-sizing: inherit; margin-top: -5px; margin-bottom: 19px; font-size: 36px; clear: both; font-family: Spartan; letter-spacing: normal; line-height: 1.4; color: rgb(0, 0, 0); overflow-wrap: break-word; text-transform: none; white-space-collapse: collapse; background-color: rgb(255, 255, 255);\">PALMA DE MAIORCA \n<\/h1><\/h2>\t\t<\/div>\n\t\t\t\t<\/div>\n\t\t\t\t<div class=\"elementor-element elementor-element-1dfe29e elementor-widget__width-initial elementor-widget elementor-widget-text-editor\" data-id=\"1dfe29e\" data-element_type=\"widget\" data-widget_type=\"text-editor.default\">\n\t\t\t\t<div class=\"elementor-widget-container\">\n\t\t\t<style>\/*! elementor - v3.23.0 - 05-08-2024 *\/\n.elementor-widget-text-editor.elementor-drop-cap-view-stacked .elementor-drop-cap{background-color:#69727d;color:#fff}.elementor-widget-text-editor.elementor-drop-cap-view-framed .elementor-drop-cap{color:#69727d;border:3px solid;background-color:transparent}.elementor-widget-text-editor:not(.elementor-drop-cap-view-default) .elementor-drop-cap{margin-top:8px}.elementor-widget-text-editor:not(.elementor-drop-cap-view-default) .elementor-drop-cap-letter{width:1em;height:1em}.elementor-widget-text-editor .elementor-drop-cap{float:left;text-align:center;line-height:1;font-size:50px}.elementor-widget-text-editor .elementor-drop-cap-letter{display:inline-block}<\/style>\t\t\t\t<p class=\"p1\">Esto que hoy voy a contarles es una bella historia, y lo que hace bellas a las historias (aparte del contenido) son siempre los detalles. Empecemos por el nombre de la ciudad italiana, que a la mayor\u00eda no le dir\u00e1 gran cosa, de Ascoli Piceno, una peque\u00f1a ciudad del centro de Italia. Luego tomamos el nombre del protagonista de la famosa pel\u00edcula Gladiator de Ridley Scott, Russell Crowe, y por \u00faltimo el de mi amigo de Ascoli, Pierfrancesco con quien compart\u00ed universidad en Bolonia y por pura casualidad me reencontr\u00e9 despu\u00e9s de veinte a\u00f1os aqu\u00ed en Mallorca como restaurador, con un precioso chiringuito en la playa.<\/p><p class=\"p1\">Una ma\u00f1ana de verano, mientras abr\u00eda el peri\u00f3dico, le\u00ed una noticia sorprendente: en Ascoli, en la Piazza del Popolo, el antiguo Gladiator hab\u00eda hecho una declaraci\u00f3n que hab\u00eda extasiado a la multitud presente: <i>\u00abMi antepasado Luigi Ghezzi abandon\u00f3 Italia, hace mucho tiempo, en 1850.<\/i> <i>Dej\u00f3 Ascoli y nunca regres\u00f3.<\/i> <i>Pero esta noche he vuelto a casa y soy un hombre de Ascoli\u00bb.<\/i><\/p><p class=\"p1\"><i><br \/><\/i>As\u00ed que, presa del entusiasmo de aquella declaraci\u00f3n, envi\u00e9 un mensaje a mi amigo de Ascoli: <i>\u00ab<\/i>\u00a1Russell Crowe es ascolano!<i>\u00ab<\/i>, su respuesta me abri\u00f3 los ojos a un peque\u00f1o mundo que hab\u00eda dado su nombre al lugar donde vivo y donde naci\u00f3 el Hotel BonSol nada menos que 71 a\u00f1os atr\u00e1s: <i>\u00ab<\/i>si te sorprende esta noticia, ve a echar un vistazo al origen del nombre Palma di Maiorca<i>\u00ab<\/i>. Tan intrigado por la respuesta voy y echo un vistazo en Wikipedia bajo Palma de Mallorca:<br \/><i>\u00abPalma fue una ciudad picena y m\u00e1s tarde romana, fundada en el siglo VI antes de Cristo.<\/i> <i>El nombre se le dio probablemente por la amplia presencia de palmeras en la zona.<\/i> <i>La ciudad se alzaba en la ladera de una colina al sur de la desembocadura del r\u00edo Ete y era conocida por tener un puerto estrat\u00e9gico de importancia primordial para el comercio a trav\u00e9s del Adri\u00e1tico.<\/i> <i>La ciudad picena de Palma probablemente vio trasladado su top\u00f3nimo a la isla de Mallorca para dar nombre a la colonia romana de Palma, hoy capital de la isla.<\/i> <i>Es probable que la isla estuviera poblada por colonos picenos que razonablemente habr\u00edan bautizado las nuevas colonias con el nombre de su territorio original (y as\u00ed, tambi\u00e9n, la ciudad picena de Pollenza dio su nombre a la ciudad mallorquina de Pollentia)\u201d.<\/i><\/p><p class=\"p1\">Lo que quiz\u00e1 resulte a\u00fan m\u00e1s incre\u00edble de esta historia es que mi mujer y yo nos casamos en Torre di Palme, un peque\u00f1o pueblo de las Marcas que toma su origen de la antigua ciudad picena de Palma, que siglos m\u00e1s tarde dar\u00eda su nombre a Palma de Mallorca. Pero, \u00bfqu\u00e9 un\u00eda a estas antiguas colonias romanas? <br \/>La presencia de palmeras. La cuenca mediterr\u00e1nea es rica en vegetaci\u00f3n compuesta por el g\u00e9nero Phoenix, especialmente presente en Mallorca con dos especies: la palmera enana (Chamaerops Humilis) y la palmera canaria (Phoenix canariensis).<\/p><p class=\"p1\">\u00a0 <br \/>La palmera enana, originaria de la Pen\u00ednsula Ib\u00e9rica y de las Islas Baleares, ha tenido diversos usos a lo largo de los siglos, se utilizaba para la fabricaci\u00f3n de cuerdas con las que se hac\u00edan ata\u00fades de pesca, alforjas, esteras y escobas, con el tiempo la producci\u00f3n se fue refinando en favor de un verdadero arte de tejer palmas, para sombreros, bolsos, objetos religiosos y art\u00edsticos, basta pensar en el bello <i>\u00ab<\/i>Sol de Palmas<i>\u00ab<\/i> de Joan Mir\u00f3 o en la representaci\u00f3n de la propia palmera en el cuadro <i>\u00ab<\/i>La Casa de la Palmera<i>\u00ab<\/i>.<\/p><p class=\"p1\">Esto no hace m\u00e1s que demostrar la importancia de la palmera como valor art\u00edstico y simb\u00f3lico. Para los romanos representaba la victoria, para los griegos era un s\u00edmbolo de gloria que se ofrec\u00eda a los vencedores de los juegos o a los guerreros que se hab\u00edan distinguido en la batalla, una hoja de palmera era un signo de gran respeto.<br \/>La tradici\u00f3n de la artesan\u00eda de la hoja de palma en Mallorca sigue viva, tanto con fines religiosos durante el Domingo de Ramos como con fines ornamentales y sobre todo art\u00edsticos.<\/p><p class=\"p1\">Les recomiendo, que lo comprueben ustedes mismos dando un paseo por las callejuelas del casco antiguo de Palma, concretamente por la calle de la Concepcio 17, donde encontrar\u00e1n una antigua Alpargateria, llamada <i>\u00ab<\/i>Alpargater\u00eda la Concepci\u00f3n<i>\u00ab<\/i>, donde adem\u00e1s de sus famosas alpargatas, tambi\u00e9n encontrar\u00e1n cestas de palma hechas a mano como manda la tradici\u00f3n. Mar\u00eda y Aurora, las propietarias y gestoras, les guiar\u00e1n por un mundo de artesan\u00eda que se ha ido transmitiendo de generaci\u00f3n en generaci\u00f3n y s\u00f3lo podemos estar inmensamente agradecidos a madre e hija por mantener vivo el peque\u00f1o patrimonio cultural que se origin\u00f3 en una lejana colonia romana llamada Palma y que ha llegado as\u00ed hasta nuestros d\u00edas. No a caso esta famosa alpargater\u00eda, ha creado una edici\u00f3n limitada de espl\u00e9ndidas cestas de playa para BonSoul con tejido de <i>\u00ab<\/i>lleng\u00fces mallorquines<i>\u201d <\/i>que muy pronto encontrar\u00e1n en nuestra tienda online. \u00a1Est\u00e9n al tanto!<\/p>\t\t\t\t\t\t<\/div>\n\t\t\t\t<\/div>\n\t\t\t\t\t<\/div>\n\t\t<\/div>\n\t\t\t\t\t<\/div>\n\t\t<\/section>\n\t\t\t\t<section class=\"elementor-section elementor-top-section elementor-element elementor-element-54f1386 elementor-section-boxed elementor-section-height-default elementor-section-height-default\" data-id=\"54f1386\" data-element_type=\"section\">\n\t\t\t\t\t\t<div class=\"elementor-container elementor-column-gap-default\">\n\t\t\t\t\t<div class=\"elementor-column elementor-col-100 elementor-top-column elementor-element elementor-element-c8b39fc\" data-id=\"c8b39fc\" data-element_type=\"column\">\n\t\t\t<div class=\"elementor-widget-wrap elementor-element-populated\">\n\t\t\t\t\t\t<div class=\"elementor-element elementor-element-d46d669 elementor-widget__width-initial elementor-widget elementor-widget-button\" data-id=\"d46d669\" data-element_type=\"widget\" data-widget_type=\"button.default\">\n\t\t\t\t<div class=\"elementor-widget-container\">\n\t\t\t\t\t<div class=\"elementor-button-wrapper\">\n\t\t\t<a class=\"elementor-button elementor-button-link elementor-size-sm\" href=\"https:\/\/www.hotelbonsol.es\/es\/blog\/\">\n\t\t\t\t\t\t<span class=\"elementor-button-content-wrapper\">\n\t\t\t\t\t\t\t\t\t<span class=\"elementor-button-text\">Blog Bonsoul<\/span>\n\t\t\t\t\t<\/span>\n\t\t\t\t\t<\/a>\n\t\t<\/div>\n\t\t\t\t<\/div>\n\t\t\t\t<\/div>\n\t\t\t\t\t<\/div>\n\t\t<\/div>\n\t\t\t\t\t<\/div>\n\t\t<\/section>\n\t\t\t\t<section class=\"elementor-section elementor-top-section elementor-element elementor-element-665659b elementor-section-boxed elementor-section-height-default elementor-section-height-default\" data-id=\"665659b\" data-element_type=\"section\">\n\t\t\t\t\t\t<div class=\"elementor-container elementor-column-gap-default\">\n\t\t\t\t\t<div class=\"elementor-column elementor-col-100 elementor-top-column elementor-element elementor-element-ccf21c7\" data-id=\"ccf21c7\" data-element_type=\"column\">\n\t\t\t<div class=\"elementor-widget-wrap elementor-element-populated\">\n\t\t\t\t\t\t<div class=\"elementor-element elementor-element-2cddaff elementor-widget elementor-widget-spacer\" data-id=\"2cddaff\" data-element_type=\"widget\" data-widget_type=\"spacer.default\">\n\t\t\t\t<div class=\"elementor-widget-container\">\n\t\t\t\t\t<div class=\"elementor-spacer\">\n\t\t\t<div class=\"elementor-spacer-inner\"><\/div>\n\t\t<\/div>\n\t\t\t\t<\/div>\n\t\t\t\t<\/div>\n\t\t\t\t\t<\/div>\n\t\t<\/div>\n\t\t\t\t\t<\/div>\n\t\t<\/section>\n\t\t\t\t<\/div>\n\t\t","protected":false},"excerpt":{"rendered":"<p>PALMA DE MAIORCA Esto que hoy voy a contarles es una bella historia, y lo que hace bellas a las historias (aparte del contenido) son siempre los detalles. Empecemos por el nombre de la ciudad italiana, que a la mayor\u00eda no le dir\u00e1 gran cosa,&#8230;<\/p>\n","protected":false},"author":2,"featured_media":14125,"parent":0,"menu_order":0,"comment_status":"closed","ping_status":"closed","template":"elementor_header_footer","meta":{"_monsterinsights_skip_tracking":false,"_monsterinsights_sitenote_active":false,"_monsterinsights_sitenote_note":"","_monsterinsights_sitenote_category":0,"footnotes":""},"_links":{"self":[{"href":"https:\/\/www.hotelbonsol.es\/es\/wp-json\/wp\/v2\/pages\/14117"}],"collection":[{"href":"https:\/\/www.hotelbonsol.es\/es\/wp-json\/wp\/v2\/pages"}],"about":[{"href":"https:\/\/www.hotelbonsol.es\/es\/wp-json\/wp\/v2\/types\/page"}],"author":[{"embeddable":true,"href":"https:\/\/www.hotelbonsol.es\/es\/wp-json\/wp\/v2\/users\/2"}],"replies":[{"embeddable":true,"href":"https:\/\/www.hotelbonsol.es\/es\/wp-json\/wp\/v2\/comments?post=14117"}],"version-history":[{"count":7,"href":"https:\/\/www.hotelbonsol.es\/es\/wp-json\/wp\/v2\/pages\/14117\/revisions"}],"predecessor-version":[{"id":14141,"href":"https:\/\/www.hotelbonsol.es\/es\/wp-json\/wp\/v2\/pages\/14117\/revisions\/14141"}],"wp:featuredmedia":[{"embeddable":true,"href":"https:\/\/www.hotelbonsol.es\/es\/wp-json\/wp\/v2\/media\/14125"}],"wp:attachment":[{"href":"https:\/\/www.hotelbonsol.es\/es\/wp-json\/wp\/v2\/media?parent=14117"}],"curies":[{"name":"wp","href":"https:\/\/api.w.org\/{rel}","templated":true}]}}