{"id":14414,"date":"2025-01-20T19:44:50","date_gmt":"2025-01-20T18:44:50","guid":{"rendered":"https:\/\/www.hotelbonsol.es\/?page_id=14414"},"modified":"2025-01-20T19:48:15","modified_gmt":"2025-01-20T18:48:15","slug":"erase-una-vez-la-navidad-en-el-bonsol","status":"publish","type":"page","link":"https:\/\/www.hotelbonsol.es\/es\/erase-una-vez-la-navidad-en-el-bonsol\/","title":{"rendered":"\u00c9rase una vez, la Navidad en el Bonsol"},"content":{"rendered":"\t\t<div data-elementor-type=\"wp-page\" data-elementor-id=\"14414\" class=\"elementor elementor-14414\">\n\t\t\t\t\t\t<section class=\"elementor-section elementor-top-section elementor-element elementor-element-ca1df62 elementor-section-boxed elementor-section-height-default elementor-section-height-default\" data-id=\"ca1df62\" data-element_type=\"section\">\n\t\t\t\t\t\t<div class=\"elementor-container elementor-column-gap-default\">\n\t\t\t\t\t<div class=\"elementor-column elementor-col-100 elementor-top-column elementor-element elementor-element-ec16d8c\" data-id=\"ec16d8c\" data-element_type=\"column\">\n\t\t\t<div class=\"elementor-widget-wrap elementor-element-populated\">\n\t\t\t\t\t\t<div class=\"elementor-element elementor-element-900729f elementor-widget elementor-widget-spacer\" data-id=\"900729f\" data-element_type=\"widget\" data-widget_type=\"spacer.default\">\n\t\t\t\t<div class=\"elementor-widget-container\">\n\t\t\t<style>\/*! elementor - v3.23.0 - 05-08-2024 *\/\n.elementor-column .elementor-spacer-inner{height:var(--spacer-size)}.e-con{--container-widget-width:100%}.e-con-inner>.elementor-widget-spacer,.e-con>.elementor-widget-spacer{width:var(--container-widget-width,var(--spacer-size));--align-self:var(--container-widget-align-self,initial);--flex-shrink:0}.e-con-inner>.elementor-widget-spacer>.elementor-widget-container,.e-con>.elementor-widget-spacer>.elementor-widget-container{height:100%;width:100%}.e-con-inner>.elementor-widget-spacer>.elementor-widget-container>.elementor-spacer,.e-con>.elementor-widget-spacer>.elementor-widget-container>.elementor-spacer{height:100%}.e-con-inner>.elementor-widget-spacer>.elementor-widget-container>.elementor-spacer>.elementor-spacer-inner,.e-con>.elementor-widget-spacer>.elementor-widget-container>.elementor-spacer>.elementor-spacer-inner{height:var(--container-widget-height,var(--spacer-size))}.e-con-inner>.elementor-widget-spacer.elementor-widget-empty,.e-con>.elementor-widget-spacer.elementor-widget-empty{position:relative;min-height:22px;min-width:22px}.e-con-inner>.elementor-widget-spacer.elementor-widget-empty .elementor-widget-empty-icon,.e-con>.elementor-widget-spacer.elementor-widget-empty .elementor-widget-empty-icon{position:absolute;top:0;bottom:0;left:0;right:0;margin:auto;padding:0;width:22px;height:22px}<\/style>\t\t<div class=\"elementor-spacer\">\n\t\t\t<div class=\"elementor-spacer-inner\"><\/div>\n\t\t<\/div>\n\t\t\t\t<\/div>\n\t\t\t\t<\/div>\n\t\t\t\t\t<\/div>\n\t\t<\/div>\n\t\t\t\t\t<\/div>\n\t\t<\/section>\n\t\t\t\t<section class=\"elementor-section elementor-top-section elementor-element elementor-element-0f3563e elementor-section-boxed elementor-section-height-default elementor-section-height-default\" data-id=\"0f3563e\" data-element_type=\"section\">\n\t\t\t\t\t\t<div class=\"elementor-container elementor-column-gap-default\">\n\t\t\t\t\t<div class=\"elementor-column elementor-col-100 elementor-top-column elementor-element elementor-element-ba559b6\" data-id=\"ba559b6\" data-element_type=\"column\" data-settings=\"{&quot;background_background&quot;:&quot;classic&quot;}\">\n\t\t\t<div class=\"elementor-widget-wrap elementor-element-populated\">\n\t\t\t\t\t\t<div class=\"elementor-element elementor-element-cbd4c6f elementor-widget elementor-widget-image\" data-id=\"cbd4c6f\" data-element_type=\"widget\" data-widget_type=\"image.default\">\n\t\t\t\t<div class=\"elementor-widget-container\">\n\t\t\t<style>\/*! elementor - v3.23.0 - 05-08-2024 *\/\n.elementor-widget-image{text-align:center}.elementor-widget-image a{display:inline-block}.elementor-widget-image a img[src$=\".svg\"]{width:48px}.elementor-widget-image img{vertical-align:middle;display:inline-block}<\/style>\t\t\t\t\t\t\t\t\t\t<img fetchpriority=\"high\" decoding=\"async\" width=\"800\" height=\"600\" src=\"https:\/\/www.hotelbonsol.es\/wp-content\/uploads\/2025\/01\/b2136872-5745-49d9-92f6-f4a584f88cfa-800x600.jpg\" class=\"attachment-fleur_mikado_landscape size-fleur_mikado_landscape wp-image-14404\" alt=\"\" \/>\t\t\t\t\t\t\t\t\t\t\t\t\t<\/div>\n\t\t\t\t<\/div>\n\t\t\t\t<div class=\"elementor-element elementor-element-233290a elementor-widget elementor-widget-heading\" data-id=\"233290a\" data-element_type=\"widget\" data-widget_type=\"heading.default\">\n\t\t\t\t<div class=\"elementor-widget-container\">\n\t\t\t<style>\/*! elementor - v3.23.0 - 05-08-2024 *\/\n.elementor-heading-title{padding:0;margin:0;line-height:1}.elementor-widget-heading .elementor-heading-title[class*=elementor-size-]>a{color:inherit;font-size:inherit;line-height:inherit}.elementor-widget-heading .elementor-heading-title.elementor-size-small{font-size:15px}.elementor-widget-heading .elementor-heading-title.elementor-size-medium{font-size:19px}.elementor-widget-heading .elementor-heading-title.elementor-size-large{font-size:29px}.elementor-widget-heading .elementor-heading-title.elementor-size-xl{font-size:39px}.elementor-widget-heading .elementor-heading-title.elementor-size-xxl{font-size:59px}<\/style><h2 class=\"elementor-heading-title elementor-size-default\"><h1 style=\"box-sizing: inherit; margin-top: -5px; margin-bottom: 19px; font-size: 36px; clear: both; font-family: Spartan; letter-spacing: normal; line-height: 1.4; color: rgb(0, 0, 0); overflow-wrap: break-word; text-transform: none; white-space-collapse: collapse; background-color: rgb(255, 255, 255);\">\u00c9RASE UNA VEZ, LA NAVIDAD EN EL BONSOL\n<\/h1><\/h2>\t\t<\/div>\n\t\t\t\t<\/div>\n\t\t\t\t<div class=\"elementor-element elementor-element-1dfe29e elementor-widget__width-initial elementor-widget elementor-widget-text-editor\" data-id=\"1dfe29e\" data-element_type=\"widget\" data-widget_type=\"text-editor.default\">\n\t\t\t\t<div class=\"elementor-widget-container\">\n\t\t\t<style>\/*! elementor - v3.23.0 - 05-08-2024 *\/\n.elementor-widget-text-editor.elementor-drop-cap-view-stacked .elementor-drop-cap{background-color:#69727d;color:#fff}.elementor-widget-text-editor.elementor-drop-cap-view-framed .elementor-drop-cap{color:#69727d;border:3px solid;background-color:transparent}.elementor-widget-text-editor:not(.elementor-drop-cap-view-default) .elementor-drop-cap{margin-top:8px}.elementor-widget-text-editor:not(.elementor-drop-cap-view-default) .elementor-drop-cap-letter{width:1em;height:1em}.elementor-widget-text-editor .elementor-drop-cap{float:left;text-align:center;line-height:1;font-size:50px}.elementor-widget-text-editor .elementor-drop-cap-letter{display:inline-block}<\/style>\t\t\t\t<p class=\"p1\">\u00c9rase una vez un hotel familiar que, incluso en temporada baja, volv\u00eda a abrir sus puertas para celebrar la Navidad. Perm\u00edtanme este inicio de cuento de hadas, ya que, al fin y al cabo, cada relato es una historia que se transmite de generaci\u00f3n en generaci\u00f3n. Hace a\u00f1os, a pesar de no ser una decisi\u00f3n econ\u00f3micamente rentable, el Bonsol reabr\u00eda en diciembre, tras un breve cierre en noviembre, para conmemorar estas fiestas. Aquella tradici\u00f3n llenaba de alegr\u00eda a todos los clientes que deseaban pasar la Navidad en un lugar que se sent\u00eda como un \u201chogar lejos de casa\u201d.<\/p><p class=\"p1\">Al principio, no lograba entender el encanto de una celebraci\u00f3n navide\u00f1a de este tipo. Sin embargo, hace unos d\u00edas, un cliente habitual que lleva m\u00e1s de una d\u00e9cada visitando Mallorca comparti\u00f3 conmigo sus recuerdos de \u201cla Navidad del Bonsol\u201d. Sus palabras me dibujaron una imagen inolvidable:<br \/><i>\u00abEra exactamente como visitar a la familia. Se sent\u00eda como una familia ampliada. Saludabas, conoc\u00edas e incluso abrazabas a los vecinos de tu mesa, compartiendo profundos sentimientos de amistad y festividad con todos los presentes.\u201d<\/i><i><\/i><\/p><p class=\"p1\">Existe un dicho que afirma: <i>\u201cLa Nochevieja se celebra con quien uno quiera, pero la Navidad, con la familia.\u201d<\/i> Como italiano profundamente arraigado en las tradiciones, me resultaba dif\u00edcil comprender c\u00f3mo un momento tan \u00edntimo y familiar pod\u00eda compartirse con quienes, al fin y al cabo, eran clientes del hotel.<\/p><p class=\"p1\">Impulsado por la curiosidad, decid\u00ed acudir a Don Mart\u00edn Xamena para que me contara m\u00e1s sobre esta extraordinaria tradici\u00f3n. Con una luz especial en los ojos, comenz\u00f3 a relatar:<br \/><i>\u00abTodo el hotel se decoraba en tonos rojos y verdes, adornado con las hermosas decoraciones de mi esposa Lorraine. El aroma a canela te recib\u00eda nada m\u00e1s cruzar la entrada. Las chimeneas estaban encendidas y, si no fuera por el mar a escasos metros, cualquiera habr\u00eda pensado que estaba en un refugio de monta\u00f1a. Al entrar al Bonsol, te envolv\u00eda una aut\u00e9ntica atm\u00f3sfera navide\u00f1a. Para nosotros, los clientes no eran simplemente amigos: se convert\u00edan en familia. Era un momento de gratitud, de compartir felicidad y emociones sinceras. Nos reun\u00edamos, nos mir\u00e1bamos a los ojos y nos dese\u00e1bamos lo mejor\u2026\u201d<\/i><i><\/i><\/p><p class=\"p1\">Mientras escuchaba las palabras de Don Mart\u00edn, no solo comprend\u00ed por qu\u00e9 esta celebraci\u00f3n ten\u00eda un atractivo tan especial, sino que tambi\u00e9n dese\u00e9 haber podido vivirla en primera persona.<\/p><p class=\"p1\">Lamentablemente, esta tradici\u00f3n Navide\u00f1a no pudo continuar. El aumento en el precio de los billetes de avi\u00f3n, la reducci\u00f3n de vuelos directos a Mallorca y la dificultad de encontrar personal dispuesto a trabajar durante las fiestas hicieron inviable seguir celebrando la tan amada \u201cNavidad del Bonsol\u201d. Sin embargo, algunos clientes fieles se han negado a permitir que esta tradici\u00f3n desaparezca por completo. Aunque ahora se alojen en hoteles cercanos, siguen reuni\u00e9ndose con la familia Xamena para el almuerzo de Navidad, asegur\u00e1ndose de que el calor, la alegr\u00eda y la conexi\u00f3n compartida de aquellas inolvidables Navidades en el Bonsol sigan vivos.<\/p><p class=\"p1\">En sus corazones\u2014y ahora tambi\u00e9n en el m\u00edo\u2014ese tiempo y lugar permanecen como un s\u00edmbolo de la aut\u00e9ntica magia de la Navidad.<\/p>\t\t\t\t\t\t<\/div>\n\t\t\t\t<\/div>\n\t\t\t\t\t<\/div>\n\t\t<\/div>\n\t\t\t\t\t<\/div>\n\t\t<\/section>\n\t\t\t\t<section class=\"elementor-section elementor-top-section elementor-element elementor-element-54f1386 elementor-section-boxed elementor-section-height-default elementor-section-height-default\" data-id=\"54f1386\" data-element_type=\"section\">\n\t\t\t\t\t\t<div class=\"elementor-container elementor-column-gap-default\">\n\t\t\t\t\t<div class=\"elementor-column elementor-col-100 elementor-top-column elementor-element elementor-element-c8b39fc\" data-id=\"c8b39fc\" data-element_type=\"column\">\n\t\t\t<div class=\"elementor-widget-wrap elementor-element-populated\">\n\t\t\t\t\t\t<div class=\"elementor-element elementor-element-d46d669 elementor-widget__width-initial elementor-widget elementor-widget-button\" data-id=\"d46d669\" data-element_type=\"widget\" data-widget_type=\"button.default\">\n\t\t\t\t<div class=\"elementor-widget-container\">\n\t\t\t\t\t<div class=\"elementor-button-wrapper\">\n\t\t\t<a class=\"elementor-button elementor-button-link elementor-size-sm\" href=\"https:\/\/www.hotelbonsol.es\/es\/blog\/\">\n\t\t\t\t\t\t<span class=\"elementor-button-content-wrapper\">\n\t\t\t\t\t\t\t\t\t<span class=\"elementor-button-text\">Blog Bonsoul<\/span>\n\t\t\t\t\t<\/span>\n\t\t\t\t\t<\/a>\n\t\t<\/div>\n\t\t\t\t<\/div>\n\t\t\t\t<\/div>\n\t\t\t\t\t<\/div>\n\t\t<\/div>\n\t\t\t\t\t<\/div>\n\t\t<\/section>\n\t\t\t\t<section class=\"elementor-section elementor-top-section elementor-element elementor-element-665659b elementor-section-boxed elementor-section-height-default elementor-section-height-default\" data-id=\"665659b\" data-element_type=\"section\">\n\t\t\t\t\t\t<div class=\"elementor-container elementor-column-gap-default\">\n\t\t\t\t\t<div class=\"elementor-column elementor-col-100 elementor-top-column elementor-element elementor-element-ccf21c7\" data-id=\"ccf21c7\" data-element_type=\"column\">\n\t\t\t<div class=\"elementor-widget-wrap elementor-element-populated\">\n\t\t\t\t\t\t<div class=\"elementor-element elementor-element-2cddaff elementor-widget elementor-widget-spacer\" data-id=\"2cddaff\" data-element_type=\"widget\" data-widget_type=\"spacer.default\">\n\t\t\t\t<div class=\"elementor-widget-container\">\n\t\t\t\t\t<div class=\"elementor-spacer\">\n\t\t\t<div class=\"elementor-spacer-inner\"><\/div>\n\t\t<\/div>\n\t\t\t\t<\/div>\n\t\t\t\t<\/div>\n\t\t\t\t\t<\/div>\n\t\t<\/div>\n\t\t\t\t\t<\/div>\n\t\t<\/section>\n\t\t\t\t<\/div>\n\t\t","protected":false},"excerpt":{"rendered":"<p>\u00c9RASE UNA VEZ, LA NAVIDAD EN EL BONSOL \u00c9rase una vez un hotel familiar que, incluso en temporada baja, volv\u00eda a abrir sus puertas para celebrar la Navidad. Perm\u00edtanme este inicio de cuento de hadas, ya que, al fin y al cabo, cada relato es&#8230;<\/p>\n","protected":false},"author":2,"featured_media":14404,"parent":0,"menu_order":0,"comment_status":"closed","ping_status":"closed","template":"elementor_header_footer","meta":{"_monsterinsights_skip_tracking":false,"_monsterinsights_sitenote_active":false,"_monsterinsights_sitenote_note":"","_monsterinsights_sitenote_category":0,"footnotes":""},"_links":{"self":[{"href":"https:\/\/www.hotelbonsol.es\/es\/wp-json\/wp\/v2\/pages\/14414"}],"collection":[{"href":"https:\/\/www.hotelbonsol.es\/es\/wp-json\/wp\/v2\/pages"}],"about":[{"href":"https:\/\/www.hotelbonsol.es\/es\/wp-json\/wp\/v2\/types\/page"}],"author":[{"embeddable":true,"href":"https:\/\/www.hotelbonsol.es\/es\/wp-json\/wp\/v2\/users\/2"}],"replies":[{"embeddable":true,"href":"https:\/\/www.hotelbonsol.es\/es\/wp-json\/wp\/v2\/comments?post=14414"}],"version-history":[{"count":4,"href":"https:\/\/www.hotelbonsol.es\/es\/wp-json\/wp\/v2\/pages\/14414\/revisions"}],"predecessor-version":[{"id":14421,"href":"https:\/\/www.hotelbonsol.es\/es\/wp-json\/wp\/v2\/pages\/14414\/revisions\/14421"}],"wp:featuredmedia":[{"embeddable":true,"href":"https:\/\/www.hotelbonsol.es\/es\/wp-json\/wp\/v2\/media\/14404"}],"wp:attachment":[{"href":"https:\/\/www.hotelbonsol.es\/es\/wp-json\/wp\/v2\/media?parent=14414"}],"curies":[{"name":"wp","href":"https:\/\/api.w.org\/{rel}","templated":true}]}}