{"id":14436,"date":"2025-02-03T15:04:17","date_gmt":"2025-02-03T14:04:17","guid":{"rendered":"https:\/\/www.hotelbonsol.es\/?page_id=14436"},"modified":"2025-02-03T15:05:11","modified_gmt":"2025-02-03T14:05:11","slug":"reflexion-sobre-el-2025-que-viene","status":"publish","type":"page","link":"https:\/\/www.hotelbonsol.es\/es\/reflexion-sobre-el-2025-que-viene\/","title":{"rendered":"REFLEXI\u00d3N SOBRE EL 2025 QUE VIENE"},"content":{"rendered":"\t\t<div data-elementor-type=\"wp-page\" data-elementor-id=\"14436\" class=\"elementor elementor-14436\">\n\t\t\t\t\t\t<section class=\"elementor-section elementor-top-section elementor-element elementor-element-ca1df62 elementor-section-boxed elementor-section-height-default elementor-section-height-default\" data-id=\"ca1df62\" data-element_type=\"section\">\n\t\t\t\t\t\t<div class=\"elementor-container elementor-column-gap-default\">\n\t\t\t\t\t<div class=\"elementor-column elementor-col-100 elementor-top-column elementor-element elementor-element-ec16d8c\" data-id=\"ec16d8c\" data-element_type=\"column\">\n\t\t\t<div class=\"elementor-widget-wrap elementor-element-populated\">\n\t\t\t\t\t\t<div class=\"elementor-element elementor-element-900729f elementor-widget elementor-widget-spacer\" data-id=\"900729f\" data-element_type=\"widget\" data-widget_type=\"spacer.default\">\n\t\t\t\t<div class=\"elementor-widget-container\">\n\t\t\t<style>\/*! elementor - v3.23.0 - 05-08-2024 *\/\n.elementor-column .elementor-spacer-inner{height:var(--spacer-size)}.e-con{--container-widget-width:100%}.e-con-inner>.elementor-widget-spacer,.e-con>.elementor-widget-spacer{width:var(--container-widget-width,var(--spacer-size));--align-self:var(--container-widget-align-self,initial);--flex-shrink:0}.e-con-inner>.elementor-widget-spacer>.elementor-widget-container,.e-con>.elementor-widget-spacer>.elementor-widget-container{height:100%;width:100%}.e-con-inner>.elementor-widget-spacer>.elementor-widget-container>.elementor-spacer,.e-con>.elementor-widget-spacer>.elementor-widget-container>.elementor-spacer{height:100%}.e-con-inner>.elementor-widget-spacer>.elementor-widget-container>.elementor-spacer>.elementor-spacer-inner,.e-con>.elementor-widget-spacer>.elementor-widget-container>.elementor-spacer>.elementor-spacer-inner{height:var(--container-widget-height,var(--spacer-size))}.e-con-inner>.elementor-widget-spacer.elementor-widget-empty,.e-con>.elementor-widget-spacer.elementor-widget-empty{position:relative;min-height:22px;min-width:22px}.e-con-inner>.elementor-widget-spacer.elementor-widget-empty .elementor-widget-empty-icon,.e-con>.elementor-widget-spacer.elementor-widget-empty .elementor-widget-empty-icon{position:absolute;top:0;bottom:0;left:0;right:0;margin:auto;padding:0;width:22px;height:22px}<\/style>\t\t<div class=\"elementor-spacer\">\n\t\t\t<div class=\"elementor-spacer-inner\"><\/div>\n\t\t<\/div>\n\t\t\t\t<\/div>\n\t\t\t\t<\/div>\n\t\t\t\t\t<\/div>\n\t\t<\/div>\n\t\t\t\t\t<\/div>\n\t\t<\/section>\n\t\t\t\t<section class=\"elementor-section elementor-top-section elementor-element elementor-element-0f3563e elementor-section-boxed elementor-section-height-default elementor-section-height-default\" data-id=\"0f3563e\" data-element_type=\"section\">\n\t\t\t\t\t\t<div class=\"elementor-container elementor-column-gap-default\">\n\t\t\t\t\t<div class=\"elementor-column elementor-col-100 elementor-top-column elementor-element elementor-element-ba559b6\" data-id=\"ba559b6\" data-element_type=\"column\" data-settings=\"{&quot;background_background&quot;:&quot;classic&quot;}\">\n\t\t\t<div class=\"elementor-widget-wrap elementor-element-populated\">\n\t\t\t\t\t\t<div class=\"elementor-element elementor-element-cbd4c6f elementor-widget elementor-widget-image\" data-id=\"cbd4c6f\" data-element_type=\"widget\" data-widget_type=\"image.default\">\n\t\t\t\t<div class=\"elementor-widget-container\">\n\t\t\t<style>\/*! elementor - v3.23.0 - 05-08-2024 *\/\n.elementor-widget-image{text-align:center}.elementor-widget-image a{display:inline-block}.elementor-widget-image a img[src$=\".svg\"]{width:48px}.elementor-widget-image img{vertical-align:middle;display:inline-block}<\/style>\t\t\t\t\t\t\t\t\t\t<img fetchpriority=\"high\" decoding=\"async\" width=\"800\" height=\"600\" src=\"https:\/\/www.hotelbonsol.es\/wp-content\/uploads\/2025\/02\/Bonsol_Day1006-800x600.jpg\" class=\"attachment-fleur_mikado_landscape size-fleur_mikado_landscape wp-image-14428\" alt=\"\" \/>\t\t\t\t\t\t\t\t\t\t\t\t\t<\/div>\n\t\t\t\t<\/div>\n\t\t\t\t<div class=\"elementor-element elementor-element-233290a elementor-widget elementor-widget-heading\" data-id=\"233290a\" data-element_type=\"widget\" data-widget_type=\"heading.default\">\n\t\t\t\t<div class=\"elementor-widget-container\">\n\t\t\t<style>\/*! elementor - v3.23.0 - 05-08-2024 *\/\n.elementor-heading-title{padding:0;margin:0;line-height:1}.elementor-widget-heading .elementor-heading-title[class*=elementor-size-]>a{color:inherit;font-size:inherit;line-height:inherit}.elementor-widget-heading .elementor-heading-title.elementor-size-small{font-size:15px}.elementor-widget-heading .elementor-heading-title.elementor-size-medium{font-size:19px}.elementor-widget-heading .elementor-heading-title.elementor-size-large{font-size:29px}.elementor-widget-heading .elementor-heading-title.elementor-size-xl{font-size:39px}.elementor-widget-heading .elementor-heading-title.elementor-size-xxl{font-size:59px}<\/style><h2 class=\"elementor-heading-title elementor-size-default\"><h1 style=\"box-sizing: inherit; margin-top: -5px; margin-bottom: 19px; font-size: 36px; clear: both; font-family: Spartan; letter-spacing: normal; line-height: 1.4; color: rgb(0, 0, 0); overflow-wrap: break-word; text-transform: none; white-space-collapse: collapse; background-color: rgb(255, 255, 255);\">REFLEXI\u00d3N SOBRE EL 2025 QUE VIENE\n\n<\/h1><\/h2>\t\t<\/div>\n\t\t\t\t<\/div>\n\t\t\t\t<div class=\"elementor-element elementor-element-1dfe29e elementor-widget__width-initial elementor-widget elementor-widget-text-editor\" data-id=\"1dfe29e\" data-element_type=\"widget\" data-widget_type=\"text-editor.default\">\n\t\t\t\t<div class=\"elementor-widget-container\">\n\t\t\t<style>\/*! elementor - v3.23.0 - 05-08-2024 *\/\n.elementor-widget-text-editor.elementor-drop-cap-view-stacked .elementor-drop-cap{background-color:#69727d;color:#fff}.elementor-widget-text-editor.elementor-drop-cap-view-framed .elementor-drop-cap{color:#69727d;border:3px solid;background-color:transparent}.elementor-widget-text-editor:not(.elementor-drop-cap-view-default) .elementor-drop-cap{margin-top:8px}.elementor-widget-text-editor:not(.elementor-drop-cap-view-default) .elementor-drop-cap-letter{width:1em;height:1em}.elementor-widget-text-editor .elementor-drop-cap{float:left;text-align:center;line-height:1;font-size:50px}.elementor-widget-text-editor .elementor-drop-cap-letter{display:inline-block}<\/style>\t\t\t\t<p style=\"font-weight: 400;\">Como suele suceder, nos asomamos al nuevo a\u00f1o llenos de prop\u00f3sitos y buenas intenciones, con la esperanza de que sea a\u00fan m\u00e1s pr\u00f3spero que el anterior&#8230;<\/p><p style=\"font-weight: 400;\">Adi\u00f3s 2024, en el BonSol no podemos m\u00e1s que estarte agradecidos: nos has tra\u00eddo muchos nuevos clientes y nos has permitido reencontrarnos con viejos amigos y hacer otros nuevos tambi\u00e9n.<\/p><p style=\"font-weight: 400;\">Bienvenido 2025, confiamos en que nos traer\u00e1s nuevas sorpresas y nosotros nos preparamos para que todo siga igual. El objetivo del BonSol es mejorar sin cambiar, manteni\u00e9ndose fiel a sus valores y principios que, durante 72 a\u00f1os, han guiado sus decisiones y fidelizado a su clientela.<\/p><p style=\"font-weight: 400;\">Fuera de la temporada tur\u00edstica, dejamos atr\u00e1s a\u00f1os dif\u00edciles: la pandemia, la guerra en Ucrania, la masacre de Ham\u00e1s y la dura respuesta de Israel, los conflictos en L\u00edbano, Siria e Ir\u00e1n, y los constantes reajustes internacionales que los analistas pol\u00edticos no dejan de se\u00f1alar. Y, sin embargo, cuando todo parec\u00eda perdido, cuando est\u00e1bamos encerrados en casa y el mundo se hab\u00eda vuelto irreconocible, cuando el contacto humano se reduc\u00eda a miradas fugaces tras mascarillas, todo volvi\u00f3 a la normalidad en cuesti\u00f3n de meses, pero con un deseo a\u00fan mayor de disfrutar la vida. Pasamos r\u00e1pidamente del \u201ctodo saldr\u00e1 bien\u201d al \u201ctodo completo\u201d, lo que tuvo un impacto directo en la cantidad y calidad de los servicios tur\u00edsticos.<\/p><p style=\"font-weight: 400;\">Las dos \u00faltimas temporadas tur\u00edsticas en Mallorca han sido extraordinarias. El sector ha experimentado un aumento r\u00e9cord en reservas y demanda, haciendo que 2023 y 2024 sean a\u00f1os memorables. Sin embargo, esta tendencia de crecimiento ha ido acompa\u00f1ada de un aumento considerable en los costos, a veces justificado por la inflaci\u00f3n, la guerra, las dificultades en el abastecimiento de materias primas y, en general, por el alto costo de vida. Otras veces, en cambio, hemos quedado perplejos ante subidas de precios injustificadas, sin mejoras en los servicios que las respalden.<\/p><p style=\"font-weight: 400;\">Mientras el mundo se apresuraba a incrementar precios, en el BonSol tomamos una decisi\u00f3n distinta: mantener todo igual. Reeditamos la misma lista de precios de 2019, con un peque\u00f1o porcentaje de incremento para cubrir costes de inflaci\u00f3n entre otros, con sus dos \u00fanicas tarifas diferenciadas: temporada alta y temporada baja. Una habitaci\u00f3n en junio cuesta lo mismo que en agosto. En el BonSol no hay espacio para algoritmos ni inteligencia artificial; siempre hemos apostado por el trato humano en lugar del tan utilizado Revenue Management, que ajusta precios de forma autom\u00e1tica en funci\u00f3n de la demanda: cuanto m\u00e1s inter\u00e9s hay, m\u00e1s suben los precios.<\/p><p style=\"font-weight: 400;\">Por supuesto, cuando aumentan los costos de vida, servicios, transporte y gastronom\u00eda, cualquier negocio tiene derecho a subir sus tarifas. Pero exagerar siempre nos ha parecido sin\u00f3nimo de falta de fidelizaci\u00f3n. Lo que m\u00e1s nos importa en el BonSol es que disfruten de sus vacaciones sin sentir que no reciben la atenci\u00f3n que merecen. Por eso, seguimos orgullosos de ser un hotel familiar con su esencia y su estilo de siempre, tambi\u00e9n en este 2025.<\/p><p style=\"font-weight: 400;\">En la antigua Roma, la interpretaci\u00f3n de los augurios quedaba en manos de sacerdotes, los augures, cuyo deber era descifrar la voluntad de los dioses observando el vuelo de los p\u00e1jaros. Si tienen la oportunidad, visiten nuestro Instagram y vean las stories de enero: un grupo de estorninos ha elegido los pinos mediterr\u00e1neos del BonSol como refugio, trinando alegremente. Para nosotros, este es un peque\u00f1o presagio de que el 2025 ser\u00e1 un a\u00f1o inolvidable.<\/p><p style=\"font-weight: 400;\">Los esperamos para la temporada 2025.<\/p>\t\t\t\t\t\t<\/div>\n\t\t\t\t<\/div>\n\t\t\t\t\t<\/div>\n\t\t<\/div>\n\t\t\t\t\t<\/div>\n\t\t<\/section>\n\t\t\t\t<section class=\"elementor-section elementor-top-section elementor-element elementor-element-54f1386 elementor-section-boxed elementor-section-height-default elementor-section-height-default\" data-id=\"54f1386\" data-element_type=\"section\">\n\t\t\t\t\t\t<div class=\"elementor-container elementor-column-gap-default\">\n\t\t\t\t\t<div class=\"elementor-column elementor-col-100 elementor-top-column elementor-element elementor-element-c8b39fc\" data-id=\"c8b39fc\" data-element_type=\"column\">\n\t\t\t<div class=\"elementor-widget-wrap elementor-element-populated\">\n\t\t\t\t\t\t<div class=\"elementor-element elementor-element-d46d669 elementor-widget__width-initial elementor-widget elementor-widget-button\" data-id=\"d46d669\" data-element_type=\"widget\" data-widget_type=\"button.default\">\n\t\t\t\t<div class=\"elementor-widget-container\">\n\t\t\t\t\t<div class=\"elementor-button-wrapper\">\n\t\t\t<a class=\"elementor-button elementor-button-link elementor-size-sm\" href=\"https:\/\/www.hotelbonsol.es\/es\/blog\/\">\n\t\t\t\t\t\t<span class=\"elementor-button-content-wrapper\">\n\t\t\t\t\t\t\t\t\t<span class=\"elementor-button-text\">Blog Bonsoul<\/span>\n\t\t\t\t\t<\/span>\n\t\t\t\t\t<\/a>\n\t\t<\/div>\n\t\t\t\t<\/div>\n\t\t\t\t<\/div>\n\t\t\t\t\t<\/div>\n\t\t<\/div>\n\t\t\t\t\t<\/div>\n\t\t<\/section>\n\t\t\t\t<section class=\"elementor-section elementor-top-section elementor-element elementor-element-665659b elementor-section-boxed elementor-section-height-default elementor-section-height-default\" data-id=\"665659b\" data-element_type=\"section\">\n\t\t\t\t\t\t<div class=\"elementor-container elementor-column-gap-default\">\n\t\t\t\t\t<div class=\"elementor-column elementor-col-100 elementor-top-column elementor-element elementor-element-ccf21c7\" data-id=\"ccf21c7\" data-element_type=\"column\">\n\t\t\t<div class=\"elementor-widget-wrap elementor-element-populated\">\n\t\t\t\t\t\t<div class=\"elementor-element elementor-element-2cddaff elementor-widget elementor-widget-spacer\" data-id=\"2cddaff\" data-element_type=\"widget\" data-widget_type=\"spacer.default\">\n\t\t\t\t<div class=\"elementor-widget-container\">\n\t\t\t\t\t<div class=\"elementor-spacer\">\n\t\t\t<div class=\"elementor-spacer-inner\"><\/div>\n\t\t<\/div>\n\t\t\t\t<\/div>\n\t\t\t\t<\/div>\n\t\t\t\t\t<\/div>\n\t\t<\/div>\n\t\t\t\t\t<\/div>\n\t\t<\/section>\n\t\t\t\t<\/div>\n\t\t","protected":false},"excerpt":{"rendered":"<p>REFLEXI\u00d3N SOBRE EL 2025 QUE VIENE Como suele suceder, nos asomamos al nuevo a\u00f1o llenos de prop\u00f3sitos y buenas intenciones, con la esperanza de que sea a\u00fan m\u00e1s pr\u00f3spero que el anterior&#8230; Adi\u00f3s 2024, en el BonSol no podemos m\u00e1s que estarte agradecidos: nos has&#8230;<\/p>\n","protected":false},"author":2,"featured_media":14428,"parent":0,"menu_order":0,"comment_status":"closed","ping_status":"closed","template":"elementor_header_footer","meta":{"_monsterinsights_skip_tracking":false,"_monsterinsights_sitenote_active":false,"_monsterinsights_sitenote_note":"","_monsterinsights_sitenote_category":0,"footnotes":""},"_links":{"self":[{"href":"https:\/\/www.hotelbonsol.es\/es\/wp-json\/wp\/v2\/pages\/14436"}],"collection":[{"href":"https:\/\/www.hotelbonsol.es\/es\/wp-json\/wp\/v2\/pages"}],"about":[{"href":"https:\/\/www.hotelbonsol.es\/es\/wp-json\/wp\/v2\/types\/page"}],"author":[{"embeddable":true,"href":"https:\/\/www.hotelbonsol.es\/es\/wp-json\/wp\/v2\/users\/2"}],"replies":[{"embeddable":true,"href":"https:\/\/www.hotelbonsol.es\/es\/wp-json\/wp\/v2\/comments?post=14436"}],"version-history":[{"count":7,"href":"https:\/\/www.hotelbonsol.es\/es\/wp-json\/wp\/v2\/pages\/14436\/revisions"}],"predecessor-version":[{"id":14443,"href":"https:\/\/www.hotelbonsol.es\/es\/wp-json\/wp\/v2\/pages\/14436\/revisions\/14443"}],"wp:featuredmedia":[{"embeddable":true,"href":"https:\/\/www.hotelbonsol.es\/es\/wp-json\/wp\/v2\/media\/14428"}],"wp:attachment":[{"href":"https:\/\/www.hotelbonsol.es\/es\/wp-json\/wp\/v2\/media?parent=14436"}],"curies":[{"name":"wp","href":"https:\/\/api.w.org\/{rel}","templated":true}]}}