{"id":14465,"date":"2025-02-20T10:23:48","date_gmt":"2025-02-20T09:23:48","guid":{"rendered":"https:\/\/www.hotelbonsol.es\/?page_id=14465"},"modified":"2025-02-20T10:24:19","modified_gmt":"2025-02-20T09:24:19","slug":"don-martin","status":"publish","type":"page","link":"https:\/\/www.hotelbonsol.es\/es\/don-martin\/","title":{"rendered":"DON MART\u00cdN"},"content":{"rendered":"\t\t<div data-elementor-type=\"wp-page\" data-elementor-id=\"14465\" class=\"elementor elementor-14465\">\n\t\t\t\t\t\t<section class=\"elementor-section elementor-top-section elementor-element elementor-element-ca1df62 elementor-section-boxed elementor-section-height-default elementor-section-height-default\" data-id=\"ca1df62\" data-element_type=\"section\">\n\t\t\t\t\t\t<div class=\"elementor-container elementor-column-gap-default\">\n\t\t\t\t\t<div class=\"elementor-column elementor-col-100 elementor-top-column elementor-element elementor-element-ec16d8c\" data-id=\"ec16d8c\" data-element_type=\"column\">\n\t\t\t<div class=\"elementor-widget-wrap elementor-element-populated\">\n\t\t\t\t\t\t<div class=\"elementor-element elementor-element-900729f elementor-widget elementor-widget-spacer\" data-id=\"900729f\" data-element_type=\"widget\" data-widget_type=\"spacer.default\">\n\t\t\t\t<div class=\"elementor-widget-container\">\n\t\t\t<style>\/*! elementor - v3.23.0 - 05-08-2024 *\/\n.elementor-column .elementor-spacer-inner{height:var(--spacer-size)}.e-con{--container-widget-width:100%}.e-con-inner>.elementor-widget-spacer,.e-con>.elementor-widget-spacer{width:var(--container-widget-width,var(--spacer-size));--align-self:var(--container-widget-align-self,initial);--flex-shrink:0}.e-con-inner>.elementor-widget-spacer>.elementor-widget-container,.e-con>.elementor-widget-spacer>.elementor-widget-container{height:100%;width:100%}.e-con-inner>.elementor-widget-spacer>.elementor-widget-container>.elementor-spacer,.e-con>.elementor-widget-spacer>.elementor-widget-container>.elementor-spacer{height:100%}.e-con-inner>.elementor-widget-spacer>.elementor-widget-container>.elementor-spacer>.elementor-spacer-inner,.e-con>.elementor-widget-spacer>.elementor-widget-container>.elementor-spacer>.elementor-spacer-inner{height:var(--container-widget-height,var(--spacer-size))}.e-con-inner>.elementor-widget-spacer.elementor-widget-empty,.e-con>.elementor-widget-spacer.elementor-widget-empty{position:relative;min-height:22px;min-width:22px}.e-con-inner>.elementor-widget-spacer.elementor-widget-empty .elementor-widget-empty-icon,.e-con>.elementor-widget-spacer.elementor-widget-empty .elementor-widget-empty-icon{position:absolute;top:0;bottom:0;left:0;right:0;margin:auto;padding:0;width:22px;height:22px}<\/style>\t\t<div class=\"elementor-spacer\">\n\t\t\t<div class=\"elementor-spacer-inner\"><\/div>\n\t\t<\/div>\n\t\t\t\t<\/div>\n\t\t\t\t<\/div>\n\t\t\t\t\t<\/div>\n\t\t<\/div>\n\t\t\t\t\t<\/div>\n\t\t<\/section>\n\t\t\t\t<section class=\"elementor-section elementor-top-section elementor-element elementor-element-0f3563e elementor-section-boxed elementor-section-height-default elementor-section-height-default\" data-id=\"0f3563e\" data-element_type=\"section\">\n\t\t\t\t\t\t<div class=\"elementor-container elementor-column-gap-default\">\n\t\t\t\t\t<div class=\"elementor-column elementor-col-100 elementor-top-column elementor-element elementor-element-ba559b6\" data-id=\"ba559b6\" data-element_type=\"column\" data-settings=\"{&quot;background_background&quot;:&quot;classic&quot;}\">\n\t\t\t<div class=\"elementor-widget-wrap elementor-element-populated\">\n\t\t\t\t\t\t<div class=\"elementor-element elementor-element-cbd4c6f elementor-widget elementor-widget-image\" data-id=\"cbd4c6f\" data-element_type=\"widget\" data-widget_type=\"image.default\">\n\t\t\t\t<div class=\"elementor-widget-container\">\n\t\t\t<style>\/*! elementor - v3.23.0 - 05-08-2024 *\/\n.elementor-widget-image{text-align:center}.elementor-widget-image a{display:inline-block}.elementor-widget-image a img[src$=\".svg\"]{width:48px}.elementor-widget-image img{vertical-align:middle;display:inline-block}<\/style>\t\t\t\t\t\t\t\t\t\t<img fetchpriority=\"high\" decoding=\"async\" width=\"800\" height=\"600\" src=\"https:\/\/www.hotelbonsol.es\/wp-content\/uploads\/2025\/02\/IMG_0079-1-scaled-e1740043560240-800x600.jpg\" class=\"attachment-fleur_mikado_landscape size-fleur_mikado_landscape wp-image-14456\" alt=\"\" \/>\t\t\t\t\t\t\t\t\t\t\t\t\t<\/div>\n\t\t\t\t<\/div>\n\t\t\t\t<div class=\"elementor-element elementor-element-233290a elementor-widget elementor-widget-heading\" data-id=\"233290a\" data-element_type=\"widget\" data-widget_type=\"heading.default\">\n\t\t\t\t<div class=\"elementor-widget-container\">\n\t\t\t<style>\/*! elementor - v3.23.0 - 05-08-2024 *\/\n.elementor-heading-title{padding:0;margin:0;line-height:1}.elementor-widget-heading .elementor-heading-title[class*=elementor-size-]>a{color:inherit;font-size:inherit;line-height:inherit}.elementor-widget-heading .elementor-heading-title.elementor-size-small{font-size:15px}.elementor-widget-heading .elementor-heading-title.elementor-size-medium{font-size:19px}.elementor-widget-heading .elementor-heading-title.elementor-size-large{font-size:29px}.elementor-widget-heading .elementor-heading-title.elementor-size-xl{font-size:39px}.elementor-widget-heading .elementor-heading-title.elementor-size-xxl{font-size:59px}<\/style><h2 class=\"elementor-heading-title elementor-size-default\"><h1 style=\"box-sizing: inherit; margin-top: -5px; margin-bottom: 19px; font-size: 36px; clear: both; font-family: Spartan; letter-spacing: normal; line-height: 1.4; color: rgb(0, 0, 0); overflow-wrap: break-word; text-transform: none; white-space-collapse: collapse; background-color: rgb(255, 255, 255);\">DON MART\u00cdN\n<\/h1><\/h2>\t\t<\/div>\n\t\t\t\t<\/div>\n\t\t\t\t<div class=\"elementor-element elementor-element-1dfe29e elementor-widget__width-initial elementor-widget elementor-widget-text-editor\" data-id=\"1dfe29e\" data-element_type=\"widget\" data-widget_type=\"text-editor.default\">\n\t\t\t\t<div class=\"elementor-widget-container\">\n\t\t\t<style>\/*! elementor - v3.23.0 - 05-08-2024 *\/\n.elementor-widget-text-editor.elementor-drop-cap-view-stacked .elementor-drop-cap{background-color:#69727d;color:#fff}.elementor-widget-text-editor.elementor-drop-cap-view-framed .elementor-drop-cap{color:#69727d;border:3px solid;background-color:transparent}.elementor-widget-text-editor:not(.elementor-drop-cap-view-default) .elementor-drop-cap{margin-top:8px}.elementor-widget-text-editor:not(.elementor-drop-cap-view-default) .elementor-drop-cap-letter{width:1em;height:1em}.elementor-widget-text-editor .elementor-drop-cap{float:left;text-align:center;line-height:1;font-size:50px}.elementor-widget-text-editor .elementor-drop-cap-letter{display:inline-block}<\/style>\t\t\t\t<p class=\"p1\"><i>Los ochenta a\u00f1os de un artesano de la hosteler\u00eda<\/i><i><\/i><\/p><p class=\"p1\">Llega el cumplea\u00f1os de una persona querida, una fecha importante, un n\u00famero redondo (80). \u00bfQu\u00e9 regalar a alguien que no le gustan los regalos, las fiestas de cumplea\u00f1os, los focos ni los flashes de las c\u00e1maras? Respuesta: un video, o mejor a\u00fan, un documental sobre su vida.<\/p><p class=\"p1\">A primera vista, podr\u00eda parecer el t\u00edpico \u201cregalo equivocado\u201d. Sin embargo, la idea de su hija Natalia de producir un documental sobre su padre nos ha regalado a todos el retrato de un hombre de otra \u00e9poca, con valores que hoy en d\u00eda son dif\u00edciles de encontrar. Adem\u00e1s, nos mostr\u00f3 a un empresario \u00edntegro y, en cierto modo, revolucionario: un aut\u00e9ntico artesano de la hosteler\u00eda.<\/p><p class=\"p1\">No encuentro una definici\u00f3n mejor para describir lo que Don Martin ha sido para el sector hotelero, especialmente en tiempos de estandarizaci\u00f3n y cadenas de hoteles. En una \u00e9poca en la que la expansi\u00f3n urban\u00edstica y la construcci\u00f3n de nuevos hoteles transformaban las costas de la isla, \u00e9l permaneci\u00f3 fiel a la filosof\u00eda que su padre, Don Antonio Xamena, le inculc\u00f3 en los a\u00f1os 50: respetar la naturaleza. Este hilo conductor ha unido a tres generaciones y sigue transmiti\u00e9ndose con el mismo compromiso.<\/p><p class=\"p1\">Don Martin fue un pionero en conceptos de sostenibilidad ambiental y econom\u00eda circular, mucho antes de que estas palabras fueran conocidas. Implement\u00f3 m\u00e9todos innovadores para el ahorro energ\u00e9tico, la compensaci\u00f3n de CO2, el reciclaje y el cuidado de la biodiversidad. En su hotel, las aguas residuales se depuraban para regar los jardines, una pr\u00e1ctica que continu\u00f3 hasta que el reciclaje de agua pas\u00f3 a ser responsabilidad de las autoridades locales. El calor generado por el aire acondicionado se utilizaba para calentar las piscinas, y ya en 1968 instal\u00f3 las primeras placas de energ\u00eda solar. Incluso usaron c\u00e1scaras de almendra como fuente de energ\u00eda renovable para el sistema de calefacci\u00f3n y agua caliente durante a\u00f1os.<\/p><p class=\"p1\">Don Antonio y Don Martin Xamena tambi\u00e9n fueron los creadores de un concepto de turismo diferente, enfocado en las personas m\u00e1s que en el n\u00famero de habitaciones.<\/p><p class=\"p1\">Un an\u00e9cdota ilustra el inmenso amor de Don Martin por sus clientes. En una ocasi\u00f3n, el director de una sucursal bancaria le ofreci\u00f3 las llaves de un famoso hotel de Mallorca. Aunque aceptar habr\u00eda significado liquidar algunas deudas y asegurarse un gran negocio, Don Martin respondi\u00f3 con un claro \u201cNO, GRACIAS\u201d. El director, sorprendido, le record\u00f3 que ten\u00eda una lista de empresarios esperando esa oportunidad. Sin embargo, en ese \u201cno\u201d estaba toda su filosof\u00eda: un enfoque personalizado, saludos c\u00e1lidos, abrazos y postales escritas a mano.<\/p><p class=\"p1\">Incluso hoy, despu\u00e9s de 40 a\u00f1os, su respuesta ser\u00eda la misma. Como verdadero artesano, Don Martin sab\u00eda que no se debe aceptar m\u00e1s trabajo del que se puede manejar sin sacrificar la calidad. Un artesano trabaja con las manos, con tiempo y atenci\u00f3n al detalle, creando piezas \u00fanicas. As\u00ed fue el Hotel Bonsol: un hotel familiar que prioriza la felicidad de sus clientes y empleados. Como dec\u00eda Don Martin: \u201cUn empleado descontento nunca podr\u00e1 hacer feliz a un cliente\u201d.<\/p><p class=\"p1\">Desde 1953, el Bonsol ha sido un hotel familiar, una aut\u00e9ntica \u201ctienda artesanal\u201d de la hosteler\u00eda, resiliente y humilde. Durante m\u00e1s de 50 a\u00f1os, ha estado liderado por un maestro de cabello blanco que transmite su saber con gran modestia, dejando una herencia basada no en n\u00fameros, sino en valores.<\/p><p class=\"p1\">Feliz cumplea\u00f1os a Don Martin, el \u00faltimo artesano de una generaci\u00f3n de empresarios en peligro de extinci\u00f3n, en un mundo que sigue cambiando (esperemos que siguiendo su maravilloso ejemplo).<\/p>\t\t\t\t\t\t<\/div>\n\t\t\t\t<\/div>\n\t\t\t\t\t<\/div>\n\t\t<\/div>\n\t\t\t\t\t<\/div>\n\t\t<\/section>\n\t\t\t\t<section class=\"elementor-section elementor-top-section elementor-element elementor-element-54f1386 elementor-section-boxed elementor-section-height-default elementor-section-height-default\" data-id=\"54f1386\" data-element_type=\"section\">\n\t\t\t\t\t\t<div class=\"elementor-container elementor-column-gap-default\">\n\t\t\t\t\t<div class=\"elementor-column elementor-col-100 elementor-top-column elementor-element elementor-element-c8b39fc\" data-id=\"c8b39fc\" data-element_type=\"column\">\n\t\t\t<div class=\"elementor-widget-wrap elementor-element-populated\">\n\t\t\t\t\t\t<div class=\"elementor-element elementor-element-d46d669 elementor-widget__width-initial elementor-widget elementor-widget-button\" data-id=\"d46d669\" data-element_type=\"widget\" data-widget_type=\"button.default\">\n\t\t\t\t<div class=\"elementor-widget-container\">\n\t\t\t\t\t<div class=\"elementor-button-wrapper\">\n\t\t\t<a class=\"elementor-button elementor-button-link elementor-size-sm\" href=\"https:\/\/www.hotelbonsol.es\/es\/blog\/\">\n\t\t\t\t\t\t<span class=\"elementor-button-content-wrapper\">\n\t\t\t\t\t\t\t\t\t<span class=\"elementor-button-text\">Blog Bonsoul<\/span>\n\t\t\t\t\t<\/span>\n\t\t\t\t\t<\/a>\n\t\t<\/div>\n\t\t\t\t<\/div>\n\t\t\t\t<\/div>\n\t\t\t\t\t<\/div>\n\t\t<\/div>\n\t\t\t\t\t<\/div>\n\t\t<\/section>\n\t\t\t\t<section class=\"elementor-section elementor-top-section elementor-element elementor-element-665659b elementor-section-boxed elementor-section-height-default elementor-section-height-default\" data-id=\"665659b\" data-element_type=\"section\">\n\t\t\t\t\t\t<div class=\"elementor-container elementor-column-gap-default\">\n\t\t\t\t\t<div class=\"elementor-column elementor-col-100 elementor-top-column elementor-element elementor-element-ccf21c7\" data-id=\"ccf21c7\" data-element_type=\"column\">\n\t\t\t<div class=\"elementor-widget-wrap elementor-element-populated\">\n\t\t\t\t\t\t<div class=\"elementor-element elementor-element-2cddaff elementor-widget elementor-widget-spacer\" data-id=\"2cddaff\" data-element_type=\"widget\" data-widget_type=\"spacer.default\">\n\t\t\t\t<div class=\"elementor-widget-container\">\n\t\t\t\t\t<div class=\"elementor-spacer\">\n\t\t\t<div class=\"elementor-spacer-inner\"><\/div>\n\t\t<\/div>\n\t\t\t\t<\/div>\n\t\t\t\t<\/div>\n\t\t\t\t\t<\/div>\n\t\t<\/div>\n\t\t\t\t\t<\/div>\n\t\t<\/section>\n\t\t\t\t<\/div>\n\t\t","protected":false},"excerpt":{"rendered":"<p>DON MART\u00cdN Los ochenta a\u00f1os de un artesano de la hosteler\u00eda Llega el cumplea\u00f1os de una persona querida, una fecha importante, un n\u00famero redondo (80). \u00bfQu\u00e9 regalar a alguien que no le gustan los regalos, las fiestas de cumplea\u00f1os, los focos ni los flashes de&#8230;<\/p>\n","protected":false},"author":2,"featured_media":14456,"parent":0,"menu_order":0,"comment_status":"closed","ping_status":"closed","template":"elementor_header_footer","meta":{"_monsterinsights_skip_tracking":false,"_monsterinsights_sitenote_active":false,"_monsterinsights_sitenote_note":"","_monsterinsights_sitenote_category":0,"footnotes":""},"_links":{"self":[{"href":"https:\/\/www.hotelbonsol.es\/es\/wp-json\/wp\/v2\/pages\/14465"}],"collection":[{"href":"https:\/\/www.hotelbonsol.es\/es\/wp-json\/wp\/v2\/pages"}],"about":[{"href":"https:\/\/www.hotelbonsol.es\/es\/wp-json\/wp\/v2\/types\/page"}],"author":[{"embeddable":true,"href":"https:\/\/www.hotelbonsol.es\/es\/wp-json\/wp\/v2\/users\/2"}],"replies":[{"embeddable":true,"href":"https:\/\/www.hotelbonsol.es\/es\/wp-json\/wp\/v2\/comments?post=14465"}],"version-history":[{"count":4,"href":"https:\/\/www.hotelbonsol.es\/es\/wp-json\/wp\/v2\/pages\/14465\/revisions"}],"predecessor-version":[{"id":14469,"href":"https:\/\/www.hotelbonsol.es\/es\/wp-json\/wp\/v2\/pages\/14465\/revisions\/14469"}],"wp:featuredmedia":[{"embeddable":true,"href":"https:\/\/www.hotelbonsol.es\/es\/wp-json\/wp\/v2\/media\/14456"}],"wp:attachment":[{"href":"https:\/\/www.hotelbonsol.es\/es\/wp-json\/wp\/v2\/media?parent=14465"}],"curies":[{"name":"wp","href":"https:\/\/api.w.org\/{rel}","templated":true}]}}