{"id":14505,"date":"2025-03-17T09:24:38","date_gmt":"2025-03-17T08:24:38","guid":{"rendered":"https:\/\/www.hotelbonsol.es\/?page_id=14505"},"modified":"2025-03-17T09:25:11","modified_gmt":"2025-03-17T08:25:11","slug":"el-vuelo-de-los-estorninos","status":"publish","type":"page","link":"https:\/\/www.hotelbonsol.es\/es\/el-vuelo-de-los-estorninos\/","title":{"rendered":"EL VUELO DE LOS ESTORNINOS"},"content":{"rendered":"\t\t<div data-elementor-type=\"wp-page\" data-elementor-id=\"14505\" class=\"elementor elementor-14505\">\n\t\t\t\t\t\t<section class=\"elementor-section elementor-top-section elementor-element elementor-element-ca1df62 elementor-section-boxed elementor-section-height-default elementor-section-height-default\" data-id=\"ca1df62\" data-element_type=\"section\">\n\t\t\t\t\t\t<div class=\"elementor-container elementor-column-gap-default\">\n\t\t\t\t\t<div class=\"elementor-column elementor-col-100 elementor-top-column elementor-element elementor-element-ec16d8c\" data-id=\"ec16d8c\" data-element_type=\"column\">\n\t\t\t<div class=\"elementor-widget-wrap elementor-element-populated\">\n\t\t\t\t\t\t<div class=\"elementor-element elementor-element-900729f elementor-widget elementor-widget-spacer\" data-id=\"900729f\" data-element_type=\"widget\" data-widget_type=\"spacer.default\">\n\t\t\t\t<div class=\"elementor-widget-container\">\n\t\t\t<style>\/*! elementor - v3.23.0 - 05-08-2024 *\/\n.elementor-column .elementor-spacer-inner{height:var(--spacer-size)}.e-con{--container-widget-width:100%}.e-con-inner>.elementor-widget-spacer,.e-con>.elementor-widget-spacer{width:var(--container-widget-width,var(--spacer-size));--align-self:var(--container-widget-align-self,initial);--flex-shrink:0}.e-con-inner>.elementor-widget-spacer>.elementor-widget-container,.e-con>.elementor-widget-spacer>.elementor-widget-container{height:100%;width:100%}.e-con-inner>.elementor-widget-spacer>.elementor-widget-container>.elementor-spacer,.e-con>.elementor-widget-spacer>.elementor-widget-container>.elementor-spacer{height:100%}.e-con-inner>.elementor-widget-spacer>.elementor-widget-container>.elementor-spacer>.elementor-spacer-inner,.e-con>.elementor-widget-spacer>.elementor-widget-container>.elementor-spacer>.elementor-spacer-inner{height:var(--container-widget-height,var(--spacer-size))}.e-con-inner>.elementor-widget-spacer.elementor-widget-empty,.e-con>.elementor-widget-spacer.elementor-widget-empty{position:relative;min-height:22px;min-width:22px}.e-con-inner>.elementor-widget-spacer.elementor-widget-empty .elementor-widget-empty-icon,.e-con>.elementor-widget-spacer.elementor-widget-empty .elementor-widget-empty-icon{position:absolute;top:0;bottom:0;left:0;right:0;margin:auto;padding:0;width:22px;height:22px}<\/style>\t\t<div class=\"elementor-spacer\">\n\t\t\t<div class=\"elementor-spacer-inner\"><\/div>\n\t\t<\/div>\n\t\t\t\t<\/div>\n\t\t\t\t<\/div>\n\t\t\t\t\t<\/div>\n\t\t<\/div>\n\t\t\t\t\t<\/div>\n\t\t<\/section>\n\t\t\t\t<section class=\"elementor-section elementor-top-section elementor-element elementor-element-0f3563e elementor-section-boxed elementor-section-height-default elementor-section-height-default\" data-id=\"0f3563e\" data-element_type=\"section\">\n\t\t\t\t\t\t<div class=\"elementor-container elementor-column-gap-default\">\n\t\t\t\t\t<div class=\"elementor-column elementor-col-100 elementor-top-column elementor-element elementor-element-ba559b6\" data-id=\"ba559b6\" data-element_type=\"column\" data-settings=\"{&quot;background_background&quot;:&quot;classic&quot;}\">\n\t\t\t<div class=\"elementor-widget-wrap elementor-element-populated\">\n\t\t\t\t\t\t<div class=\"elementor-element elementor-element-cbd4c6f elementor-widget elementor-widget-image\" data-id=\"cbd4c6f\" data-element_type=\"widget\" data-widget_type=\"image.default\">\n\t\t\t\t<div class=\"elementor-widget-container\">\n\t\t\t<style>\/*! elementor - v3.23.0 - 05-08-2024 *\/\n.elementor-widget-image{text-align:center}.elementor-widget-image a{display:inline-block}.elementor-widget-image a img[src$=\".svg\"]{width:48px}.elementor-widget-image img{vertical-align:middle;display:inline-block}<\/style>\t\t\t\t\t\t\t\t\t\t<img fetchpriority=\"high\" decoding=\"async\" width=\"600\" height=\"338\" src=\"https:\/\/www.hotelbonsol.es\/wp-content\/uploads\/2025\/03\/a84cdcfe5830b2c09f8ad3d9bf2f16a4.jpg\" class=\"attachment-fleur_mikado_landscape size-fleur_mikado_landscape wp-image-14482\" alt=\"\" \/>\t\t\t\t\t\t\t\t\t\t\t\t\t<\/div>\n\t\t\t\t<\/div>\n\t\t\t\t<div class=\"elementor-element elementor-element-233290a elementor-widget elementor-widget-heading\" data-id=\"233290a\" data-element_type=\"widget\" data-widget_type=\"heading.default\">\n\t\t\t\t<div class=\"elementor-widget-container\">\n\t\t\t<style>\/*! elementor - v3.23.0 - 05-08-2024 *\/\n.elementor-heading-title{padding:0;margin:0;line-height:1}.elementor-widget-heading .elementor-heading-title[class*=elementor-size-]>a{color:inherit;font-size:inherit;line-height:inherit}.elementor-widget-heading .elementor-heading-title.elementor-size-small{font-size:15px}.elementor-widget-heading .elementor-heading-title.elementor-size-medium{font-size:19px}.elementor-widget-heading .elementor-heading-title.elementor-size-large{font-size:29px}.elementor-widget-heading .elementor-heading-title.elementor-size-xl{font-size:39px}.elementor-widget-heading .elementor-heading-title.elementor-size-xxl{font-size:59px}<\/style><h2 class=\"elementor-heading-title elementor-size-default\"><h1 style=\"box-sizing: inherit; margin-top: -5px; margin-bottom: 19px; font-size: 36px; clear: both; font-family: Spartan; letter-spacing: normal; line-height: 1.4; color: rgb(0, 0, 0); overflow-wrap: break-word; text-transform: none; white-space-collapse: collapse; background-color: rgb(255, 255, 255);\">EL VUELO DE LOS ESTORNINOS\n<\/h1><\/h2>\t\t<\/div>\n\t\t\t\t<\/div>\n\t\t\t\t<div class=\"elementor-element elementor-element-1dfe29e elementor-widget__width-initial elementor-widget elementor-widget-text-editor\" data-id=\"1dfe29e\" data-element_type=\"widget\" data-widget_type=\"text-editor.default\">\n\t\t\t\t<div class=\"elementor-widget-container\">\n\t\t\t<style>\/*! elementor - v3.23.0 - 05-08-2024 *\/\n.elementor-widget-text-editor.elementor-drop-cap-view-stacked .elementor-drop-cap{background-color:#69727d;color:#fff}.elementor-widget-text-editor.elementor-drop-cap-view-framed .elementor-drop-cap{color:#69727d;border:3px solid;background-color:transparent}.elementor-widget-text-editor:not(.elementor-drop-cap-view-default) .elementor-drop-cap{margin-top:8px}.elementor-widget-text-editor:not(.elementor-drop-cap-view-default) .elementor-drop-cap-letter{width:1em;height:1em}.elementor-widget-text-editor .elementor-drop-cap{float:left;text-align:center;line-height:1;font-size:50px}.elementor-widget-text-editor .elementor-drop-cap-letter{display:inline-block}<\/style>\t\t\t\t<p style=\"font-weight: 400;\">Este a\u00f1o, con la llegada del fr\u00edo a Mallorca, tambi\u00e9n llegaron los estorninos. En invierno, estas aves que en verano habitan el norte y el este de Europa migran hacia el sur del continente, estableci\u00e9ndose en Italia, Francia y, por supuesto, Espa\u00f1a.<\/p><p style=\"font-weight: 400;\">Hasta hace algunos a\u00f1os, su presencia en la isla se limitaba a ciertas zonas espec\u00edficas, como la reserva de S\u2019Albufera. Sin embargo, el a\u00f1o pasado comenzamos a notar que algunos ejemplares eleg\u00edan los pinos mediterr\u00e1neos de los jardines del Hotel BonSol como hogar temporal, antes de emprender nuevamente el viaje hacia sus territorios de nidificaci\u00f3n entre febrero y marzo.<\/p><p style=\"font-weight: 400;\">Este a\u00f1o, algo ha cambiado. Quiz\u00e1s el mismo \u201cboca a boca\u201d (versi\u00f3n pre-redes sociales) que durante d\u00e9cadas ha guiado a nuestros hu\u00e9spedes hasta el hotel BonSol, tambi\u00e9n haya llevado a miles de estorninos a Illetas y, en especial, a \u201cnuestros\u201d pinos. Lo cierto es que, de un momento a otro, nuestros jardines se convirtieron en un aut\u00e9ntico santuario para estas aves, que durante unos meses han sido clientes del BonSol.<\/p><p style=\"font-weight: 400;\">Cada d\u00eda, desde el inicio de 2025 y hasta principios de febrero, su rutina ha sido inquebrantable: comenzaban a cantar a las cinco de la ma\u00f1ana y, entre las ocho y las ocho y diez, emprend\u00edan el vuelo, formando en el cielo esas hipn\u00f3ticas figuras que les caracterizan. Los expertos afirman que estas danzas a\u00e9reas sirven para desorientar a los depredadores, del mismo modo en que los bancos de peces se protegen en el mar. Pero a nosotros nos agrada pensar que se trata de un regalo de la naturaleza, un espect\u00e1culo sublime que nos invita a volar alto, incluso mientras mantenemos los pies en la tierra.<\/p><p style=\"font-weight: 400;\">Al caer el sol, tras pasar el d\u00eda en los campos o surcando el cielo, los estorninos regresaban a sus \u201chabitaciones\u201d en el BonSol. Entre las cinco y las seis de la tarde, el bosque se convert\u00eda en un escenario de bulliciosas disputas por los mejores puestos en los \u00e1rboles. Una de las peculiaridades de estas aves es su asombrosa capacidad de imitaci\u00f3n: los estorninos pueden reproducir los cantos y sonidos de otras especies, lo que ha transformaba la banda sonora del BonSol en una sinfon\u00eda digna de una exuberante jungla tropical.<\/p><p style=\"font-weight: 400;\">Por supuesto, no todo es id\u00edlico. Se trata de aves gregarias y, en muchos lugares, son consideradas una especie invasora. En algunas ciudades se han implementado medidas para evitar su asentamiento, como la instalaci\u00f3n de altavoces con sonidos de aves rapaces o incluso ca\u00f1ones de fogueo para ahuyentarlas.<\/p><p style=\"font-weight: 400;\">En las zonas urbanas, el principal problema radica en sus excrementos, que pueden acumularse y volver resbaladizo el suelo, causando molestias a peatones y conductores. En el entorno rural, la preocupaci\u00f3n se centra en la protecci\u00f3n de los cultivos.<\/p><p style=\"font-weight: 400;\">A pesar de estos inconvenientes, no podemos sino sentirnos agradecidos de que los estorninos hayan elegido el BonSol como refugio temporal en su traves\u00eda. Nos gusta pensar que han encontrado en nuestro peque\u00f1o rinc\u00f3n de para\u00edso el mismo oasis de paz y tranquilidad del que, durante m\u00e1s de setenta a\u00f1os (y esperamos que por muchos m\u00e1s), han disfrutado nuestros hu\u00e9spedes.<\/p><p style=\"font-weight: 400;\">A lo largo de la historia del BonSol, los estorninos quiz\u00e1 no hayan sido nuestros mejores clientes, pero estamos preparados para recibirlos cada a\u00f1o con las \u201calas abiertas\u201d como fieles visitantes, si deciden volver a elegir la biodiversidad de nuestros jardines para pasar su temporada de descanso (y la nuestra). Nos reconforta pensar que, al ofrecerles los mismos \u00e1rboles que brindan sombra a nuestros hu\u00e9spedes en los c\u00e1lidos meses de verano, de alguna manera estamos devolviendo a la naturaleza una peque\u00f1a parte de lo mucho que nos da.<\/p><p style=\"font-weight: 400;\">\u00a1Hasta el pr\u00f3ximo a\u00f1o, queridos estorninos cantarines!<\/p><p style=\"font-weight: 400;\">\u00a0<\/p>\t\t\t\t\t\t<\/div>\n\t\t\t\t<\/div>\n\t\t\t\t\t<\/div>\n\t\t<\/div>\n\t\t\t\t\t<\/div>\n\t\t<\/section>\n\t\t\t\t<section class=\"elementor-section elementor-top-section elementor-element elementor-element-54f1386 elementor-section-boxed elementor-section-height-default elementor-section-height-default\" data-id=\"54f1386\" data-element_type=\"section\">\n\t\t\t\t\t\t<div class=\"elementor-container elementor-column-gap-default\">\n\t\t\t\t\t<div class=\"elementor-column elementor-col-100 elementor-top-column elementor-element elementor-element-c8b39fc\" data-id=\"c8b39fc\" data-element_type=\"column\">\n\t\t\t<div class=\"elementor-widget-wrap elementor-element-populated\">\n\t\t\t\t\t\t<div class=\"elementor-element elementor-element-d46d669 elementor-widget__width-initial elementor-widget elementor-widget-button\" data-id=\"d46d669\" data-element_type=\"widget\" data-widget_type=\"button.default\">\n\t\t\t\t<div class=\"elementor-widget-container\">\n\t\t\t\t\t<div class=\"elementor-button-wrapper\">\n\t\t\t<a class=\"elementor-button elementor-button-link elementor-size-sm\" href=\"https:\/\/www.hotelbonsol.es\/es\/blog\/\">\n\t\t\t\t\t\t<span class=\"elementor-button-content-wrapper\">\n\t\t\t\t\t\t\t\t\t<span class=\"elementor-button-text\">Blog Bonsoul<\/span>\n\t\t\t\t\t<\/span>\n\t\t\t\t\t<\/a>\n\t\t<\/div>\n\t\t\t\t<\/div>\n\t\t\t\t<\/div>\n\t\t\t\t\t<\/div>\n\t\t<\/div>\n\t\t\t\t\t<\/div>\n\t\t<\/section>\n\t\t\t\t<section class=\"elementor-section elementor-top-section elementor-element elementor-element-665659b elementor-section-boxed elementor-section-height-default elementor-section-height-default\" data-id=\"665659b\" data-element_type=\"section\">\n\t\t\t\t\t\t<div class=\"elementor-container elementor-column-gap-default\">\n\t\t\t\t\t<div class=\"elementor-column elementor-col-100 elementor-top-column elementor-element elementor-element-ccf21c7\" data-id=\"ccf21c7\" data-element_type=\"column\">\n\t\t\t<div class=\"elementor-widget-wrap elementor-element-populated\">\n\t\t\t\t\t\t<div class=\"elementor-element elementor-element-2cddaff elementor-widget elementor-widget-spacer\" data-id=\"2cddaff\" data-element_type=\"widget\" data-widget_type=\"spacer.default\">\n\t\t\t\t<div class=\"elementor-widget-container\">\n\t\t\t\t\t<div class=\"elementor-spacer\">\n\t\t\t<div class=\"elementor-spacer-inner\"><\/div>\n\t\t<\/div>\n\t\t\t\t<\/div>\n\t\t\t\t<\/div>\n\t\t\t\t\t<\/div>\n\t\t<\/div>\n\t\t\t\t\t<\/div>\n\t\t<\/section>\n\t\t\t\t<\/div>\n\t\t","protected":false},"excerpt":{"rendered":"<p>EL VUELO DE LOS ESTORNINOS Este a\u00f1o, con la llegada del fr\u00edo a Mallorca, tambi\u00e9n llegaron los estorninos. En invierno, estas aves que en verano habitan el norte y el este de Europa migran hacia el sur del continente, estableci\u00e9ndose en Italia, Francia y, por&#8230;<\/p>\n","protected":false},"author":2,"featured_media":14482,"parent":0,"menu_order":0,"comment_status":"closed","ping_status":"closed","template":"elementor_header_footer","meta":{"_monsterinsights_skip_tracking":false,"_monsterinsights_sitenote_active":false,"_monsterinsights_sitenote_note":"","_monsterinsights_sitenote_category":0,"footnotes":""},"_links":{"self":[{"href":"https:\/\/www.hotelbonsol.es\/es\/wp-json\/wp\/v2\/pages\/14505"}],"collection":[{"href":"https:\/\/www.hotelbonsol.es\/es\/wp-json\/wp\/v2\/pages"}],"about":[{"href":"https:\/\/www.hotelbonsol.es\/es\/wp-json\/wp\/v2\/types\/page"}],"author":[{"embeddable":true,"href":"https:\/\/www.hotelbonsol.es\/es\/wp-json\/wp\/v2\/users\/2"}],"replies":[{"embeddable":true,"href":"https:\/\/www.hotelbonsol.es\/es\/wp-json\/wp\/v2\/comments?post=14505"}],"version-history":[{"count":4,"href":"https:\/\/www.hotelbonsol.es\/es\/wp-json\/wp\/v2\/pages\/14505\/revisions"}],"predecessor-version":[{"id":14509,"href":"https:\/\/www.hotelbonsol.es\/es\/wp-json\/wp\/v2\/pages\/14505\/revisions\/14509"}],"wp:featuredmedia":[{"embeddable":true,"href":"https:\/\/www.hotelbonsol.es\/es\/wp-json\/wp\/v2\/media\/14482"}],"wp:attachment":[{"href":"https:\/\/www.hotelbonsol.es\/es\/wp-json\/wp\/v2\/media?parent=14505"}],"curies":[{"name":"wp","href":"https:\/\/api.w.org\/{rel}","templated":true}]}}