{"id":14510,"date":"2025-03-24T10:00:00","date_gmt":"2025-03-24T09:00:00","guid":{"rendered":"https:\/\/www.hotelbonsol.es\/?page_id=14510"},"modified":"2025-03-17T09:57:42","modified_gmt":"2025-03-17T08:57:42","slug":"convocatoria-para-artistas","status":"publish","type":"page","link":"https:\/\/www.hotelbonsol.es\/es\/convocatoria-para-artistas\/","title":{"rendered":"CONVOCATORIA PARA ARTISTAS"},"content":{"rendered":"\t\t<div data-elementor-type=\"wp-page\" data-elementor-id=\"14510\" class=\"elementor elementor-14510\">\n\t\t\t\t\t\t<section class=\"elementor-section elementor-top-section elementor-element elementor-element-ca1df62 elementor-section-boxed elementor-section-height-default elementor-section-height-default\" data-id=\"ca1df62\" data-element_type=\"section\">\n\t\t\t\t\t\t<div class=\"elementor-container elementor-column-gap-default\">\n\t\t\t\t\t<div class=\"elementor-column elementor-col-100 elementor-top-column elementor-element elementor-element-ec16d8c\" data-id=\"ec16d8c\" data-element_type=\"column\">\n\t\t\t<div class=\"elementor-widget-wrap elementor-element-populated\">\n\t\t\t\t\t\t<div class=\"elementor-element elementor-element-900729f elementor-widget elementor-widget-spacer\" data-id=\"900729f\" data-element_type=\"widget\" data-widget_type=\"spacer.default\">\n\t\t\t\t<div class=\"elementor-widget-container\">\n\t\t\t<style>\/*! elementor - v3.23.0 - 05-08-2024 *\/\n.elementor-column .elementor-spacer-inner{height:var(--spacer-size)}.e-con{--container-widget-width:100%}.e-con-inner>.elementor-widget-spacer,.e-con>.elementor-widget-spacer{width:var(--container-widget-width,var(--spacer-size));--align-self:var(--container-widget-align-self,initial);--flex-shrink:0}.e-con-inner>.elementor-widget-spacer>.elementor-widget-container,.e-con>.elementor-widget-spacer>.elementor-widget-container{height:100%;width:100%}.e-con-inner>.elementor-widget-spacer>.elementor-widget-container>.elementor-spacer,.e-con>.elementor-widget-spacer>.elementor-widget-container>.elementor-spacer{height:100%}.e-con-inner>.elementor-widget-spacer>.elementor-widget-container>.elementor-spacer>.elementor-spacer-inner,.e-con>.elementor-widget-spacer>.elementor-widget-container>.elementor-spacer>.elementor-spacer-inner{height:var(--container-widget-height,var(--spacer-size))}.e-con-inner>.elementor-widget-spacer.elementor-widget-empty,.e-con>.elementor-widget-spacer.elementor-widget-empty{position:relative;min-height:22px;min-width:22px}.e-con-inner>.elementor-widget-spacer.elementor-widget-empty .elementor-widget-empty-icon,.e-con>.elementor-widget-spacer.elementor-widget-empty .elementor-widget-empty-icon{position:absolute;top:0;bottom:0;left:0;right:0;margin:auto;padding:0;width:22px;height:22px}<\/style>\t\t<div class=\"elementor-spacer\">\n\t\t\t<div class=\"elementor-spacer-inner\"><\/div>\n\t\t<\/div>\n\t\t\t\t<\/div>\n\t\t\t\t<\/div>\n\t\t\t\t\t<\/div>\n\t\t<\/div>\n\t\t\t\t\t<\/div>\n\t\t<\/section>\n\t\t\t\t<section class=\"elementor-section elementor-top-section elementor-element elementor-element-0f3563e elementor-section-boxed elementor-section-height-default elementor-section-height-default\" data-id=\"0f3563e\" data-element_type=\"section\">\n\t\t\t\t\t\t<div class=\"elementor-container elementor-column-gap-default\">\n\t\t\t\t\t<div class=\"elementor-column elementor-col-100 elementor-top-column elementor-element elementor-element-ba559b6\" data-id=\"ba559b6\" data-element_type=\"column\" data-settings=\"{&quot;background_background&quot;:&quot;classic&quot;}\">\n\t\t\t<div class=\"elementor-widget-wrap elementor-element-populated\">\n\t\t\t\t\t\t<div class=\"elementor-element elementor-element-cbd4c6f elementor-widget elementor-widget-image\" data-id=\"cbd4c6f\" data-element_type=\"widget\" data-widget_type=\"image.default\">\n\t\t\t\t<div class=\"elementor-widget-container\">\n\t\t\t<style>\/*! elementor - v3.23.0 - 05-08-2024 *\/\n.elementor-widget-image{text-align:center}.elementor-widget-image a{display:inline-block}.elementor-widget-image a img[src$=\".svg\"]{width:48px}.elementor-widget-image img{vertical-align:middle;display:inline-block}<\/style>\t\t\t\t\t\t\t\t\t\t<img fetchpriority=\"high\" decoding=\"async\" width=\"800\" height=\"600\" src=\"https:\/\/www.hotelbonsol.es\/wp-content\/uploads\/2025\/03\/Call-for-Artists.png\" class=\"attachment-fleur_mikado_landscape size-fleur_mikado_landscape wp-image-14491\" alt=\"\" srcset=\"https:\/\/www.hotelbonsol.es\/wp-content\/uploads\/2025\/03\/Call-for-Artists.png 800w, https:\/\/www.hotelbonsol.es\/wp-content\/uploads\/2025\/03\/Call-for-Artists-600x450.png 600w, https:\/\/www.hotelbonsol.es\/wp-content\/uploads\/2025\/03\/Call-for-Artists-768x576.png 768w\" sizes=\"(max-width: 800px) 100vw, 800px\" \/>\t\t\t\t\t\t\t\t\t\t\t\t\t<\/div>\n\t\t\t\t<\/div>\n\t\t\t\t<div class=\"elementor-element elementor-element-233290a elementor-widget elementor-widget-heading\" data-id=\"233290a\" data-element_type=\"widget\" data-widget_type=\"heading.default\">\n\t\t\t\t<div class=\"elementor-widget-container\">\n\t\t\t<style>\/*! elementor - v3.23.0 - 05-08-2024 *\/\n.elementor-heading-title{padding:0;margin:0;line-height:1}.elementor-widget-heading .elementor-heading-title[class*=elementor-size-]>a{color:inherit;font-size:inherit;line-height:inherit}.elementor-widget-heading .elementor-heading-title.elementor-size-small{font-size:15px}.elementor-widget-heading .elementor-heading-title.elementor-size-medium{font-size:19px}.elementor-widget-heading .elementor-heading-title.elementor-size-large{font-size:29px}.elementor-widget-heading .elementor-heading-title.elementor-size-xl{font-size:39px}.elementor-widget-heading .elementor-heading-title.elementor-size-xxl{font-size:59px}<\/style><h2 class=\"elementor-heading-title elementor-size-default\"><h1 style=\"box-sizing: inherit; margin-top: -5px; margin-bottom: 19px; font-size: 36px; clear: both; font-family: Spartan; letter-spacing: normal; line-height: 1.4; color: rgb(0, 0, 0); overflow-wrap: break-word; text-transform: none; white-space-collapse: collapse; background-color: rgb(255, 255, 255);\">CONVOCATORIA PARA ARTISTAS\n\n<\/h1><\/h2>\t\t<\/div>\n\t\t\t\t<\/div>\n\t\t\t\t<div class=\"elementor-element elementor-element-1dfe29e elementor-widget__width-initial elementor-widget elementor-widget-text-editor\" data-id=\"1dfe29e\" data-element_type=\"widget\" data-widget_type=\"text-editor.default\">\n\t\t\t\t<div class=\"elementor-widget-container\">\n\t\t\t<style>\/*! elementor - v3.23.0 - 05-08-2024 *\/\n.elementor-widget-text-editor.elementor-drop-cap-view-stacked .elementor-drop-cap{background-color:#69727d;color:#fff}.elementor-widget-text-editor.elementor-drop-cap-view-framed .elementor-drop-cap{color:#69727d;border:3px solid;background-color:transparent}.elementor-widget-text-editor:not(.elementor-drop-cap-view-default) .elementor-drop-cap{margin-top:8px}.elementor-widget-text-editor:not(.elementor-drop-cap-view-default) .elementor-drop-cap-letter{width:1em;height:1em}.elementor-widget-text-editor .elementor-drop-cap{float:left;text-align:center;line-height:1;font-size:50px}.elementor-widget-text-editor .elementor-drop-cap-letter{display:inline-block}<\/style>\t\t\t\t<p style=\"font-weight: 400;\">Las residencias art\u00edsticas son un fen\u00f3meno en constante expansi\u00f3n, abriendo puertas a la creatividad en los lugares m\u00e1s insospechados. Algunas nacen de instituciones, museos y ayuntamientos a trav\u00e9s de convocatorias y concursos; otras, m\u00e1s informales, son promovidas por empresas y particulares, ofreciendo una interacci\u00f3n m\u00e1s cercana con el p\u00fablico durante el proceso creativo.<\/p>\n<p style=\"font-weight: 400;\">En los \u00faltimos a\u00f1os, hoteles de lujo, antiguos palacios y residencias hist\u00f3ricas han comenzado a acoger gratuitamente a artistas a cambio de su arte, transformando sus espacios en aut\u00e9nticos santuarios de inspiraci\u00f3n. Ejemplo de ello es el ic\u00f3nico hotel de cinco estrellas <strong>The Dolder Grand<\/strong> de Z\u00farich, que desde 2004 mantiene su programa <em>Artist in Residence<\/em>, aunque con una selecci\u00f3n que parece inclinarse hacia nombres ya consolidados. Otro caso es <strong>Art in Resonance<\/strong>, de la prestigiosa cadena <strong>The Peninsula Hotels<\/strong>, cuya propuesta, activa desde 2019, ha despertado un gran inter\u00e9s medi\u00e1tico al ofrecer residencias de lujo donde la creaci\u00f3n art\u00edstica cobra vida ante los ojos de los hu\u00e9spedes. Destacan tambi\u00e9n iniciativas como <strong>Artists in Residencia x Arnet<\/strong>, de Belmond, y el programa del resort <strong>Borgo San Pietro<\/strong> en la Toscana, que cada mes abre sus puertas a un nuevo artista.<\/p>\n<p style=\"font-weight: 400;\">As\u00ed, la oferta de alojamiento gratuito para artistas, la creaci\u00f3n de <em>writer&#8217;s rooms<\/em> y de espacios dise\u00f1ados para la promoci\u00f3n cultural se han convertido en una aut\u00e9ntica tendencia. Cada vez m\u00e1s hoteles incorporan esta f\u00f3rmula de hospitalidad a cambio de arte, un intercambio en el que ambos mundos\u2014el de la creaci\u00f3n y el de la hospitalidad\u2014se enriquecen mutuamente. El entorno se convierte en musa para el artista, mientras que el hotel se impregna de nuevas formas de expresi\u00f3n, abriendo puertas al arte, el dise\u00f1o y la cultura. Al mismo tiempo, los hu\u00e9spedes tienen el privilegio de presenciar el proceso art\u00edstico en vivo, convirtiendo su estancia en una experiencia sensorial \u00fanica.<\/p>\n<p style=\"font-weight: 400;\">Sin embargo, jam\u00e1s imaginamos que una convocatoria lanzada por un hotel familiar\u2014aunque con historia\u2014en colaboraci\u00f3n con <strong>H\u00f4tel Magique<\/strong>, recibir\u00eda una respuesta tan abrumadora: <strong>\u00a1830 solicitudes enviadas!<\/strong><\/p>\n<p style=\"font-weight: 400;\">Casi un millar de artistas de todo el mundo han querido formar parte de esta maravillosa <strong>Residencia Art\u00edstica<\/strong> en el <strong>Hotel BonSol<\/strong>. De entre todos ellos, un \u00fanico artista ser\u00e1 seleccionado para disfrutar de <strong>cinco semanas de alojamiento gratuito<\/strong> en nuestro hotel. Inspirado por la atm\u00f3sfera atemporal del BonSol y la belleza de Baleares, el artista tendr\u00e1 la oportunidad de dar forma a su visi\u00f3n y, al finalizar su estancia, presentar sus obras en una prestigiosa galer\u00eda de Mallorca.<\/p>\n<p style=\"font-weight: 400;\">El dif\u00edcil proceso de selecci\u00f3n quedar\u00e1 en manos de un jurado compuesto por cr\u00edticos de arte y galeristas, quienes elegir\u00e1n a un solo ganador de entre los <strong>910 candidatos<\/strong>. Este artista pasar\u00e1 <strong>cuatro semanas inmerso en su proceso creativo en el BonSol<\/strong> y una \u00faltima semana dedicada a la exposici\u00f3n de su obra.<\/p>\n<p style=\"font-weight: 400;\">Hoy, las residencias art\u00edsticas trascienden el mundo del arte y despiertan el inter\u00e9s de sectores como el turismo y el lifestyle. El <strong>Hotel BonSol<\/strong> ha querido sumarse a esta tendencia para honrar su historia y seguir fiel a sus ra\u00edces. Desde su fundaci\u00f3n en <strong>1953<\/strong>, BonSol ha estado ligado al arte, gracias a la pasi\u00f3n de <strong>Antonio y Roger Xamena<\/strong>, coleccionistas desde los primeros d\u00edas del hotel. Ahora, a trav\u00e9s de esta colaboraci\u00f3n con <strong>H\u00f4tel Magique<\/strong>, abrimos una nueva etapa en la que, en lugar de adquirir obras, deseamos ser el lienzo donde surjan, dando espacio a artistas emergentes cuyo trabajo tenga como epicentro el BonSol y Mallorca.<\/p>\n<p style=\"font-weight: 400;\">Como parte de esta iniciativa, algunas de las obras creadas por los artistas residentes pasar\u00e1n a formar parte del BonSol, ampliando as\u00ed la colecci\u00f3n de arte iniciada por nuestros fundadores. Cada pieza quedar\u00e1 impregnada del alma del hotel y del esp\u00edritu de Mallorca, enriqueciendo el legado art\u00edstico que ha acompa\u00f1ado al BonSol desde sus or\u00edgenes.<\/p>\n<p style=\"font-weight: 400;\">Nos sentimos profundamente orgullosos de esta iniciativa y de la entusiasta respuesta que ha generado. Seguiremos compartiendo cada novedad, cada pincelada de creatividad y cada inspiraci\u00f3n que esta extraordinaria <strong>temporada art\u00edstica<\/strong> traer\u00e1 consigo.<\/p>\n<p style=\"font-weight: 400;\">\u00a1El arte est\u00e1 en el aire y en el alma del BonSol!<\/p>\t\t\t\t\t\t<\/div>\n\t\t\t\t<\/div>\n\t\t\t\t\t<\/div>\n\t\t<\/div>\n\t\t\t\t\t<\/div>\n\t\t<\/section>\n\t\t\t\t<section class=\"elementor-section elementor-top-section elementor-element elementor-element-54f1386 elementor-section-boxed elementor-section-height-default elementor-section-height-default\" data-id=\"54f1386\" data-element_type=\"section\">\n\t\t\t\t\t\t<div class=\"elementor-container elementor-column-gap-default\">\n\t\t\t\t\t<div class=\"elementor-column elementor-col-100 elementor-top-column elementor-element elementor-element-c8b39fc\" data-id=\"c8b39fc\" data-element_type=\"column\">\n\t\t\t<div class=\"elementor-widget-wrap elementor-element-populated\">\n\t\t\t\t\t\t<div class=\"elementor-element elementor-element-d46d669 elementor-widget__width-initial elementor-widget elementor-widget-button\" data-id=\"d46d669\" data-element_type=\"widget\" data-widget_type=\"button.default\">\n\t\t\t\t<div class=\"elementor-widget-container\">\n\t\t\t\t\t<div class=\"elementor-button-wrapper\">\n\t\t\t<a class=\"elementor-button elementor-button-link elementor-size-sm\" href=\"https:\/\/www.hotelbonsol.es\/es\/blog\/\">\n\t\t\t\t\t\t<span class=\"elementor-button-content-wrapper\">\n\t\t\t\t\t\t\t\t\t<span class=\"elementor-button-text\">Blog Bonsoul<\/span>\n\t\t\t\t\t<\/span>\n\t\t\t\t\t<\/a>\n\t\t<\/div>\n\t\t\t\t<\/div>\n\t\t\t\t<\/div>\n\t\t\t\t\t<\/div>\n\t\t<\/div>\n\t\t\t\t\t<\/div>\n\t\t<\/section>\n\t\t\t\t<section class=\"elementor-section elementor-top-section elementor-element elementor-element-665659b elementor-section-boxed elementor-section-height-default elementor-section-height-default\" data-id=\"665659b\" data-element_type=\"section\">\n\t\t\t\t\t\t<div class=\"elementor-container elementor-column-gap-default\">\n\t\t\t\t\t<div class=\"elementor-column elementor-col-100 elementor-top-column elementor-element elementor-element-ccf21c7\" data-id=\"ccf21c7\" data-element_type=\"column\">\n\t\t\t<div class=\"elementor-widget-wrap elementor-element-populated\">\n\t\t\t\t\t\t<div class=\"elementor-element elementor-element-2cddaff elementor-widget elementor-widget-spacer\" data-id=\"2cddaff\" data-element_type=\"widget\" data-widget_type=\"spacer.default\">\n\t\t\t\t<div class=\"elementor-widget-container\">\n\t\t\t\t\t<div class=\"elementor-spacer\">\n\t\t\t<div class=\"elementor-spacer-inner\"><\/div>\n\t\t<\/div>\n\t\t\t\t<\/div>\n\t\t\t\t<\/div>\n\t\t\t\t\t<\/div>\n\t\t<\/div>\n\t\t\t\t\t<\/div>\n\t\t<\/section>\n\t\t\t\t<\/div>\n\t\t","protected":false},"excerpt":{"rendered":"<p>CONVOCATORIA PARA ARTISTAS Las residencias art\u00edsticas son un fen\u00f3meno en constante expansi\u00f3n, abriendo puertas a la creatividad en los lugares m\u00e1s insospechados. Algunas nacen de instituciones, museos y ayuntamientos a trav\u00e9s de convocatorias y concursos; otras, m\u00e1s informales, son promovidas por empresas y particulares, ofreciendo&#8230;<\/p>\n","protected":false},"author":2,"featured_media":14491,"parent":0,"menu_order":0,"comment_status":"closed","ping_status":"closed","template":"elementor_header_footer","meta":{"_monsterinsights_skip_tracking":false,"_monsterinsights_sitenote_active":false,"_monsterinsights_sitenote_note":"","_monsterinsights_sitenote_category":0,"footnotes":""},"_links":{"self":[{"href":"https:\/\/www.hotelbonsol.es\/es\/wp-json\/wp\/v2\/pages\/14510"}],"collection":[{"href":"https:\/\/www.hotelbonsol.es\/es\/wp-json\/wp\/v2\/pages"}],"about":[{"href":"https:\/\/www.hotelbonsol.es\/es\/wp-json\/wp\/v2\/types\/page"}],"author":[{"embeddable":true,"href":"https:\/\/www.hotelbonsol.es\/es\/wp-json\/wp\/v2\/users\/2"}],"replies":[{"embeddable":true,"href":"https:\/\/www.hotelbonsol.es\/es\/wp-json\/wp\/v2\/comments?post=14510"}],"version-history":[{"count":7,"href":"https:\/\/www.hotelbonsol.es\/es\/wp-json\/wp\/v2\/pages\/14510\/revisions"}],"predecessor-version":[{"id":14528,"href":"https:\/\/www.hotelbonsol.es\/es\/wp-json\/wp\/v2\/pages\/14510\/revisions\/14528"}],"wp:featuredmedia":[{"embeddable":true,"href":"https:\/\/www.hotelbonsol.es\/es\/wp-json\/wp\/v2\/media\/14491"}],"wp:attachment":[{"href":"https:\/\/www.hotelbonsol.es\/es\/wp-json\/wp\/v2\/media?parent=14510"}],"curies":[{"name":"wp","href":"https:\/\/api.w.org\/{rel}","templated":true}]}}