{"id":14515,"date":"2025-03-31T10:00:00","date_gmt":"2025-03-31T09:00:00","guid":{"rendered":"https:\/\/www.hotelbonsol.es\/?page_id=14515"},"modified":"2025-03-17T09:29:39","modified_gmt":"2025-03-17T08:29:39","slug":"don-martin-una-historia-de-amor","status":"publish","type":"page","link":"https:\/\/www.hotelbonsol.es\/es\/don-martin-una-historia-de-amor\/","title":{"rendered":"DON MARTIN: UNA HISTORIA DE AMOR"},"content":{"rendered":"\t\t<div data-elementor-type=\"wp-page\" data-elementor-id=\"14515\" class=\"elementor elementor-14515\">\n\t\t\t\t\t\t<section class=\"elementor-section elementor-top-section elementor-element elementor-element-ca1df62 elementor-section-boxed elementor-section-height-default elementor-section-height-default\" data-id=\"ca1df62\" data-element_type=\"section\">\n\t\t\t\t\t\t<div class=\"elementor-container elementor-column-gap-default\">\n\t\t\t\t\t<div class=\"elementor-column elementor-col-100 elementor-top-column elementor-element elementor-element-ec16d8c\" data-id=\"ec16d8c\" data-element_type=\"column\">\n\t\t\t<div class=\"elementor-widget-wrap elementor-element-populated\">\n\t\t\t\t\t\t<div class=\"elementor-element elementor-element-900729f elementor-widget elementor-widget-spacer\" data-id=\"900729f\" data-element_type=\"widget\" data-widget_type=\"spacer.default\">\n\t\t\t\t<div class=\"elementor-widget-container\">\n\t\t\t<style>\/*! elementor - v3.23.0 - 05-08-2024 *\/\n.elementor-column .elementor-spacer-inner{height:var(--spacer-size)}.e-con{--container-widget-width:100%}.e-con-inner>.elementor-widget-spacer,.e-con>.elementor-widget-spacer{width:var(--container-widget-width,var(--spacer-size));--align-self:var(--container-widget-align-self,initial);--flex-shrink:0}.e-con-inner>.elementor-widget-spacer>.elementor-widget-container,.e-con>.elementor-widget-spacer>.elementor-widget-container{height:100%;width:100%}.e-con-inner>.elementor-widget-spacer>.elementor-widget-container>.elementor-spacer,.e-con>.elementor-widget-spacer>.elementor-widget-container>.elementor-spacer{height:100%}.e-con-inner>.elementor-widget-spacer>.elementor-widget-container>.elementor-spacer>.elementor-spacer-inner,.e-con>.elementor-widget-spacer>.elementor-widget-container>.elementor-spacer>.elementor-spacer-inner{height:var(--container-widget-height,var(--spacer-size))}.e-con-inner>.elementor-widget-spacer.elementor-widget-empty,.e-con>.elementor-widget-spacer.elementor-widget-empty{position:relative;min-height:22px;min-width:22px}.e-con-inner>.elementor-widget-spacer.elementor-widget-empty .elementor-widget-empty-icon,.e-con>.elementor-widget-spacer.elementor-widget-empty .elementor-widget-empty-icon{position:absolute;top:0;bottom:0;left:0;right:0;margin:auto;padding:0;width:22px;height:22px}<\/style>\t\t<div class=\"elementor-spacer\">\n\t\t\t<div class=\"elementor-spacer-inner\"><\/div>\n\t\t<\/div>\n\t\t\t\t<\/div>\n\t\t\t\t<\/div>\n\t\t\t\t\t<\/div>\n\t\t<\/div>\n\t\t\t\t\t<\/div>\n\t\t<\/section>\n\t\t\t\t<section class=\"elementor-section elementor-top-section elementor-element elementor-element-0f3563e elementor-section-boxed elementor-section-height-default elementor-section-height-default\" data-id=\"0f3563e\" data-element_type=\"section\">\n\t\t\t\t\t\t<div class=\"elementor-container elementor-column-gap-default\">\n\t\t\t\t\t<div class=\"elementor-column elementor-col-100 elementor-top-column elementor-element elementor-element-ba559b6\" data-id=\"ba559b6\" data-element_type=\"column\" data-settings=\"{&quot;background_background&quot;:&quot;classic&quot;}\">\n\t\t\t<div class=\"elementor-widget-wrap elementor-element-populated\">\n\t\t\t\t\t\t<div class=\"elementor-element elementor-element-cbd4c6f elementor-widget elementor-widget-image\" data-id=\"cbd4c6f\" data-element_type=\"widget\" data-widget_type=\"image.default\">\n\t\t\t\t<div class=\"elementor-widget-container\">\n\t\t\t<style>\/*! elementor - v3.23.0 - 05-08-2024 *\/\n.elementor-widget-image{text-align:center}.elementor-widget-image a{display:inline-block}.elementor-widget-image a img[src$=\".svg\"]{width:48px}.elementor-widget-image img{vertical-align:middle;display:inline-block}<\/style>\t\t\t\t\t\t\t\t\t\t<img fetchpriority=\"high\" decoding=\"async\" width=\"800\" height=\"600\" src=\"https:\/\/www.hotelbonsol.es\/wp-content\/uploads\/2025\/03\/Bonsol_Day2091-800x600.jpg\" class=\"attachment-fleur_mikado_landscape size-fleur_mikado_landscape wp-image-14500\" alt=\"\" \/>\t\t\t\t\t\t\t\t\t\t\t\t\t<\/div>\n\t\t\t\t<\/div>\n\t\t\t\t<div class=\"elementor-element elementor-element-233290a elementor-widget elementor-widget-heading\" data-id=\"233290a\" data-element_type=\"widget\" data-widget_type=\"heading.default\">\n\t\t\t\t<div class=\"elementor-widget-container\">\n\t\t\t<style>\/*! elementor - v3.23.0 - 05-08-2024 *\/\n.elementor-heading-title{padding:0;margin:0;line-height:1}.elementor-widget-heading .elementor-heading-title[class*=elementor-size-]>a{color:inherit;font-size:inherit;line-height:inherit}.elementor-widget-heading .elementor-heading-title.elementor-size-small{font-size:15px}.elementor-widget-heading .elementor-heading-title.elementor-size-medium{font-size:19px}.elementor-widget-heading .elementor-heading-title.elementor-size-large{font-size:29px}.elementor-widget-heading .elementor-heading-title.elementor-size-xl{font-size:39px}.elementor-widget-heading .elementor-heading-title.elementor-size-xxl{font-size:59px}<\/style><h2 class=\"elementor-heading-title elementor-size-default\"><h1 style=\"box-sizing: inherit; margin-top: -5px; margin-bottom: 19px; font-size: 36px; clear: both; font-family: Spartan; letter-spacing: normal; line-height: 1.4; color: rgb(0, 0, 0); overflow-wrap: break-word; text-transform: none; white-space-collapse: collapse; background-color: rgb(255, 255, 255);\">DON MARTIN: UNA HISTORIA DE AMOR\n\n<\/h1><\/h2>\t\t<\/div>\n\t\t\t\t<\/div>\n\t\t\t\t<div class=\"elementor-element elementor-element-1dfe29e elementor-widget__width-initial elementor-widget elementor-widget-text-editor\" data-id=\"1dfe29e\" data-element_type=\"widget\" data-widget_type=\"text-editor.default\">\n\t\t\t\t<div class=\"elementor-widget-container\">\n\t\t\t<style>\/*! elementor - v3.23.0 - 05-08-2024 *\/\n.elementor-widget-text-editor.elementor-drop-cap-view-stacked .elementor-drop-cap{background-color:#69727d;color:#fff}.elementor-widget-text-editor.elementor-drop-cap-view-framed .elementor-drop-cap{color:#69727d;border:3px solid;background-color:transparent}.elementor-widget-text-editor:not(.elementor-drop-cap-view-default) .elementor-drop-cap{margin-top:8px}.elementor-widget-text-editor:not(.elementor-drop-cap-view-default) .elementor-drop-cap-letter{width:1em;height:1em}.elementor-widget-text-editor .elementor-drop-cap{float:left;text-align:center;line-height:1;font-size:50px}.elementor-widget-text-editor .elementor-drop-cap-letter{display:inline-block}<\/style>\t\t\t\t<p style=\"font-weight: 400;\">Hay vidas que transcurren en silencio, lejos de los reflectores, pero cuya luz ilumina a quienes las rodean. Vidas que, sin pretenderlo, se convierten en faros, en ejemplos de entrega y humanidad. <strong>Don Martin, una historia de amor<\/strong>, es el t\u00edtulo que el periodista <strong>Diego Revuelta<\/strong> ha elegido para su documental, un relato que nos sumerge en la vida de un hombre extraordinario en su aparente sencillez: <strong>Mart\u00edn Xamena Toro<\/strong>. Un empresario de otra \u00e9poca que, con su visi\u00f3n \u00fanica, sigue dejando huella, no solo en el mundo hotelero, sino tambi\u00e9n en la vida de quienes tienen el privilegio de conocerlo.<\/p><p style=\"font-weight: 400;\">Para <strong>Don Martin<\/strong>, un negocio no es simplemente una m\u00e1quina de generar beneficios, sino una extensi\u00f3n de su esencia y valores. Su visi\u00f3n trasciende lo material, percibiendo la empresa como un acto de generosidad y una oportunidad para impactar positivamente en la vida de los dem\u00e1s. En su mundo, la hospitalidad no es solo un oficio, sino un arte; y su mayor recompensa no se encuentra en las cifras, sino en las sonrisas genuinas de sus hu\u00e9spedes y trabajadores.<\/p><p style=\"font-weight: 400;\">Desde las primeras secuencias del documental, es evidente que el mundo necesita m\u00e1s amor, m\u00e1s compasi\u00f3n, m\u00e1s <strong>Don Martines<\/strong>. Hombres y mujeres que, sin buscar reconocimiento ni honores, encarnan los valores de la integridad, el coraje y la visi\u00f3n, convirti\u00e9ndose, sin quererlo, en un testimonio viviente de altruismo y bondad.<\/p><p style=\"font-weight: 400;\"><strong>Diego Revuelta<\/strong> acept\u00f3 el reto de contar esta historia, un desaf\u00edo complejo, pues no es f\u00e1cil convertir en im\u00e1genes la esencia de una vida. El g\u00e9nero del <em>biopic<\/em> (biographic picture) es uno de los m\u00e1s dif\u00edciles de ejecutar, precisamente porque intenta capturar la autenticidad de una existencia sin distorsionarla con artificios narrativos. Antes de iniciar el rodaje, las dudas eran muchas. \u00bfC\u00f3mo plasmar en una pel\u00edcula el alma de un hombre cuya grandeza radica en la sencillez? \u00bfC\u00f3mo hacer justicia a una historia que no busca protagonismo, sino que se desliza suavemente entre recuerdos, valores y emociones?<\/p><p style=\"font-weight: 400;\">Sin embargo, al ver el documental, el tiempo parece desvanecerse. La narrativa es fluida, natural, emotiva. No hay exceso de dramatismo ni exageraciones, solo la verdad de una vida vivida con prop\u00f3sito. Cada imagen, cada testimonio, cada escena, nos invita a acercarnos a <strong>Don Martin<\/strong>, a conocer no solo sus ideas y valores, sino tambi\u00e9n la nostalgia que sus palabras despiertan al evocar una <strong>Mallorca del pasado<\/strong>. Una isla donde la vida avanzaba a otro ritmo, donde todo se constru\u00eda con esfuerzo, donde el sacrificio era la piedra angular de los sue\u00f1os cumplidos.<\/p><p style=\"font-weight: 400;\">A trav\u00e9s de entrevistas con familiares y amigos, <strong>Diego Revuelta<\/strong> logra algo excepcional: <strong>romper el velo de discreci\u00f3n y silencio<\/strong> que siempre ha envuelto a <strong>Don Martin<\/strong>, mostr\u00e1ndolo no como el centro del relato, sino como el <strong>co-protagonista de una historia de amor<\/strong>. Un amor por la vida, por la hospitalidad, por Dios, por las personas\u2026 y por el mismo amor.<\/p><p style=\"font-weight: 400;\">Al terminar el documental, uno no puede evitar sentir una profunda gratitud. Gratitud hacia <strong>Don Martin<\/strong>, por su ejemplo de vida. Gratitud hacia <strong>Diego Revuelta<\/strong>, por haber sabido dar voz y memoria a esta historia. Gratitud por recordarnos que el \u00e9xito no se mide en cifras, sino en la huella que dejamos en los dem\u00e1s.<\/p><p style=\"font-weight: 400;\">Por todo ello, consideramos que este agradecimiento deb\u00eda ser p\u00fablico y por escrito.<\/p><p style=\"font-weight: 400;\"><strong>Gracias, Diego.<\/strong> Gracias por aventurarte en este emocionante proyecto, por convertir la humildad en poes\u00eda, por hacer de la memoria un puente entre el ayer y el ma\u00f1ana.<\/p><p style=\"font-weight: 400;\"><em>\u00abPara poder mirar hacia adelante, hay que volver la vista atr\u00e1s.\u00bb<\/em><\/p><p style=\"font-weight: 400;\">\u00a0<\/p>\t\t\t\t\t\t<\/div>\n\t\t\t\t<\/div>\n\t\t\t\t\t<\/div>\n\t\t<\/div>\n\t\t\t\t\t<\/div>\n\t\t<\/section>\n\t\t\t\t<section class=\"elementor-section elementor-top-section elementor-element elementor-element-54f1386 elementor-section-boxed elementor-section-height-default elementor-section-height-default\" data-id=\"54f1386\" data-element_type=\"section\">\n\t\t\t\t\t\t<div class=\"elementor-container elementor-column-gap-default\">\n\t\t\t\t\t<div class=\"elementor-column elementor-col-100 elementor-top-column elementor-element elementor-element-c8b39fc\" data-id=\"c8b39fc\" data-element_type=\"column\">\n\t\t\t<div class=\"elementor-widget-wrap elementor-element-populated\">\n\t\t\t\t\t\t<div class=\"elementor-element elementor-element-d46d669 elementor-widget__width-initial elementor-widget elementor-widget-button\" data-id=\"d46d669\" data-element_type=\"widget\" data-widget_type=\"button.default\">\n\t\t\t\t<div class=\"elementor-widget-container\">\n\t\t\t\t\t<div class=\"elementor-button-wrapper\">\n\t\t\t<a class=\"elementor-button elementor-button-link elementor-size-sm\" href=\"https:\/\/www.hotelbonsol.es\/es\/blog\/\">\n\t\t\t\t\t\t<span class=\"elementor-button-content-wrapper\">\n\t\t\t\t\t\t\t\t\t<span class=\"elementor-button-text\">Blog Bonsoul<\/span>\n\t\t\t\t\t<\/span>\n\t\t\t\t\t<\/a>\n\t\t<\/div>\n\t\t\t\t<\/div>\n\t\t\t\t<\/div>\n\t\t\t\t\t<\/div>\n\t\t<\/div>\n\t\t\t\t\t<\/div>\n\t\t<\/section>\n\t\t\t\t<section class=\"elementor-section elementor-top-section elementor-element elementor-element-665659b elementor-section-boxed elementor-section-height-default elementor-section-height-default\" data-id=\"665659b\" data-element_type=\"section\">\n\t\t\t\t\t\t<div class=\"elementor-container elementor-column-gap-default\">\n\t\t\t\t\t<div class=\"elementor-column elementor-col-100 elementor-top-column elementor-element elementor-element-ccf21c7\" data-id=\"ccf21c7\" data-element_type=\"column\">\n\t\t\t<div class=\"elementor-widget-wrap elementor-element-populated\">\n\t\t\t\t\t\t<div class=\"elementor-element elementor-element-2cddaff elementor-widget elementor-widget-spacer\" data-id=\"2cddaff\" data-element_type=\"widget\" data-widget_type=\"spacer.default\">\n\t\t\t\t<div class=\"elementor-widget-container\">\n\t\t\t\t\t<div class=\"elementor-spacer\">\n\t\t\t<div class=\"elementor-spacer-inner\"><\/div>\n\t\t<\/div>\n\t\t\t\t<\/div>\n\t\t\t\t<\/div>\n\t\t\t\t\t<\/div>\n\t\t<\/div>\n\t\t\t\t\t<\/div>\n\t\t<\/section>\n\t\t\t\t<\/div>\n\t\t","protected":false},"excerpt":{"rendered":"<p>DON MARTIN: UNA HISTORIA DE AMOR Hay vidas que transcurren en silencio, lejos de los reflectores, pero cuya luz ilumina a quienes las rodean. Vidas que, sin pretenderlo, se convierten en faros, en ejemplos de entrega y humanidad. Don Martin, una historia de amor, es&#8230;<\/p>\n","protected":false},"author":2,"featured_media":14500,"parent":0,"menu_order":0,"comment_status":"closed","ping_status":"closed","template":"elementor_header_footer","meta":{"_monsterinsights_skip_tracking":false,"_monsterinsights_sitenote_active":false,"_monsterinsights_sitenote_note":"","_monsterinsights_sitenote_category":0,"footnotes":""},"_links":{"self":[{"href":"https:\/\/www.hotelbonsol.es\/es\/wp-json\/wp\/v2\/pages\/14515"}],"collection":[{"href":"https:\/\/www.hotelbonsol.es\/es\/wp-json\/wp\/v2\/pages"}],"about":[{"href":"https:\/\/www.hotelbonsol.es\/es\/wp-json\/wp\/v2\/types\/page"}],"author":[{"embeddable":true,"href":"https:\/\/www.hotelbonsol.es\/es\/wp-json\/wp\/v2\/users\/2"}],"replies":[{"embeddable":true,"href":"https:\/\/www.hotelbonsol.es\/es\/wp-json\/wp\/v2\/comments?post=14515"}],"version-history":[{"count":4,"href":"https:\/\/www.hotelbonsol.es\/es\/wp-json\/wp\/v2\/pages\/14515\/revisions"}],"predecessor-version":[{"id":14519,"href":"https:\/\/www.hotelbonsol.es\/es\/wp-json\/wp\/v2\/pages\/14515\/revisions\/14519"}],"wp:featuredmedia":[{"embeddable":true,"href":"https:\/\/www.hotelbonsol.es\/es\/wp-json\/wp\/v2\/media\/14500"}],"wp:attachment":[{"href":"https:\/\/www.hotelbonsol.es\/es\/wp-json\/wp\/v2\/media?parent=14515"}],"curies":[{"name":"wp","href":"https:\/\/api.w.org\/{rel}","templated":true}]}}