{"id":14702,"date":"2025-05-20T13:00:38","date_gmt":"2025-05-20T12:00:38","guid":{"rendered":"https:\/\/www.hotelbonsol.es\/?page_id=14702"},"modified":"2025-05-20T13:01:32","modified_gmt":"2025-05-20T12:01:32","slug":"robin-x-scalpers","status":"publish","type":"page","link":"https:\/\/www.hotelbonsol.es\/es\/robin-x-scalpers\/","title":{"rendered":"ROBIN X SCALPERS"},"content":{"rendered":"\t\t<div data-elementor-type=\"wp-page\" data-elementor-id=\"14702\" class=\"elementor elementor-14702\">\n\t\t\t\t\t\t<section class=\"elementor-section elementor-top-section elementor-element elementor-element-ca1df62 elementor-section-boxed elementor-section-height-default elementor-section-height-default\" data-id=\"ca1df62\" data-element_type=\"section\">\n\t\t\t\t\t\t<div class=\"elementor-container elementor-column-gap-default\">\n\t\t\t\t\t<div class=\"elementor-column elementor-col-100 elementor-top-column elementor-element elementor-element-ec16d8c\" data-id=\"ec16d8c\" data-element_type=\"column\">\n\t\t\t<div class=\"elementor-widget-wrap elementor-element-populated\">\n\t\t\t\t\t\t<div class=\"elementor-element elementor-element-900729f elementor-widget elementor-widget-spacer\" data-id=\"900729f\" data-element_type=\"widget\" data-widget_type=\"spacer.default\">\n\t\t\t\t<div class=\"elementor-widget-container\">\n\t\t\t<style>\/*! elementor - v3.23.0 - 05-08-2024 *\/\n.elementor-column .elementor-spacer-inner{height:var(--spacer-size)}.e-con{--container-widget-width:100%}.e-con-inner>.elementor-widget-spacer,.e-con>.elementor-widget-spacer{width:var(--container-widget-width,var(--spacer-size));--align-self:var(--container-widget-align-self,initial);--flex-shrink:0}.e-con-inner>.elementor-widget-spacer>.elementor-widget-container,.e-con>.elementor-widget-spacer>.elementor-widget-container{height:100%;width:100%}.e-con-inner>.elementor-widget-spacer>.elementor-widget-container>.elementor-spacer,.e-con>.elementor-widget-spacer>.elementor-widget-container>.elementor-spacer{height:100%}.e-con-inner>.elementor-widget-spacer>.elementor-widget-container>.elementor-spacer>.elementor-spacer-inner,.e-con>.elementor-widget-spacer>.elementor-widget-container>.elementor-spacer>.elementor-spacer-inner{height:var(--container-widget-height,var(--spacer-size))}.e-con-inner>.elementor-widget-spacer.elementor-widget-empty,.e-con>.elementor-widget-spacer.elementor-widget-empty{position:relative;min-height:22px;min-width:22px}.e-con-inner>.elementor-widget-spacer.elementor-widget-empty .elementor-widget-empty-icon,.e-con>.elementor-widget-spacer.elementor-widget-empty .elementor-widget-empty-icon{position:absolute;top:0;bottom:0;left:0;right:0;margin:auto;padding:0;width:22px;height:22px}<\/style>\t\t<div class=\"elementor-spacer\">\n\t\t\t<div class=\"elementor-spacer-inner\"><\/div>\n\t\t<\/div>\n\t\t\t\t<\/div>\n\t\t\t\t<\/div>\n\t\t\t\t\t<\/div>\n\t\t<\/div>\n\t\t\t\t\t<\/div>\n\t\t<\/section>\n\t\t\t\t<section class=\"elementor-section elementor-top-section elementor-element elementor-element-0f3563e elementor-section-boxed elementor-section-height-default elementor-section-height-default\" data-id=\"0f3563e\" data-element_type=\"section\">\n\t\t\t\t\t\t<div class=\"elementor-container elementor-column-gap-default\">\n\t\t\t\t\t<div class=\"elementor-column elementor-col-100 elementor-top-column elementor-element elementor-element-ba559b6\" data-id=\"ba559b6\" data-element_type=\"column\" data-settings=\"{&quot;background_background&quot;:&quot;classic&quot;}\">\n\t\t\t<div class=\"elementor-widget-wrap elementor-element-populated\">\n\t\t\t\t\t\t<div class=\"elementor-element elementor-element-cbd4c6f elementor-widget elementor-widget-image\" data-id=\"cbd4c6f\" data-element_type=\"widget\" data-widget_type=\"image.default\">\n\t\t\t\t<div class=\"elementor-widget-container\">\n\t\t\t<style>\/*! elementor - v3.23.0 - 05-08-2024 *\/\n.elementor-widget-image{text-align:center}.elementor-widget-image a{display:inline-block}.elementor-widget-image a img[src$=\".svg\"]{width:48px}.elementor-widget-image img{vertical-align:middle;display:inline-block}<\/style>\t\t\t\t\t\t\t\t\t\t<img fetchpriority=\"high\" decoding=\"async\" width=\"800\" height=\"600\" src=\"https:\/\/www.hotelbonsol.es\/wp-content\/uploads\/2025\/05\/498690631_18494591368026101_4959608922489027234_n-800x600.jpg\" class=\"attachment-fleur_mikado_landscape size-fleur_mikado_landscape wp-image-14696\" alt=\"\" \/>\t\t\t\t\t\t\t\t\t\t\t\t\t<\/div>\n\t\t\t\t<\/div>\n\t\t\t\t<div class=\"elementor-element elementor-element-233290a elementor-widget elementor-widget-heading\" data-id=\"233290a\" data-element_type=\"widget\" data-widget_type=\"heading.default\">\n\t\t\t\t<div class=\"elementor-widget-container\">\n\t\t\t<style>\/*! elementor - v3.23.0 - 05-08-2024 *\/\n.elementor-heading-title{padding:0;margin:0;line-height:1}.elementor-widget-heading .elementor-heading-title[class*=elementor-size-]>a{color:inherit;font-size:inherit;line-height:inherit}.elementor-widget-heading .elementor-heading-title.elementor-size-small{font-size:15px}.elementor-widget-heading .elementor-heading-title.elementor-size-medium{font-size:19px}.elementor-widget-heading .elementor-heading-title.elementor-size-large{font-size:29px}.elementor-widget-heading .elementor-heading-title.elementor-size-xl{font-size:39px}.elementor-widget-heading .elementor-heading-title.elementor-size-xxl{font-size:59px}<\/style><h2 class=\"elementor-heading-title elementor-size-default\"><h1 style=\"box-sizing: inherit; margin-top: -5px; margin-bottom: 19px; font-size: 36px; clear: both; font-family: Spartan; letter-spacing: normal; line-height: 1.4; color: rgb(0, 0, 0); overflow-wrap: break-word; text-transform: none; white-space-collapse: collapse; background-color: rgb(255, 255, 255);\">ROBIN X SCALPERS\n<\/h1><\/h2>\t\t<\/div>\n\t\t\t\t<\/div>\n\t\t\t\t<div class=\"elementor-element elementor-element-1dfe29e elementor-widget__width-initial elementor-widget elementor-widget-text-editor\" data-id=\"1dfe29e\" data-element_type=\"widget\" data-widget_type=\"text-editor.default\">\n\t\t\t\t<div class=\"elementor-widget-container\">\n\t\t\t<style>\/*! elementor - v3.23.0 - 05-08-2024 *\/\n.elementor-widget-text-editor.elementor-drop-cap-view-stacked .elementor-drop-cap{background-color:#69727d;color:#fff}.elementor-widget-text-editor.elementor-drop-cap-view-framed .elementor-drop-cap{color:#69727d;border:3px solid;background-color:transparent}.elementor-widget-text-editor:not(.elementor-drop-cap-view-default) .elementor-drop-cap{margin-top:8px}.elementor-widget-text-editor:not(.elementor-drop-cap-view-default) .elementor-drop-cap-letter{width:1em;height:1em}.elementor-widget-text-editor .elementor-drop-cap{float:left;text-align:center;line-height:1;font-size:50px}.elementor-widget-text-editor .elementor-drop-cap-letter{display:inline-block}<\/style>\t\t\t\t<p class=\"\" data-start=\"163\" data-end=\"249\"><strong data-start=\"186\" data-end=\"249\">Cuando dos visiones se encuentran frente al mar y\u2026 \u201cBONSOL\u201d<\/strong><\/p><p class=\"\" data-start=\"251\" data-end=\"674\">El d\u00eda que recibimos el correo del grupo Scalpers proponiendo una colaboraci\u00f3n, pensamos que era una broma. Para quien no sea espa\u00f1ol (aunque la marca hace tiempo que cruz\u00f3 las fronteras), Scalpers es una firma de moda \u201cmade in Spain\u201d nacida en 2007 en Sevilla. Cuenta con m\u00e1s de 300 puntos de venta entre flagship stores y corners en Europa, Emiratos \u00c1rabes y Sudam\u00e9rica, y vende a todo el mundo a trav\u00e9s de su p\u00e1gina web.<\/p><p class=\"\" data-start=\"676\" data-end=\"946\">Lo que comenz\u00f3 como un peque\u00f1o proyecto en un bar de Madrid entre un grupo de amigos \u201cmadrile\u00f1os\u201d, una empresa que empez\u00f3 vendiendo corbatas con calaveras, trajes y zapatillas deportivas, se ha transformado en pocos a\u00f1os de una boutique familiar a un gigante de la moda.<\/p><p class=\"\" data-start=\"948\" data-end=\"1561\"><strong data-start=\"948\" data-end=\"1561\">\u201cAlgunas colaboraciones nacen de las tendencias, y otras, de una filosof\u00eda compartida. La c\u00e1psula Robin x Scalpers pertenece, sin duda, a esta segunda categor\u00eda. Representa una sinergia rara entre dos marcas que entienden el deseo contempor\u00e1neo de prendas que sean a la vez lujosas y ponibles, est\u00e9ticas pero funcionales. Scalpers aporta su reputaci\u00f3n de sofisticaci\u00f3n urbana, mientras que Robin suma una sensibilidad muy suya, inspirada en el mar: fluida, refinada y atemporal. Juntas, van m\u00e1s all\u00e1 del producto para construir un relato sobre el viaje, el placer y la belleza de tomarse las cosas con calma.\u201d<\/strong><\/p><p class=\"\" data-start=\"1563\" data-end=\"2057\">Las razones por las que Alejandra Meler Pla \u2014fundadora junto a su hermano Manuel y dise\u00f1adora de la l\u00ednea de ba\u00f1o Robin x Scalpers\u2014 eligi\u00f3 el Hotel BonSol para realizar la campa\u00f1a fotogr\u00e1fica, pueden resumirse en estas palabras:<br data-start=\"1791\" data-end=\"1794\" \/><strong data-start=\"1794\" data-end=\"2057\">\u201cSeleccionamos el hotel por su aire de los a\u00f1os 50, por el perfume del Mediterr\u00e1neo, por esa esencia que solo se encuentra en hoteles con alma y con historia familiar a sus espaldas. En definitiva, un lugar donde poder contar una bonita \u2018historia de verano\u2019.\u201d<\/strong><\/p><p class=\"\" data-start=\"2059\" data-end=\"2240\">Y as\u00ed es. La nueva colecci\u00f3n Robin, expuesta en la secci\u00f3n <em data-start=\"2118\" data-end=\"2133\">invited brand<\/em> de Scalpers, cuenta simplemente una bella historia veraniega, hecha de colores, aromas y mar Mediterr\u00e1neo.<\/p><p class=\"\" data-start=\"2242\" data-end=\"3109\"><strong data-start=\"2242\" data-end=\"3109\">\u201cPara contar verdaderamente esta historia, la localizaci\u00f3n deb\u00eda ser tan evocadora como la colecci\u00f3n en s\u00ed. Y all\u00ed apareci\u00f3 el HOTEL BONSOL: una joya escondida en una ladera frondosa de Mallorca, donde las palmeras se mecen sobre terrazas de piedra y las tumbonas vintage descansan bajo parasoles a rayas. El hotel no es solo un escenario, es un personaje m\u00e1s del editorial. De gesti\u00f3n familiar desde hace generaciones, el BonSol irradia ese encanto que no se puede fabricar: muros blancos desgastados por el tiempo, suelos de baldosas artesanales y una atm\u00f3sfera impregnada de gracia mediterr\u00e1nea. Este entorno no es solo belleza; encarna el esp\u00edritu de relajaci\u00f3n y autenticidad que transmite la colecci\u00f3n Robin x Scalpers. Ya sea la luz filtrada entre buganvillas o el rumor de las olas contra los acantilados, todo aqu\u00ed refuerza el lujo sereno del editorial.\u201d<\/strong><\/p><p class=\"\" data-start=\"3111\" data-end=\"3431\">Robin no solo dise\u00f1a ba\u00f1adores, <strong data-start=\"3143\" data-end=\"3207\">\u201csino tambi\u00e9n los bikinis m\u00e1s virales y deseados del verano\u201d<\/strong>, y no lo decimos nosotros, sino revistas como <em data-start=\"3254\" data-end=\"3263\">Glamour<\/em>, <em data-start=\"3265\" data-end=\"3272\">Vogue<\/em> y <em data-start=\"3275\" data-end=\"3289\">Marie Claire<\/em>. Desde 2022, la marca ha incorporado tambi\u00e9n una l\u00ednea masculina, adem\u00e1s de gafas de sol, collares y prendas estivales que invitan a so\u00f1ar.<\/p><p class=\"\" data-start=\"3433\" data-end=\"3761\">Lo que nos hace sentir a\u00fan m\u00e1s orgullosos es que, en la peque\u00f1a cala del Hotel BonSol, Robin ha logrado reencontrarse con ese <strong data-start=\"3559\" data-end=\"3591\">\u201cesp\u00edritu playero y bohemio\u201d<\/strong> que siempre busca transmitir con cada lanzamiento:<br data-start=\"3642\" data-end=\"3645\" \/><strong data-start=\"3645\" data-end=\"3761\">\u201ctodos sus dise\u00f1os se inspiran en los rincones m\u00e1s encantadores y en las calas m\u00e1s rec\u00f3nditas del Mediterr\u00e1neo.\u201d<\/strong><\/p><p class=\"\" data-start=\"3763\" data-end=\"4046\">La familia Xamena, el Hotel BonSol y todo su equipo no pueden m\u00e1s que dar las gracias de coraz\u00f3n a <em data-start=\"3862\" data-end=\"3880\">Robin x Scalpers<\/em> por habernos elegido entre tantos tesoros del Mediterr\u00e1neo.<br data-start=\"3940\" data-end=\"3943\" \/>Nos sentimos profundamente halagados de haber sido inspiraci\u00f3n para esta preciosa historia de verano.<\/p>\t\t\t\t\t\t<\/div>\n\t\t\t\t<\/div>\n\t\t\t\t\t<\/div>\n\t\t<\/div>\n\t\t\t\t\t<\/div>\n\t\t<\/section>\n\t\t\t\t<section class=\"elementor-section elementor-top-section elementor-element elementor-element-54f1386 elementor-section-boxed elementor-section-height-default elementor-section-height-default\" data-id=\"54f1386\" data-element_type=\"section\">\n\t\t\t\t\t\t<div class=\"elementor-container elementor-column-gap-default\">\n\t\t\t\t\t<div class=\"elementor-column elementor-col-100 elementor-top-column elementor-element elementor-element-c8b39fc\" data-id=\"c8b39fc\" data-element_type=\"column\">\n\t\t\t<div class=\"elementor-widget-wrap elementor-element-populated\">\n\t\t\t\t\t\t<div class=\"elementor-element elementor-element-d46d669 elementor-widget__width-initial elementor-widget elementor-widget-button\" data-id=\"d46d669\" data-element_type=\"widget\" data-widget_type=\"button.default\">\n\t\t\t\t<div class=\"elementor-widget-container\">\n\t\t\t\t\t<div class=\"elementor-button-wrapper\">\n\t\t\t<a class=\"elementor-button elementor-button-link elementor-size-sm\" href=\"https:\/\/www.hotelbonsol.es\/es\/blog\/\">\n\t\t\t\t\t\t<span class=\"elementor-button-content-wrapper\">\n\t\t\t\t\t\t\t\t\t<span class=\"elementor-button-text\">Blog Bonsoul<\/span>\n\t\t\t\t\t<\/span>\n\t\t\t\t\t<\/a>\n\t\t<\/div>\n\t\t\t\t<\/div>\n\t\t\t\t<\/div>\n\t\t\t\t\t<\/div>\n\t\t<\/div>\n\t\t\t\t\t<\/div>\n\t\t<\/section>\n\t\t\t\t<section class=\"elementor-section elementor-top-section elementor-element elementor-element-665659b elementor-section-boxed elementor-section-height-default elementor-section-height-default\" data-id=\"665659b\" data-element_type=\"section\">\n\t\t\t\t\t\t<div class=\"elementor-container elementor-column-gap-default\">\n\t\t\t\t\t<div class=\"elementor-column elementor-col-100 elementor-top-column elementor-element elementor-element-ccf21c7\" data-id=\"ccf21c7\" data-element_type=\"column\">\n\t\t\t<div class=\"elementor-widget-wrap elementor-element-populated\">\n\t\t\t\t\t\t<div class=\"elementor-element elementor-element-2cddaff elementor-widget elementor-widget-spacer\" data-id=\"2cddaff\" data-element_type=\"widget\" data-widget_type=\"spacer.default\">\n\t\t\t\t<div class=\"elementor-widget-container\">\n\t\t\t\t\t<div class=\"elementor-spacer\">\n\t\t\t<div class=\"elementor-spacer-inner\"><\/div>\n\t\t<\/div>\n\t\t\t\t<\/div>\n\t\t\t\t<\/div>\n\t\t\t\t\t<\/div>\n\t\t<\/div>\n\t\t\t\t\t<\/div>\n\t\t<\/section>\n\t\t\t\t<\/div>\n\t\t","protected":false},"excerpt":{"rendered":"<p>ROBIN X SCALPERS Cuando dos visiones se encuentran frente al mar y\u2026 \u201cBONSOL\u201d El d\u00eda que recibimos el correo del grupo Scalpers proponiendo una colaboraci\u00f3n, pensamos que era una broma. Para quien no sea espa\u00f1ol (aunque la marca hace tiempo que cruz\u00f3 las fronteras), Scalpers&#8230;<\/p>\n","protected":false},"author":2,"featured_media":14696,"parent":0,"menu_order":0,"comment_status":"closed","ping_status":"closed","template":"elementor_header_footer","meta":{"_monsterinsights_skip_tracking":false,"_monsterinsights_sitenote_active":false,"_monsterinsights_sitenote_note":"","_monsterinsights_sitenote_category":0,"footnotes":""},"_links":{"self":[{"href":"https:\/\/www.hotelbonsol.es\/es\/wp-json\/wp\/v2\/pages\/14702"}],"collection":[{"href":"https:\/\/www.hotelbonsol.es\/es\/wp-json\/wp\/v2\/pages"}],"about":[{"href":"https:\/\/www.hotelbonsol.es\/es\/wp-json\/wp\/v2\/types\/page"}],"author":[{"embeddable":true,"href":"https:\/\/www.hotelbonsol.es\/es\/wp-json\/wp\/v2\/users\/2"}],"replies":[{"embeddable":true,"href":"https:\/\/www.hotelbonsol.es\/es\/wp-json\/wp\/v2\/comments?post=14702"}],"version-history":[{"count":4,"href":"https:\/\/www.hotelbonsol.es\/es\/wp-json\/wp\/v2\/pages\/14702\/revisions"}],"predecessor-version":[{"id":14706,"href":"https:\/\/www.hotelbonsol.es\/es\/wp-json\/wp\/v2\/pages\/14702\/revisions\/14706"}],"wp:featuredmedia":[{"embeddable":true,"href":"https:\/\/www.hotelbonsol.es\/es\/wp-json\/wp\/v2\/media\/14696"}],"wp:attachment":[{"href":"https:\/\/www.hotelbonsol.es\/es\/wp-json\/wp\/v2\/media?parent=14702"}],"curies":[{"name":"wp","href":"https:\/\/api.w.org\/{rel}","templated":true}]}}