{"id":14754,"date":"2025-06-06T12:49:51","date_gmt":"2025-06-06T11:49:51","guid":{"rendered":"https:\/\/www.hotelbonsol.es\/?page_id=14754"},"modified":"2025-06-06T12:50:30","modified_gmt":"2025-06-06T11:50:30","slug":"una-excursion-inesperada-futbol-y-cultura-en-son-moix","status":"publish","type":"page","link":"https:\/\/www.hotelbonsol.es\/es\/una-excursion-inesperada-futbol-y-cultura-en-son-moix\/","title":{"rendered":"UNA EXCURSI\u00d3N INESPERADA: F\u00daTBOL Y CULTURA EN SON MOIX"},"content":{"rendered":"\t\t<div data-elementor-type=\"wp-page\" data-elementor-id=\"14754\" class=\"elementor elementor-14754\">\n\t\t\t\t\t\t<section class=\"elementor-section elementor-top-section elementor-element elementor-element-ca1df62 elementor-section-boxed elementor-section-height-default elementor-section-height-default\" data-id=\"ca1df62\" data-element_type=\"section\">\n\t\t\t\t\t\t<div class=\"elementor-container elementor-column-gap-default\">\n\t\t\t\t\t<div class=\"elementor-column elementor-col-100 elementor-top-column elementor-element elementor-element-ec16d8c\" data-id=\"ec16d8c\" data-element_type=\"column\">\n\t\t\t<div class=\"elementor-widget-wrap elementor-element-populated\">\n\t\t\t\t\t\t<div class=\"elementor-element elementor-element-900729f elementor-widget elementor-widget-spacer\" data-id=\"900729f\" data-element_type=\"widget\" data-widget_type=\"spacer.default\">\n\t\t\t\t<div class=\"elementor-widget-container\">\n\t\t\t<style>\/*! elementor - v3.23.0 - 05-08-2024 *\/\n.elementor-column .elementor-spacer-inner{height:var(--spacer-size)}.e-con{--container-widget-width:100%}.e-con-inner>.elementor-widget-spacer,.e-con>.elementor-widget-spacer{width:var(--container-widget-width,var(--spacer-size));--align-self:var(--container-widget-align-self,initial);--flex-shrink:0}.e-con-inner>.elementor-widget-spacer>.elementor-widget-container,.e-con>.elementor-widget-spacer>.elementor-widget-container{height:100%;width:100%}.e-con-inner>.elementor-widget-spacer>.elementor-widget-container>.elementor-spacer,.e-con>.elementor-widget-spacer>.elementor-widget-container>.elementor-spacer{height:100%}.e-con-inner>.elementor-widget-spacer>.elementor-widget-container>.elementor-spacer>.elementor-spacer-inner,.e-con>.elementor-widget-spacer>.elementor-widget-container>.elementor-spacer>.elementor-spacer-inner{height:var(--container-widget-height,var(--spacer-size))}.e-con-inner>.elementor-widget-spacer.elementor-widget-empty,.e-con>.elementor-widget-spacer.elementor-widget-empty{position:relative;min-height:22px;min-width:22px}.e-con-inner>.elementor-widget-spacer.elementor-widget-empty .elementor-widget-empty-icon,.e-con>.elementor-widget-spacer.elementor-widget-empty .elementor-widget-empty-icon{position:absolute;top:0;bottom:0;left:0;right:0;margin:auto;padding:0;width:22px;height:22px}<\/style>\t\t<div class=\"elementor-spacer\">\n\t\t\t<div class=\"elementor-spacer-inner\"><\/div>\n\t\t<\/div>\n\t\t\t\t<\/div>\n\t\t\t\t<\/div>\n\t\t\t\t\t<\/div>\n\t\t<\/div>\n\t\t\t\t\t<\/div>\n\t\t<\/section>\n\t\t\t\t<section class=\"elementor-section elementor-top-section elementor-element elementor-element-0f3563e elementor-section-boxed elementor-section-height-default elementor-section-height-default\" data-id=\"0f3563e\" data-element_type=\"section\">\n\t\t\t\t\t\t<div class=\"elementor-container elementor-column-gap-default\">\n\t\t\t\t\t<div class=\"elementor-column elementor-col-100 elementor-top-column elementor-element elementor-element-ba559b6\" data-id=\"ba559b6\" data-element_type=\"column\" data-settings=\"{&quot;background_background&quot;:&quot;classic&quot;}\">\n\t\t\t<div class=\"elementor-widget-wrap elementor-element-populated\">\n\t\t\t\t\t\t<div class=\"elementor-element elementor-element-cbd4c6f elementor-widget elementor-widget-image\" data-id=\"cbd4c6f\" data-element_type=\"widget\" data-widget_type=\"image.default\">\n\t\t\t\t<div class=\"elementor-widget-container\">\n\t\t\t<style>\/*! elementor - v3.23.0 - 05-08-2024 *\/\n.elementor-widget-image{text-align:center}.elementor-widget-image a{display:inline-block}.elementor-widget-image a img[src$=\".svg\"]{width:48px}.elementor-widget-image img{vertical-align:middle;display:inline-block}<\/style>\t\t\t\t\t\t\t\t\t\t<img fetchpriority=\"high\" decoding=\"async\" width=\"800\" height=\"600\" src=\"https:\/\/www.hotelbonsol.es\/wp-content\/uploads\/2025\/06\/b46a1cf9fc3b195b917c1b075443ab2d-800x600.jpeg\" class=\"attachment-fleur_mikado_landscape size-fleur_mikado_landscape wp-image-14749\" alt=\"\" \/>\t\t\t\t\t\t\t\t\t\t\t\t\t<\/div>\n\t\t\t\t<\/div>\n\t\t\t\t<div class=\"elementor-element elementor-element-233290a elementor-widget elementor-widget-heading\" data-id=\"233290a\" data-element_type=\"widget\" data-widget_type=\"heading.default\">\n\t\t\t\t<div class=\"elementor-widget-container\">\n\t\t\t<style>\/*! elementor - v3.23.0 - 05-08-2024 *\/\n.elementor-heading-title{padding:0;margin:0;line-height:1}.elementor-widget-heading .elementor-heading-title[class*=elementor-size-]>a{color:inherit;font-size:inherit;line-height:inherit}.elementor-widget-heading .elementor-heading-title.elementor-size-small{font-size:15px}.elementor-widget-heading .elementor-heading-title.elementor-size-medium{font-size:19px}.elementor-widget-heading .elementor-heading-title.elementor-size-large{font-size:29px}.elementor-widget-heading .elementor-heading-title.elementor-size-xl{font-size:39px}.elementor-widget-heading .elementor-heading-title.elementor-size-xxl{font-size:59px}<\/style><h2 class=\"elementor-heading-title elementor-size-default\"><h1 style=\"box-sizing: inherit; margin-top: -5px; margin-bottom: 19px; font-size: 36px; clear: both; font-family: Spartan; letter-spacing: normal; line-height: 1.4; color: rgb(0, 0, 0); overflow-wrap: break-word; text-transform: none; white-space-collapse: collapse; background-color: rgb(255, 255, 255);\">UNA EXCURSI\u00d3N INESPERADA: F\u00daTBOL Y CULTURA EN SON MOIX\n<\/h1><\/h2>\t\t<\/div>\n\t\t\t\t<\/div>\n\t\t\t\t<div class=\"elementor-element elementor-element-1dfe29e elementor-widget__width-initial elementor-widget elementor-widget-text-editor\" data-id=\"1dfe29e\" data-element_type=\"widget\" data-widget_type=\"text-editor.default\">\n\t\t\t\t<div class=\"elementor-widget-container\">\n\t\t\t<style>\/*! elementor - v3.23.0 - 05-08-2024 *\/\n.elementor-widget-text-editor.elementor-drop-cap-view-stacked .elementor-drop-cap{background-color:#69727d;color:#fff}.elementor-widget-text-editor.elementor-drop-cap-view-framed .elementor-drop-cap{color:#69727d;border:3px solid;background-color:transparent}.elementor-widget-text-editor:not(.elementor-drop-cap-view-default) .elementor-drop-cap{margin-top:8px}.elementor-widget-text-editor:not(.elementor-drop-cap-view-default) .elementor-drop-cap-letter{width:1em;height:1em}.elementor-widget-text-editor .elementor-drop-cap{float:left;text-align:center;line-height:1;font-size:50px}.elementor-widget-text-editor .elementor-drop-cap-letter{display:inline-block}<\/style>\t\t\t\t<p><em>Una experiencia local poco habitual para disfrutar Mallorca desde otra perspectiva<\/em><\/p><p>Cuando uno piensa en Mallorca, lo primero que acude a la mente son sus calas de aguas cristalinas,sus paisajes naturales, su gastronom\u00eda mediterr\u00e1nea o la serenidad de una tarde en una terraza frente al mar. Sin embargo, hay una actividad poco conocida y sorprendentemente recomendable, incluso para quienes no son aficionados al f\u00fatbol: asistir a un partido del\u00a0<strong>Real Club Deportivo Mallorca<\/strong>\u00a0en el estadio\u00a0<strong>Son Moix<\/strong>.<\/p><p>El campeonato de La Liga espa\u00f1ola comienza a mediados del verano y finaliza a finales de mayo. Durante los meses de agosto y septiembre, el estadio rara vez alcanza el aforo completo, lo que facilita encontrar entradas a precios accesibles a trav\u00e9s de la web oficial del club. Adem\u00e1s, recientemente, el estadio ha sido renovado, con tribunas cubiertas, una mayor cercan\u00eda al terreno de juego y excelentes condiciones de visibilidad desde todas las zonas.<\/p><p>Vivir un partido en el\u00a0<strong>\u201cMallorca Estadi\u201d<\/strong>\u00a0es una experiencia aut\u00e9ntica y diferente: una pausa del mar para sumergirse en el pulso cultural de la isla, donde el deporte se convierte en espect\u00e1culo familiar. Es una salida que permite conocer una faceta de Mallorca m\u00e1s cotidiana y local, entre residentes y fieles seguidores del equipo bermell\u00f3n.<\/p><p>La atm\u00f3sfera durante los encuentros es sorprendentemente tranquila y amable. Predominan las familias, los ni\u00f1os y un ambiente respetuoso tanto dentro como fuera del campo. Lejos de los estereotipos del f\u00fatbol conflictivo, aqu\u00ed se respira convivencia, civismo y deportividad. No existen zonas separadas para las aficiones rivales; de hecho, los seguidores de equipos visitantes, como el Real Madrid o el FC Barcelona, comparten grada con los mallorquinistas sin mayores incidentes.<\/p><p>La seguridad se limita a unos pocos auxiliares y la presencia policial es discreta, normalmente ubicada en el exterior. Como muestra de esta cultura del respeto, destaca el trato hacia figuras del club como\u00a0<strong>Abd\u00f3n Prat<\/strong>\u00a0<strong>Bastida<\/strong>, natural de Art\u00e0 y aut\u00e9ntico emblema del equipo. Aunque no sea el capit\u00e1n ni la estrella indiscutible del once inicial, su presencia basta para que el estadio entero coree su nombre cada vez que aparece en pantalla.<\/p><p>Cabe mencionar tambi\u00e9n que el club, en manos de propietarios estadounidenses \u2014al igual que sucede cada vez m\u00e1s en el f\u00fatbol europeo\u2014, ha incorporado elementos de entretenimiento propios del deporte americano: desde zonas\u00a0<strong>VIP<\/strong>\u00a0con vistas panor\u00e1micas del campo, hasta experiencias exclusivas como el\u00a0<strong>Footprint Tunnel<\/strong>, zonas hospitality y salas presidenciales con servicio gourmet. Todo pensado para transformar el f\u00fatbol en un evento inolvidable, apto para todos los p\u00fablicos.<\/p><p><strong>En resumen:<\/strong><\/p><p>Si busca una actividad diferente para complementar su estancia en Mallorca, le animamos a considerar una \u201cescapada urbana\u201d al estadio Son Moix. Puede consultar horarios, entradas y opciones de hospitalidad en la web oficial del club:<\/p><p>\ud83d\udc49\u00a0<a href=\"https:\/\/www.rcdmallorca.es\/en\/vip-hospitality\" data-type=\"link\" data-id=\"https:\/\/www.rcdmallorca.es\/en\/vip-hospitality\">RCD Mallorca \u2013 VIP Hospitality<\/a>\u00a0Porque Mallorca tambi\u00e9n se vive desde sus gradas, y porque el alma de la isla late no solo en el mar, sino tambi\u00e9n en sus pasiones compartidas.<\/p><p><strong>For\u00e7a Mallorca.<\/strong><\/p>\t\t\t\t\t\t<\/div>\n\t\t\t\t<\/div>\n\t\t\t\t\t<\/div>\n\t\t<\/div>\n\t\t\t\t\t<\/div>\n\t\t<\/section>\n\t\t\t\t<section class=\"elementor-section elementor-top-section elementor-element elementor-element-54f1386 elementor-section-boxed elementor-section-height-default elementor-section-height-default\" data-id=\"54f1386\" data-element_type=\"section\">\n\t\t\t\t\t\t<div class=\"elementor-container elementor-column-gap-default\">\n\t\t\t\t\t<div class=\"elementor-column elementor-col-100 elementor-top-column elementor-element elementor-element-c8b39fc\" data-id=\"c8b39fc\" data-element_type=\"column\">\n\t\t\t<div class=\"elementor-widget-wrap elementor-element-populated\">\n\t\t\t\t\t\t<div class=\"elementor-element elementor-element-d46d669 elementor-widget__width-initial elementor-widget elementor-widget-button\" data-id=\"d46d669\" data-element_type=\"widget\" data-widget_type=\"button.default\">\n\t\t\t\t<div class=\"elementor-widget-container\">\n\t\t\t\t\t<div class=\"elementor-button-wrapper\">\n\t\t\t<a class=\"elementor-button elementor-button-link elementor-size-sm\" href=\"https:\/\/www.hotelbonsol.es\/es\/blog\/\">\n\t\t\t\t\t\t<span class=\"elementor-button-content-wrapper\">\n\t\t\t\t\t\t\t\t\t<span class=\"elementor-button-text\">Blog Bonsoul<\/span>\n\t\t\t\t\t<\/span>\n\t\t\t\t\t<\/a>\n\t\t<\/div>\n\t\t\t\t<\/div>\n\t\t\t\t<\/div>\n\t\t\t\t\t<\/div>\n\t\t<\/div>\n\t\t\t\t\t<\/div>\n\t\t<\/section>\n\t\t\t\t<section class=\"elementor-section elementor-top-section elementor-element elementor-element-665659b elementor-section-boxed elementor-section-height-default elementor-section-height-default\" data-id=\"665659b\" data-element_type=\"section\">\n\t\t\t\t\t\t<div class=\"elementor-container elementor-column-gap-default\">\n\t\t\t\t\t<div class=\"elementor-column elementor-col-100 elementor-top-column elementor-element elementor-element-ccf21c7\" data-id=\"ccf21c7\" data-element_type=\"column\">\n\t\t\t<div class=\"elementor-widget-wrap elementor-element-populated\">\n\t\t\t\t\t\t<div class=\"elementor-element elementor-element-2cddaff elementor-widget elementor-widget-spacer\" data-id=\"2cddaff\" data-element_type=\"widget\" data-widget_type=\"spacer.default\">\n\t\t\t\t<div class=\"elementor-widget-container\">\n\t\t\t\t\t<div class=\"elementor-spacer\">\n\t\t\t<div class=\"elementor-spacer-inner\"><\/div>\n\t\t<\/div>\n\t\t\t\t<\/div>\n\t\t\t\t<\/div>\n\t\t\t\t\t<\/div>\n\t\t<\/div>\n\t\t\t\t\t<\/div>\n\t\t<\/section>\n\t\t\t\t<\/div>\n\t\t","protected":false},"excerpt":{"rendered":"<p>UNA EXCURSI\u00d3N INESPERADA: F\u00daTBOL Y CULTURA EN SON MOIX Una experiencia local poco habitual para disfrutar Mallorca desde otra perspectiva Cuando uno piensa en Mallorca, lo primero que acude a la mente son sus calas de aguas cristalinas,sus paisajes naturales, su gastronom\u00eda mediterr\u00e1nea o la&#8230;<\/p>\n","protected":false},"author":2,"featured_media":14749,"parent":0,"menu_order":0,"comment_status":"closed","ping_status":"closed","template":"elementor_header_footer","meta":{"_monsterinsights_skip_tracking":false,"_monsterinsights_sitenote_active":false,"_monsterinsights_sitenote_note":"","_monsterinsights_sitenote_category":0,"footnotes":""},"_links":{"self":[{"href":"https:\/\/www.hotelbonsol.es\/es\/wp-json\/wp\/v2\/pages\/14754"}],"collection":[{"href":"https:\/\/www.hotelbonsol.es\/es\/wp-json\/wp\/v2\/pages"}],"about":[{"href":"https:\/\/www.hotelbonsol.es\/es\/wp-json\/wp\/v2\/types\/page"}],"author":[{"embeddable":true,"href":"https:\/\/www.hotelbonsol.es\/es\/wp-json\/wp\/v2\/users\/2"}],"replies":[{"embeddable":true,"href":"https:\/\/www.hotelbonsol.es\/es\/wp-json\/wp\/v2\/comments?post=14754"}],"version-history":[{"count":4,"href":"https:\/\/www.hotelbonsol.es\/es\/wp-json\/wp\/v2\/pages\/14754\/revisions"}],"predecessor-version":[{"id":14758,"href":"https:\/\/www.hotelbonsol.es\/es\/wp-json\/wp\/v2\/pages\/14754\/revisions\/14758"}],"wp:featuredmedia":[{"embeddable":true,"href":"https:\/\/www.hotelbonsol.es\/es\/wp-json\/wp\/v2\/media\/14749"}],"wp:attachment":[{"href":"https:\/\/www.hotelbonsol.es\/es\/wp-json\/wp\/v2\/media?parent=14754"}],"curies":[{"name":"wp","href":"https:\/\/api.w.org\/{rel}","templated":true}]}}