{"id":14765,"date":"2025-06-13T14:40:19","date_gmt":"2025-06-13T13:40:19","guid":{"rendered":"https:\/\/www.hotelbonsol.es\/?page_id=14765"},"modified":"2025-06-13T14:43:17","modified_gmt":"2025-06-13T13:43:17","slug":"la-flor-de-la-sal","status":"publish","type":"page","link":"https:\/\/www.hotelbonsol.es\/es\/la-flor-de-la-sal\/","title":{"rendered":"LA FLOR DE LA SAL"},"content":{"rendered":"\t\t<div data-elementor-type=\"wp-page\" data-elementor-id=\"14765\" class=\"elementor elementor-14765\">\n\t\t\t\t\t\t<section class=\"elementor-section elementor-top-section elementor-element elementor-element-ca1df62 elementor-section-boxed elementor-section-height-default elementor-section-height-default\" data-id=\"ca1df62\" data-element_type=\"section\">\n\t\t\t\t\t\t<div class=\"elementor-container elementor-column-gap-default\">\n\t\t\t\t\t<div class=\"elementor-column elementor-col-100 elementor-top-column elementor-element elementor-element-ec16d8c\" data-id=\"ec16d8c\" data-element_type=\"column\">\n\t\t\t<div class=\"elementor-widget-wrap elementor-element-populated\">\n\t\t\t\t\t\t<div class=\"elementor-element elementor-element-900729f elementor-widget elementor-widget-spacer\" data-id=\"900729f\" data-element_type=\"widget\" data-widget_type=\"spacer.default\">\n\t\t\t\t<div class=\"elementor-widget-container\">\n\t\t\t<style>\/*! elementor - v3.23.0 - 05-08-2024 *\/\n.elementor-column .elementor-spacer-inner{height:var(--spacer-size)}.e-con{--container-widget-width:100%}.e-con-inner>.elementor-widget-spacer,.e-con>.elementor-widget-spacer{width:var(--container-widget-width,var(--spacer-size));--align-self:var(--container-widget-align-self,initial);--flex-shrink:0}.e-con-inner>.elementor-widget-spacer>.elementor-widget-container,.e-con>.elementor-widget-spacer>.elementor-widget-container{height:100%;width:100%}.e-con-inner>.elementor-widget-spacer>.elementor-widget-container>.elementor-spacer,.e-con>.elementor-widget-spacer>.elementor-widget-container>.elementor-spacer{height:100%}.e-con-inner>.elementor-widget-spacer>.elementor-widget-container>.elementor-spacer>.elementor-spacer-inner,.e-con>.elementor-widget-spacer>.elementor-widget-container>.elementor-spacer>.elementor-spacer-inner{height:var(--container-widget-height,var(--spacer-size))}.e-con-inner>.elementor-widget-spacer.elementor-widget-empty,.e-con>.elementor-widget-spacer.elementor-widget-empty{position:relative;min-height:22px;min-width:22px}.e-con-inner>.elementor-widget-spacer.elementor-widget-empty .elementor-widget-empty-icon,.e-con>.elementor-widget-spacer.elementor-widget-empty .elementor-widget-empty-icon{position:absolute;top:0;bottom:0;left:0;right:0;margin:auto;padding:0;width:22px;height:22px}<\/style>\t\t<div class=\"elementor-spacer\">\n\t\t\t<div class=\"elementor-spacer-inner\"><\/div>\n\t\t<\/div>\n\t\t\t\t<\/div>\n\t\t\t\t<\/div>\n\t\t\t\t\t<\/div>\n\t\t<\/div>\n\t\t\t\t\t<\/div>\n\t\t<\/section>\n\t\t\t\t<section class=\"elementor-section elementor-top-section elementor-element elementor-element-0f3563e elementor-section-boxed elementor-section-height-default elementor-section-height-default\" data-id=\"0f3563e\" data-element_type=\"section\">\n\t\t\t\t\t\t<div class=\"elementor-container elementor-column-gap-default\">\n\t\t\t\t\t<div class=\"elementor-column elementor-col-100 elementor-top-column elementor-element elementor-element-ba559b6\" data-id=\"ba559b6\" data-element_type=\"column\" data-settings=\"{&quot;background_background&quot;:&quot;classic&quot;}\">\n\t\t\t<div class=\"elementor-widget-wrap elementor-element-populated\">\n\t\t\t\t\t\t<div class=\"elementor-element elementor-element-cbd4c6f elementor-widget elementor-widget-image\" data-id=\"cbd4c6f\" data-element_type=\"widget\" data-widget_type=\"image.default\">\n\t\t\t\t<div class=\"elementor-widget-container\">\n\t\t\t<style>\/*! elementor - v3.23.0 - 05-08-2024 *\/\n.elementor-widget-image{text-align:center}.elementor-widget-image a{display:inline-block}.elementor-widget-image a img[src$=\".svg\"]{width:48px}.elementor-widget-image img{vertical-align:middle;display:inline-block}<\/style>\t\t\t\t\t\t\t\t\t\t<img fetchpriority=\"high\" decoding=\"async\" width=\"800\" height=\"600\" src=\"https:\/\/www.hotelbonsol.es\/wp-content\/uploads\/2025\/06\/L1152077-scaled-e1749822177289-800x600.jpg\" class=\"attachment-fleur_mikado_landscape size-fleur_mikado_landscape wp-image-14771\" alt=\"\" srcset=\"https:\/\/www.hotelbonsol.es\/wp-content\/uploads\/2025\/06\/L1152077-scaled-e1749822177289-800x600.jpg 800w, https:\/\/www.hotelbonsol.es\/wp-content\/uploads\/2025\/06\/L1152077-scaled-e1749822177289-600x449.jpg 600w, https:\/\/www.hotelbonsol.es\/wp-content\/uploads\/2025\/06\/L1152077-scaled-e1749822177289-768x575.jpg 768w, https:\/\/www.hotelbonsol.es\/wp-content\/uploads\/2025\/06\/L1152077-scaled-e1749822177289.jpg 1527w\" sizes=\"(max-width: 800px) 100vw, 800px\" \/>\t\t\t\t\t\t\t\t\t\t\t\t\t<\/div>\n\t\t\t\t<\/div>\n\t\t\t\t<div class=\"elementor-element elementor-element-233290a elementor-widget elementor-widget-heading\" data-id=\"233290a\" data-element_type=\"widget\" data-widget_type=\"heading.default\">\n\t\t\t\t<div class=\"elementor-widget-container\">\n\t\t\t<style>\/*! elementor - v3.23.0 - 05-08-2024 *\/\n.elementor-heading-title{padding:0;margin:0;line-height:1}.elementor-widget-heading .elementor-heading-title[class*=elementor-size-]>a{color:inherit;font-size:inherit;line-height:inherit}.elementor-widget-heading .elementor-heading-title.elementor-size-small{font-size:15px}.elementor-widget-heading .elementor-heading-title.elementor-size-medium{font-size:19px}.elementor-widget-heading .elementor-heading-title.elementor-size-large{font-size:29px}.elementor-widget-heading .elementor-heading-title.elementor-size-xl{font-size:39px}.elementor-widget-heading .elementor-heading-title.elementor-size-xxl{font-size:59px}<\/style><h2 class=\"elementor-heading-title elementor-size-default\"><h1 style=\"box-sizing: inherit; margin-top: -5px; margin-bottom: 19px; font-size: 36px; clear: both; font-family: Spartan; letter-spacing: normal; line-height: 1.4; color: rgb(0, 0, 0); overflow-wrap: break-word; text-transform: none; white-space-collapse: collapse; background-color: rgb(255, 255, 255);\">FLOR DE SAL\n<\/h1><\/h2>\t\t<\/div>\n\t\t\t\t<\/div>\n\t\t\t\t<div class=\"elementor-element elementor-element-1dfe29e elementor-widget__width-initial elementor-widget elementor-widget-text-editor\" data-id=\"1dfe29e\" data-element_type=\"widget\" data-widget_type=\"text-editor.default\">\n\t\t\t\t<div class=\"elementor-widget-container\">\n\t\t\t<style>\/*! elementor - v3.23.0 - 05-08-2024 *\/\n.elementor-widget-text-editor.elementor-drop-cap-view-stacked .elementor-drop-cap{background-color:#69727d;color:#fff}.elementor-widget-text-editor.elementor-drop-cap-view-framed .elementor-drop-cap{color:#69727d;border:3px solid;background-color:transparent}.elementor-widget-text-editor:not(.elementor-drop-cap-view-default) .elementor-drop-cap{margin-top:8px}.elementor-widget-text-editor:not(.elementor-drop-cap-view-default) .elementor-drop-cap-letter{width:1em;height:1em}.elementor-widget-text-editor .elementor-drop-cap{float:left;text-align:center;line-height:1;font-size:50px}.elementor-widget-text-editor .elementor-drop-cap-letter{display:inline-block}<\/style>\t\t\t\t<p class=\"p1\"><\/p><p>La llamada <em>macchia mediterr\u00e1nea<\/em> es un ecosistema vegetal excepcional, caracterizado por diversas especies de plantas, incluyendo arbustos perennes como la adelfa o el alcaparro, \u00e1rboles como la encina o el algarrobo, y un gran n\u00famero de plantas arom\u00e1ticas que perfuman el aire con maravillosos aromas veraniegos: romero, salvia, tomillo, or\u00e9gano, lavanda y laurel.<\/p><p class=\"p1\"> <\/p><p>En los jardines del BonSol contamos con muchas de estas especies vegetales, pero esta temporada queremos centrarnos en un arbusto perenne fascinante: <em>Limoniastrum monopetalum<\/em>, conocido como \u201cflor de sal\u201d, una planta originaria de las costas salobres y \u00e1ridas del Mediterr\u00e1neo. Su capacidad para prosperar en condiciones dif\u00edciles \u2014como suelos salinos y arenosos, y largos periodos de sequ\u00eda\u2014 la convierte en una especie ideal para el clima de Mallorca.<\/p><p class=\"p1\"> <\/p><p>En ciertos momentos del a\u00f1o, el <em>Limoniastrum<\/em> puede pasar desapercibido, pero entre finales de primavera y el verano es imposible no notarlo, cuando su follaje gris verdoso plateado se cubre de una hermosa floraci\u00f3n lila.<\/p><p class=\"p1\"> <\/p><p>Puedes admirar esta extraordinaria planta en todo su esplendor, especialmente en estos d\u00edas de floraci\u00f3n, en las zonas verdes costeras de la cala del Hotel BonSol. Todas las terrazas est\u00e1n adornadas con este arbusto ornamental compacto y redondeado, que puede alcanzar entre 50 y 100 cent\u00edmetros de altura, y que contribuye a crear un paisaje \u00fanico y caracter\u00edstico.<\/p><p class=\"p1\"> <\/p><p>En 2022, tras una poda importante \u2014necesaria debido al crecimiento descendente excesivo del <em>Limoniastrum<\/em> y para evitar futuros problemas estructurales con los muros perimetrales de la playa\u2014 se generaron algunos huecos que necesitaban ser rellenados. Era pr\u00e1cticamente imposible encontrar ejemplares iguales de esta especie, especialmente con el mismo tono de flor, as\u00ed que confiamos en la naturaleza para regenerar lo perdido con el tiempo.<\/p><p class=\"p1\"> <\/p><p>Seleccionamos ramas sanas y vigorosas y realizamos esquejes: tomamos ramas de la planta madre, las cortamos en \u00e1ngulo de 45 grados, las pusimos en agua hasta que aparecieron ra\u00edces y luego las pasamos a tierra para esperar un tiempo antes de trasplantarlas a las terrazas.<\/p><p class=\"p1\"> <\/p><p>El consejo del blog de hoy: date un buen ba\u00f1o en la cala del BonSol \u2014si puede ser con uno de nuestros divertidos flotadores en forma de donut amarillo y blanco\u2014 y, una vez te alejes lo suficiente (con 20 o 30 metros es suficiente), date la vuelta y contempla el <em>Limoniastrum<\/em> en plena floraci\u00f3n: un verdadero espect\u00e1culo de la naturaleza.<\/p><p class=\"p1\"><\/p>\t\t\t\t\t\t<\/div>\n\t\t\t\t<\/div>\n\t\t\t\t\t<\/div>\n\t\t<\/div>\n\t\t\t\t\t<\/div>\n\t\t<\/section>\n\t\t\t\t<section class=\"elementor-section elementor-top-section elementor-element elementor-element-54f1386 elementor-section-boxed elementor-section-height-default elementor-section-height-default\" data-id=\"54f1386\" data-element_type=\"section\">\n\t\t\t\t\t\t<div class=\"elementor-container elementor-column-gap-default\">\n\t\t\t\t\t<div class=\"elementor-column elementor-col-100 elementor-top-column elementor-element elementor-element-c8b39fc\" data-id=\"c8b39fc\" data-element_type=\"column\">\n\t\t\t<div class=\"elementor-widget-wrap elementor-element-populated\">\n\t\t\t\t\t\t<div class=\"elementor-element elementor-element-d46d669 elementor-widget__width-initial elementor-widget elementor-widget-button\" data-id=\"d46d669\" data-element_type=\"widget\" data-widget_type=\"button.default\">\n\t\t\t\t<div class=\"elementor-widget-container\">\n\t\t\t\t\t<div class=\"elementor-button-wrapper\">\n\t\t\t<a class=\"elementor-button elementor-button-link elementor-size-sm\" href=\"https:\/\/www.hotelbonsol.es\/es\/blog\/\">\n\t\t\t\t\t\t<span class=\"elementor-button-content-wrapper\">\n\t\t\t\t\t\t\t\t\t<span class=\"elementor-button-text\">Blog Bonsoul<\/span>\n\t\t\t\t\t<\/span>\n\t\t\t\t\t<\/a>\n\t\t<\/div>\n\t\t\t\t<\/div>\n\t\t\t\t<\/div>\n\t\t\t\t\t<\/div>\n\t\t<\/div>\n\t\t\t\t\t<\/div>\n\t\t<\/section>\n\t\t\t\t<section class=\"elementor-section elementor-top-section elementor-element elementor-element-665659b elementor-section-boxed elementor-section-height-default elementor-section-height-default\" data-id=\"665659b\" data-element_type=\"section\">\n\t\t\t\t\t\t<div class=\"elementor-container elementor-column-gap-default\">\n\t\t\t\t\t<div class=\"elementor-column elementor-col-100 elementor-top-column elementor-element elementor-element-ccf21c7\" data-id=\"ccf21c7\" data-element_type=\"column\">\n\t\t\t<div class=\"elementor-widget-wrap elementor-element-populated\">\n\t\t\t\t\t\t<div class=\"elementor-element elementor-element-2cddaff elementor-widget elementor-widget-spacer\" data-id=\"2cddaff\" data-element_type=\"widget\" data-widget_type=\"spacer.default\">\n\t\t\t\t<div class=\"elementor-widget-container\">\n\t\t\t\t\t<div class=\"elementor-spacer\">\n\t\t\t<div class=\"elementor-spacer-inner\"><\/div>\n\t\t<\/div>\n\t\t\t\t<\/div>\n\t\t\t\t<\/div>\n\t\t\t\t\t<\/div>\n\t\t<\/div>\n\t\t\t\t\t<\/div>\n\t\t<\/section>\n\t\t\t\t<\/div>\n\t\t","protected":false},"excerpt":{"rendered":"<p>FLOR DE SAL La llamada macchia mediterr\u00e1nea es un ecosistema vegetal excepcional, caracterizado por diversas especies de plantas, incluyendo arbustos perennes como la adelfa o el alcaparro, \u00e1rboles como la encina o el algarrobo, y un gran n\u00famero de plantas arom\u00e1ticas que perfuman el aire&#8230;<\/p>\n","protected":false},"author":2,"featured_media":0,"parent":0,"menu_order":0,"comment_status":"closed","ping_status":"closed","template":"elementor_header_footer","meta":{"_monsterinsights_skip_tracking":false,"_monsterinsights_sitenote_active":false,"_monsterinsights_sitenote_note":"","_monsterinsights_sitenote_category":0,"footnotes":""},"_links":{"self":[{"href":"https:\/\/www.hotelbonsol.es\/es\/wp-json\/wp\/v2\/pages\/14765"}],"collection":[{"href":"https:\/\/www.hotelbonsol.es\/es\/wp-json\/wp\/v2\/pages"}],"about":[{"href":"https:\/\/www.hotelbonsol.es\/es\/wp-json\/wp\/v2\/types\/page"}],"author":[{"embeddable":true,"href":"https:\/\/www.hotelbonsol.es\/es\/wp-json\/wp\/v2\/users\/2"}],"replies":[{"embeddable":true,"href":"https:\/\/www.hotelbonsol.es\/es\/wp-json\/wp\/v2\/comments?post=14765"}],"version-history":[{"count":7,"href":"https:\/\/www.hotelbonsol.es\/es\/wp-json\/wp\/v2\/pages\/14765\/revisions"}],"predecessor-version":[{"id":14781,"href":"https:\/\/www.hotelbonsol.es\/es\/wp-json\/wp\/v2\/pages\/14765\/revisions\/14781"}],"wp:attachment":[{"href":"https:\/\/www.hotelbonsol.es\/es\/wp-json\/wp\/v2\/media?parent=14765"}],"curies":[{"name":"wp","href":"https:\/\/api.w.org\/{rel}","templated":true}]}}