{"id":14959,"date":"2025-07-25T10:18:58","date_gmt":"2025-07-25T09:18:58","guid":{"rendered":"https:\/\/www.hotelbonsol.es\/?page_id=14959"},"modified":"2025-07-25T10:19:30","modified_gmt":"2025-07-25T09:19:30","slug":"luna-de-miel-en-mallorca","status":"publish","type":"page","link":"https:\/\/www.hotelbonsol.es\/es\/luna-de-miel-en-mallorca\/","title":{"rendered":"LUNA DE MIEL EN MALLORCA"},"content":{"rendered":"\t\t<div data-elementor-type=\"wp-page\" data-elementor-id=\"14959\" class=\"elementor elementor-14959\">\n\t\t\t\t\t\t<section class=\"elementor-section elementor-top-section elementor-element elementor-element-ca1df62 elementor-section-boxed elementor-section-height-default elementor-section-height-default\" data-id=\"ca1df62\" data-element_type=\"section\">\n\t\t\t\t\t\t<div class=\"elementor-container elementor-column-gap-default\">\n\t\t\t\t\t<div class=\"elementor-column elementor-col-100 elementor-top-column elementor-element elementor-element-ec16d8c\" data-id=\"ec16d8c\" data-element_type=\"column\">\n\t\t\t<div class=\"elementor-widget-wrap elementor-element-populated\">\n\t\t\t\t\t\t<div class=\"elementor-element elementor-element-900729f elementor-widget elementor-widget-spacer\" data-id=\"900729f\" data-element_type=\"widget\" data-widget_type=\"spacer.default\">\n\t\t\t\t<div class=\"elementor-widget-container\">\n\t\t\t<style>\/*! elementor - v3.23.0 - 05-08-2024 *\/\n.elementor-column .elementor-spacer-inner{height:var(--spacer-size)}.e-con{--container-widget-width:100%}.e-con-inner>.elementor-widget-spacer,.e-con>.elementor-widget-spacer{width:var(--container-widget-width,var(--spacer-size));--align-self:var(--container-widget-align-self,initial);--flex-shrink:0}.e-con-inner>.elementor-widget-spacer>.elementor-widget-container,.e-con>.elementor-widget-spacer>.elementor-widget-container{height:100%;width:100%}.e-con-inner>.elementor-widget-spacer>.elementor-widget-container>.elementor-spacer,.e-con>.elementor-widget-spacer>.elementor-widget-container>.elementor-spacer{height:100%}.e-con-inner>.elementor-widget-spacer>.elementor-widget-container>.elementor-spacer>.elementor-spacer-inner,.e-con>.elementor-widget-spacer>.elementor-widget-container>.elementor-spacer>.elementor-spacer-inner{height:var(--container-widget-height,var(--spacer-size))}.e-con-inner>.elementor-widget-spacer.elementor-widget-empty,.e-con>.elementor-widget-spacer.elementor-widget-empty{position:relative;min-height:22px;min-width:22px}.e-con-inner>.elementor-widget-spacer.elementor-widget-empty .elementor-widget-empty-icon,.e-con>.elementor-widget-spacer.elementor-widget-empty .elementor-widget-empty-icon{position:absolute;top:0;bottom:0;left:0;right:0;margin:auto;padding:0;width:22px;height:22px}<\/style>\t\t<div class=\"elementor-spacer\">\n\t\t\t<div class=\"elementor-spacer-inner\"><\/div>\n\t\t<\/div>\n\t\t\t\t<\/div>\n\t\t\t\t<\/div>\n\t\t\t\t\t<\/div>\n\t\t<\/div>\n\t\t\t\t\t<\/div>\n\t\t<\/section>\n\t\t\t\t<section class=\"elementor-section elementor-top-section elementor-element elementor-element-0f3563e elementor-section-boxed elementor-section-height-default elementor-section-height-default\" data-id=\"0f3563e\" data-element_type=\"section\">\n\t\t\t\t\t\t<div class=\"elementor-container elementor-column-gap-default\">\n\t\t\t\t\t<div class=\"elementor-column elementor-col-100 elementor-top-column elementor-element elementor-element-ba559b6\" data-id=\"ba559b6\" data-element_type=\"column\" data-settings=\"{&quot;background_background&quot;:&quot;classic&quot;}\">\n\t\t\t<div class=\"elementor-widget-wrap elementor-element-populated\">\n\t\t\t\t\t\t<div class=\"elementor-element elementor-element-cbd4c6f elementor-widget elementor-widget-image\" data-id=\"cbd4c6f\" data-element_type=\"widget\" data-widget_type=\"image.default\">\n\t\t\t\t<div class=\"elementor-widget-container\">\n\t\t\t<style>\/*! elementor - v3.23.0 - 05-08-2024 *\/\n.elementor-widget-image{text-align:center}.elementor-widget-image a{display:inline-block}.elementor-widget-image a img[src$=\".svg\"]{width:48px}.elementor-widget-image img{vertical-align:middle;display:inline-block}<\/style>\t\t\t\t\t\t\t\t\t\t<img fetchpriority=\"high\" decoding=\"async\" width=\"540\" height=\"600\" src=\"https:\/\/www.hotelbonsol.es\/wp-content\/uploads\/2025\/07\/6878a5076a1465a6a90700dd_Honeymoon-British-540x600.jpg\" class=\"attachment-fleur_mikado_landscape size-fleur_mikado_landscape wp-image-14941\" alt=\"\" \/>\t\t\t\t\t\t\t\t\t\t\t\t\t<\/div>\n\t\t\t\t<\/div>\n\t\t\t\t<div class=\"elementor-element elementor-element-233290a elementor-widget elementor-widget-heading\" data-id=\"233290a\" data-element_type=\"widget\" data-widget_type=\"heading.default\">\n\t\t\t\t<div class=\"elementor-widget-container\">\n\t\t\t<style>\/*! elementor - v3.23.0 - 05-08-2024 *\/\n.elementor-heading-title{padding:0;margin:0;line-height:1}.elementor-widget-heading .elementor-heading-title[class*=elementor-size-]>a{color:inherit;font-size:inherit;line-height:inherit}.elementor-widget-heading .elementor-heading-title.elementor-size-small{font-size:15px}.elementor-widget-heading .elementor-heading-title.elementor-size-medium{font-size:19px}.elementor-widget-heading .elementor-heading-title.elementor-size-large{font-size:29px}.elementor-widget-heading .elementor-heading-title.elementor-size-xl{font-size:39px}.elementor-widget-heading .elementor-heading-title.elementor-size-xxl{font-size:59px}<\/style><h2 class=\"elementor-heading-title elementor-size-default\"><h1 style=\"box-sizing: inherit; margin-top: -5px; margin-bottom: 19px; font-size: 36px; clear: both; font-family: Spartan; letter-spacing: normal; line-height: 1.4; color: rgb(0, 0, 0); overflow-wrap: break-word; text-transform: none; white-space-collapse: collapse; background-color: rgb(255, 255, 255);\">LUNA DE MIEL EN MALLORCA\n<\/h1><\/h2>\t\t<\/div>\n\t\t\t\t<\/div>\n\t\t\t\t<div class=\"elementor-element elementor-element-1dfe29e elementor-widget__width-initial elementor-widget elementor-widget-text-editor\" data-id=\"1dfe29e\" data-element_type=\"widget\" data-widget_type=\"text-editor.default\">\n\t\t\t\t<div class=\"elementor-widget-container\">\n\t\t\t<style>\/*! elementor - v3.23.0 - 05-08-2024 *\/\n.elementor-widget-text-editor.elementor-drop-cap-view-stacked .elementor-drop-cap{background-color:#69727d;color:#fff}.elementor-widget-text-editor.elementor-drop-cap-view-framed .elementor-drop-cap{color:#69727d;border:3px solid;background-color:transparent}.elementor-widget-text-editor:not(.elementor-drop-cap-view-default) .elementor-drop-cap{margin-top:8px}.elementor-widget-text-editor:not(.elementor-drop-cap-view-default) .elementor-drop-cap-letter{width:1em;height:1em}.elementor-widget-text-editor .elementor-drop-cap{float:left;text-align:center;line-height:1;font-size:50px}.elementor-widget-text-editor .elementor-drop-cap-letter{display:inline-block}<\/style>\t\t\t\t<p data-start=\"51\" data-end=\"583\">Hace unos veranos, con toda la familia, \u00edbamos en taxi por Roma camino al aeropuerto, rumbo a Mallorca. Una conversaci\u00f3n casual con el taxista nos abri\u00f3 las puertas a un mundo desconocido \u2014o mejor dicho, poco conocido fuera del sector tur\u00edstico\u2014: las lunas de miel en Mallorca. El conductor, que nos llevaba al aeropuerto, nos cont\u00f3 que en los a\u00f1os 70 Mallorca era el destino favorito de luna de miel para los italianos (y tambi\u00e9n para otros), y que \u2014casualmente\u2014 las agencias de viaje de la \u00e9poca sol\u00edan recomendar el Hotel Bonsol.<\/p><p data-start=\"585\" data-end=\"787\">Intrigada por esta bonita historia, decid\u00ed investigar un poco y me encontr\u00e9 con un precioso cartel de viaje vintage de los a\u00f1os 50 que promocionaba la isla con un mensaje claro: <em data-start=\"763\" data-end=\"786\">HONEYMOON IN MALLORCA<\/em>.<\/p><p data-start=\"789\" data-end=\"1382\"><strong data-start=\"789\" data-end=\"815\">UN POCO DE HISTORIA&#8230;<\/strong><br data-start=\"815\" data-end=\"818\" \/>Antes de que se desarrollara esta estrategia publicitaria del Fomento del Turismo de Mallorca, es importante entender el contexto hist\u00f3rico. En los a\u00f1os 50, Espa\u00f1a comenz\u00f3 un largo camino para salir del aislamiento pol\u00edtico internacional provocado por el r\u00e9gimen de Franco, iniciando un di\u00e1logo significativo con Estados Unidos. El 18 de noviembre de 1952, Espa\u00f1a ingres\u00f3 en la UNESCO, primer paso para formar parte de la ONU, lo cual suceder\u00eda en 1955. En 1958, Espa\u00f1a se uni\u00f3 a la Organizaci\u00f3n Europea de Cooperaci\u00f3n Econ\u00f3mica y al Fondo Monetario Internacional.<\/p><p data-start=\"1384\" data-end=\"1936\">En julio de 1959 se implant\u00f3 el Plan de Estabilizaci\u00f3n Econ\u00f3mica, que elimin\u00f3 el requisito de visado para entrar al pa\u00eds. Como parte de este gran esfuerzo de modernizaci\u00f3n, el turismo comenz\u00f3 a ocupar un lugar central. A partir de entonces, el turismo en Espa\u00f1a \u2014y especialmente en las Islas Baleares\u2014 creci\u00f3 exponencialmente, tambi\u00e9n gracias a los cambios en la aviaci\u00f3n civil y a la apertura del aeropuerto de Son Sant Joan en 1960. El n\u00famero de turistas alojados en hoteles en Mallorca pas\u00f3 de 98.000 a m\u00e1s de dos millones a mediados de los a\u00f1os 70.<\/p><p data-start=\"1938\" data-end=\"2007\">Con ese contexto hist\u00f3rico, volvamos al cartel en cuesti\u00f3n, que dice:<\/p><p data-start=\"2009\" data-end=\"2349\"><strong data-start=\"2009\" data-end=\"2042\">\u2022 Honeymoon in Mallorca, 1950<\/strong><br data-start=\"2042\" data-end=\"2045\" \/>\u201cLa litograf\u00eda original fue creada por el artista local Sim\u00f3n Mu\u00f1oz Lemaur, quien particip\u00f3 en un concurso organizado por el Fomento en 1949. La imagen form\u00f3 parte de una campa\u00f1a destinada a promocionar la isla entre reci\u00e9n casados y parejas, primero en Espa\u00f1a y luego en Francia, Reino Unido y Alemania.<\/p><p data-start=\"2351\" data-end=\"2775\">El cartel ganador mostraba la isla como un destino rom\u00e1ntico, con dos pajaritos \u2014\u2018marido y mujer\u2019\u2014 posados en la rama de un almendro. A su alrededor, se ilustraban los monumentos m\u00e1s emblem\u00e1ticos de Mallorca: la Catedral (La Seu), el Castillo de Bellver, la Bas\u00edlica de San Francisco, las Cuevas de Art\u00e0 y la cruz de San Salvador (Felanitx), todos inteligentemente dispuestos para formar un simb\u00f3lico \u201cnido de luna de miel\u201d.<\/p><p data-start=\"2777\" data-end=\"3050\">As\u00ed, ya en los a\u00f1os 50, Mallorca comenzaba a configurarse en el imaginario colectivo como un destino ideal para lunas de miel. Esta tendencia qued\u00f3 sellada en 1956 con la llegada del Pr\u00edncipe Rainiero y Grace Kelly, quienes celebraron su luna de miel en el Hotel Formentor.<\/p><p data-start=\"3052\" data-end=\"3416\">El Hotel Bonsol, que abri\u00f3 sus puertas en 1953, tambi\u00e9n surgi\u00f3 en esta \u00e9poca dorada de promoci\u00f3n tur\u00edstica. Gracias a esta campa\u00f1a tan bien dirigida, incontables parejas pasaron su luna de miel en el hotel. Y este art\u00edculo es un homenaje a todos aquellos hu\u00e9spedes que, entre los a\u00f1os 50 y 80, eligieron Bonsol para celebrar un momento tan especial en sus vidas&#8230;<\/p><p data-start=\"3418\" data-end=\"3506\"><strong data-start=\"3418\" data-end=\"3506\">\u00a1Volved a visitarnos! Tenemos una oferta exclusiva de vacaciones solo para vosotros.<\/strong><\/p><p data-start=\"3508\" data-end=\"3910\" data-is-last-node=\"\" data-is-only-node=\"\"><strong data-start=\"3508\" data-end=\"3522\">CURIOSIDAD<\/strong><br data-start=\"3522\" data-end=\"3525\" \/>En una encuesta reciente, las Islas Baleares siguen siendo elegidas por muchas parejas j\u00f3venes \u2014a pesar de la gran variedad de destinos internacionales disponibles hoy\u2014 como uno de los lugares preferidos para su luna de miel.<br data-start=\"3750\" data-end=\"3753\" \/>El cartel <em data-start=\"3763\" data-end=\"3786\">HONEYMOON IN MALLORCA<\/em> est\u00e1 disponible para su compra online gracias a la colaboraci\u00f3n entre el Fomento del Turismo de Mallorca y Stick No Bills\u00ae.<\/p>\t\t\t\t\t\t<\/div>\n\t\t\t\t<\/div>\n\t\t\t\t\t<\/div>\n\t\t<\/div>\n\t\t\t\t\t<\/div>\n\t\t<\/section>\n\t\t\t\t<section class=\"elementor-section elementor-top-section elementor-element elementor-element-54f1386 elementor-section-boxed elementor-section-height-default elementor-section-height-default\" data-id=\"54f1386\" data-element_type=\"section\">\n\t\t\t\t\t\t<div class=\"elementor-container elementor-column-gap-default\">\n\t\t\t\t\t<div class=\"elementor-column elementor-col-100 elementor-top-column elementor-element elementor-element-c8b39fc\" data-id=\"c8b39fc\" data-element_type=\"column\">\n\t\t\t<div class=\"elementor-widget-wrap elementor-element-populated\">\n\t\t\t\t\t\t<div class=\"elementor-element elementor-element-d46d669 elementor-widget__width-initial elementor-widget elementor-widget-button\" data-id=\"d46d669\" data-element_type=\"widget\" data-widget_type=\"button.default\">\n\t\t\t\t<div class=\"elementor-widget-container\">\n\t\t\t\t\t<div class=\"elementor-button-wrapper\">\n\t\t\t<a class=\"elementor-button elementor-button-link elementor-size-sm\" href=\"https:\/\/www.hotelbonsol.es\/es\/blog\/\">\n\t\t\t\t\t\t<span class=\"elementor-button-content-wrapper\">\n\t\t\t\t\t\t\t\t\t<span class=\"elementor-button-text\">Blog Bonsoul<\/span>\n\t\t\t\t\t<\/span>\n\t\t\t\t\t<\/a>\n\t\t<\/div>\n\t\t\t\t<\/div>\n\t\t\t\t<\/div>\n\t\t\t\t\t<\/div>\n\t\t<\/div>\n\t\t\t\t\t<\/div>\n\t\t<\/section>\n\t\t\t\t<section class=\"elementor-section elementor-top-section elementor-element elementor-element-665659b elementor-section-boxed elementor-section-height-default elementor-section-height-default\" data-id=\"665659b\" data-element_type=\"section\">\n\t\t\t\t\t\t<div class=\"elementor-container elementor-column-gap-default\">\n\t\t\t\t\t<div class=\"elementor-column elementor-col-100 elementor-top-column elementor-element elementor-element-ccf21c7\" data-id=\"ccf21c7\" data-element_type=\"column\">\n\t\t\t<div class=\"elementor-widget-wrap elementor-element-populated\">\n\t\t\t\t\t\t<div class=\"elementor-element elementor-element-2cddaff elementor-widget elementor-widget-spacer\" data-id=\"2cddaff\" data-element_type=\"widget\" data-widget_type=\"spacer.default\">\n\t\t\t\t<div class=\"elementor-widget-container\">\n\t\t\t\t\t<div class=\"elementor-spacer\">\n\t\t\t<div class=\"elementor-spacer-inner\"><\/div>\n\t\t<\/div>\n\t\t\t\t<\/div>\n\t\t\t\t<\/div>\n\t\t\t\t\t<\/div>\n\t\t<\/div>\n\t\t\t\t\t<\/div>\n\t\t<\/section>\n\t\t\t\t<\/div>\n\t\t","protected":false},"excerpt":{"rendered":"<p>LUNA DE MIEL EN MALLORCA Hace unos veranos, con toda la familia, \u00edbamos en taxi por Roma camino al aeropuerto, rumbo a Mallorca. Una conversaci\u00f3n casual con el taxista nos abri\u00f3 las puertas a un mundo desconocido \u2014o mejor dicho, poco conocido fuera del sector&#8230;<\/p>\n","protected":false},"author":2,"featured_media":14941,"parent":0,"menu_order":0,"comment_status":"closed","ping_status":"closed","template":"elementor_header_footer","meta":{"_monsterinsights_skip_tracking":false,"_monsterinsights_sitenote_active":false,"_monsterinsights_sitenote_note":"","_monsterinsights_sitenote_category":0,"footnotes":""},"_links":{"self":[{"href":"https:\/\/www.hotelbonsol.es\/es\/wp-json\/wp\/v2\/pages\/14959"}],"collection":[{"href":"https:\/\/www.hotelbonsol.es\/es\/wp-json\/wp\/v2\/pages"}],"about":[{"href":"https:\/\/www.hotelbonsol.es\/es\/wp-json\/wp\/v2\/types\/page"}],"author":[{"embeddable":true,"href":"https:\/\/www.hotelbonsol.es\/es\/wp-json\/wp\/v2\/users\/2"}],"replies":[{"embeddable":true,"href":"https:\/\/www.hotelbonsol.es\/es\/wp-json\/wp\/v2\/comments?post=14959"}],"version-history":[{"count":4,"href":"https:\/\/www.hotelbonsol.es\/es\/wp-json\/wp\/v2\/pages\/14959\/revisions"}],"predecessor-version":[{"id":14963,"href":"https:\/\/www.hotelbonsol.es\/es\/wp-json\/wp\/v2\/pages\/14959\/revisions\/14963"}],"wp:featuredmedia":[{"embeddable":true,"href":"https:\/\/www.hotelbonsol.es\/es\/wp-json\/wp\/v2\/media\/14941"}],"wp:attachment":[{"href":"https:\/\/www.hotelbonsol.es\/es\/wp-json\/wp\/v2\/media?parent=14959"}],"curies":[{"name":"wp","href":"https:\/\/api.w.org\/{rel}","templated":true}]}}