{"id":14964,"date":"2025-07-25T10:20:55","date_gmt":"2025-07-25T09:20:55","guid":{"rendered":"https:\/\/www.hotelbonsol.es\/?page_id=14964"},"modified":"2025-07-25T10:21:33","modified_gmt":"2025-07-25T09:21:33","slug":"el-fetichismo-de-la-experiencia-vivida","status":"publish","type":"page","link":"https:\/\/www.hotelbonsol.es\/es\/el-fetichismo-de-la-experiencia-vivida\/","title":{"rendered":"EL FETICHISMO DE LA EXPERIENCIA VIVIDA"},"content":{"rendered":"\t\t<div data-elementor-type=\"wp-page\" data-elementor-id=\"14964\" class=\"elementor elementor-14964\">\n\t\t\t\t\t\t<section class=\"elementor-section elementor-top-section elementor-element elementor-element-ca1df62 elementor-section-boxed elementor-section-height-default elementor-section-height-default\" data-id=\"ca1df62\" data-element_type=\"section\">\n\t\t\t\t\t\t<div class=\"elementor-container elementor-column-gap-default\">\n\t\t\t\t\t<div class=\"elementor-column elementor-col-100 elementor-top-column elementor-element elementor-element-ec16d8c\" data-id=\"ec16d8c\" data-element_type=\"column\">\n\t\t\t<div class=\"elementor-widget-wrap elementor-element-populated\">\n\t\t\t\t\t\t<div class=\"elementor-element elementor-element-900729f elementor-widget elementor-widget-spacer\" data-id=\"900729f\" data-element_type=\"widget\" data-widget_type=\"spacer.default\">\n\t\t\t\t<div class=\"elementor-widget-container\">\n\t\t\t<style>\/*! elementor - v3.23.0 - 05-08-2024 *\/\n.elementor-column .elementor-spacer-inner{height:var(--spacer-size)}.e-con{--container-widget-width:100%}.e-con-inner>.elementor-widget-spacer,.e-con>.elementor-widget-spacer{width:var(--container-widget-width,var(--spacer-size));--align-self:var(--container-widget-align-self,initial);--flex-shrink:0}.e-con-inner>.elementor-widget-spacer>.elementor-widget-container,.e-con>.elementor-widget-spacer>.elementor-widget-container{height:100%;width:100%}.e-con-inner>.elementor-widget-spacer>.elementor-widget-container>.elementor-spacer,.e-con>.elementor-widget-spacer>.elementor-widget-container>.elementor-spacer{height:100%}.e-con-inner>.elementor-widget-spacer>.elementor-widget-container>.elementor-spacer>.elementor-spacer-inner,.e-con>.elementor-widget-spacer>.elementor-widget-container>.elementor-spacer>.elementor-spacer-inner{height:var(--container-widget-height,var(--spacer-size))}.e-con-inner>.elementor-widget-spacer.elementor-widget-empty,.e-con>.elementor-widget-spacer.elementor-widget-empty{position:relative;min-height:22px;min-width:22px}.e-con-inner>.elementor-widget-spacer.elementor-widget-empty .elementor-widget-empty-icon,.e-con>.elementor-widget-spacer.elementor-widget-empty .elementor-widget-empty-icon{position:absolute;top:0;bottom:0;left:0;right:0;margin:auto;padding:0;width:22px;height:22px}<\/style>\t\t<div class=\"elementor-spacer\">\n\t\t\t<div class=\"elementor-spacer-inner\"><\/div>\n\t\t<\/div>\n\t\t\t\t<\/div>\n\t\t\t\t<\/div>\n\t\t\t\t\t<\/div>\n\t\t<\/div>\n\t\t\t\t\t<\/div>\n\t\t<\/section>\n\t\t\t\t<section class=\"elementor-section elementor-top-section elementor-element elementor-element-0f3563e elementor-section-boxed elementor-section-height-default elementor-section-height-default\" data-id=\"0f3563e\" data-element_type=\"section\">\n\t\t\t\t\t\t<div class=\"elementor-container elementor-column-gap-default\">\n\t\t\t\t\t<div class=\"elementor-column elementor-col-100 elementor-top-column elementor-element elementor-element-ba559b6\" data-id=\"ba559b6\" data-element_type=\"column\" data-settings=\"{&quot;background_background&quot;:&quot;classic&quot;}\">\n\t\t\t<div class=\"elementor-widget-wrap elementor-element-populated\">\n\t\t\t\t\t\t<div class=\"elementor-element elementor-element-cbd4c6f elementor-widget elementor-widget-image\" data-id=\"cbd4c6f\" data-element_type=\"widget\" data-widget_type=\"image.default\">\n\t\t\t\t<div class=\"elementor-widget-container\">\n\t\t\t<style>\/*! elementor - v3.23.0 - 05-08-2024 *\/\n.elementor-widget-image{text-align:center}.elementor-widget-image a{display:inline-block}.elementor-widget-image a img[src$=\".svg\"]{width:48px}.elementor-widget-image img{vertical-align:middle;display:inline-block}<\/style>\t\t\t\t\t\t\t\t\t\t<img fetchpriority=\"high\" decoding=\"async\" width=\"800\" height=\"600\" src=\"https:\/\/www.hotelbonsol.es\/wp-content\/uploads\/2025\/07\/9D63FF3F-3237-476D-B2D5-ACC84952771F-800x600.jpg\" class=\"attachment-fleur_mikado_landscape size-fleur_mikado_landscape wp-image-14945\" alt=\"\" \/>\t\t\t\t\t\t\t\t\t\t\t\t\t<\/div>\n\t\t\t\t<\/div>\n\t\t\t\t<div class=\"elementor-element elementor-element-233290a elementor-widget elementor-widget-heading\" data-id=\"233290a\" data-element_type=\"widget\" data-widget_type=\"heading.default\">\n\t\t\t\t<div class=\"elementor-widget-container\">\n\t\t\t<style>\/*! elementor - v3.23.0 - 05-08-2024 *\/\n.elementor-heading-title{padding:0;margin:0;line-height:1}.elementor-widget-heading .elementor-heading-title[class*=elementor-size-]>a{color:inherit;font-size:inherit;line-height:inherit}.elementor-widget-heading .elementor-heading-title.elementor-size-small{font-size:15px}.elementor-widget-heading .elementor-heading-title.elementor-size-medium{font-size:19px}.elementor-widget-heading .elementor-heading-title.elementor-size-large{font-size:29px}.elementor-widget-heading .elementor-heading-title.elementor-size-xl{font-size:39px}.elementor-widget-heading .elementor-heading-title.elementor-size-xxl{font-size:59px}<\/style><h2 class=\"elementor-heading-title elementor-size-default\"><h1 style=\"box-sizing: inherit; margin-top: -5px; margin-bottom: 19px; font-size: 36px; clear: both; font-family: Spartan; letter-spacing: normal; line-height: 1.4; color: rgb(0, 0, 0); overflow-wrap: break-word; text-transform: none; white-space-collapse: collapse; background-color: rgb(255, 255, 255);\">EL FETICHISMO DE LA EXPERIENCIA VIVIDA\n<\/h1><\/h2>\t\t<\/div>\n\t\t\t\t<\/div>\n\t\t\t\t<div class=\"elementor-element elementor-element-1dfe29e elementor-widget__width-initial elementor-widget elementor-widget-text-editor\" data-id=\"1dfe29e\" data-element_type=\"widget\" data-widget_type=\"text-editor.default\">\n\t\t\t\t<div class=\"elementor-widget-container\">\n\t\t\t<style>\/*! elementor - v3.23.0 - 05-08-2024 *\/\n.elementor-widget-text-editor.elementor-drop-cap-view-stacked .elementor-drop-cap{background-color:#69727d;color:#fff}.elementor-widget-text-editor.elementor-drop-cap-view-framed .elementor-drop-cap{color:#69727d;border:3px solid;background-color:transparent}.elementor-widget-text-editor:not(.elementor-drop-cap-view-default) .elementor-drop-cap{margin-top:8px}.elementor-widget-text-editor:not(.elementor-drop-cap-view-default) .elementor-drop-cap-letter{width:1em;height:1em}.elementor-widget-text-editor .elementor-drop-cap{float:left;text-align:center;line-height:1;font-size:50px}.elementor-widget-text-editor .elementor-drop-cap-letter{display:inline-block}<\/style>\t\t\t\t<p data-start=\"61\" data-end=\"312\">En la era de las redes sociales, la gente comparte sus experiencias \u2014ya sean reales o escenificadas\u2014 porque lo que realmente importa es la reacci\u00f3n que provoca su \u201chistoria\u201d, idealmente en forma de un like.<\/p><p data-start=\"314\" data-end=\"518\">Pero el blog de hoy no trata sobre esta tendencia en s\u00ed. Se enfoca en lo que los expertos llaman <em data-start=\"411\" data-end=\"453\">\u201cel fetichismo de la experiencia vivida\u201d<\/em>: llevarse a casa un pedazo de las vacaciones en forma de objeto.<\/p><p data-start=\"520\" data-end=\"953\">Hay ejemplos extremos de esta \u201ccondici\u00f3n\u201d: turistas arrancando trozos de m\u00e1rmol del Coliseo de Roma o llev\u00e1ndose pu\u00f1ados de arena rosada (protegida) de una playa en Cerde\u00f1a. Pero tambi\u00e9n hay formas mucho m\u00e1s inocentes (y legales): conservar un recuerdo f\u00edsico de una experiencia. Desde unas chanclas con el logo del hotel hasta un jab\u00f3n o un frasquito de gel de ducha: cada objeto mantiene vivos los aromas y sensaciones de un lugar.<\/p><p data-start=\"955\" data-end=\"1353\">Seg\u00fan un estudio de <em data-start=\"975\" data-end=\"991\">lastminute.com<\/em>, el 95% de los hoteles experimentan \u201crobos\u201d por parte de los hu\u00e9spedes. Por supuesto, algunos objetos son un obsequio y otros claramente no lo son. Los amenities son regalos del hotel: productos de cortes\u00eda pensados para mejorar tu estancia. Pero art\u00edculos como cubiertos, muebles, albornoces o ceniceros \u2014por razones evidentes\u2014 no deber\u00edan acabar en tu maleta.<\/p><p data-start=\"1355\" data-end=\"1840\">En 2019, el ic\u00f3nico Hotel Roosevelt de Nueva Orleans lanz\u00f3 un concurso llamado <em data-start=\"1434\" data-end=\"1463\">\u201cHistoric Giveback Contest\u201d<\/em>: una estancia gratuita de una semana (valorada en m\u00e1s de 15.000\u202f$) para quienes devolvieran objetos \u201cperdidos\u201d \u2014o m\u00e1s bien robados\u2014 de sus 125 a\u00f1os de historia. Desde cuberter\u00eda y porcelana hasta carteles de eventos, cajas de cerillas, estatuas de hormig\u00f3n o mesas de lat\u00f3n del bar, muchos objetos valiosos fueron enviados de vuelta: un peque\u00f1o patrimonio cultural recuperado.<\/p><p data-start=\"1842\" data-end=\"2174\">El objetivo era devolver a este hotel Waldorf Astoria su antiguo esplendor, utilizando precisamente los objetos que una vez dieron forma a su historia. Al fin y al cabo, la m\u00edtica \u201cBlue Room\u201d del Roosevelt acogi\u00f3 a artistas como Ella Fitzgerald, Frank Sinatra, Billy Eckstein, B.B. King y Ray Charles. Y eso le da verdadero sentido.<\/p><p data-start=\"2176\" data-end=\"2360\">No hace tanto, los hu\u00e9spedes se \u201cllevaban\u201d objetos de los hoteles no por su valor econ\u00f3mico, sino por su valor sentimental. A menudo, simplemente porque no pod\u00edan comprarse legalmente.<\/p><p data-start=\"2362\" data-end=\"2503\">Hoy en d\u00eda, muchas cadenas y hoteles hist\u00f3ricos tienen tiendas online donde puedes comprar (casi) cualquier cosa relacionada con tu estancia.<\/p><p data-start=\"2505\" data-end=\"2772\">BonSol tambi\u00e9n ofrece sus aromas caracter\u00edsticos a trav\u00e9s de <a class=\"\" href=\"https:\/\/www.bonsoul.es\" target=\"_new\" rel=\"noopener\" data-start=\"2566\" data-end=\"2602\">bonsoul.es<\/a>, junto con piezas de porcelana y vidrio creadas en colaboraci\u00f3n con artesanos locales de Mallorca \u2014apoyando la artesan\u00eda local y alegrando a nuestros queridos hu\u00e9spedes.<\/p><p data-start=\"2774\" data-end=\"2861\" data-is-last-node=\"\" data-is-only-node=\"\">Entonces\u2026 \u00bfa qu\u00e9 esperas? Ll\u00e9vate a casa un hermoso recuerdo Bonsoul de tus vacaciones.<\/p>\t\t\t\t\t\t<\/div>\n\t\t\t\t<\/div>\n\t\t\t\t\t<\/div>\n\t\t<\/div>\n\t\t\t\t\t<\/div>\n\t\t<\/section>\n\t\t\t\t<section class=\"elementor-section elementor-top-section elementor-element elementor-element-54f1386 elementor-section-boxed elementor-section-height-default elementor-section-height-default\" data-id=\"54f1386\" data-element_type=\"section\">\n\t\t\t\t\t\t<div class=\"elementor-container elementor-column-gap-default\">\n\t\t\t\t\t<div class=\"elementor-column elementor-col-100 elementor-top-column elementor-element elementor-element-c8b39fc\" data-id=\"c8b39fc\" data-element_type=\"column\">\n\t\t\t<div class=\"elementor-widget-wrap elementor-element-populated\">\n\t\t\t\t\t\t<div class=\"elementor-element elementor-element-d46d669 elementor-widget__width-initial elementor-widget elementor-widget-button\" data-id=\"d46d669\" data-element_type=\"widget\" data-widget_type=\"button.default\">\n\t\t\t\t<div class=\"elementor-widget-container\">\n\t\t\t\t\t<div class=\"elementor-button-wrapper\">\n\t\t\t<a class=\"elementor-button elementor-button-link elementor-size-sm\" href=\"https:\/\/www.hotelbonsol.es\/es\/blog\/\">\n\t\t\t\t\t\t<span class=\"elementor-button-content-wrapper\">\n\t\t\t\t\t\t\t\t\t<span class=\"elementor-button-text\">Blog Bonsoul<\/span>\n\t\t\t\t\t<\/span>\n\t\t\t\t\t<\/a>\n\t\t<\/div>\n\t\t\t\t<\/div>\n\t\t\t\t<\/div>\n\t\t\t\t\t<\/div>\n\t\t<\/div>\n\t\t\t\t\t<\/div>\n\t\t<\/section>\n\t\t\t\t<section class=\"elementor-section elementor-top-section elementor-element elementor-element-665659b elementor-section-boxed elementor-section-height-default elementor-section-height-default\" data-id=\"665659b\" data-element_type=\"section\">\n\t\t\t\t\t\t<div class=\"elementor-container elementor-column-gap-default\">\n\t\t\t\t\t<div class=\"elementor-column elementor-col-100 elementor-top-column elementor-element elementor-element-ccf21c7\" data-id=\"ccf21c7\" data-element_type=\"column\">\n\t\t\t<div class=\"elementor-widget-wrap elementor-element-populated\">\n\t\t\t\t\t\t<div class=\"elementor-element elementor-element-2cddaff elementor-widget elementor-widget-spacer\" data-id=\"2cddaff\" data-element_type=\"widget\" data-widget_type=\"spacer.default\">\n\t\t\t\t<div class=\"elementor-widget-container\">\n\t\t\t\t\t<div class=\"elementor-spacer\">\n\t\t\t<div class=\"elementor-spacer-inner\"><\/div>\n\t\t<\/div>\n\t\t\t\t<\/div>\n\t\t\t\t<\/div>\n\t\t\t\t\t<\/div>\n\t\t<\/div>\n\t\t\t\t\t<\/div>\n\t\t<\/section>\n\t\t\t\t<\/div>\n\t\t","protected":false},"excerpt":{"rendered":"<p>EL FETICHISMO DE LA EXPERIENCIA VIVIDA En la era de las redes sociales, la gente comparte sus experiencias \u2014ya sean reales o escenificadas\u2014 porque lo que realmente importa es la reacci\u00f3n que provoca su \u201chistoria\u201d, idealmente en forma de un like. Pero el blog de&#8230;<\/p>\n","protected":false},"author":2,"featured_media":14945,"parent":0,"menu_order":0,"comment_status":"closed","ping_status":"closed","template":"elementor_header_footer","meta":{"_monsterinsights_skip_tracking":false,"_monsterinsights_sitenote_active":false,"_monsterinsights_sitenote_note":"","_monsterinsights_sitenote_category":0,"footnotes":""},"_links":{"self":[{"href":"https:\/\/www.hotelbonsol.es\/es\/wp-json\/wp\/v2\/pages\/14964"}],"collection":[{"href":"https:\/\/www.hotelbonsol.es\/es\/wp-json\/wp\/v2\/pages"}],"about":[{"href":"https:\/\/www.hotelbonsol.es\/es\/wp-json\/wp\/v2\/types\/page"}],"author":[{"embeddable":true,"href":"https:\/\/www.hotelbonsol.es\/es\/wp-json\/wp\/v2\/users\/2"}],"replies":[{"embeddable":true,"href":"https:\/\/www.hotelbonsol.es\/es\/wp-json\/wp\/v2\/comments?post=14964"}],"version-history":[{"count":4,"href":"https:\/\/www.hotelbonsol.es\/es\/wp-json\/wp\/v2\/pages\/14964\/revisions"}],"predecessor-version":[{"id":14968,"href":"https:\/\/www.hotelbonsol.es\/es\/wp-json\/wp\/v2\/pages\/14964\/revisions\/14968"}],"wp:featuredmedia":[{"embeddable":true,"href":"https:\/\/www.hotelbonsol.es\/es\/wp-json\/wp\/v2\/media\/14945"}],"wp:attachment":[{"href":"https:\/\/www.hotelbonsol.es\/es\/wp-json\/wp\/v2\/media?parent=14964"}],"curies":[{"name":"wp","href":"https:\/\/api.w.org\/{rel}","templated":true}]}}