{"id":15076,"date":"2025-09-05T12:44:30","date_gmt":"2025-09-05T11:44:30","guid":{"rendered":"https:\/\/www.hotelbonsol.es\/?page_id=15076"},"modified":"2025-09-05T12:45:06","modified_gmt":"2025-09-05T11:45:06","slug":"calanova","status":"publish","type":"page","link":"https:\/\/www.hotelbonsol.es\/es\/calanova\/","title":{"rendered":"CALANOVA"},"content":{"rendered":"\t\t<div data-elementor-type=\"wp-page\" data-elementor-id=\"15076\" class=\"elementor elementor-15076\">\n\t\t\t\t\t\t<section class=\"elementor-section elementor-top-section elementor-element elementor-element-ca1df62 elementor-section-boxed elementor-section-height-default elementor-section-height-default\" data-id=\"ca1df62\" data-element_type=\"section\">\n\t\t\t\t\t\t<div class=\"elementor-container elementor-column-gap-default\">\n\t\t\t\t\t<div class=\"elementor-column elementor-col-100 elementor-top-column elementor-element elementor-element-ec16d8c\" data-id=\"ec16d8c\" data-element_type=\"column\">\n\t\t\t<div class=\"elementor-widget-wrap elementor-element-populated\">\n\t\t\t\t\t\t<div class=\"elementor-element elementor-element-900729f elementor-widget elementor-widget-spacer\" data-id=\"900729f\" data-element_type=\"widget\" data-widget_type=\"spacer.default\">\n\t\t\t\t<div class=\"elementor-widget-container\">\n\t\t\t<style>\/*! elementor - v3.23.0 - 05-08-2024 *\/\n.elementor-column .elementor-spacer-inner{height:var(--spacer-size)}.e-con{--container-widget-width:100%}.e-con-inner>.elementor-widget-spacer,.e-con>.elementor-widget-spacer{width:var(--container-widget-width,var(--spacer-size));--align-self:var(--container-widget-align-self,initial);--flex-shrink:0}.e-con-inner>.elementor-widget-spacer>.elementor-widget-container,.e-con>.elementor-widget-spacer>.elementor-widget-container{height:100%;width:100%}.e-con-inner>.elementor-widget-spacer>.elementor-widget-container>.elementor-spacer,.e-con>.elementor-widget-spacer>.elementor-widget-container>.elementor-spacer{height:100%}.e-con-inner>.elementor-widget-spacer>.elementor-widget-container>.elementor-spacer>.elementor-spacer-inner,.e-con>.elementor-widget-spacer>.elementor-widget-container>.elementor-spacer>.elementor-spacer-inner{height:var(--container-widget-height,var(--spacer-size))}.e-con-inner>.elementor-widget-spacer.elementor-widget-empty,.e-con>.elementor-widget-spacer.elementor-widget-empty{position:relative;min-height:22px;min-width:22px}.e-con-inner>.elementor-widget-spacer.elementor-widget-empty .elementor-widget-empty-icon,.e-con>.elementor-widget-spacer.elementor-widget-empty .elementor-widget-empty-icon{position:absolute;top:0;bottom:0;left:0;right:0;margin:auto;padding:0;width:22px;height:22px}<\/style>\t\t<div class=\"elementor-spacer\">\n\t\t\t<div class=\"elementor-spacer-inner\"><\/div>\n\t\t<\/div>\n\t\t\t\t<\/div>\n\t\t\t\t<\/div>\n\t\t\t\t\t<\/div>\n\t\t<\/div>\n\t\t\t\t\t<\/div>\n\t\t<\/section>\n\t\t\t\t<section class=\"elementor-section elementor-top-section elementor-element elementor-element-0f3563e elementor-section-boxed elementor-section-height-default elementor-section-height-default\" data-id=\"0f3563e\" data-element_type=\"section\">\n\t\t\t\t\t\t<div class=\"elementor-container elementor-column-gap-default\">\n\t\t\t\t\t<div class=\"elementor-column elementor-col-100 elementor-top-column elementor-element elementor-element-ba559b6\" data-id=\"ba559b6\" data-element_type=\"column\" data-settings=\"{&quot;background_background&quot;:&quot;classic&quot;}\">\n\t\t\t<div class=\"elementor-widget-wrap elementor-element-populated\">\n\t\t\t\t\t\t<div class=\"elementor-element elementor-element-cbd4c6f elementor-widget elementor-widget-image\" data-id=\"cbd4c6f\" data-element_type=\"widget\" data-widget_type=\"image.default\">\n\t\t\t\t<div class=\"elementor-widget-container\">\n\t\t\t<style>\/*! elementor - v3.23.0 - 05-08-2024 *\/\n.elementor-widget-image{text-align:center}.elementor-widget-image a{display:inline-block}.elementor-widget-image a img[src$=\".svg\"]{width:48px}.elementor-widget-image img{vertical-align:middle;display:inline-block}<\/style>\t\t\t\t\t\t\t\t\t\t<img fetchpriority=\"high\" decoding=\"async\" width=\"800\" height=\"600\" src=\"https:\/\/www.hotelbonsol.es\/wp-content\/uploads\/2025\/09\/MG_2554-800x600.jpeg\" class=\"attachment-fleur_mikado_landscape size-fleur_mikado_landscape wp-image-15065\" alt=\"\" \/>\t\t\t\t\t\t\t\t\t\t\t\t\t<\/div>\n\t\t\t\t<\/div>\n\t\t\t\t<div class=\"elementor-element elementor-element-233290a elementor-widget elementor-widget-heading\" data-id=\"233290a\" data-element_type=\"widget\" data-widget_type=\"heading.default\">\n\t\t\t\t<div class=\"elementor-widget-container\">\n\t\t\t<style>\/*! elementor - v3.23.0 - 05-08-2024 *\/\n.elementor-heading-title{padding:0;margin:0;line-height:1}.elementor-widget-heading .elementor-heading-title[class*=elementor-size-]>a{color:inherit;font-size:inherit;line-height:inherit}.elementor-widget-heading .elementor-heading-title.elementor-size-small{font-size:15px}.elementor-widget-heading .elementor-heading-title.elementor-size-medium{font-size:19px}.elementor-widget-heading .elementor-heading-title.elementor-size-large{font-size:29px}.elementor-widget-heading .elementor-heading-title.elementor-size-xl{font-size:39px}.elementor-widget-heading .elementor-heading-title.elementor-size-xxl{font-size:59px}<\/style><h2 class=\"elementor-heading-title elementor-size-default\"><h1 style=\"box-sizing: inherit; margin-top: -5px; margin-bottom: 19px; font-size: 36px; clear: both; font-family: Spartan; letter-spacing: normal; line-height: 1.4; color: rgb(0, 0, 0); overflow-wrap: break-word; text-transform: none; white-space-collapse: collapse; background-color: rgb(255, 255, 255);\">CALA NOVA\n<\/h1><\/h2>\t\t<\/div>\n\t\t\t\t<\/div>\n\t\t\t\t<div class=\"elementor-element elementor-element-1dfe29e elementor-widget__width-initial elementor-widget elementor-widget-text-editor\" data-id=\"1dfe29e\" data-element_type=\"widget\" data-widget_type=\"text-editor.default\">\n\t\t\t\t<div class=\"elementor-widget-container\">\n\t\t\t<style>\/*! elementor - v3.23.0 - 05-08-2024 *\/\n.elementor-widget-text-editor.elementor-drop-cap-view-stacked .elementor-drop-cap{background-color:#69727d;color:#fff}.elementor-widget-text-editor.elementor-drop-cap-view-framed .elementor-drop-cap{color:#69727d;border:3px solid;background-color:transparent}.elementor-widget-text-editor:not(.elementor-drop-cap-view-default) .elementor-drop-cap{margin-top:8px}.elementor-widget-text-editor:not(.elementor-drop-cap-view-default) .elementor-drop-cap-letter{width:1em;height:1em}.elementor-widget-text-editor .elementor-drop-cap{float:left;text-align:center;line-height:1;font-size:50px}.elementor-widget-text-editor .elementor-drop-cap-letter{display:inline-block}<\/style>\t\t\t\t<p data-start=\"127\" data-end=\"599\">En el BonSol siempre estamos encantados cuando los clientes deciden adquirir la pensi\u00f3n completa; significa que desean vivir la esencia del BonSol en su totalidad, tambi\u00e9n a nivel culinario. Nos gusta ver a los clientes felices: que al mediod\u00eda elijan el restaurante de la playa o quiz\u00e1s un snack en la piscina, y que por la noche se pongan un vestido elegante para disfrutar de un men\u00fa m\u00e1s sofisticado en el restaurante Antorchas, siempre acompa\u00f1ados de m\u00fasica en vivo.<\/p><p data-start=\"601\" data-end=\"1118\">Para muchos de nuestros clientes habituales resulta muy c\u00f3modo no tener que salir del hotel para disfrutar de buena comida y excelente vino, viviendo una aut\u00e9ntica <em data-start=\"765\" data-end=\"784\">dining experience<\/em>, con especial atenci\u00f3n a los productos que la isla ofrece: desde las naranjas de S\u00f3ller, hasta los vinos DOP de Mallorca y los productos t\u00edpicos de la gastronom\u00eda balear.<br data-start=\"955\" data-end=\"958\" \/>A veces, algunos hu\u00e9spedes tienen ganas de dar un paseo, evitando quiz\u00e1s el bullicio de Palma, y prefieren llegar caminando hasta un buen restaurante cercano.<\/p><p data-start=\"1120\" data-end=\"1418\">Nuestra recomendaci\u00f3n var\u00eda seg\u00fan el paseo que el cliente desee hacer: Portals Nous es un poco m\u00e1s exigente, ya que se encuentra a un par de kil\u00f3metros y requiere una caminata de m\u00e1s de 20 minutos. En cambio, Calanova est\u00e1 a menos de 1 km del hotel, a tan solo un paseo de poco m\u00e1s de 10 minutos.<\/p><p data-start=\"1420\" data-end=\"1885\">El Puerto de Calanova, situado en la bah\u00eda de Palma de Mallorca, fue inaugurado en agosto de 1976 en presencia de los Reyes de Espa\u00f1a. Don Juan Carlos y Do\u00f1a Sof\u00eda inauguraron oficialmente tanto el puerto como la escuela de vela. La Infanta Elena, la Infanta Cristina y el entonces Pr\u00edncipe (hoy Rey) Felipe aprendieron a navegar precisamente en este peque\u00f1o puerto, compartiendo clase con otros ni\u00f1os de la isla para iniciarse en las primeras t\u00e9cnicas de regata.<\/p><p data-start=\"1887\" data-end=\"2242\">Calanova naci\u00f3 con vocaci\u00f3n de puerto, aunque la historia de esta peque\u00f1a cala empez\u00f3 con la escuela de vela. En 1974 comenzaron las obras bajo la direcci\u00f3n de los ingenieros Juan Cerdo y Jer\u00f3nimo Sainz, mientras que el edificio de la escuela fue dise\u00f1ado por el arquitecto Felipe S\u00e1nchez Cuenca. El primer director del puerto fue Manuel Nadal de Uhlar.<\/p><p data-start=\"2244\" data-end=\"2681\">El puerto ha mantenido su funci\u00f3n original como refugio de embarcaciones y escuela de vela, pero con los a\u00f1os ha ampliado y embellecido sus instalaciones. En los \u00faltimos a\u00f1os ha sido objeto de una gran reforma que moderniz\u00f3 sus estructuras, reorganiz\u00f3 el espacio portuario y sum\u00f3 nuevas actividades comerciales: un bar, un restaurante, un gimnasio, un servicio de alquiler de embarcaciones y la ampliaci\u00f3n de la propia escuela de vela.<\/p><p data-start=\"2683\" data-end=\"3072\">Nuestro consejo es dar un bonito paseo por Illetas, llegar al puerto al atardecer y esperar la puesta de sol, quiz\u00e1s contempl\u00e1ndola desde sus muelles elevados, que ofrecen una extraordinaria vista al mar y a la bah\u00eda de Palma. Despu\u00e9s, sentarse en el restaurante Bruno (hist\u00f3rico ma\u00eetre del Flanigan) y dejar que el <em data-start=\"2999\" data-end=\"3006\">xaloc<\/em>, el viento que sopla en verano, haga a\u00fan m\u00e1s agradable la cena.<\/p>\t\t\t\t\t\t<\/div>\n\t\t\t\t<\/div>\n\t\t\t\t\t<\/div>\n\t\t<\/div>\n\t\t\t\t\t<\/div>\n\t\t<\/section>\n\t\t\t\t<section class=\"elementor-section elementor-top-section elementor-element elementor-element-54f1386 elementor-section-boxed elementor-section-height-default elementor-section-height-default\" data-id=\"54f1386\" data-element_type=\"section\">\n\t\t\t\t\t\t<div class=\"elementor-container elementor-column-gap-default\">\n\t\t\t\t\t<div class=\"elementor-column elementor-col-100 elementor-top-column elementor-element elementor-element-c8b39fc\" data-id=\"c8b39fc\" data-element_type=\"column\">\n\t\t\t<div class=\"elementor-widget-wrap elementor-element-populated\">\n\t\t\t\t\t\t<div class=\"elementor-element elementor-element-d46d669 elementor-widget__width-initial elementor-widget elementor-widget-button\" data-id=\"d46d669\" data-element_type=\"widget\" data-widget_type=\"button.default\">\n\t\t\t\t<div class=\"elementor-widget-container\">\n\t\t\t\t\t<div class=\"elementor-button-wrapper\">\n\t\t\t<a class=\"elementor-button elementor-button-link elementor-size-sm\" href=\"https:\/\/www.hotelbonsol.es\/es\/blog\/\">\n\t\t\t\t\t\t<span class=\"elementor-button-content-wrapper\">\n\t\t\t\t\t\t\t\t\t<span class=\"elementor-button-text\">Blog Bonsoul<\/span>\n\t\t\t\t\t<\/span>\n\t\t\t\t\t<\/a>\n\t\t<\/div>\n\t\t\t\t<\/div>\n\t\t\t\t<\/div>\n\t\t\t\t\t<\/div>\n\t\t<\/div>\n\t\t\t\t\t<\/div>\n\t\t<\/section>\n\t\t\t\t<section class=\"elementor-section elementor-top-section elementor-element elementor-element-665659b elementor-section-boxed elementor-section-height-default elementor-section-height-default\" data-id=\"665659b\" data-element_type=\"section\">\n\t\t\t\t\t\t<div class=\"elementor-container elementor-column-gap-default\">\n\t\t\t\t\t<div class=\"elementor-column elementor-col-100 elementor-top-column elementor-element elementor-element-ccf21c7\" data-id=\"ccf21c7\" data-element_type=\"column\">\n\t\t\t<div class=\"elementor-widget-wrap elementor-element-populated\">\n\t\t\t\t\t\t<div class=\"elementor-element elementor-element-2cddaff elementor-widget elementor-widget-spacer\" data-id=\"2cddaff\" data-element_type=\"widget\" data-widget_type=\"spacer.default\">\n\t\t\t\t<div class=\"elementor-widget-container\">\n\t\t\t\t\t<div class=\"elementor-spacer\">\n\t\t\t<div class=\"elementor-spacer-inner\"><\/div>\n\t\t<\/div>\n\t\t\t\t<\/div>\n\t\t\t\t<\/div>\n\t\t\t\t\t<\/div>\n\t\t<\/div>\n\t\t\t\t\t<\/div>\n\t\t<\/section>\n\t\t\t\t<\/div>\n\t\t","protected":false},"excerpt":{"rendered":"<p>CALA NOVA En el BonSol siempre estamos encantados cuando los clientes deciden adquirir la pensi\u00f3n completa; significa que desean vivir la esencia del BonSol en su totalidad, tambi\u00e9n a nivel culinario. Nos gusta ver a los clientes felices: que al mediod\u00eda elijan el restaurante de&#8230;<\/p>\n","protected":false},"author":2,"featured_media":15065,"parent":0,"menu_order":0,"comment_status":"closed","ping_status":"closed","template":"elementor_header_footer","meta":{"_monsterinsights_skip_tracking":false,"_monsterinsights_sitenote_active":false,"_monsterinsights_sitenote_note":"","_monsterinsights_sitenote_category":0,"footnotes":""},"_links":{"self":[{"href":"https:\/\/www.hotelbonsol.es\/es\/wp-json\/wp\/v2\/pages\/15076"}],"collection":[{"href":"https:\/\/www.hotelbonsol.es\/es\/wp-json\/wp\/v2\/pages"}],"about":[{"href":"https:\/\/www.hotelbonsol.es\/es\/wp-json\/wp\/v2\/types\/page"}],"author":[{"embeddable":true,"href":"https:\/\/www.hotelbonsol.es\/es\/wp-json\/wp\/v2\/users\/2"}],"replies":[{"embeddable":true,"href":"https:\/\/www.hotelbonsol.es\/es\/wp-json\/wp\/v2\/comments?post=15076"}],"version-history":[{"count":7,"href":"https:\/\/www.hotelbonsol.es\/es\/wp-json\/wp\/v2\/pages\/15076\/revisions"}],"predecessor-version":[{"id":15083,"href":"https:\/\/www.hotelbonsol.es\/es\/wp-json\/wp\/v2\/pages\/15076\/revisions\/15083"}],"wp:featuredmedia":[{"embeddable":true,"href":"https:\/\/www.hotelbonsol.es\/es\/wp-json\/wp\/v2\/media\/15065"}],"wp:attachment":[{"href":"https:\/\/www.hotelbonsol.es\/es\/wp-json\/wp\/v2\/media?parent=15076"}],"curies":[{"name":"wp","href":"https:\/\/api.w.org\/{rel}","templated":true}]}}