{"id":15357,"date":"2026-01-22T11:23:14","date_gmt":"2026-01-22T10:23:14","guid":{"rendered":"https:\/\/www.hotelbonsol.es\/events-2\/"},"modified":"2026-02-11T13:51:31","modified_gmt":"2026-02-11T12:51:31","slug":"events-2","status":"publish","type":"page","link":"https:\/\/www.hotelbonsol.es\/es\/events-2\/","title":{"rendered":"Eventos 2026"},"content":{"rendered":"\t\t<div data-elementor-type=\"wp-page\" data-elementor-id=\"15357\" class=\"elementor elementor-15357 elementor-15321\">\n\t\t\t\t\t\t<section class=\"elementor-section elementor-top-section elementor-element elementor-element-432d22c7 elementor-section-boxed elementor-section-height-default elementor-section-height-default\" data-id=\"432d22c7\" data-element_type=\"section\">\n\t\t\t\t\t\t<div class=\"elementor-container elementor-column-gap-default\">\n\t\t\t\t\t<div class=\"elementor-column elementor-col-100 elementor-top-column elementor-element elementor-element-4c951ced\" data-id=\"4c951ced\" data-element_type=\"column\">\n\t\t\t<div class=\"elementor-widget-wrap elementor-element-populated\">\n\t\t\t\t\t\t<div class=\"elementor-element elementor-element-2d09fbf8 elementor-widget elementor-widget-text-editor\" data-id=\"2d09fbf8\" data-element_type=\"widget\" data-widget_type=\"text-editor.default\">\n\t\t\t\t<div class=\"elementor-widget-container\">\n\t\t\t<style>\/*! elementor - v3.23.0 - 05-08-2024 *\/\n.elementor-widget-text-editor.elementor-drop-cap-view-stacked .elementor-drop-cap{background-color:#69727d;color:#fff}.elementor-widget-text-editor.elementor-drop-cap-view-framed .elementor-drop-cap{color:#69727d;border:3px solid;background-color:transparent}.elementor-widget-text-editor:not(.elementor-drop-cap-view-default) .elementor-drop-cap{margin-top:8px}.elementor-widget-text-editor:not(.elementor-drop-cap-view-default) .elementor-drop-cap-letter{width:1em;height:1em}.elementor-widget-text-editor .elementor-drop-cap{float:left;text-align:center;line-height:1;font-size:50px}.elementor-widget-text-editor .elementor-drop-cap-letter{display:inline-block}<\/style>\t\t\t\t<p>[vc_row content_aligment=\u00bbcenter\u00bb css=\u00bb.vc_custom_1597826673224{padding-top: 0px !important;padding-bottom: 10px !important;}\u00bb][vc_column]\n\t\t\t<!-- START Bonsol Events REVOLUTION SLIDER 6.1.1 --><p class=\"rs-p-wp-fix\"><\/p>\n\t\t\t<rs-module-wrap id=\"rev_slider_19_1_wrapper\" data-source=\"gallery\" style=\"background:transparent;padding:0;margin:0px auto;margin-top:0;margin-bottom:0;\">\n\t\t\t\t<rs-module id=\"rev_slider_19_1\" style=\"display:none;\" data-version=\"6.1.1\">\n\t\t\t\t\t<rs-slides>\n\t\t\t\t\t\t<rs-slide data-key=\"rs-41\" data-title=\"Slide\" data-anim=\"ei:d;eo:d;s:600;r:0;t:fade;sl:d;\" data-p1=\"1\" data-p2=\"3\">\n\t\t\t\t\t\t\t<img fetchpriority=\"high\" decoding=\"async\" src=\"\/\/hotelbonsol.es\/wp-content\/uploads\/2021\/03\/DSC_6700-scaled.jpg\" width=\"2560\" height=\"1664\" data-parallax=\"10\" class=\"rev-slidebg\" data-no-retina>\n<!---->\t\t\t\t\t\t<\/rs-slide>\n\t\t\t\t\t<\/rs-slides>\n\t\t\t\t\t<rs-progress class=\"rs-bottom\" style=\"visibility: hidden !important;\"><\/rs-progress>\n\t\t\t\t<\/rs-module>\n\t\t\t\t<script type=\"text\/javascript\">\n\t\t\t\t\tsetREVStartSize({c: 'rev_slider_19_1',rl:[1240,1024,778,480],el:[560,400,300,250],gw:[1300,900,600,320],gh:[560,400,300,250],layout:'fullwidth',mh:\"0\"});\n\t\t\t\t\tvar\trevapi19,\n\t\t\t\t\t\ttpj;\n\t\t\t\t\tjQuery(function() {\n\t\t\t\t\t\ttpj = jQuery;\n\t\t\t\t\t\tif(tpj(\"#rev_slider_19_1\").revolution == undefined){\n\t\t\t\t\t\t\trevslider_showDoubleJqueryError(\"#rev_slider_19_1\");\n\t\t\t\t\t\t}else{\n\t\t\t\t\t\t\trevapi19 = tpj(\"#rev_slider_19_1\").show().revolution({\n\t\t\t\t\t\t\t\tjsFileLocation:\"\/\/www.hotelbonsol.es\/wp-content\/plugins\/revslider\/public\/assets\/js\/\",\n\t\t\t\t\t\t\t\tsliderLayout:\"fullwidth\",\n\t\t\t\t\t\t\t\tduration:3000,\n\t\t\t\t\t\t\t\tvisibilityLevels:\"1240,1024,778,480\",\n\t\t\t\t\t\t\t\tgridwidth:\"1300,900,600,320\",\n\t\t\t\t\t\t\t\tgridheight:\"560,400,300,250\",\n\t\t\t\t\t\t\t\tminHeight:\"\",\n\t\t\t\t\t\t\t\teditorheight:\"560,400,300,250\",\n\t\t\t\t\t\t\t\tresponsiveLevels:\"1240,1024,778,480\",\n\t\t\t\t\t\t\t\tdisableProgressBar:\"on\",\n\t\t\t\t\t\t\t\tnavigation: {\n\t\t\t\t\t\t\t\t\tonHoverStop:false\n\t\t\t\t\t\t\t\t},\n\t\t\t\t\t\t\t\tparallax: {\n\t\t\t\t\t\t\t\t\tlevels:[5,10,15,20,25,30,35,40,45,46,47,48,49,50,51,55],\n\t\t\t\t\t\t\t\t\ttype:\"mouse\"\n\t\t\t\t\t\t\t\t},\n\t\t\t\t\t\t\t\tfallbacks: {\n\t\t\t\t\t\t\t\t\tallowHTML5AutoPlayOnAndroid:true\n\t\t\t\t\t\t\t\t},\n\t\t\t\t\t\t\t});\n\t\t\t\t\t\t\trevapi19.bind(\"revolution.slide.onchange\",function (e) {\n\tjQuery(this).addClass('mkd-revslider-loaded');\n});\n\t\t\t\t\t\t}\n\t\t\t\t\t\t\n\t\t\t\t\t});\n\t\t\t\t<\/script>\n\t\t\t\t<script>\n\t\t\t\t\tvar htmlDivCss = unescape(\".mikado-number%20%7B%0A%20%20%20%20opacity%3A0%3B%0A%7D%0A%0A.mkd-revslider-loaded%20.mikado-number%20%7B%0A%20%20%20%20opacity%3A1%3B%0A%20%20%09-webkit-transition%3A%20opacity%201s%3B%0A%20%20%20%20transition%3A%20opacity%201s%3B%0A%7D\");\n\t\t\t\t\tvar htmlDiv = document.getElementById('rs-plugin-settings-inline-css');\n\t\t\t\t\tif(htmlDiv) {\n\t\t\t\t\t\thtmlDiv.innerHTML = htmlDiv.innerHTML + htmlDivCss;\n\t\t\t\t\t}else{\n\t\t\t\t\t\tvar htmlDiv = document.createElement('div');\n\t\t\t\t\t\thtmlDiv.innerHTML = '<style>' + htmlDivCss + '<\/style>';\n\t\t\t\t\t\tdocument.getElementsByTagName('head')[0].appendChild(htmlDiv.childNodes[0]);\n\t\t\t\t\t}\n\t\t\t\t<\/script>\n\t\t\t<\/rs-module-wrap>\n\t\t\t<!-- END REVOLUTION SLIDER -->\n[\/vc_column][\/vc_row][vc_row content_width=\u00bbgrid\u00bb content_aligment=\u00bbcenter\u00bb css=\u00bb.vc_custom_1616485837042{padding-top: 0px !important;padding-right: 20px !important;padding-bottom: 10px !important;padding-left: 20px !important;}\u00bb][vc_column css=\u00bb.vc_custom_1616012672132{padding-right: 20px !important;padding-left: 20px !important;}\u00bb]<div class=\"mkd-separator-holder clearfix  mkd-separator-center\">\n\t<div class=\"mkd-separator\" style=\"margin-top: 30px\"><\/div>\n<\/div>\n<div class=\"mkd-section-title-holder\">\n\t<h2 class=\"mkd-section-title mkd-section-title-medium\" style=\"text-align: center\">\n\t\tOtros Eventos    <\/h2>\n<\/div><div class=\"mkd-section-subtitle-holder mkd-section-subtitle-center\" >\n\t<p style=\"text-align: center\" class=\"mkd-section-subtitle\">Cenas especiales en toda la esencia del Bonsol<\/p>\n<\/div><div class=\"mkd-separator-with-icon-holder clearfix mkd-default-icon\" style=\"margin-top: 7px;margin-bottom: 18px\">\n\n\t<span class=\"mkd-separator-left\" ><\/span>\n\t\t\t<div class=\"mkd-default-icon-holder\" ><\/div>\n\t\t<span class=\"mkd-separator-right\" ><\/span>\n<\/div>[vc_empty_space height=\u00bb50px\u00bb][\/vc_column][\/vc_row][vc_row content_width=\u00bbgrid\u00bb content_aligment=\u00bbcenter\u00bb][vc_column width=\u00bb1\/3&#8243;]<div class=\"mkd-iwt\">\n\t<div class=\"mkd-image-holder\">\n\t\t<img decoding=\"async\" width=\"1707\" height=\"2560\" src=\"https:\/\/www.hotelbonsol.es\/wp-content\/uploads\/2024\/07\/DSC03101-Enhanced-NR-scaled-e1721312238460.jpg\" class=\"attachment-full size-full\" alt=\"\" \/>\t<\/div>\n\t\t<div class=\"mkd-text-holder\">\n\t\t<div class=\"mkd-text-holder-inner\">\n\t\t\t<div class=\"mkd-separator-with-icon-holder clearfix mkd-default-icon\" >\n\n\t<span class=\"mkd-separator-left\" ><\/span>\n\t\t\t<div class=\"mkd-default-icon-holder\" ><\/div>\n\t\t<span class=\"mkd-separator-right\" ><\/span>\n<\/div>\t\t\t<p class=\"mkd-iwt-title\">\n\t\t\tCENA DE GALA\t\t<\/p>\n\t\t\t\t\t\t\t<p>\n\t\t\t\tCada semana, el Hotel Bon Sol celebra su tradicional Cena de Gala, una velada elegante pensada para el disfrute de nuestros hu\u00e9spedes. La noche est\u00e1 acompa\u00f1ada de m\u00fasica en vivo y un men\u00fa especialmente preparado para la ocasi\u00f3n, en un ambiente distinguido y cuidado al detalle. Un momento especial para disfrutar de la alta gastronom\u00eda, un servicio atento y el encanto de una velada \u00fanica.\t\t\t<\/p>\n\t\t\t<\/div>\n<\/div>\n<\/div>[\/vc_column][vc_column width=\u00bb1\/3&#8243;]<div class=\"mkd-iwt\">\n\t<div class=\"mkd-image-holder\">\n\t\t<img decoding=\"async\" width=\"1707\" height=\"2560\" src=\"https:\/\/www.hotelbonsol.es\/wp-content\/uploads\/2024\/07\/IMG_2301-scaled-e1721309951374.jpg\" class=\"attachment-full size-full\" alt=\"\" \/>\t<\/div>\n\t\t<div class=\"mkd-text-holder\">\n\t\t<div class=\"mkd-text-holder-inner\">\n\t\t\t<div class=\"mkd-separator-with-icon-holder clearfix mkd-default-icon\" >\n\n\t<span class=\"mkd-separator-left\" ><\/span>\n\t\t\t<div class=\"mkd-default-icon-holder\" ><\/div>\n\t\t<span class=\"mkd-separator-right\" ><\/span>\n<\/div>\t\t\t<p class=\"mkd-iwt-title\">\n\t\t\tB\u00daSQUEDA DE HUEVOS DE PASCUA\t\t<\/p>\n\t\t\t\t\t\t\t<p>\n\t\t\t\tPara celebrar la Pascua, el Hotel Bon Sol invita a los ni\u00f1os a participar en su tradicional b\u00fasqueda de huevos de Pascua, una actividad pensada para el disfrute de toda la familia. En un entorno cuidadosamente preparado y festivo, los m\u00e1s peque\u00f1os podr\u00e1n buscar huevos de Pascua y compartir un momento de diversi\u00f3n y alegr\u00eda, convirtiendo esta celebraci\u00f3n en una experiencia especial durante su estancia.\t\t\t<\/p>\n\t\t\t<\/div>\n<\/div>\n<\/div>[\/vc_column][vc_column width=\u00bb1\/3&#8243;]<div class=\"mkd-iwt\">\n\t<div class=\"mkd-image-holder\">\n\t\t<img loading=\"lazy\" decoding=\"async\" width=\"2560\" height=\"1713\" src=\"https:\/\/www.hotelbonsol.es\/wp-content\/uploads\/2024\/07\/Monica-Matanza-35-scaled-e1721128775967.jpg\" class=\"attachment-full size-full\" alt=\"\" \/>\t<\/div>\n\t\t<div class=\"mkd-text-holder\">\n\t\t<div class=\"mkd-text-holder-inner\">\n\t\t\t<div class=\"mkd-separator-with-icon-holder clearfix mkd-default-icon\" >\n\n\t<span class=\"mkd-separator-left\" ><\/span>\n\t\t\t<div class=\"mkd-default-icon-holder\" ><\/div>\n\t\t<span class=\"mkd-separator-right\" ><\/span>\n<\/div>\t\t\t<p class=\"mkd-iwt-title\">\n\t\t\tSOLSTICIO DE VERANO\t\t<\/p>\n\t\t\t\t\t\t\t<p>\n\t\t\t\tCada a\u00f1o, el Hotel Bon Sol celebra la llegada del verano con su especial evento del solsticio de verano, inspirado en una tem\u00e1tica diferente que convierte la velada en una experiencia \u00fanica. Una atm\u00f3sfera cuidadosamente dise\u00f1ada, m\u00fasica y un programa especial acompa\u00f1an esta noche tan especial, marcada por la elegancia y el esp\u00edritu del solsticio de verano.\t\t\t<\/p>\n\t\t\t<\/div>\n<\/div>\n<\/div>[\/vc_column][\/vc_row][vc_row content_width=\u00bbgrid\u00bb content_aligment=\u00bbcenter\u00bb][vc_column width=\u00bb1\/3&#8243;][\/vc_column][vc_column width=\u00bb1\/3&#8243;]<div class=\"mkd-iwt\">\n\t<div class=\"mkd-image-holder\">\n\t\t<img loading=\"lazy\" decoding=\"async\" width=\"2560\" height=\"1707\" src=\"https:\/\/www.hotelbonsol.es\/wp-content\/uploads\/2021\/03\/San-valentin-scaled.jpg\" class=\"attachment-full size-full\" alt=\"\" srcset=\"https:\/\/www.hotelbonsol.es\/wp-content\/uploads\/2021\/03\/San-valentin-scaled.jpg 2560w, https:\/\/www.hotelbonsol.es\/wp-content\/uploads\/2021\/03\/San-valentin-600x400.jpg 600w, https:\/\/www.hotelbonsol.es\/wp-content\/uploads\/2021\/03\/San-valentin-1024x683.jpg 1024w, https:\/\/www.hotelbonsol.es\/wp-content\/uploads\/2021\/03\/San-valentin-768x512.jpg 768w, https:\/\/www.hotelbonsol.es\/wp-content\/uploads\/2021\/03\/San-valentin-1536x1024.jpg 1536w\" sizes=\"(max-width: 2560px) 100vw, 2560px\" \/>\t<\/div>\n\t\t<div class=\"mkd-text-holder\">\n\t\t<div class=\"mkd-text-holder-inner\">\n\t\t\t<div class=\"mkd-separator-with-icon-holder clearfix mkd-default-icon\" >\n\n\t<span class=\"mkd-separator-left\" ><\/span>\n\t\t\t<div class=\"mkd-default-icon-holder\" ><\/div>\n\t\t<span class=\"mkd-separator-right\" ><\/span>\n<\/div>\t\t\t<p class=\"mkd-iwt-title\">\n\t\t\tHALLOWEEN\t\t<\/p>\n\t\t\t\t\t\t\t<p>\n\t\t\t\tLa noche de Halloween transforma el Hotel Bon Sol en un escenario especial, donde la tradici\u00f3n y la imaginaci\u00f3n se unen. Una atm\u00f3sfera cuidadosamente dise\u00f1ada, detalles sorprendentes y un aire de misterio crean una experiencia \u00fanica, pensada para que los hu\u00e9spedes disfruten de esta fecha tan especial de manera elegante y original durante su estancia.\t\t\t<\/p>\n\t\t\t<\/div>\n<\/div>\n<\/div>[\/vc_column][vc_column width=\u00bb1\/3&#8243;][\/vc_column][\/vc_row][vc_row][vc_column][vc_empty_space height=\u00bb50px\u00bb][\/vc_column][\/vc_row]<\/p>\t\t\t\t\t\t<\/div>\n\t\t\t\t<\/div>\n\t\t\t\t\t<\/div>\n\t\t<\/div>\n\t\t\t\t\t<\/div>\n\t\t<\/section>\n\t\t\t\t<\/div>\n\t\t","protected":false},"excerpt":{"rendered":"<p>[vc_row content_aligment=\u00bbcenter\u00bb css=\u00bb.vc_custom_1597826673224{padding-top: 0px !important;padding-bottom: 10px !important;}\u00bb][vc_column][\/vc_column][\/vc_row][vc_row content_width=\u00bbgrid\u00bb content_aligment=\u00bbcenter\u00bb css=\u00bb.vc_custom_1616485837042{padding-top: 0px !important;padding-right: 20px !important;padding-bottom: 10px !important;padding-left: 20px !important;}\u00bb][vc_column css=\u00bb.vc_custom_1616012672132{padding-right: 20px !important;padding-left: 20px !important;}\u00bb][vc_empty_space height=\u00bb50px\u00bb][\/vc_column][\/vc_row][vc_row content_width=\u00bbgrid\u00bb content_aligment=\u00bbcenter\u00bb][vc_column width=\u00bb1\/3&#8243;][\/vc_column][vc_column width=\u00bb1\/3&#8243;][\/vc_column][vc_column width=\u00bb1\/3&#8243;][\/vc_column][\/vc_row][vc_row content_width=\u00bbgrid\u00bb content_aligment=\u00bbcenter\u00bb][vc_column width=\u00bb1\/3&#8243;][\/vc_column][vc_column width=\u00bb1\/3&#8243;][\/vc_column][vc_column width=\u00bb1\/3&#8243;][\/vc_column][\/vc_row][vc_row][vc_column][vc_empty_space height=\u00bb50px\u00bb][\/vc_column][\/vc_row]<\/p>\n","protected":false},"author":2,"featured_media":0,"parent":0,"menu_order":0,"comment_status":"closed","ping_status":"closed","template":"full-width.php","meta":{"_monsterinsights_skip_tracking":false,"_monsterinsights_sitenote_active":false,"_monsterinsights_sitenote_note":"","_monsterinsights_sitenote_category":0,"footnotes":""},"_links":{"self":[{"href":"https:\/\/www.hotelbonsol.es\/es\/wp-json\/wp\/v2\/pages\/15357"}],"collection":[{"href":"https:\/\/www.hotelbonsol.es\/es\/wp-json\/wp\/v2\/pages"}],"about":[{"href":"https:\/\/www.hotelbonsol.es\/es\/wp-json\/wp\/v2\/types\/page"}],"author":[{"embeddable":true,"href":"https:\/\/www.hotelbonsol.es\/es\/wp-json\/wp\/v2\/users\/2"}],"replies":[{"embeddable":true,"href":"https:\/\/www.hotelbonsol.es\/es\/wp-json\/wp\/v2\/comments?post=15357"}],"version-history":[{"count":6,"href":"https:\/\/www.hotelbonsol.es\/es\/wp-json\/wp\/v2\/pages\/15357\/revisions"}],"predecessor-version":[{"id":15382,"href":"https:\/\/www.hotelbonsol.es\/es\/wp-json\/wp\/v2\/pages\/15357\/revisions\/15382"}],"wp:attachment":[{"href":"https:\/\/www.hotelbonsol.es\/es\/wp-json\/wp\/v2\/media?parent=15357"}],"curies":[{"name":"wp","href":"https:\/\/api.w.org\/{rel}","templated":true}]}}